{"id":16305,"date":"2020-06-17T14:48:01","date_gmt":"2020-06-17T21:48:01","guid":{"rendered":"https:\/\/springs.flywheelstaging.com\/que-a-saber-sobre-establecimientos-del-accidente-de-coche-en-colorado-springs\/"},"modified":"2023-10-20T14:07:03","modified_gmt":"2023-10-20T21:07:03","slug":"que-a-saber-sobre-establecimientos-del-accidente-de-coche-en-colorado-springs","status":"publish","type":"page","link":"https:\/\/springslawgroup.com\/es\/colorado-springs-abogado-de-accidente-de-auto\/la-solucion-de-un-caso-de-accidente-de-coche-en-colorado-springs\/que-a-saber-sobre-establecimientos-del-accidente-de-coche-en-colorado-springs\/","title":{"rendered":"Qu\u00e9 a Saber sobre Acuerdos tras Accidente de Coche en Colorado Springs"},"content":{"rendered":"<p>Una de las cosas m\u00e1s importantes a tener en cuenta al considerar un acuerdo despu\u00e9s de un accidente de coche es el valor del tiempo que le ahorrar\u00eda <a href=\"https:\/\/springslawgroup.com\/es\/colorado-springs-abogado-de-accidente-de-auto\/la-solucion-de-un-caso-de-accidente-de-coche-en-colorado-springs\/\">aceptar un acuerdo<\/a> en comparaci\u00f3n con pasar meses en los tribunales. Dicho esto, es igualmente crucial examinar si una oferta de acuerdo es justa. Puede que un acuerdo no sea exactamente lo que usted quiere, pero eso no significa necesariamente que no sea una cantidad justa y razonable que cubra sus <a href=\"https:\/\/springslawgroup.com\/es\/colorado-springs-abogado-de-accidente-de-auto\/tratamiento-medico-despues-de-un-accidente-de-coche-en-colorado-springs\/\">facturas m\u00e9dicas<\/a> y que tambi\u00e9n ponga al menos algo de dinero en sus bolsillos.<\/p>\n<p>Los factores que usted debe saber acerca de los asentamientos de accidente de coche en Colorado Springs puede ser tan numerosos como confusos. Un <a href=\"https:\/\/springslawgroup.com\/es\/colorado-springs-car-accident-lawyer-5\/\">abogado experto en accidentes de tr\u00e1fico<\/a> podr\u00eda ayudarle a conseguir claridad y confianza sobre cu\u00e1les son las mejores opciones para su situaci\u00f3n.<\/p>\n<h2>Determinar el Valor de un Acuerdo en un Caso de Accidente de Tr\u00e1fico<\/h2>\n<p>El valor de un acuerdo de accidente de coche en Colorado Springs se determina por una discusi\u00f3n de ida y vuelta entre las partes. Sin embargo, aunque los abogados de ambas partes lleguen a un acuerdo, en \u00faltima instancia el demandante debe aprobar esa cantidad. Si las partes no llegan a un acuerdo, el perjudicado puede recurrir a los tribunales.<\/p>\n<p>En el precontencioso previo a la <a href=\"https:\/\/springslawgroup.com\/es\/colorado-springs-abogado-de-accidente-de-auto\/la-presentacion-de-un-caso-de-accidente-de-coche-en-colorado-springs\/\">interposici\u00f3n de una demanda<\/a>, no existe ning\u00fan c\u00e1lculo o ecuaci\u00f3n real que pueda determinar objetivamente una cantidad razonable para llegar a un acuerdo. En cambio, el valor apropiado para cualquier acuerdo individual se basa en los <a href=\"https:\/\/springslawgroup.com\/es\/colorado-springs-abogado-de-accidente-de-auto\/danos-recuperables-despues-de-un-accidente-de-coche-en-colorado-springs\/\">da\u00f1os<\/a> econ\u00f3micos y no econ\u00f3micos de la parte perjudicada y otros factores relacionados.<\/p>\n<p>Una vez acordada la cantidad en d\u00f3lares en el proceso de negociaci\u00f3n, el lapso de tiempo entre que se toma esa decisi\u00f3n y el demandante recibe su cheque de la compa\u00f1\u00eda de seguros del conductor culpable suele ser bastante corto. Sin embargo, cada caso es diferente, por lo que no hay un plazo universal al que atenerse: el proceso general tiende a ser mucho m\u00e1s r\u00e1pido una vez que se acuerda una cantidad en d\u00f3lares.<\/p>\n<h2>Posibles Problemas al Negociar un Acuerdo<\/h2>\n<p>Uno de los mayores problemas que com\u00fanmente surge al negociar un acuerdo de accidente de coche es que las compa\u00f1\u00edas de seguros en Colorado Springs pueden ser ofensivas, tanto en sus ofertas como en sus t\u00e1cticas de negociaci\u00f3n. Esta puede ser una de las cosas m\u00e1s dif\u00edciles de manejar para los demandantes durante las negociaciones del acuerdo, ya que muchas personas se ofenden personalmente por la forma en que las compa\u00f1\u00edas de seguros les tratan y les hablan.<\/p>\n<p>En este y otros asuntos, la comunicaci\u00f3n es uno de los elementos m\u00e1s importantes para negociar con \u00e9xito. Un demandante debe asegurarse de devolver las llamadas a su abogado y discutir su caso, as\u00ed como mantener su informaci\u00f3n actualizada. En general, los demandantes y sus abogados deben estar al tanto en todo momento de las negociaciones, demandas y, en \u00faltima instancia, de la aprobaci\u00f3n o desaprobaci\u00f3n del importe final del acuerdo.<\/p>\n<h2>Hable con un Abogado de Colorado Springs para Aprender lo que Usted Debe Saber Sobre Acuerdos Tras un Accidente de Coche<\/h2>\n<p>Uno de los factores m\u00e1s importantes de los que la gente tiene que ser consciente a la hora de resolver un caso de accidente de coche en Colorado Springs, es que pasar por este proceso puede ser estresante. Puede parecer que toda tu vida est\u00e1 en suspenso mientras el proceso contin\u00faa, especialmente si las lesiones que sufriste siguen molest\u00e1ndote y repercuten negativamente en tu vida.<\/p>\n<p>Sin embargo, si decide no llegar a un acuerdo, ir a juicio puede a\u00f1adir m\u00e1s estr\u00e9s y tiempo al caso. Muchos juicios civiles suelen durar m\u00e1s de un a\u00f1o desde la presentaci\u00f3n inicial hasta el d\u00eda en que se celebran ante el tribunal, por lo que la ventaja temporal de llegar a un acuerdo frente a ir a juicio puede ser inmensa. Quiz\u00e1 lo m\u00e1s importante a la hora de decidir si llegar a un acuerdo o ir a juicio sea tener siempre en cuenta sus necesidades.<\/p>\n","protected":false},"excerpt":{"rendered":"<p>Una de las cosas m\u00e1s importantes a tener en cuenta al considerar un acuerdo despu\u00e9s de un accidente de coche&nbsp;<a class=\"moretag\" href=\"https:\/\/springslawgroup.com\/es\/colorado-springs-abogado-de-accidente-de-auto\/la-solucion-de-un-caso-de-accidente-de-coche-en-colorado-springs\/que-a-saber-sobre-establecimientos-del-accidente-de-coche-en-colorado-springs\/\"> Read More&#8230;<\/a><\/p>\n","protected":false},"author":32,"featured_media":0,"parent":16314,"menu_order":0,"comment_status":"closed","ping_status":"closed","template":"landingpage.php","meta":{"_acf_changed":false,"inline_featured_image":false,"footnotes":""},"categories":[],"tags":[],"class_list":["post-16305","page","type-page","status-publish","hentry"],"acf":{"key_takeaways":null,"_litigation_personal_injury_contents_new":{"_litigation_personal_injury_title_new":"","_litigation_personal_injury_discription_new":"","_litigation_personal_injury_discription_new_copy":"","_litigation_video_url_new":"","add_button":false},"_header_sub_header_content_new":null,"_litigation_frequently_asked_questions_new":null,"lawsuit_updates":null,"_litigation_related_posts_relation":null,"acf-references":""},"_links":{"self":[{"href":"https:\/\/springslawgroup.com\/es\/wp-json\/wp\/v2\/pages\/16305","targetHints":{"allow":["GET"]}}],"collection":[{"href":"https:\/\/springslawgroup.com\/es\/wp-json\/wp\/v2\/pages"}],"about":[{"href":"https:\/\/springslawgroup.com\/es\/wp-json\/wp\/v2\/types\/page"}],"author":[{"embeddable":true,"href":"https:\/\/springslawgroup.com\/es\/wp-json\/wp\/v2\/users\/32"}],"replies":[{"embeddable":true,"href":"https:\/\/springslawgroup.com\/es\/wp-json\/wp\/v2\/comments?post=16305"}],"version-history":[{"count":3,"href":"https:\/\/springslawgroup.com\/es\/wp-json\/wp\/v2\/pages\/16305\/revisions"}],"predecessor-version":[{"id":18036,"href":"https:\/\/springslawgroup.com\/es\/wp-json\/wp\/v2\/pages\/16305\/revisions\/18036"}],"up":[{"embeddable":true,"href":"https:\/\/springslawgroup.com\/es\/wp-json\/wp\/v2\/pages\/16314"}],"wp:attachment":[{"href":"https:\/\/springslawgroup.com\/es\/wp-json\/wp\/v2\/media?parent=16305"}],"wp:term":[{"taxonomy":"category","embeddable":true,"href":"https:\/\/springslawgroup.com\/es\/wp-json\/wp\/v2\/categories?post=16305"},{"taxonomy":"post_tag","embeddable":true,"href":"https:\/\/springslawgroup.com\/es\/wp-json\/wp\/v2\/tags?post=16305"}],"curies":[{"name":"wp","href":"https:\/\/api.w.org\/{rel}","templated":true}]}}