{"id":16304,"date":"2020-07-02T14:48:07","date_gmt":"2020-07-02T21:48:07","guid":{"rendered":"https:\/\/springs.flywheelstaging.com\/lesiones-por-accidente-de-bicicleta-en-colorado-springs\/"},"modified":"2023-10-20T13:51:36","modified_gmt":"2023-10-20T20:51:36","slug":"lesiones-por-accidente-de-bicicleta-en-colorado-springs","status":"publish","type":"page","link":"https:\/\/springslawgroup.com\/es\/abogado-de-accidentes-de-bicicleta-en-colorado-springs\/lesiones-por-accidente-de-bicicleta-en-colorado-springs\/","title":{"rendered":"Lesiones Por Accidente De Bicicleta En Colorado Springs"},"content":{"rendered":"<p>En Colorado Springs, algunas lesiones comunes por accidentes de bicicleta pueden incluir traumatismos craneales y neurol\u00f3gicos, lesiones faciales, da\u00f1os en la columna vertebral, fracturas \u00f3seas, huesos rotos, discos rotos y muerte por negligencia. Una de las mayores diferencias que podr\u00edan provocar lesiones m\u00e1s graves es lo expuesto que est\u00e1 un ciclista cuando circula por la calle en comparaci\u00f3n con el conductor de un veh\u00edculo de motor. Esa exposici\u00f3n expone al ciclista a lesiones m\u00e1s graves si se ve implicado en un accidente de coche contra bicicleta. Cuando se produce un accidente, el impacto golpea directamente a los ciclistas, mientras que un automovilista tiene cierto nivel de protecci\u00f3n en su veh\u00edculo.<\/p>\n<p>Algunos de los factores que podr\u00edan contribuir a la gravedad de las lesiones por <a href=\"https:\/\/springslawgroup.com\/es\/abogado-de-accidentes-de-bicicleta-en-colorado-springs\/\">accidente de bicicleta<\/a> pueden incluir la velocidad del autom\u00f3vil o de la bicicleta, si el ciclista llevaba o no casco y\/o equipo de protecci\u00f3n, si el ciclista estaba distra\u00eddo o bajo los efectos del alcohol.<\/p>\n<h2>Lesiones Cerebrales Traum\u00e1ticas Tras Un Accidente De Bicicleta<\/h2>\n<p>El Centro para el Control y la Prevenci\u00f3n de Enfermedades define el traumatismo craneoencef\u00e1lico (TCE) como una alteraci\u00f3n del funcionamiento normal del cerebro causada por un golpe, una sacudida o una herida penetrante en la cabeza. Un <a href=\"https:\/\/springslawgroup.com\/es\/colorado-springs-co-abogado-de-lesiones-catastroficas-ayudando-a-las-victimas-a-buscar-compensacion\/abogado-de-lesiones-cerebrales-traumaticas-de-colorado-springs\/\">traumatismo craneoencef\u00e1lico<\/a> puede ser consecuencia de un accidente de bicicleta si el ciclista se cae y se golpea la cabeza directamente contra el suelo o choca contra un coche u objeto con su bicicleta.<\/p>\n<p>Las lesiones cerebrales traum\u00e1ticas pueden ser dif\u00edciles de diagnosticar porque no suelen ser visibles. La Cl\u00ednica Mayo afirma que algunos signos de <a href=\"https:\/\/springslawgroup.com\/es\/hypoxic-vs-anoxic-brain-injuries-2\/\">lesi\u00f3n cerebral<\/a> traum\u00e1tica pueden ser p\u00e9rdida de conciencia, dolores de cabeza, n\u00e1useas o v\u00f3mitos, fatiga o somnolencia, problemas para hablar, dificultad para dormir, dormir m\u00e1s de lo habitual, mareos o p\u00e9rdida de equilibrio y problemas sensoriales.<\/p>\n<p>Los problemas sensoriales pueden incluir visi\u00f3n borrosa, pitidos en los o\u00eddos, mal sabor de boca, cambios en la capacidad olfativa, sensibilidad a la luz o al sonido. Los s\u00edntomas cognitivos o mentales pueden incluir problemas de memoria o concentraci\u00f3n, cambios de humor, sensaci\u00f3n de depresi\u00f3n o ansiedad. Estas lesiones pueden tardar mucho tiempo en curarse y requerir una intervenci\u00f3n quir\u00fargica.<\/p>\n<h2>Rotura De Huesos En Un Accidente Ciclista<\/h2>\n<p>Las fracturas \u00f3seas pueden producirse de diversas formas cuando un ciclista colisiona con un veh\u00edculo. Por ejemplo, un ciclista puede perder el control debido a la velocidad, encontrarse con un bache o desviarse y chocar contra algo.<\/p>\n<p>Hay algunas zonas que son m\u00e1s vulnerables a las fracturas \u00f3seas, como los brazos, la clav\u00edcula, las manos o mu\u00f1ecas, el cr\u00e1neo, las piernas, la espalda, la cara y la pelvis. La fuerza del impacto y si el conductor llevaba casco y equipo de protecci\u00f3n pueden determinar la gravedad de las lesiones o la rotura. Otros ejemplos de lesiones que pueden producirse a causa de un accidente de bicicleta incluyen lesiones dentales, da\u00f1os y cicatrices faciales, fracturas de mand\u00edbula, dislocaci\u00f3n de articulaciones, da\u00f1os nerviosos, erupciones en la carretera o lesiones de la m\u00e9dula espinal.<\/p>\n<h2>Recibir Atenci\u00f3n M\u00e9dica En Colorado Springs<\/h2>\n<p>En general, los m\u00e9dicos van a responder de la misma manera que responder\u00edan a alguien herido en un accidente de tr\u00e1fico, pero con cuidado. La cuesti\u00f3n aqu\u00ed va a ser la gravedad de las lesiones de estar en un accidente de bicicleta frente a un accidente de veh\u00edculo de motor. Es posible que los m\u00e9dicos tengan que actuar con mayor rapidez en funci\u00f3n de la gravedad de las lesiones. En primer lugar, los m\u00e9dicos eval\u00faan la situaci\u00f3n, elaboran un plan para determinar si la persona necesita cirug\u00eda o no y, a continuaci\u00f3n, crean un plan de tratamiento que puede incluir fisioterapia.<\/p>\n<h2>P\u00f3ngase En Contacto Con Un Abogado De Colorado Springs Despu\u00e9s De Sufrir Lesiones En Un Accidente De Bicicleta<\/h2>\n<p>Las lesiones por accidente de bicicleta pueden causar importantes p\u00e9rdidas f\u00edsicas, econ\u00f3micas y emocionales. Por lo tanto, si usted estuvo en un accidente de bicicleta grave, debe ponerse en contacto con un abogado de Colorado Springs que podr\u00eda ayudarle a obtener una indemnizaci\u00f3n justa. Para discutir cu\u00e1les pueden ser sus opciones de recuperaci\u00f3n, llame hoy mismo.<\/p>\n","protected":false},"excerpt":{"rendered":"<p>En Colorado Springs, algunas lesiones comunes por accidentes de bicicleta pueden incluir traumatismos craneales y neurol\u00f3gicos, lesiones faciales, da\u00f1os en&nbsp;<a class=\"moretag\" href=\"https:\/\/springslawgroup.com\/es\/abogado-de-accidentes-de-bicicleta-en-colorado-springs\/lesiones-por-accidente-de-bicicleta-en-colorado-springs\/\"> Read More&#8230;<\/a><\/p>\n","protected":false},"author":32,"featured_media":0,"parent":16681,"menu_order":0,"comment_status":"closed","ping_status":"closed","template":"landingpage.php","meta":{"_acf_changed":false,"inline_featured_image":false,"footnotes":""},"categories":[],"tags":[],"class_list":["post-16304","page","type-page","status-publish","hentry"],"acf":{"key_takeaways":null,"_litigation_personal_injury_contents_new":{"_litigation_personal_injury_title_new":"","_litigation_personal_injury_discription_new":"","_litigation_personal_injury_discription_new_copy":"","_litigation_video_url_new":"","add_button":false},"_header_sub_header_content_new":null,"_litigation_frequently_asked_questions_new":null,"lawsuit_updates":null,"_litigation_related_posts_relation":null,"acf-references":""},"_links":{"self":[{"href":"https:\/\/springslawgroup.com\/es\/wp-json\/wp\/v2\/pages\/16304","targetHints":{"allow":["GET"]}}],"collection":[{"href":"https:\/\/springslawgroup.com\/es\/wp-json\/wp\/v2\/pages"}],"about":[{"href":"https:\/\/springslawgroup.com\/es\/wp-json\/wp\/v2\/types\/page"}],"author":[{"embeddable":true,"href":"https:\/\/springslawgroup.com\/es\/wp-json\/wp\/v2\/users\/32"}],"replies":[{"embeddable":true,"href":"https:\/\/springslawgroup.com\/es\/wp-json\/wp\/v2\/comments?post=16304"}],"version-history":[{"count":4,"href":"https:\/\/springslawgroup.com\/es\/wp-json\/wp\/v2\/pages\/16304\/revisions"}],"predecessor-version":[{"id":18024,"href":"https:\/\/springslawgroup.com\/es\/wp-json\/wp\/v2\/pages\/16304\/revisions\/18024"}],"up":[{"embeddable":true,"href":"https:\/\/springslawgroup.com\/es\/wp-json\/wp\/v2\/pages\/16681"}],"wp:attachment":[{"href":"https:\/\/springslawgroup.com\/es\/wp-json\/wp\/v2\/media?parent=16304"}],"wp:term":[{"taxonomy":"category","embeddable":true,"href":"https:\/\/springslawgroup.com\/es\/wp-json\/wp\/v2\/categories?post=16304"},{"taxonomy":"post_tag","embeddable":true,"href":"https:\/\/springslawgroup.com\/es\/wp-json\/wp\/v2\/tags?post=16304"}],"curies":[{"name":"wp","href":"https:\/\/api.w.org\/{rel}","templated":true}]}}