{"id":16303,"date":"2020-06-18T14:24:39","date_gmt":"2020-06-18T21:24:39","guid":{"rendered":"https:\/\/springs.flywheelstaging.com\/abogado-de-lesiones-medulares-en-fort-carson\/"},"modified":"2023-09-01T07:08:52","modified_gmt":"2023-09-01T14:08:52","slug":"abogado-de-lesiones-medulares-en-fort-carson","status":"publish","type":"page","link":"https:\/\/springslawgroup.com\/es\/fort-carson-lesiones-personales\/abogado-de-lesiones-catastroficas-de-fort-carson\/abogado-de-lesiones-medulares-en-fort-carson\/","title":{"rendered":"Abogado especializado en lesiones medulares catastr\u00f3ficas de Fort Carson"},"content":{"rendered":"<p>La columna vertebral es uno de los lugares m\u00e1s peligrosos del cuerpo para sufrir una lesi\u00f3n. Los da\u00f1os en la m\u00e9dula espinal pueden tener consecuencias f\u00edsicas, econ\u00f3micas y emocionales devastadoras que duran el resto de la vida.<\/p>\n<p>Por lo tanto, buscar una indemnizaci\u00f3n civil por todas sus lesiones y p\u00e9rdidas es importante para su recuperaci\u00f3n. Sin embargo, asumir este proceso legal puede ser dif\u00edcil sin la orientaci\u00f3n adecuada de un <a href=\"https:\/\/springslawgroup.com\/es\/fort-carson-lesiones-personales\/abogado-de-lesiones-catastroficas-de-fort-carson\/\">abogado especializado en lesiones catastr\u00f3ficas<\/a>. Por suerte, uno de nuestros abogados expertos en lesiones medulares de Fort Carson podr\u00eda ayudarle a guiar su caso.<\/p>\n<h2>Repercusiones a largo plazo por lesiones medulares<\/h2>\n<p>La columna vertebral consta de dos partes principales: la m\u00e9dula espinal, que es una cadena de nervios que se extiende desde el cerebro hasta el coxis, y las v\u00e9rtebras, que son huesos entrelazados que envuelven la m\u00e9dula espinal para protegerla. Si alguna parte de la m\u00e9dula espinal sufre da\u00f1os, puede ser incapaz de transmitir se\u00f1ales entre el cerebro y el resto del cuerpo, lo que podr\u00eda causar diversas afecciones m\u00e9dicas.<\/p>\n<p>Si la m\u00e9dula espinal de una persona est\u00e1 magullada o parcialmente desgarrada, la lesi\u00f3n se considera incompleta y es posible que pueda recuperarse. Sin embargo, si la m\u00e9dula espinal de una persona se desgarra en su totalidad, la lesi\u00f3n es completa y es probable que sufra da\u00f1os permanentes.<\/p>\n<p>Las lesiones de la parte inferior de la m\u00e9dula espinal pueden provocar paraplejia, que es una p\u00e9rdida de funci\u00f3n y sensibilidad por debajo de la cintura. Por otro lado, las lesiones de la parte superior de la m\u00e9dula espinal suelen provocar tetraplejia, que es la par\u00e1lisis total del torso y las cuatro extremidades. Un abogado local podr\u00eda ayudar a las partes lesionadas a identificar c\u00f3mo la gravedad de sus lesiones medulares puede afectar a su compensaci\u00f3n por da\u00f1os y perjuicios.<\/p>\n<h2>B\u00fasqueda de la recuperaci\u00f3n integral<\/h2>\n<p>Dado el car\u00e1cter permanente de muchas lesiones de la columna vertebral, los demandantes deben solicitar una indemnizaci\u00f3n por los da\u00f1os actuales y futuros. Las p\u00e9rdidas econ\u00f3micas son da\u00f1os cuantificables, como los gastos m\u00e9dicos, los cuidados de rehabilitaci\u00f3n y los salarios perdidos. Los da\u00f1os no econ\u00f3micos pueden incluir la p\u00e9rdida del disfrute de la vida o el dolor y el sufrimiento.<\/p>\n<p>Colorado es uno de los pocos estados que impone un l\u00edmite a los da\u00f1os no econ\u00f3micos en todos los casos civiles. A partir del 1 de enero de 2020, el l\u00edmite de los da\u00f1os no econ\u00f3micos en la mayor\u00eda de los casos es de 613.760 d\u00f3lares y la cantidad m\u00e1xima que puede recibir un demandante es de 1.227.530 d\u00f3lares.<\/p>\n<p>Un abogado de Fort Carson podr\u00eda ayudar a los demandantes a entender la compensaci\u00f3n que pueden tener derecho a recibir en su caso de lesi\u00f3n medular.<\/p>\n<h2>Llame a un abogado especializado en lesiones medulares de Fort Carson<\/h2>\n<p>Las lesiones medulares pueden causar toda una vida de problemas m\u00e9dicos y econ\u00f3micos a las personas. Enfrentarse a un caso legal complejo, adem\u00e1s de sus lesiones, puede parecer una tarea imposible, pero no tiene por qu\u00e9 hacerlo sin ayuda. Si sufri\u00f3 una lesi\u00f3n medular por negligencia ajena, deber\u00eda plantearse buscar ayuda legal.<\/p>\n<p>Un abogado especializado en lesiones medulares de Fort Carson podr\u00eda guiarle a trav\u00e9s de los procesos legales y apoyarle en todos los aspectos de su caso. Para programar una reuni\u00f3n inicial y obtener m\u00e1s informaci\u00f3n sobre las posibilidades en su caso, llame hoy mismo.<\/p>\n","protected":false},"excerpt":{"rendered":"<p>La columna vertebral es uno de los lugares m\u00e1s peligrosos del cuerpo para sufrir una lesi\u00f3n. Los da\u00f1os en la&nbsp;<a class=\"moretag\" href=\"https:\/\/springslawgroup.com\/es\/fort-carson-lesiones-personales\/abogado-de-lesiones-catastroficas-de-fort-carson\/abogado-de-lesiones-medulares-en-fort-carson\/\"> Read More&#8230;<\/a><\/p>\n","protected":false},"author":32,"featured_media":0,"parent":16307,"menu_order":0,"comment_status":"closed","ping_status":"closed","template":"landingpage.php","meta":{"_acf_changed":false,"inline_featured_image":false,"footnotes":""},"categories":[],"tags":[],"class_list":["post-16303","page","type-page","status-publish","hentry"],"acf":{"key_takeaways":null,"_litigation_personal_injury_contents_new":{"_litigation_personal_injury_title_new":"","_litigation_personal_injury_discription_new":"","_litigation_personal_injury_discription_new_copy":"","_litigation_video_url_new":"","add_button":false},"_header_sub_header_content_new":null,"_litigation_frequently_asked_questions_new":null,"lawsuit_updates":null,"_litigation_related_posts_relation":null,"acf-references":""},"_links":{"self":[{"href":"https:\/\/springslawgroup.com\/es\/wp-json\/wp\/v2\/pages\/16303","targetHints":{"allow":["GET"]}}],"collection":[{"href":"https:\/\/springslawgroup.com\/es\/wp-json\/wp\/v2\/pages"}],"about":[{"href":"https:\/\/springslawgroup.com\/es\/wp-json\/wp\/v2\/types\/page"}],"author":[{"embeddable":true,"href":"https:\/\/springslawgroup.com\/es\/wp-json\/wp\/v2\/users\/32"}],"replies":[{"embeddable":true,"href":"https:\/\/springslawgroup.com\/es\/wp-json\/wp\/v2\/comments?post=16303"}],"version-history":[{"count":2,"href":"https:\/\/springslawgroup.com\/es\/wp-json\/wp\/v2\/pages\/16303\/revisions"}],"predecessor-version":[{"id":17134,"href":"https:\/\/springslawgroup.com\/es\/wp-json\/wp\/v2\/pages\/16303\/revisions\/17134"}],"up":[{"embeddable":true,"href":"https:\/\/springslawgroup.com\/es\/wp-json\/wp\/v2\/pages\/16307"}],"wp:attachment":[{"href":"https:\/\/springslawgroup.com\/es\/wp-json\/wp\/v2\/media?parent=16303"}],"wp:term":[{"taxonomy":"category","embeddable":true,"href":"https:\/\/springslawgroup.com\/es\/wp-json\/wp\/v2\/categories?post=16303"},{"taxonomy":"post_tag","embeddable":true,"href":"https:\/\/springslawgroup.com\/es\/wp-json\/wp\/v2\/tags?post=16303"}],"curies":[{"name":"wp","href":"https:\/\/api.w.org\/{rel}","templated":true}]}}