{"id":16302,"date":"2020-07-06T13:58:13","date_gmt":"2020-07-06T20:58:13","guid":{"rendered":"https:\/\/springs.flywheelstaging.com\/seguro-de-salud-en-colorado-springs-accidentes-de-bicicleta\/"},"modified":"2023-10-20T13:44:16","modified_gmt":"2023-10-20T20:44:16","slug":"seguro-de-salud-en-colorado-springs-accidentes-de-bicicleta","status":"publish","type":"page","link":"https:\/\/springslawgroup.com\/es\/abogado-de-accidentes-de-bicicleta-en-colorado-springs\/seguro-de-salud-en-colorado-springs-accidentes-de-bicicleta\/","title":{"rendered":"Seguro de Salud en Colorado Springs Para Accidentes de Bicicleta"},"content":{"rendered":"<p>Es importante tener un seguro m\u00e9dico, ya que puede ser y ser\u00e1 la principal forma de pago del tratamiento de las lesiones del accidente de bicicleta. Si usted no tiene seguro de salud despu\u00e9s de un accidente de bicicleta en Colorado Springs, otras v\u00edas deben ser considerados. Por ejemplo, la p\u00f3liza de seguro del autom\u00f3vil del perjudicado podr\u00eda ser una fuente potencial de indemnizaci\u00f3n. En Colorado, si se elige la cobertura de pagos m\u00e9dicos en la p\u00f3liza de autom\u00f3viles, entonces esto puede ser una manera de pagar por el tratamiento despu\u00e9s del accidente de bicicleta. Adem\u00e1s, un <a href=\"https:\/\/springslawgroup.com\/es\/abogado-de-accidentes-de-bicicleta-en-colorado-springs\/\">abogado de accidentes de bicicleta<\/a> podr\u00eda ayudar a alguien a mantener sus gastos m\u00e9dicos en un derecho de retenci\u00f3n y pagar sus cuentas con un acuerdo.<\/p>\n<h2>Ventajas del Seguro M\u00e9dico<\/h2>\n<p>Contar con un seguro m\u00e9dico genera tranquilidad. Cuando alguien sufre un accidente de bicicleta, su vida da un vuelco. Ahora tienen citas a las que tienen que acudir. Sufren lesiones que deben tratar y pueden faltar al trabajo. Disponer de un seguro m\u00e9idco puede tranquilizar al perjudicado, ya que le quita un peso de encima.<\/p>\n<h2>Seguro M\u00e9dico y Baja por Enfermedad Retribuida<\/h2>\n<p>Potencialmente, el seguro de enfermedad podr\u00eda limitar la baja por enfermedad retribuida de alguien si se le pone un tope a una determinada cantidad de dinero de cualquiera de los dos tipos de cobertura financiera. En esta situaci\u00f3n, la persona lesionada puede acabar no recibiendo el tratamiento adecuado recomendado por su m\u00e9dico.<\/p>\n<p>Por eso es importante hablar con un abogado especializado en lesiones para ver, examinar e investigar todas las posibles v\u00edas de indemnizaci\u00f3n. Cuando un ciclista lesionado contrata a un abogado es m\u00e1s f\u00e1cil que pueda seguir las recomendaciones de su proveedor de atenci\u00f3n m\u00e9dica y evitar limitar sus opciones en funci\u00f3n de la cantidad de cobertura de seguro de salud o licencia por enfermedad pagada que tiene.<\/p>\n<h2>C\u00f3mo Funciona La Cobertura Despu\u00e9s De Un Accidente De Bicicleta En Colorado Springs<\/h2>\n<p>En Colorado Springs, la compa\u00f1\u00eda de seguros de salud va a exigir el reembolso de la indemnizaci\u00f3n por accidente de bicicleta, que se llama subrogaci\u00f3n. Subrogaci\u00f3n significa que la compa\u00f1\u00eda de seguros debe ser reembolsada por el dinero que ha puesto.<\/p>\n<p>La forma m\u00e1s grave en que un accidente de bicicleta podr\u00eda afectar a las tarifas del seguro ser\u00eda si el ciclista fuera culpable de su accidente. En este caso, sus tarifas podr\u00edan subir. Sin embargo, si la culpa no es suya, por lo general las compa\u00f1\u00edas de seguros no pueden subirle las tarifas. Las compa\u00f1\u00edas de seguros utilizan muchos factores para determinar sus primas. Algunos de los factores que pueden influir en la tasa son las infracciones de tr\u00e1fico, la edad, el sexo, el barrio en el que se vive y los accidentes anteriores.<\/p>\n<p>Lo primero que hay que hacer en relaci\u00f3n con el seguro de enfermedad tras un accidente de bicicleta es ponerse en contacto con la compa\u00f1\u00eda de seguros y comunicarles el accidente.<\/p>\n<h2>Obtenga Un Abogado De Colorado Springs Para Que Lo Ayude A Tratar Con El Seguro M\u00e9dico Luego De Un Accidente De Bicicleta<\/h2>\n<p>Si llama, nuestro equipo dedicado podr\u00eda examinar todos los seguros y determinar qu\u00e9 hay disponible. Tambi\u00e9n podr\u00edamos averiguar cu\u00e1les son los l\u00edmites de la p\u00f3liza de la parte culpable.<\/p>\n<p>Y lo que es m\u00e1s importante, podemos guiarle a lo largo del proceso y estar a su lado mientras se recupera. Para obtener m\u00e1s informaci\u00f3n acerca de c\u00f3mo podr\u00edamos ayudarle con el seguro de salud en un accidente de bicicleta Colorado Springs.<\/p>\n","protected":false},"excerpt":{"rendered":"<p>Es importante tener un seguro m\u00e9dico, ya que puede ser y ser\u00e1 la principal forma de pago del tratamiento de&nbsp;<a class=\"moretag\" href=\"https:\/\/springslawgroup.com\/es\/abogado-de-accidentes-de-bicicleta-en-colorado-springs\/seguro-de-salud-en-colorado-springs-accidentes-de-bicicleta\/\"> Read More&#8230;<\/a><\/p>\n","protected":false},"author":32,"featured_media":0,"parent":16681,"menu_order":0,"comment_status":"closed","ping_status":"closed","template":"landingpage.php","meta":{"_acf_changed":false,"inline_featured_image":false,"footnotes":""},"categories":[],"tags":[],"class_list":["post-16302","page","type-page","status-publish","hentry"],"acf":{"key_takeaways":null,"_litigation_personal_injury_contents_new":{"_litigation_personal_injury_title_new":"","_litigation_personal_injury_discription_new":"","_litigation_personal_injury_discription_new_copy":"","_litigation_video_url_new":"","add_button":false},"_header_sub_header_content_new":null,"_litigation_frequently_asked_questions_new":null,"lawsuit_updates":null,"_litigation_related_posts_relation":null,"acf-references":""},"_links":{"self":[{"href":"https:\/\/springslawgroup.com\/es\/wp-json\/wp\/v2\/pages\/16302","targetHints":{"allow":["GET"]}}],"collection":[{"href":"https:\/\/springslawgroup.com\/es\/wp-json\/wp\/v2\/pages"}],"about":[{"href":"https:\/\/springslawgroup.com\/es\/wp-json\/wp\/v2\/types\/page"}],"author":[{"embeddable":true,"href":"https:\/\/springslawgroup.com\/es\/wp-json\/wp\/v2\/users\/32"}],"replies":[{"embeddable":true,"href":"https:\/\/springslawgroup.com\/es\/wp-json\/wp\/v2\/comments?post=16302"}],"version-history":[{"count":4,"href":"https:\/\/springslawgroup.com\/es\/wp-json\/wp\/v2\/pages\/16302\/revisions"}],"predecessor-version":[{"id":18008,"href":"https:\/\/springslawgroup.com\/es\/wp-json\/wp\/v2\/pages\/16302\/revisions\/18008"}],"up":[{"embeddable":true,"href":"https:\/\/springslawgroup.com\/es\/wp-json\/wp\/v2\/pages\/16681"}],"wp:attachment":[{"href":"https:\/\/springslawgroup.com\/es\/wp-json\/wp\/v2\/media?parent=16302"}],"wp:term":[{"taxonomy":"category","embeddable":true,"href":"https:\/\/springslawgroup.com\/es\/wp-json\/wp\/v2\/categories?post=16302"},{"taxonomy":"post_tag","embeddable":true,"href":"https:\/\/springslawgroup.com\/es\/wp-json\/wp\/v2\/tags?post=16302"}],"curies":[{"name":"wp","href":"https:\/\/api.w.org\/{rel}","templated":true}]}}