{"id":16301,"date":"2020-07-13T14:07:57","date_gmt":"2020-07-13T21:07:57","guid":{"rendered":"https:\/\/springs.flywheelstaging.com\/presentacion-de-un-caso-de-accidente-de-coche-en-fort-carson\/"},"modified":"2023-09-01T07:09:39","modified_gmt":"2023-09-01T14:09:39","slug":"presentacion-de-un-caso-de-accidente-de-coche-en-fort-carson","status":"publish","type":"page","link":"https:\/\/springslawgroup.com\/es\/fort-carson-lesiones-personales\/fort-carson-abogado-de-accidente-de-coche\/presentacion-de-un-caso-de-accidente-de-coche-en-fort-carson\/","title":{"rendered":"Presentar un Caso de Accidente de Coche en Fort Carson"},"content":{"rendered":"<p>Si se ha visto implicado recientemente en un accidente de tr\u00e1fico, puede que est\u00e9 pensando en presentar un reclamo por da\u00f1os y perjuicios. Sin embargo, la presentaci\u00f3n de un caso de accidente de coche en Fort Carson puede ser complicado sin asistencia legal. Si est\u00e1 pensando en reclamar una indemnizaci\u00f3n legal, debe consultar a un abogado especializado en accidentes de tr\u00e1fico de confianza que pueda evaluar qu\u00e9 fundamentos jur\u00eddicos puede tener para proceder a una demanda. Un <a href=\"https:\/\/springslawgroup.com\/es\/fort-carson-lesiones-personales\/fort-carson-abogado-de-accidente-de-coche\/\">abogado<\/a> de nuestro bufete podr\u00eda representar minuciosamente sus intereses durante su reclamo y perseguir la indemnizaci\u00f3n que necesita para recuperarse plenamente.<\/p>\n<h2>Fecha L\u00edmite para Presentar un Reclamo por Accidente de Coche en Fort Carson<\/h2>\n<p>A la hora de presentar una demanda por accidente de tr\u00e1fico, es esencial conocer el plazo de prescripci\u00f3n de su caso. La prescripci\u00f3n es el plazo previsto para que las personas lesionadas en un accidente de tr\u00e1fico presenten un reclamo de indemnizaci\u00f3n. En Colorado, si alguien sufre lesiones en una colisi\u00f3n de autom\u00f3viles, por lo general tienen tres a\u00f1os a partir de la fecha del accidente para iniciar una demanda contra el conductor responsable. Si el perjudicado incumple este plazo legal, el tribunal puede prohibirle cobrar la indemnizaci\u00f3n.<\/p>\n<h2>El Proceso para Presentar un Caso de Accidente de Tr\u00e1fico<\/h2>\n<p>Una vez que la parte lesionada recibe tratamiento m\u00e9dico, puede comenzar el proceso de presentar un caso de accidente de auto. Por lo general, un abogado puede ayudar a la persona lesionada a presentar un reclamo a la compa\u00f1\u00eda de seguros del otro conductor, al tiempo que re\u00fane pruebas para apoyar su caso. La recogida de pruebas es importante porque ayuda a determinar la responsabilidad del conductor culpable. La responsabilidad suele demostrarse probando que la falta de diligencia razonable de otro automovilista caus\u00f3 el accidente y las lesiones del demandante.<\/p>\n<p>El <a href=\"https:\/\/springslawgroup.com\/es\/fort-carson-lesiones-personales\/fort-carson-abogado-de-accidente-de-coche\/pasos-a-seguir-despues-de-un-accidente-de-coche-en-fort-carson\/\">siguiente<\/a> paso suele ser enviar una solicitud de acuerdo a la compa\u00f1\u00eda de seguros del conductor culpable. Una demanda de acuerdo puede incluir pruebas de las lesiones y da\u00f1os del demandante, como sus facturas m\u00e9dicas, declaraciones de testigos en el lugar del accidente, el informe policial, notas del m\u00e9dico, fotos de la colisi\u00f3n y registros de salarios perdidos. La demanda tambi\u00e9n puede incluir el dictamen escrito de un perito m\u00e9dico que establezca una conexi\u00f3n entre el estado f\u00edsico del demandante y el accidente. La demanda incluir\u00e1 una carta del abogado del demandante al perito del seguro solicitando una determinada cantidad de indemnizaci\u00f3n como liquidaci\u00f3n.<\/p>\n<p>Son varios los elementos que determinan el valor del caso de una persona, entre ellos la cuant\u00eda de los gastos de su bolsillo y los l\u00edmites m\u00e1ximos de la p\u00f3liza de la parte culpable. Una vez enviada la demanda, comienza el proceso de negociaci\u00f3n. Normalmente, el objetivo es llegar a un acuerdo extrajudicial, ya que proceder a un litigio puede prolongar el proceso y resultar m\u00e1s costoso. Un abogado puede aconsejar sobre la conveniencia de presentar una demanda en un caso concreto si se han agotado otras opciones para negociar un acuerdo y sobre las posibilidades de que la persona tenga \u00e9xito en los tribunales.<\/p>\n<h2>Hable con un Abogado de Fort Carson Sobre la Presentaci\u00f3n de un Caso de Accidente de Coche<\/h2>\n<p>Tras sufrir lesiones graves en un accidente de tr\u00e1fico, es posible que no est\u00e9 seguro de cu\u00e1les deben ser sus pr\u00f3ximos pasos. Afortunadamente, un abogado podr\u00eda ayudar con el complicado proceso de presentar un caso de accidente de coche en Fort Carson. Llame a nuestra oficina hoy para discutir su reclamo potencial y para obtener m\u00e1s informaci\u00f3n sobre las opciones de su caso.<\/p>\n","protected":false},"excerpt":{"rendered":"<p>Si se ha visto implicado recientemente en un accidente de tr\u00e1fico, puede que est\u00e9 pensando en presentar un reclamo por&nbsp;<a class=\"moretag\" href=\"https:\/\/springslawgroup.com\/es\/fort-carson-lesiones-personales\/fort-carson-abogado-de-accidente-de-coche\/presentacion-de-un-caso-de-accidente-de-coche-en-fort-carson\/\"> Read More&#8230;<\/a><\/p>\n","protected":false},"author":32,"featured_media":0,"parent":16341,"menu_order":0,"comment_status":"closed","ping_status":"closed","template":"landingpage.php","meta":{"_acf_changed":false,"inline_featured_image":false,"footnotes":""},"categories":[],"tags":[],"class_list":["post-16301","page","type-page","status-publish","hentry"],"acf":{"key_takeaways":null,"_litigation_personal_injury_contents_new":{"_litigation_personal_injury_title_new":"","_litigation_personal_injury_discription_new":"","_litigation_personal_injury_discription_new_copy":"","_litigation_video_url_new":"","add_button":false},"_header_sub_header_content_new":null,"_litigation_frequently_asked_questions_new":null,"lawsuit_updates":null,"_litigation_related_posts_relation":null,"acf-references":""},"_links":{"self":[{"href":"https:\/\/springslawgroup.com\/es\/wp-json\/wp\/v2\/pages\/16301","targetHints":{"allow":["GET"]}}],"collection":[{"href":"https:\/\/springslawgroup.com\/es\/wp-json\/wp\/v2\/pages"}],"about":[{"href":"https:\/\/springslawgroup.com\/es\/wp-json\/wp\/v2\/types\/page"}],"author":[{"embeddable":true,"href":"https:\/\/springslawgroup.com\/es\/wp-json\/wp\/v2\/users\/32"}],"replies":[{"embeddable":true,"href":"https:\/\/springslawgroup.com\/es\/wp-json\/wp\/v2\/comments?post=16301"}],"version-history":[{"count":1,"href":"https:\/\/springslawgroup.com\/es\/wp-json\/wp\/v2\/pages\/16301\/revisions"}],"predecessor-version":[{"id":16520,"href":"https:\/\/springslawgroup.com\/es\/wp-json\/wp\/v2\/pages\/16301\/revisions\/16520"}],"up":[{"embeddable":true,"href":"https:\/\/springslawgroup.com\/es\/wp-json\/wp\/v2\/pages\/16341"}],"wp:attachment":[{"href":"https:\/\/springslawgroup.com\/es\/wp-json\/wp\/v2\/media?parent=16301"}],"wp:term":[{"taxonomy":"category","embeddable":true,"href":"https:\/\/springslawgroup.com\/es\/wp-json\/wp\/v2\/categories?post=16301"},{"taxonomy":"post_tag","embeddable":true,"href":"https:\/\/springslawgroup.com\/es\/wp-json\/wp\/v2\/tags?post=16301"}],"curies":[{"name":"wp","href":"https:\/\/api.w.org\/{rel}","templated":true}]}}