{"id":16300,"date":"2020-06-22T14:14:16","date_gmt":"2020-06-22T21:14:16","guid":{"rendered":"https:\/\/springs.flywheelstaging.com\/abogado-de-lesiones-cerebrales-traumaticas-de-fort-carson\/"},"modified":"2023-09-01T07:08:52","modified_gmt":"2023-09-01T14:08:52","slug":"abogado-de-lesiones-cerebrales-traumaticas-de-fort-carson","status":"publish","type":"page","link":"https:\/\/springslawgroup.com\/es\/fort-carson-lesiones-personales\/abogado-de-lesiones-catastroficas-de-fort-carson\/abogado-de-lesiones-cerebrales-traumaticas-de-fort-carson\/","title":{"rendered":"Abogado especializado en lesiones cerebrales traum\u00e1ticas de Fort Carson"},"content":{"rendered":"<p>Los traumatismos craneoencef\u00e1licos pueden causar numerosos problemas m\u00e9dicos. En algunos casos, una persona puede no mostrar ning\u00fan s\u00edntoma inicial. Estas lesiones pueden tener efectos devastadores en la vida de una persona que duren a\u00f1os o el resto de su vida.<\/p>\n<p>Si sufri\u00f3 un traumatismo craneoencef\u00e1lico en un accidente debido a negligencia ajena, un <a href=\"https:\/\/springslawgroup.com\/es\/fort-carson-lesiones-personales\/abogado-de-lesiones-catastroficas-de-fort-carson\/\">abogado especializado en lesiones catastr\u00f3ficas<\/a> puede ayudarle. Con la orientaci\u00f3n y el apoyo de un abogado especializado en lesiones cerebrales traum\u00e1ticas de Fort Carson, podr\u00eda solicitar una indemnizaci\u00f3n por sus p\u00e9rdidas actuales y futuras.<\/p>\n<h2>\u00bfQu\u00e9 es una LCT?<\/h2>\n<p>Una lesi\u00f3n cerebral traum\u00e1tica (LCT) es un tipo muy grave de lesi\u00f3n personal. Cuando alguien sufre este tipo de traumatismo, puede experimentar una alteraci\u00f3n del funcionamiento normal del cerebro.<\/p>\n<p>Mientras que la mayor\u00eda de la gente considera a la LCT como un tipo de lesi\u00f3n que solo se produce en un accidente automovil\u00edstico, de camiones u otra alta fuerza de impacto, este no es siempre as\u00ed. De hecho, muchas ca\u00eddas no intencionadas constituyen casi la mitad de todos los traumatismos craneoencef\u00e1licos que dan lugar a visitas a urgencias. Esta impactante cifra demuestra lo com\u00fan que puede ser una LCT, incluso sin veh\u00edculos con exceso de velocidad o camiones comerciales pesados. Algunos de los tipos m\u00e1s comunes de da\u00f1o cerebral son los siguientes:<\/p>\n<ul>\n<li>Conmociones cerebrales.<\/li>\n<li>LCT de golpe y contragolpe por latigazo cervical<\/li>\n<li>Lesi\u00f3n axonal difusa<\/li>\n<li>Hemorragias cerebrales<\/li>\n<li>Hematomas<\/li>\n<li>Contusiones<\/li>\n<li>Fracturas de cr\u00e1neo<\/li>\n<li>Restos u objetos extra\u00f1os que penetran en el cr\u00e1neo<\/li>\n<\/ul>\n<h2>Efectos a largo plazo de los traumatismos craneoencef\u00e1licos<\/h2>\n<p>Seg\u00fan la cl\u00ednica Mayo Clinic, una lesi\u00f3n cerebral traum\u00e1tica (LCT) afecta directamente a las c\u00e9lulas, nervios y neuronas que componen el tejido f\u00edsico del cerebro. Las lesiones cerebrales pueden producirse cuando un objeto externo atraviesa el cr\u00e1neo e impacta directamente en el cerebro. Sin embargo, la mayor\u00eda de las LCT son lesiones craneales cerradas que derivan de un impacto externo que hace que el cerebro golpee el interior del cr\u00e1neo.<\/p>\n<p>Las lesiones cerebrales leves, como las conmociones cerebrales, suelen ser trastornos temporales que mejoran con el tiempo, aunque los traumatismos craneoencef\u00e1licos repetidos pueden causar problemas m\u00e9dicos mayores. Algunos s\u00edntomas comunes de las LCT incluyen los siguientes:<\/p>\n<ul>\n<li>P\u00e9rdida de conocimiento prolongada<\/li>\n<li>V\u00f3mitos<\/li>\n<li>Drenaje de fluidos<\/li>\n<li>Dilataci\u00f3n de pupilas<\/li>\n<li>Dificultad para despertarse despu\u00e9s de dormir<\/li>\n<li>Da\u00f1os graves en la cognici\u00f3n y la memoria<\/li>\n<\/ul>\n<p>Sin importar que estos s\u00edntomas se presenten inmediatamente despu\u00e9s de un accidente o no, las personas que sufren un traumatismo craneoencef\u00e1lico deben buscar atenci\u00f3n m\u00e9dica lo antes posible. Puede haber hinchaz\u00f3n, hematomas o hemorragias cerebrales graves que no son visibles externamente. Un abogado local especializado en casos de LCT podr\u00eda utilizar los detalles del diagn\u00f3stico de una persona para ayudar a construir un caso.<\/p>\n<h2>Obtenci\u00f3n de indemnizaci\u00f3n completa en un caso de LCT<\/h2>\n<p>Los efectos de un traumatismo craneoencef\u00e1lico grave pueden persistir a\u00f1os despu\u00e9s del incidente. Por ello, es importante que los demandantes recuperen las p\u00e9rdidas a corto y largo plazo. Los da\u00f1os econ\u00f3micos pueden incluir una indemnizaci\u00f3n tanto por la atenci\u00f3n m\u00e9dica de urgencia como por los futuros tratamientos de rehabilitaci\u00f3n y la p\u00e9rdida de ingresos. Los da\u00f1os no econ\u00f3micos que un abogado puede reclamar en nombre de un demandante pueden incluir p\u00e9rdida del disfrute de la vida, del apoyo conyugal o de oportunidades personales, dolor y sufrimiento, y angustia emocional.<\/p>\n<p>A partir del 1 de enero de 2020, el <a href=\"https:\/\/advance.lexis.com\/documentpage\/?pdmfid=1000516&amp;crid=3ba9b043-5ea8-479e-9ba4-73057c0bf815&amp;config=014FJAAyNGJkY2Y4Zi1mNjgyLTRkN2YtYmE4OS03NTYzNzYzOTg0OGEKAFBvZENhdGFsb2d592qv2Kywlf8caKqYROP5&amp;pddocfullpath=%2Fshared%2Fdocument%2Fstatutes-legislation%2Furn%3AcontentItem%3A5YWF-4WG1-JC5P-G44T-00008-00&amp;pdcontentcomponentid=234176&amp;pdteaserkey=sr0&amp;pditab=allpods&amp;ecomp=f5w_kkk&amp;earg=sr0&amp;prid=fe0c8cfc-d123-46c9-a0d9-90fcc8f41339\" target=\"_blank\" rel=\"noopener\">art\u00edculo \u00a713-21-102.5 de los Estatutos Revisados de Colorado <\/a> establece que los da\u00f1os no econ\u00f3micos tienen un l\u00edmite de 613.760 d\u00f3lares. En casos extremos, estos da\u00f1os pueden aumentar hasta un m\u00e1ximo absoluto de 1.227.530 d\u00f3lares. Un abogado de Fort Carson podr\u00eda ayudar a la parte lesionada a estimar los da\u00f1os monetarios que pueden ser capaces de recuperar.<\/p>\n<h2>Hable hoy mismo con un abogado especializado en lesiones cerebrales traum\u00e1ticas de Fort Carson<\/h2>\n<p>Una lesi\u00f3n cerebral traum\u00e1tica puede alterar, en esencia, el curso de toda su vida. Adem\u00e1s de las cargas financieras que usted y su familia puedan enfrentar, este tipo de lesi\u00f3n puede afectar a su bienestar emocional. Si sufri\u00f3 un accidente provocado por otra persona, la parte negligente debe responsabilizarse.<\/p>\n<p>Las demandas por lesiones catastr\u00f3ficas pueden ser complejas, pero los abogados de Springs Law Group podr\u00edan ayudarle a tramitarla. Llame hoy mismo a un abogado especializado en lesiones cerebrales traum\u00e1ticas de Fort Carson para saber c\u00f3mo nuestro estudio podr\u00eda ayudarle a obtener justicia.<\/p>\n","protected":false},"excerpt":{"rendered":"<p>Los traumatismos craneoencef\u00e1licos pueden causar numerosos problemas m\u00e9dicos. En algunos casos, una persona puede no mostrar ning\u00fan s\u00edntoma inicial. Estas&nbsp;<a class=\"moretag\" href=\"https:\/\/springslawgroup.com\/es\/fort-carson-lesiones-personales\/abogado-de-lesiones-catastroficas-de-fort-carson\/abogado-de-lesiones-cerebrales-traumaticas-de-fort-carson\/\"> Read More&#8230;<\/a><\/p>\n","protected":false},"author":32,"featured_media":0,"parent":16307,"menu_order":0,"comment_status":"closed","ping_status":"closed","template":"landingpage.php","meta":{"_acf_changed":false,"inline_featured_image":false,"footnotes":""},"categories":[],"tags":[],"class_list":["post-16300","page","type-page","status-publish","hentry"],"acf":{"key_takeaways":null,"_litigation_personal_injury_contents_new":{"_litigation_personal_injury_title_new":"","_litigation_personal_injury_discription_new":"","_litigation_personal_injury_discription_new_copy":"","_litigation_video_url_new":"","add_button":false},"_header_sub_header_content_new":null,"_litigation_frequently_asked_questions_new":null,"lawsuit_updates":null,"_litigation_related_posts_relation":null,"acf-references":""},"_links":{"self":[{"href":"https:\/\/springslawgroup.com\/es\/wp-json\/wp\/v2\/pages\/16300","targetHints":{"allow":["GET"]}}],"collection":[{"href":"https:\/\/springslawgroup.com\/es\/wp-json\/wp\/v2\/pages"}],"about":[{"href":"https:\/\/springslawgroup.com\/es\/wp-json\/wp\/v2\/types\/page"}],"author":[{"embeddable":true,"href":"https:\/\/springslawgroup.com\/es\/wp-json\/wp\/v2\/users\/32"}],"replies":[{"embeddable":true,"href":"https:\/\/springslawgroup.com\/es\/wp-json\/wp\/v2\/comments?post=16300"}],"version-history":[{"count":3,"href":"https:\/\/springslawgroup.com\/es\/wp-json\/wp\/v2\/pages\/16300\/revisions"}],"predecessor-version":[{"id":17225,"href":"https:\/\/springslawgroup.com\/es\/wp-json\/wp\/v2\/pages\/16300\/revisions\/17225"}],"up":[{"embeddable":true,"href":"https:\/\/springslawgroup.com\/es\/wp-json\/wp\/v2\/pages\/16307"}],"wp:attachment":[{"href":"https:\/\/springslawgroup.com\/es\/wp-json\/wp\/v2\/media?parent=16300"}],"wp:term":[{"taxonomy":"category","embeddable":true,"href":"https:\/\/springslawgroup.com\/es\/wp-json\/wp\/v2\/categories?post=16300"},{"taxonomy":"post_tag","embeddable":true,"href":"https:\/\/springslawgroup.com\/es\/wp-json\/wp\/v2\/tags?post=16300"}],"curies":[{"name":"wp","href":"https:\/\/api.w.org\/{rel}","templated":true}]}}