{"id":16299,"date":"2020-07-14T14:55:41","date_gmt":"2020-07-14T21:55:41","guid":{"rendered":"https:\/\/springs.flywheelstaging.com\/fort-carson-accidentes-de-coche-relacionados-con-el-mal-tiempo\/"},"modified":"2023-10-20T13:48:04","modified_gmt":"2023-10-20T20:48:04","slug":"fort-carson-accidentes-de-coche-relacionados-con-el-mal-tiempo","status":"publish","type":"page","link":"https:\/\/springslawgroup.com\/es\/fort-carson-lesiones-personales\/fort-carson-abogado-de-accidente-de-coche\/fort-carson-accidentes-de-coche-relacionados-con-el-mal-tiempo\/","title":{"rendered":"Accidentes de Coche Relacionados con el Mal Tiempo en Fort Carson"},"content":{"rendered":"<p>Cuando se producen malas condiciones meteorol\u00f3gicas, los conductores deben extremar la precauci\u00f3n al conducir sus veh\u00edculos para evitar provocar un accidente y herir a otras personas. Si un conductor no presta la debida atenci\u00f3n a las condiciones meteorol\u00f3gicas y provoca un accidente, puede ser considerado legalmente responsable de las lesiones sufridas por otros conductores. Si ha sufrido lesiones en un accidente de tr\u00e1fico en Fort Carson relacionado con el mal tiempo, podr\u00eda tener derecho a una indemnizaci\u00f3n. Un <a href=\"https:\/\/springslawgroup.com\/es\/fort-carson-lesiones-personales\/fort-carson-abogado-de-accidente-de-coche\/\">abogado experto en accidentes de tr\u00e1fico<\/a> podr\u00eda estudiar su caso y evaluar si otra persona puede ser responsable del siniestro. Y lo que es m\u00e1s importante, nuestros abogados podr\u00edan ayudarle a comprender sus derechos dadas las circunstancias del caso y asesorarle sobre las formas de indemnizaci\u00f3n a las que puede acceder.<\/p>\n<h2>Da\u00f1os Tras un Accidente Causado por Malas Condiciones Meteorol\u00f3gicas<\/h2>\n<p>Los accidentes de tr\u00e1fico provocados por las malas condiciones meteorol\u00f3gicas pueden causar lesiones graves e incluso permanentes. Estas colisiones suelen producirse r\u00e1pidamente y sin previo aviso. Un conductor puede estar ocupado en sus propios asuntos cuando, de repente, otro motorista choca contra \u00e9l, tal vez provocando que se estrelle contra una barrera en la calzada o contra un obst\u00e1culo. <a href=\"https:\/\/springslawgroup.com\/es\/fort-carson-lesiones-personales\/fort-carson-abogado-de-accidente-de-coche\/abogado-de-accidente-de-vuelco-de-fort-carson\/\">girar y voltear.<\/a> Por ello, en este tipo de accidentes pueden producirse con frecuencia lesiones catastr\u00f3ficas como aplastamientos, fracturas \u00f3seas, traumatismos cerebrales y lesiones nerviosas.<\/p>\n<p>Un abogado en Fort Carson podr\u00eda ayudar a alguien a buscar el reembolso completo y justo de sus p\u00e9rdidas por el conductor negligente que caus\u00f3 su accidente de coche en durante un mal tiempo. Estas p\u00e9rdidas recuperables pueden incluir los salarios perdidos pasados y futuros de la parte lesionada, las facturas del hospital, los gastos de ambulancia y los costes de fisioterapia. El demandante tambi\u00e9n puede tener derecho a reclamar una indemnizaci\u00f3n por p\u00e9rdidas emocionales, como dolor y sufrimiento, y p\u00e9rdida del disfrute de la vida.<\/p>\n<h2>Factores Comunes en las Colisiones con Mal Tiempo<\/h2>\n<p>En cualquier caso de accidente de tr\u00e1fico, la parte perjudicada debe demostrar la culpa legal para reclamar una indemnizaci\u00f3n. Sin embargo, demostrar la responsabilidad en casos causados por el mal tiempo puede plantear retos adicionales. En un accidente relacionado con las inclemencias del tiempo, es probable que la compa\u00f1\u00eda de seguros del otro conductor argumente que el accidente fue consecuencia de las condiciones y no necesariamente de las acciones del asegurado.<\/p>\n<p>Afortunadamente, un abogado local podr\u00eda investigar a fondo un accidente que se produjo en las inclemencias del tiempo para determinar si una o varias partes pueden ser culpables. Los casos t\u00edpicos de negligencia del conductor durante los fen\u00f3menos meteorol\u00f3gicos adversos pueden incluir <a href=\"https:\/\/springslawgroup.com\/es\/fort-carson-lesiones-personales\/fort-carson-abogado-de-accidente-de-coche\/abogado-de-accidentes-de-coche-por-alcance-en-fort-carson\/\">colas<\/a>, cambios indebidos de carril, conducci\u00f3n por encima del l\u00edmite de velocidad indicado y conducci\u00f3n agresiva de veh\u00edculos de motor.<\/p>\n<p>Los automovilistas tienen la responsabilidad legal de actuar con precauci\u00f3n razonable siempre que circulen por carretera. As\u00ed pues, si un conductor se encuentra en una situaci\u00f3n de inclemencias meteorol\u00f3gicas, tiene la obligaci\u00f3n legal de conducir su veh\u00edculo de forma responsable en funci\u00f3n de las condiciones para evitar causar da\u00f1os a terceros. Si un automovilista incumple esta obligaci\u00f3n legal, ya sea conduciendo demasiado r\u00e1pido para las condiciones de la carretera o de otro modo, puede ser considerado responsable de causar un accidente con lesiones.<\/p>\n<h2>P\u00f3ngase en Contacto con un Abogado de Fort Carson Despu\u00e9s de Verse Involucrado en un Accidente de Coche Causado por las Inclemencias del Tiempo<\/h2>\n<p>Los accidentes de coche en Fort Carson relacionados con el mal tiempo ocurren con una frecuencia alarmante, especialmente durante los meses de invierno. Si ha sufrido p\u00e9rdidas en este tipo de accidente y no est\u00e1 seguro de si puede tener derecho a una indemnizaci\u00f3n, puede pedir a un abogado m\u00e1s orientaci\u00f3n y asesoramiento jur\u00eddico. Para programar su consulta confidencial con un abogado, llame a nuestra oficina hoy.<\/p>\n","protected":false},"excerpt":{"rendered":"<p>Cuando se producen malas condiciones meteorol\u00f3gicas, los conductores deben extremar la precauci\u00f3n al conducir sus veh\u00edculos para evitar provocar un&nbsp;<a class=\"moretag\" href=\"https:\/\/springslawgroup.com\/es\/fort-carson-lesiones-personales\/fort-carson-abogado-de-accidente-de-coche\/fort-carson-accidentes-de-coche-relacionados-con-el-mal-tiempo\/\"> Read More&#8230;<\/a><\/p>\n","protected":false},"author":32,"featured_media":0,"parent":16341,"menu_order":0,"comment_status":"closed","ping_status":"closed","template":"landingpage.php","meta":{"_acf_changed":false,"inline_featured_image":false,"footnotes":""},"categories":[],"tags":[],"class_list":["post-16299","page","type-page","status-publish","hentry"],"acf":{"key_takeaways":null,"_litigation_personal_injury_contents_new":{"_litigation_personal_injury_title_new":"","_litigation_personal_injury_discription_new":"","_litigation_personal_injury_discription_new_copy":"","_litigation_video_url_new":"","add_button":false},"_header_sub_header_content_new":null,"_litigation_frequently_asked_questions_new":null,"lawsuit_updates":null,"_litigation_related_posts_relation":null,"acf-references":""},"_links":{"self":[{"href":"https:\/\/springslawgroup.com\/es\/wp-json\/wp\/v2\/pages\/16299","targetHints":{"allow":["GET"]}}],"collection":[{"href":"https:\/\/springslawgroup.com\/es\/wp-json\/wp\/v2\/pages"}],"about":[{"href":"https:\/\/springslawgroup.com\/es\/wp-json\/wp\/v2\/types\/page"}],"author":[{"embeddable":true,"href":"https:\/\/springslawgroup.com\/es\/wp-json\/wp\/v2\/users\/32"}],"replies":[{"embeddable":true,"href":"https:\/\/springslawgroup.com\/es\/wp-json\/wp\/v2\/comments?post=16299"}],"version-history":[{"count":2,"href":"https:\/\/springslawgroup.com\/es\/wp-json\/wp\/v2\/pages\/16299\/revisions"}],"predecessor-version":[{"id":18015,"href":"https:\/\/springslawgroup.com\/es\/wp-json\/wp\/v2\/pages\/16299\/revisions\/18015"}],"up":[{"embeddable":true,"href":"https:\/\/springslawgroup.com\/es\/wp-json\/wp\/v2\/pages\/16341"}],"wp:attachment":[{"href":"https:\/\/springslawgroup.com\/es\/wp-json\/wp\/v2\/media?parent=16299"}],"wp:term":[{"taxonomy":"category","embeddable":true,"href":"https:\/\/springslawgroup.com\/es\/wp-json\/wp\/v2\/categories?post=16299"},{"taxonomy":"post_tag","embeddable":true,"href":"https:\/\/springslawgroup.com\/es\/wp-json\/wp\/v2\/tags?post=16299"}],"curies":[{"name":"wp","href":"https:\/\/api.w.org\/{rel}","templated":true}]}}