{"id":16298,"date":"2020-07-15T14:15:35","date_gmt":"2020-07-15T21:15:35","guid":{"rendered":"https:\/\/springs.flywheelstaging.com\/abogado-de-accidentes-de-uber-lyft-en-fort-carson\/"},"modified":"2023-09-01T07:09:35","modified_gmt":"2023-09-01T14:09:35","slug":"abogado-de-accidentes-de-uber-lyft-en-fort-carson","status":"publish","type":"page","link":"https:\/\/springslawgroup.com\/es\/fort-carson-lesiones-personales\/fort-carson-abogado-de-accidente-de-coche\/abogado-de-accidentes-de-uber-lyft-en-fort-carson\/","title":{"rendered":"Abogado especializado en accidentes de transporte compartido de Fort Carson"},"content":{"rendered":"<p>Si sufri\u00f3 lesiones en un accidente de transporte compartido, es importante que conozca bien sus opciones legales y averig\u00fce si puede tener derecho a una indemnizaci\u00f3n. Uno de los mayores retos a la hora de obtener una indemnizaci\u00f3n en este tipo de accidentes es demostrar la responsabilidad por los da\u00f1os. Por suerte, un abogado especializado en accidentes de transporte compartido de Fort Carson podr\u00eda revisar su caso y la elegibilidad para tomar una acci\u00f3n legal. Si tiene dudas sobre c\u00f3mo iniciar una demanda, un <a href=\"https:\/\/springslawgroup.com\/es\/fort-carson-lesiones-personales\/fort-carson-abogado-de-accidente-de-coche\/\">abogado especializado en accidentes automovil\u00edsticos<\/a> podr\u00eda guiarle en el proceso.<\/p>\n<h2>Causas de accidentes de Uber o Lyft<\/h2>\n<p>Antes de que alguien pueda cobrar una indemnizaci\u00f3n tras un accidente de transporte compartido, es necesario determinar la responsabilidad legal del choque. Un accidente de Uber o Lyft puede producirse entre dos veh\u00edculos, pero tambi\u00e9n entre un conductor de un servicio de transporte compartido y un <a href=\"https:\/\/springslawgroup.com\/es\/fort-carson-lesiones-personales\/abogado-de-accidentes-de-peatones-en-fort-carson\/\">peat\u00f3n<\/a> o <a href=\"https:\/\/springslawgroup.com\/es\/fort-carson-lesiones-personales\/abogado-de-accidentes-de-bicicleta-en-fort-carson\/\">un ciclista<\/a>. En algunos casos, puede ocurrir un accidente de un solo veh\u00edculo en el que un pasajero resulta herido por la negligencia de un conductor de Uber o Lyft. La negligencia puede adoptar diversas formas. La conducci\u00f3n bajo los efectos de estupefacientes, el exceso de velocidad, la <a href=\"https:\/\/springslawgroup.com\/es\/fort-carson-lesiones-personales\/fort-carson-abogado-de-accidente-de-coche\/abogado-de-conduccion-distraida-de-fort-carson\/\">falta de atenci\u00f3n al volante<\/a> y la conducci\u00f3n imprudente son algunos ejemplos habituales de negligencia.<\/p>\n<p>Es importante se\u00f1alar que el conductor del veh\u00edculo compartido no siempre tiene la culpa en este tipo de choques. A veces, la negligencia de uno o varios conductores puede provocar un accidente. Esto puede complicar r\u00e1pidamente las cosas, lo que dificulta determinar qu\u00e9 compa\u00f1\u00eda de seguros puede ser responsable de pagar la indemnizaci\u00f3n. Un abogado de Fort Carson podr\u00eda revisar los hechos del caso y determinar qui\u00e9n puede ser responsable de un accidente durante un viaje de Uber o Lyft.<\/p>\n<h2>C\u00f3mo funciona la cobertura de responsabilidad civil en un accidente de transporte compartido<\/h2>\n<p>Si una parte responsable del accidente no es el conductor de Uber o Lyft, la persona lesionada puede presentar un reclamo a la compa\u00f1\u00eda de seguros de ese automovilista. La demanda se tramitar\u00eda como un caso tradicional de accidente automovil\u00edstico. Sin embargo, cuando la negligencia de un conductor de Uber o Lyft causa el accidente, la persona lesionada podr\u00eda presentar un reclamo a la compa\u00f1\u00eda de seguros del proveedor de viajes compartidos.<\/p>\n<p>La cobertura que se aplica a un accidente concreto depende de si el conductor del veh\u00edculo compartido estaba en la aplicaci\u00f3n m\u00f3vil de la empresa en el momento de la colisi\u00f3n, as\u00ed como de la etapa del viaje. Por ejemplo, si el conductor no estaba completando un trayecto cuando se produjo el accidente, no aplicar\u00eda la p\u00f3liza de seguros de la empresa. En esta situaci\u00f3n, puede ser posible buscar cobertura a trav\u00e9s de la p\u00f3liza personal del conductor. Alternativamente, si el conductor estaba en la aplicaci\u00f3n m\u00f3vil y en tr\u00e1nsito para recoger a un pasajero o ya ten\u00eda un pasajero en el veh\u00edculo cuando se produjo el choque, los l\u00edmites de la p\u00f3liza comercial de Uber o Lyft cubrir\u00edan p\u00e9rdidas de hasta 1 mill\u00f3n de d\u00f3lares. Una persona podr\u00eda determinar qu\u00e9 compa\u00f1\u00eda de seguros puede ser responsable de pagar su demanda por accidente de Uber o Lyft con la ayuda de un abogado local.<\/p>\n<h2>Llame a un abogado especializado en accidentes de transporte compartido de Fort Carson<\/h2>\n<p>Los conductores de veh\u00edculos compartidos est\u00e1n sujetos a las mismas normas que los dem\u00e1s conductores y deben responder legalmente cuando act\u00faan con negligencia. Un abogado especializado en accidentes de Uber o Lyft de Fort Carson podr\u00eda sortear las complejidades involucradas en este tipo de casos y ayudarle a obtener toda la compensaci\u00f3n recuperable por sus lesiones. Si sufri\u00f3 lesiones en un accidente de transporte compartido, llame a nuestra oficina hoy y hable con un abogado acerca de su posible caso.<\/p>\n","protected":false},"excerpt":{"rendered":"<p>Si sufri\u00f3 lesiones en un accidente de transporte compartido, es importante que conozca bien sus opciones legales y averig\u00fce si&nbsp;<a class=\"moretag\" href=\"https:\/\/springslawgroup.com\/es\/fort-carson-lesiones-personales\/fort-carson-abogado-de-accidente-de-coche\/abogado-de-accidentes-de-uber-lyft-en-fort-carson\/\"> Read More&#8230;<\/a><\/p>\n","protected":false},"author":32,"featured_media":0,"parent":16341,"menu_order":0,"comment_status":"closed","ping_status":"closed","template":"landingpage.php","meta":{"_acf_changed":false,"inline_featured_image":false,"footnotes":""},"categories":[],"tags":[],"class_list":["post-16298","page","type-page","status-publish","hentry"],"acf":{"key_takeaways":null,"_litigation_personal_injury_contents_new":{"_litigation_personal_injury_title_new":"","_litigation_personal_injury_discription_new":"","_litigation_personal_injury_discription_new_copy":"","_litigation_video_url_new":"","add_button":false},"_header_sub_header_content_new":null,"_litigation_frequently_asked_questions_new":null,"lawsuit_updates":null,"_litigation_related_posts_relation":null,"acf-references":""},"_links":{"self":[{"href":"https:\/\/springslawgroup.com\/es\/wp-json\/wp\/v2\/pages\/16298","targetHints":{"allow":["GET"]}}],"collection":[{"href":"https:\/\/springslawgroup.com\/es\/wp-json\/wp\/v2\/pages"}],"about":[{"href":"https:\/\/springslawgroup.com\/es\/wp-json\/wp\/v2\/types\/page"}],"author":[{"embeddable":true,"href":"https:\/\/springslawgroup.com\/es\/wp-json\/wp\/v2\/users\/32"}],"replies":[{"embeddable":true,"href":"https:\/\/springslawgroup.com\/es\/wp-json\/wp\/v2\/comments?post=16298"}],"version-history":[{"count":2,"href":"https:\/\/springslawgroup.com\/es\/wp-json\/wp\/v2\/pages\/16298\/revisions"}],"predecessor-version":[{"id":17138,"href":"https:\/\/springslawgroup.com\/es\/wp-json\/wp\/v2\/pages\/16298\/revisions\/17138"}],"up":[{"embeddable":true,"href":"https:\/\/springslawgroup.com\/es\/wp-json\/wp\/v2\/pages\/16341"}],"wp:attachment":[{"href":"https:\/\/springslawgroup.com\/es\/wp-json\/wp\/v2\/media?parent=16298"}],"wp:term":[{"taxonomy":"category","embeddable":true,"href":"https:\/\/springslawgroup.com\/es\/wp-json\/wp\/v2\/categories?post=16298"},{"taxonomy":"post_tag","embeddable":true,"href":"https:\/\/springslawgroup.com\/es\/wp-json\/wp\/v2\/tags?post=16298"}],"curies":[{"name":"wp","href":"https:\/\/api.w.org\/{rel}","templated":true}]}}