{"id":16297,"date":"2020-06-23T14:54:12","date_gmt":"2020-06-23T21:54:12","guid":{"rendered":"https:\/\/springs.flywheelstaging.com\/abogado-de-conduccion-distraida-de-fort-carson\/"},"modified":"2023-09-01T07:09:37","modified_gmt":"2023-09-01T14:09:37","slug":"abogado-de-conduccion-distraida-de-fort-carson","status":"publish","type":"page","link":"https:\/\/springslawgroup.com\/es\/fort-carson-lesiones-personales\/fort-carson-abogado-de-accidente-de-coche\/abogado-de-conduccion-distraida-de-fort-carson\/","title":{"rendered":"Abogado especializado en accidentes por conducci\u00f3n distra\u00edda"},"content":{"rendered":"<p>Quienes env\u00edan mensajes de texto o hablan por celular, comen, beben o se maquillan en los espejos retrovisores mientras conducen pueden poner en riesgo sus vidas y las de otras personas en la carretera. Si un conductor distra\u00eddo le caus\u00f3 lesiones en un accidente, un abogado especializado en accidentes por conducci\u00f3n distra\u00edda de Fort Carson podr\u00eda ayudarle a obtener la compensaci\u00f3n que necesita. Nuestro dedicado equipo de <a href=\"https:\/\/springslawgroup.com\/es\/fort-carson-lesiones-personales\/fort-carson-abogado-de-accidente-de-coche\/\">abogados especializados en accidentes automovil\u00edsticos<\/a> podr\u00eda ocuparse de cualquier problema legal que pueda surgir mientras usted se centra en su recuperaci\u00f3n f\u00edsica.<\/p>\n<h2>\u00bfQu\u00e9 implica la conducci\u00f3n distra\u00edda en Fort Carson?<\/h2>\n<p>La conducci\u00f3n distra\u00edda implica cualquier acci\u00f3n que desv\u00ede la atenci\u00f3n del conductor del acto de conducir su veh\u00edculo. Ya sean ni\u00f1os revoltosos, mascotas desatendidas, mensajes de texto, hablar por celular o una intensa conversaci\u00f3n con un pasajero, cualquier comportamiento que desv\u00ede la mirada del conductor de la carretera puede provocar un accidente grave. En 2016, el gobierno local promulg\u00f3 una pol\u00edtica que proh\u00edbe el uso del celular en cualquier veh\u00edculo gubernamental o personal, con la excepci\u00f3n de los conductores que utilicen dispositivos de manos libres o que est\u00e9n aparcados fuera de la carretera. Algunos ejemplos de dispositivos manos libres homologados pueden ser los siguientes:<\/p>\n<ul>\n<li>Radios con Bluetooth<\/li>\n<li>Auriculares Bluetooth<\/li>\n<li>Conexiones de cable auxiliar Bluetooth para m\u00fasica<\/li>\n<\/ul>\n<p>Los Investigadores de Accidentes de Tr\u00e1fico (TAI) patrullan la zona para asegurarse de que los automovilistas no conduzcan distra\u00eddos. Si un agente encuentra a un conductor distra\u00eddo, aunque no se produzca ning\u00fan accidente, el infractor que lo haga por primera vez puede recibir una multa de 50 d\u00f3lares y una tasa administrativa de 30 d\u00f3lares. A los reincidentes se les puede imponer la misma multa y la retirada del permiso de conducir durante un a\u00f1o. Un abogado local podr\u00eda evaluar los hechos de una situaci\u00f3n de conducci\u00f3n distra\u00edda y buscar compensaci\u00f3n para una parte lesionada.<\/p>\n<h2>Leyes estatales sobre conducci\u00f3n distra\u00edda<\/h2>\n<p>Colorado prohibi\u00f3 que todos los conductores <a href=\"https:\/\/springslawgroup.com\/es\/fort-carson-lesiones-personales\/fort-carson-abogado-de-accidente-de-coche\/accidentes-de-coche-en-fort-carson-causados-por-enviar-mensajes-de-texto-y-conducir\/\">utilicen el celular<\/a> para enviar, leer mensajes o navegar por Internet al volante. La ley estatal permite que los adultos utilicen dispositivos de manos libres para llamadas de voz, aunque deben poder o\u00edr las sirenas u otros ruidos del tr\u00e1fico durante la llamada. Adem\u00e1s, Colorado s\u00ed permite a los conductores utilizar GPS mediante dispositivos port\u00e1tiles en el veh\u00edculo, siempre que se programen antes de iniciar el viaje.<\/p>\n<p>Seg\u00fan el n\u00famero de infracciones, los conductores pueden incurrir en una multa de entre 50 y 1.000 d\u00f3lares, y entre uno y cuatro puntos menos en su carn\u00e9 de conducir por infringir estas leyes. Los adultos implicados en un accidente que cause muertes o lesiones corporales pueden enfrentarse a una multa de 1.000 d\u00f3lares y a una pena de un a\u00f1o de prisi\u00f3n, adem\u00e1s de cuatro puntos menos en su carn\u00e9 de conducir.<\/p>\n<p>La ley estatal proh\u00edbe que los conductores de 18 a\u00f1os o menos utilicen cualquier dispositivo electr\u00f3nico al volante, incluso los dispositivos manos libres para llamadas de voz. Como excepci\u00f3n, solo pueden utilizarlos para informar emergencias, como accidentes y delitos. Los adolescentes de 18 a\u00f1os o menos que infrinjan esta ley pueden recibir una multa de 50 d\u00f3lares y un punto menos en el carn\u00e9 por la primera infracci\u00f3n, y de 100 d\u00f3lares y un punto menos por cada infracci\u00f3n posterior. Un abogado de Fort Carson podr\u00eda ayudar a alguien a tomar medidas legales si otro automovilista infringi\u00f3 cualquiera de estas leyes de conducci\u00f3n distra\u00edda.<\/p>\n<h2>Acciones legales contra conductores distra\u00eddos<\/h2>\n<p>Los automovilistas tienen el deber de conducir pensando en la seguridad de los dem\u00e1s. Por lo tanto, si alguien causa un accidente porque estaba distra\u00eddo mientras conduc\u00eda, las partes perjudicadas pueden tener derecho a presentar una demanda civil por negligencia.<\/p>\n<p>Los demandantes pueden pedir una indemnizaci\u00f3n por las p\u00e9rdidas sufridas, que pueden incluir facturas m\u00e9dicas, salarios perdidos, dolor y sufrimiento, futuros salarios perdidos y p\u00e9rdida del disfrute de la vida. Cualquier persona que pueda ser elegible para tomar acciones legales tras un accidente por conducci\u00f3n distra\u00edda, debe contactar a un abogado especializado que le ayude a examinar y construir un caso, cumplir con los plazos de presentaci\u00f3n y luchar por justicia en los tribunales.<\/p>\n<h2>Busque ayuda de un abogado especializado en conducci\u00f3n distra\u00edda de Fort Carson<\/h2>\n<p>Si sufri\u00f3 lesiones en un accidente por la conducci\u00f3n distra\u00edda de otro conductor, es posible que necesite a alguien que le ayude a presentar una demanda legal para obtener una indemnizaci\u00f3n. Nuestro equipo podr\u00eda defender sus intereses a lo largo de este proceso. P\u00f3ngase en contacto con un abogado especializado en conducci\u00f3n distra\u00edda de Fort Carson de nuestro estudio y discuta su caso.<\/p>\n","protected":false},"excerpt":{"rendered":"<p>Quienes env\u00edan mensajes de texto o hablan por celular, comen, beben o se maquillan en los espejos retrovisores mientras conducen&nbsp;<a class=\"moretag\" href=\"https:\/\/springslawgroup.com\/es\/fort-carson-lesiones-personales\/fort-carson-abogado-de-accidente-de-coche\/abogado-de-conduccion-distraida-de-fort-carson\/\"> Read More&#8230;<\/a><\/p>\n","protected":false},"author":32,"featured_media":0,"parent":16341,"menu_order":0,"comment_status":"closed","ping_status":"closed","template":"landingpage.php","meta":{"_acf_changed":false,"inline_featured_image":false,"footnotes":""},"categories":[],"tags":[],"class_list":["post-16297","page","type-page","status-publish","hentry"],"acf":{"key_takeaways":null,"_litigation_personal_injury_contents_new":{"_litigation_personal_injury_title_new":"","_litigation_personal_injury_discription_new":"","_litigation_personal_injury_discription_new_copy":"","_litigation_video_url_new":"","add_button":false},"_header_sub_header_content_new":null,"_litigation_frequently_asked_questions_new":null,"lawsuit_updates":null,"_litigation_related_posts_relation":null,"acf-references":""},"_links":{"self":[{"href":"https:\/\/springslawgroup.com\/es\/wp-json\/wp\/v2\/pages\/16297","targetHints":{"allow":["GET"]}}],"collection":[{"href":"https:\/\/springslawgroup.com\/es\/wp-json\/wp\/v2\/pages"}],"about":[{"href":"https:\/\/springslawgroup.com\/es\/wp-json\/wp\/v2\/types\/page"}],"author":[{"embeddable":true,"href":"https:\/\/springslawgroup.com\/es\/wp-json\/wp\/v2\/users\/32"}],"replies":[{"embeddable":true,"href":"https:\/\/springslawgroup.com\/es\/wp-json\/wp\/v2\/comments?post=16297"}],"version-history":[{"count":2,"href":"https:\/\/springslawgroup.com\/es\/wp-json\/wp\/v2\/pages\/16297\/revisions"}],"predecessor-version":[{"id":17117,"href":"https:\/\/springslawgroup.com\/es\/wp-json\/wp\/v2\/pages\/16297\/revisions\/17117"}],"up":[{"embeddable":true,"href":"https:\/\/springslawgroup.com\/es\/wp-json\/wp\/v2\/pages\/16341"}],"wp:attachment":[{"href":"https:\/\/springslawgroup.com\/es\/wp-json\/wp\/v2\/media?parent=16297"}],"wp:term":[{"taxonomy":"category","embeddable":true,"href":"https:\/\/springslawgroup.com\/es\/wp-json\/wp\/v2\/categories?post=16297"},{"taxonomy":"post_tag","embeddable":true,"href":"https:\/\/springslawgroup.com\/es\/wp-json\/wp\/v2\/tags?post=16297"}],"curies":[{"name":"wp","href":"https:\/\/api.w.org\/{rel}","templated":true}]}}