{"id":16296,"date":"2020-06-25T18:47:34","date_gmt":"2020-06-26T01:47:34","guid":{"rendered":"https:\/\/springs.flywheelstaging.com\/abogado-de-accidente-de-vuelco-de-fort-carson\/"},"modified":"2023-09-01T07:09:34","modified_gmt":"2023-09-01T14:09:34","slug":"abogado-de-accidente-de-vuelco-de-fort-carson","status":"publish","type":"page","link":"https:\/\/springslawgroup.com\/es\/fort-carson-lesiones-personales\/fort-carson-abogado-de-accidente-de-coche\/abogado-de-accidente-de-vuelco-de-fort-carson\/","title":{"rendered":"Abogado especializado en accidentes con vuelco de Fort Carson"},"content":{"rendered":"<p>Los accidentes con vuelco pueden ser algunos de los choques m\u00e1s peligrosos que ocurren en la carretera. Debido a que estos accidentes pueden causar importantes da\u00f1os personales y materiales, debe ponerse en contacto con un <a href=\"https:\/\/springslawgroup.com\/es\/fort-carson-lesiones-personales\/fort-carson-abogado-de-accidente-de-coche\/\">abogado especializado en accidentes automovil\u00edsticos<\/a> si se involucr\u00f3 en un accidente de este tipo. Si la negligencia de otra persona o un producto defectuoso le hace perder el control de su veh\u00edculo, vuelca y se lesiona, un abogado especializado en accidentes con vuelco de Fort Carson podr\u00eda ayudarle a buscar la compensaci\u00f3n financiera que necesita para facilitar su recuperaci\u00f3n.<\/p>\n<h2>\u00bfCu\u00e1les son las causas de los accidentes con vuelco?<\/h2>\n<p>Los accidentes con vuelco se producen cuando un suceso detiene el movimiento hacia delante de un veh\u00edculo y hace que vuelque hacia delante o hacia los lados. Los vuelcos pueden ser consecuencia de conductores imprudentes que chocan contra otros automovilistas, pero a veces en ellos solo interviene un veh\u00edculo que \u00absalta\u00bb. El \u00absalto\u00bb se produce cuando el neum\u00e1tico de un veh\u00edculo golpea algo mientras est\u00e1 en movimiento. Por ejemplo, un veh\u00edculo puede \u00absaltar\u00bb cuando pasa repentinamente de una superficie m\u00e1s dura a un suelo blando.<\/p>\n<p>Los veh\u00edculos utilitarios son famosos por los accidentes con vuelco porque, al igual que las furgonetas, su centro de gravedad es m\u00e1s alto que en los autom\u00f3viles normales, lo que los hace m\u00e1s propensos a volcar. Si el dise\u00f1o del veh\u00edculo es defectuoso, el perjudicado puede reclamar por responsabilidad civil por productos defectuosos. Si otro conductor obliga negligentemente a un automovilista a salirse de la carretera, lo que provoca un accidente con vuelco, el automovilista lesionado puede solicitar una indemnizaci\u00f3n a trav\u00e9s de una demanda civil. Un abogado local podr\u00eda revisar las circunstancias que causaron el accidente con vuelco y tomar las acciones legales pertinentes.<\/p>\n<h2>Pasos para evitar que un autom\u00f3vil vuelque<\/h2>\n<p>Hay varias medidas que una persona puede tomar para evitar que su autom\u00f3vil vuelque. Algunas de estas acciones pueden incluir las siguientes:<\/p>\n<ul>\n<li>Estar atento a las condiciones de la carretera, del clima y respetar los l\u00edmites de velocidad en las curvas.<\/li>\n<li>Sujetar adecuadamente los objetos que se transportan encima de un autom\u00f3vil.<\/li>\n<li>Girar el volante hacia la direcci\u00f3n en la que se inclina el veh\u00edculo si empieza a volcar.<\/li>\n<\/ul>\n<p>Algunos accidentes son inevitables. Si un veh\u00edculo empieza a volcar, hay algunas cosas que los ocupantes deben hacer. Algunos de estos pasos son los siguientes:<\/p>\n<ul>\n<li>Cruzar los brazos por delante y agarrarse a los hombros opuestos como apoyo para la cabeza y el cuello. Permanecer en esta posici\u00f3n hasta que el veh\u00edculo deje de rodar.<\/li>\n<li>Los airbags pueden activarse y los cristales rotos y el crujido del metal pueden poner en peligro a los conductores que intenten apoyarse en el volante o en el suelo; es m\u00e1s seguro no hacerlo.<\/li>\n<li>Apagar el motor del veh\u00edculo una vez que deje de rodar.<\/li>\n<li>Apoyar con cuidado las manos o los pies en el techo del veh\u00edculo y desabrocharse el cintur\u00f3n de seguridad.<\/li>\n<li>Salir por una ventana rota o por la puerta del autom\u00f3vil si es posible<\/li>\n<\/ul>\n<p>Llamar al 911 y tomar fotos como prueba, si es posible, tras el accidente. Un abogado de Fort Carson podr\u00eda utilizar estas fotos de un accidente con vuelco al presentar un caso basado en negligencia o responsabilidad del producto.<\/p>\n<p>Aunque la Polic\u00eda del Estado de Colorado o la polic\u00eda de la ciudad pueden asistir a un accidente con vuelco en las ciudades y en las carreteras alrededor de Fort Carson, si el accidente ocurre en el Puesto, la Secci\u00f3n de Gesti\u00f3n del Tr\u00e1fico e Investigaci\u00f3n de Colisiones de la Polic\u00eda y Divisi\u00f3n Militar de Fort Carson se encargar\u00e1 de la situaci\u00f3n. Puede ponerse en contacto con la Secci\u00f3n de Tr\u00e1fico a cualquier hora. Las investigaciones pueden incluir accidentes en los que est\u00e9n implicados veh\u00edculos gubernamentales y civiles.<\/p>\n<h2>Hable con un abogado especializado en accidentes con vuelco de Fort Carson<\/h2>\n<p>Los accidentes con vuelco suelen causar lesiones devastadoras que requieren un gran tratamiento m\u00e9dico. Por eso, debe contactar a un abogado especializado en accidentes con vuelco de Fort Carson que le ayudar\u00e1 a demandar por da\u00f1os y perjuicios si se involucr\u00f3 en uno de estos accidentes. Para programar la consulta inicial de su caso, llame hoy mismo.<\/p>\n","protected":false},"excerpt":{"rendered":"<p>Los accidentes con vuelco pueden ser algunos de los choques m\u00e1s peligrosos que ocurren en la carretera. Debido a que&nbsp;<a class=\"moretag\" href=\"https:\/\/springslawgroup.com\/es\/fort-carson-lesiones-personales\/fort-carson-abogado-de-accidente-de-coche\/abogado-de-accidente-de-vuelco-de-fort-carson\/\"> Read More&#8230;<\/a><\/p>\n","protected":false},"author":32,"featured_media":0,"parent":16341,"menu_order":0,"comment_status":"closed","ping_status":"closed","template":"landingpage.php","meta":{"_acf_changed":false,"inline_featured_image":false,"footnotes":""},"categories":[],"tags":[],"class_list":["post-16296","page","type-page","status-publish","hentry"],"acf":{"key_takeaways":null,"_litigation_personal_injury_contents_new":{"_litigation_personal_injury_title_new":"","_litigation_personal_injury_discription_new":"","_litigation_personal_injury_discription_new_copy":"","_litigation_video_url_new":"","add_button":false},"_header_sub_header_content_new":null,"_litigation_frequently_asked_questions_new":null,"lawsuit_updates":null,"_litigation_related_posts_relation":null,"acf-references":""},"_links":{"self":[{"href":"https:\/\/springslawgroup.com\/es\/wp-json\/wp\/v2\/pages\/16296","targetHints":{"allow":["GET"]}}],"collection":[{"href":"https:\/\/springslawgroup.com\/es\/wp-json\/wp\/v2\/pages"}],"about":[{"href":"https:\/\/springslawgroup.com\/es\/wp-json\/wp\/v2\/types\/page"}],"author":[{"embeddable":true,"href":"https:\/\/springslawgroup.com\/es\/wp-json\/wp\/v2\/users\/32"}],"replies":[{"embeddable":true,"href":"https:\/\/springslawgroup.com\/es\/wp-json\/wp\/v2\/comments?post=16296"}],"version-history":[{"count":2,"href":"https:\/\/springslawgroup.com\/es\/wp-json\/wp\/v2\/pages\/16296\/revisions"}],"predecessor-version":[{"id":17133,"href":"https:\/\/springslawgroup.com\/es\/wp-json\/wp\/v2\/pages\/16296\/revisions\/17133"}],"up":[{"embeddable":true,"href":"https:\/\/springslawgroup.com\/es\/wp-json\/wp\/v2\/pages\/16341"}],"wp:attachment":[{"href":"https:\/\/springslawgroup.com\/es\/wp-json\/wp\/v2\/media?parent=16296"}],"wp:term":[{"taxonomy":"category","embeddable":true,"href":"https:\/\/springslawgroup.com\/es\/wp-json\/wp\/v2\/categories?post=16296"},{"taxonomy":"post_tag","embeddable":true,"href":"https:\/\/springslawgroup.com\/es\/wp-json\/wp\/v2\/tags?post=16296"}],"curies":[{"name":"wp","href":"https:\/\/api.w.org\/{rel}","templated":true}]}}