{"id":16295,"date":"2020-07-16T14:22:23","date_gmt":"2020-07-16T21:22:23","guid":{"rendered":"https:\/\/springs.flywheelstaging.com\/danos-recuperables-despues-de-un-accidente-de-coche-fort-carson\/"},"modified":"2023-09-01T07:09:38","modified_gmt":"2023-09-01T14:09:38","slug":"danos-recuperables-despues-de-un-accidente-de-coche-fort-carson","status":"publish","type":"page","link":"https:\/\/springslawgroup.com\/es\/fort-carson-lesiones-personales\/fort-carson-abogado-de-accidente-de-coche\/danos-recuperables-despues-de-un-accidente-de-coche-fort-carson\/","title":{"rendered":"Da\u00f1os Recuperables Despu\u00e9s de un Accidente de Coche en Fort Carson"},"content":{"rendered":"<p>Si ha sufrido lesiones por la negligencia de un conductor, puede recurrir a la justicia para reclamar una indemnizaci\u00f3n por sus p\u00e9rdidas. Usted puede ser elegible para reclamar una amplia variedad de da\u00f1os recuperables despu\u00e9s de un accidente de coche en Fort Carson. Un <a href=\"https:\/\/springslawgroup.com\/es\/fort-carson-lesiones-personales\/fort-carson-abogado-de-accidente-de-coche\/\">abogado con experiencia en accidentes de tr\u00e1fico<\/a> podr\u00eda ofrecerle un buen asesoramiento sobre sus mejores opciones legales y los posibles <a href=\"https:\/\/springslawgroup.com\/es\/fort-carson-lesiones-personales\/fort-carson-abogado-de-accidente-de-coche\/pasos-a-seguir-despues-de-un-accidente-de-coche-en-fort-carson\/\">pasos a seguir<\/a> para recuperar sus p\u00e9rdidas.<\/p>\n<h2>Tipos de Da\u00f1os Recuperables en una Demanda por Accidente de Coche en Fort Carson<\/h2>\n<p>Hay varias categor\u00edas de da\u00f1os y perjuicios que alguien puede tener derecho a recuperar por las lesiones sufridas en un accidente de tr\u00e1fico. Estos incluyen p\u00e9rdidas econ\u00f3micas, da\u00f1os no econ\u00f3micos y da\u00f1os potencialmente punitivos. Los da\u00f1os econ\u00f3micos son los gastos directos y directos que una persona experimenta a causa de sus lesiones. Estos pueden incluir:<\/p>\n<ul>\n<li>Indemnizaci\u00f3n por da\u00f1os materiales<\/li>\n<li>Salarios perdidos<\/li>\n<li>Facturas de ambulancia<\/li>\n<li>Coste de fisioterapia, terapia ocupacional, etc.<\/li>\n<li>Facturas m\u00e9dicas<\/li>\n<li>Gastos de cirug\u00eda<\/li>\n<li>Gastos relacionados con las visitas de seguimiento<\/li>\n<\/ul>\n<p>Un abogado podr\u00eda trabajar para garantizar que la totalidad de los da\u00f1os econ\u00f3micos de una parte lesionada por el accidente se tengan en cuenta en su carta de demanda a la compa\u00f1\u00eda de seguros. A diferencia de los da\u00f1os econ\u00f3micos, las p\u00e9rdidas no econ\u00f3micas no tienen un valor espec\u00edfico. Algunos ejemplos comunes de estos da\u00f1os pueden incluir la compensaci\u00f3n por la angustia emocional del demandante, el trauma mental y el dolor y sufrimiento resultantes de sus lesiones. Si la capacidad laboral de una persona se ve afectada permanentemente por sus lesiones, tambi\u00e9n puede reclamar una indemnizaci\u00f3n por los futuros salarios perdidos. Otras formas de compensaci\u00f3n no econ\u00f3mica pueden incluir da\u00f1os por disminuci\u00f3n del disfrute de la vida y la p\u00e9rdida de consorcio del c\u00f3nyuge.<\/p>\n<p>Los da\u00f1os punitivos son la tercera categor\u00eda de indemnizaci\u00f3n que puede obtenerse tras un accidente de tr\u00e1fico. Sin embargo, los da\u00f1os punitivos no se conceden en todos los casos. Por lo general, un tribunal s\u00f3lo puede conceder este tipo de indemnizaci\u00f3n si hay pruebas de que el conductor demandado actu\u00f3 con negligencia grave o intencionada, como por ejemplo si conduc\u00eda ebrio.<\/p>\n<h2>Evaluaci\u00f3n del Valor de los Da\u00f1os por Accidente de Tr\u00e1fico<\/h2>\n<p>Hay numerosos aspectos del caso de accidente de coche de alguien que en \u00faltima instancia puede afectar el valor de sus da\u00f1os recuperables. Un factor importante en el valor potencial de los da\u00f1os por accidente de autom\u00f3vil es la determinaci\u00f3n de la negligencia. En algunas situaciones, el acusado puede no ser el \u00fanico culpable de la colisi\u00f3n. Si la negligencia del demandante fue parcialmente culpable del accidente, esto podr\u00eda reducir su posible indemnizaci\u00f3n.<\/p>\n<p>Las disposiciones de la p\u00f3liza de seguro del conductor culpable tambi\u00e9n pueden dictar el l\u00edmite de los da\u00f1os y perjuicios que se abonen al demandante. Otros factores clave que podr\u00edan afectar a los da\u00f1os recuperables despu\u00e9s de un accidente en Fort Carson incluyen la gravedad de las lesiones del individuo, la fuerza de su caso, y la naturaleza de las pruebas disponibles para apoyar su reclamo.<\/p>\n<h2>Pida Ayuda a un Abogado de Fort Carson para Recuperar los Da\u00f1os Despu\u00e9s de un Accidente de Coche<\/h2>\n<p>Si usted tiene preguntas acerca de los da\u00f1os recuperables despu\u00e9s de un accidente de coche en Fort Carson, obtener ayuda legal est\u00e1 a s\u00f3lo una llamada telef\u00f3nica de distancia. Un abogado de nuestra firma podr\u00eda explicar sus opciones legales despu\u00e9s de un accidente y agresivamente perseguir la compensaci\u00f3n en su nombre. Programe una consulta sobre su caso con nuestro equipo llam\u00e1ndonos hoy mismo.<\/p>\n","protected":false},"excerpt":{"rendered":"<p>Si ha sufrido lesiones por la negligencia de un conductor, puede recurrir a la justicia para reclamar una indemnizaci\u00f3n por&nbsp;<a class=\"moretag\" href=\"https:\/\/springslawgroup.com\/es\/fort-carson-lesiones-personales\/fort-carson-abogado-de-accidente-de-coche\/danos-recuperables-despues-de-un-accidente-de-coche-fort-carson\/\"> Read More&#8230;<\/a><\/p>\n","protected":false},"author":32,"featured_media":0,"parent":16341,"menu_order":0,"comment_status":"closed","ping_status":"closed","template":"landingpage.php","meta":{"_acf_changed":false,"inline_featured_image":false,"footnotes":""},"categories":[],"tags":[],"class_list":["post-16295","page","type-page","status-publish","hentry"],"acf":{"key_takeaways":null,"_litigation_personal_injury_contents_new":{"_litigation_personal_injury_title_new":"","_litigation_personal_injury_discription_new":"","_litigation_personal_injury_discription_new_copy":"","_litigation_video_url_new":"","add_button":false},"_header_sub_header_content_new":null,"_litigation_frequently_asked_questions_new":null,"lawsuit_updates":null,"_litigation_related_posts_relation":null,"acf-references":""},"_links":{"self":[{"href":"https:\/\/springslawgroup.com\/es\/wp-json\/wp\/v2\/pages\/16295","targetHints":{"allow":["GET"]}}],"collection":[{"href":"https:\/\/springslawgroup.com\/es\/wp-json\/wp\/v2\/pages"}],"about":[{"href":"https:\/\/springslawgroup.com\/es\/wp-json\/wp\/v2\/types\/page"}],"author":[{"embeddable":true,"href":"https:\/\/springslawgroup.com\/es\/wp-json\/wp\/v2\/users\/32"}],"replies":[{"embeddable":true,"href":"https:\/\/springslawgroup.com\/es\/wp-json\/wp\/v2\/comments?post=16295"}],"version-history":[{"count":1,"href":"https:\/\/springslawgroup.com\/es\/wp-json\/wp\/v2\/pages\/16295\/revisions"}],"predecessor-version":[{"id":16532,"href":"https:\/\/springslawgroup.com\/es\/wp-json\/wp\/v2\/pages\/16295\/revisions\/16532"}],"up":[{"embeddable":true,"href":"https:\/\/springslawgroup.com\/es\/wp-json\/wp\/v2\/pages\/16341"}],"wp:attachment":[{"href":"https:\/\/springslawgroup.com\/es\/wp-json\/wp\/v2\/media?parent=16295"}],"wp:term":[{"taxonomy":"category","embeddable":true,"href":"https:\/\/springslawgroup.com\/es\/wp-json\/wp\/v2\/categories?post=16295"},{"taxonomy":"post_tag","embeddable":true,"href":"https:\/\/springslawgroup.com\/es\/wp-json\/wp\/v2\/tags?post=16295"}],"curies":[{"name":"wp","href":"https:\/\/api.w.org\/{rel}","templated":true}]}}