{"id":16294,"date":"2020-06-29T17:50:35","date_gmt":"2020-06-30T00:50:35","guid":{"rendered":"https:\/\/springs.flywheelstaging.com\/reclamaciones-de-seguro-en-accidentes-de-motocicleta-en-pueblo\/"},"modified":"2023-09-01T07:11:38","modified_gmt":"2023-09-01T14:11:38","slug":"reclamaciones-de-seguro-en-accidentes-de-motocicleta-en-pueblo","status":"publish","type":"page","link":"https:\/\/springslawgroup.com\/es\/pueblo-abogado-de-lesiones-personales\/abogado-de-accidentes-de-motocicleta-en-pueblo\/reclamaciones-de-seguro-en-accidentes-de-motocicleta-en-pueblo\/","title":{"rendered":"Reclamos al Seguro por Accidentes de Motocicleta en Pueblo"},"content":{"rendered":"<p>A efectos del seguro, los accidentes de moto suelen recibir un trato similar al de los accidentes de coche normales. Aun as\u00ed, un factor que puede influir en la tarifa del seguro de una persona tras un accidente de moto es si tuvo o no toda o parte de la culpa. Si te declaran responsable de un accidente, te conviertes en una persona m\u00e1s arriesgada de asegurar, y tu compa\u00f1\u00eda de seguros puede subirte las tarifas para compensar ese riesgo.<\/p>\n<p>Incluso si usted no tiene la culpa de un accidente de motocicleta en Pueblo, la recuperaci\u00f3n de la indemnizaci\u00f3n a trav\u00e9s de una demanda al seguro puede ser un proceso complejo con mucho espacio para errores costosos. Un <a href=\"https:\/\/springslawgroup.com\/es\/pueblo-abogado-de-lesiones-personales\/abogado-de-accidentes-de-motocicleta-en-pueblo\/\">abogado experto en accidentes de motocicleta<\/a> podr\u00eda ayudarle a aprovechar al m\u00e1ximo la cobertura de su seguro y asegurarse de que no se aprovechan de usted.<\/p>\n<h2>Qu\u00e9 Buscar en un Seguro de Moto<\/h2>\n<p>Cuando un motociclista en Pueblo est\u00e1 buscando un plan de seguro, deben tratar de encontrar un plan que incluya la cobertura de motorista sin seguro y con seguro insuficiente, as\u00ed como la cobertura de pagos m\u00e9dicos. Estos dos tipos de cobertura suelen estar ausentes de estas p\u00f3lizas.<\/p>\n<p>Cuando un conductor culpable no tiene un seguro que se aplique al da\u00f1o que caus\u00f3 a la parte lesionada, o si est\u00e1 implicado en un atropello con fuga, la cobertura de motorista no asegurado puede cubrir lo que de otro modo ser\u00edan p\u00e9rdidas irrecuperables. Hay muchos conductores sin seguro en la carretera, y normalmente no pueden cubrir p\u00e9rdidas como el dolor y el sufrimiento, las lesiones permanentes, los salarios perdidos y otros da\u00f1os no cubiertos por el seguro m\u00e9dico con pagos de su bolsillo.<\/p>\n<p>Del mismo modo, la cobertura de motorista con seguro insuficiente puede ser \u00fatil cuando el conductor responsable en un accidente de motocicleta Pueblo tiene seguro, pero no es suficiente para cubrir los da\u00f1os de la parte lesionada. En Colorado, la cantidad m\u00ednima de cobertura de seguro que todo conductor debe tener es de 25.000 d\u00f3lares por persona herida y 50.000 d\u00f3lares por accidente. Sin embargo, una persona podr\u00eda gastar 25.000 d\u00f3lares en una sola hospitalizaci\u00f3n si debe pasar la noche en el hospital. La cobertura de motorista no asegurado protege a los motoristas en este tipo de situaciones.<\/p>\n<h2>Cobertura de Exceso y Paraguas en Pueblo<\/h2>\n<p>Las coberturas de seguro de exceso y de paraguas se aplican en casos de accidentes de motocicleta en Pueblo cuando el conductor culpable causa a alguien m\u00e1s da\u00f1os de los que cubrir\u00e1 su p\u00f3liza de seguro ordinaria. Por ejemplo, si un conductor culpable tiene una p\u00f3liza de seguro de 100.000 d\u00f3lares y provoca un accidente que deja paral\u00edtico a un motorista, los da\u00f1os de esa persona podr\u00edan valorarse en millones. En este caso, un motorista lesionado puede tener que ir tras los bienes personales de la parte culpable para recuperar la indemnizaci\u00f3n que necesita.<\/p>\n<p>Sin embargo, si una persona tiene una p\u00f3liza paraguas, \u00e9sta proporciona cobertura adicional a su seguro de autom\u00f3vil. Por ejemplo, un conductor culpable puede tener una p\u00f3liza de autom\u00f3vil de 250.000 d\u00f3lares y una p\u00f3liza \u00abparaguas\u00bb de 1.000.000 de d\u00f3lares: si causa da\u00f1os a otra persona por valor de 1.000.000 de d\u00f3lares, la p\u00f3liza \u00abparaguas\u00bb cubre las p\u00e9rdidas adicionales.<\/p>\n<h2>Recuperaci\u00f3n a trav\u00e9s del Seguro de Da\u00f1os por Accidente de Moto en Pueblo<\/h2>\n<p>Los da\u00f1os m\u00e1s comunes que una persona lesionada en Pueblo puede reclamar en una demanda de seguro por accidente de motocicleta son los relacionados con los gastos m\u00e9dicos a corto plazo, seguidos de los da\u00f1os no econ\u00f3micos por dolor y sufrimiento. Otros tipos de da\u00f1os y perjuicios que suelen incluirse en estos casos pueden ser la p\u00e9rdida de salarios, kilometraje, incapacidad permanente, lesiones permanentes, gastos m\u00e9dicos futuros y otras formas en que el accidente afect\u00f3 negativamente a su vida.<\/p>\n<p>Mientras que la recuperaci\u00f3n de todos estos da\u00f1os por accidente de motocicleta s\u00f3lo a trav\u00e9s de un reclamo al seguro puede no ser factible en todas las situaciones, un abogado experimentado de Pueblo podr\u00eda trabajar con un demandante para maximizar la recuperaci\u00f3n disponible en su caso. Llame hoy mismo para hablar con un representante legal especializado sobre cualquier duda que pueda tener en relaci\u00f3n con el seguro.<\/p>\n","protected":false},"excerpt":{"rendered":"<p>A efectos del seguro, los accidentes de moto suelen recibir un trato similar al de los accidentes de coche normales.&nbsp;<a class=\"moretag\" href=\"https:\/\/springslawgroup.com\/es\/pueblo-abogado-de-lesiones-personales\/abogado-de-accidentes-de-motocicleta-en-pueblo\/reclamaciones-de-seguro-en-accidentes-de-motocicleta-en-pueblo\/\"> Read More&#8230;<\/a><\/p>\n","protected":false},"author":32,"featured_media":0,"parent":16997,"menu_order":0,"comment_status":"closed","ping_status":"closed","template":"landingpage.php","meta":{"_acf_changed":false,"inline_featured_image":false,"footnotes":""},"categories":[],"tags":[],"class_list":["post-16294","page","type-page","status-publish","hentry"],"acf":{"key_takeaways":null,"_litigation_personal_injury_contents_new":{"_litigation_personal_injury_title_new":"","_litigation_personal_injury_discription_new":"","_litigation_personal_injury_discription_new_copy":"","_litigation_video_url_new":"","add_button":false},"_header_sub_header_content_new":null,"_litigation_frequently_asked_questions_new":null,"lawsuit_updates":null,"_litigation_related_posts_relation":null,"acf-references":""},"_links":{"self":[{"href":"https:\/\/springslawgroup.com\/es\/wp-json\/wp\/v2\/pages\/16294","targetHints":{"allow":["GET"]}}],"collection":[{"href":"https:\/\/springslawgroup.com\/es\/wp-json\/wp\/v2\/pages"}],"about":[{"href":"https:\/\/springslawgroup.com\/es\/wp-json\/wp\/v2\/types\/page"}],"author":[{"embeddable":true,"href":"https:\/\/springslawgroup.com\/es\/wp-json\/wp\/v2\/users\/32"}],"replies":[{"embeddable":true,"href":"https:\/\/springslawgroup.com\/es\/wp-json\/wp\/v2\/comments?post=16294"}],"version-history":[{"count":1,"href":"https:\/\/springslawgroup.com\/es\/wp-json\/wp\/v2\/pages\/16294\/revisions"}],"predecessor-version":[{"id":16581,"href":"https:\/\/springslawgroup.com\/es\/wp-json\/wp\/v2\/pages\/16294\/revisions\/16581"}],"up":[{"embeddable":true,"href":"https:\/\/springslawgroup.com\/es\/wp-json\/wp\/v2\/pages\/16997"}],"wp:attachment":[{"href":"https:\/\/springslawgroup.com\/es\/wp-json\/wp\/v2\/media?parent=16294"}],"wp:term":[{"taxonomy":"category","embeddable":true,"href":"https:\/\/springslawgroup.com\/es\/wp-json\/wp\/v2\/categories?post=16294"},{"taxonomy":"post_tag","embeddable":true,"href":"https:\/\/springslawgroup.com\/es\/wp-json\/wp\/v2\/tags?post=16294"}],"curies":[{"name":"wp","href":"https:\/\/api.w.org\/{rel}","templated":true}]}}