{"id":16292,"date":"2020-07-27T14:55:41","date_gmt":"2020-07-27T21:55:41","guid":{"rendered":"https:\/\/springs.flywheelstaging.com\/castle-rock-abogado-de-accidente-de-camion\/"},"modified":"2023-11-28T21:08:27","modified_gmt":"2023-11-29T04:08:27","slug":"castle-rock-abogado-de-accidente-de-camion","status":"publish","type":"page","link":"https:\/\/springslawgroup.com\/es\/castle-rock-lesiones-personales\/castle-rock-abogado-de-accidente-de-camion\/","title":{"rendered":"Abogado especializado en accidentes de cami\u00f3n de Castle Rock"},"content":{"rendered":"<p>Todos los d\u00edas, grandes camiones atraviesan el estado para llevar su carga a destinos de todo el pa\u00eds. Por lo general, estos camiones llegan sanos y salvos a sus lugares de entrega y nadie les da importancia. Por desgracia, a veces estos grandes camiones comerciales sufren accidentes. Debido a su gran tama\u00f1o y peso, pueden producirse lesiones graves y v\u00edctimas mortales cuando los camiones comerciales colisionan con veh\u00edculos m\u00e1s peque\u00f1os.<\/p>\n<p>Si recientemente sufri\u00f3 lesiones en una colisi\u00f3n con un cami\u00f3n, podr\u00eda tener derecho a una indemnizaci\u00f3n. Un abogado especializado en accidentes de cami\u00f3n de Castle Rock podr\u00eda revisar los detalles de su accidente para determinar si tiene un caso viable. Adem\u00e1s, nuestros dedicados <a href=\"https:\/\/springslawgroup.com\/es\/castle-rock-lesiones-personales\/\">abogados especializados en lesiones personales<\/a> podr\u00edan gestionar todos los matices legales complicados que se producen en estos casos, para que usted pueda centrarse en su recuperaci\u00f3n f\u00edsica.<\/p>\n<h2>Determinar la causa de un accidente de cami\u00f3n comercial en Castle Rock<\/h2>\n<p>Como en cualquier accidente automovil\u00edstico, puede haber varias causas detr\u00e1s de un accidente de cami\u00f3n. Por lo general, estos accidentes se producen debido a las acciones negligentes del conductor del cami\u00f3n. Algunas conductas imprudentes que pueden dar lugar a una demanda civil viable incluyen las siguientes:<\/p>\n<ul>\n<li>Exceso de velocidad para llegar a tiempo a una entrega<\/li>\n<li>Incumplir la normativa federal sobre el n\u00famero m\u00e1ximo de horas al volante, lo que provoca fatiga.<\/li>\n<li>Conducir bajo los efectos del alcohol o las drogas<\/li>\n<li>Conducci\u00f3n distra\u00edda, como enviar mensajes de texto mientras se conduce<\/li>\n<li>Conducci\u00f3n negligente o imprudente<\/li>\n<li>Conducci\u00f3n con experiencia insuficiente<\/li>\n<li>Furia en la carretera<\/li>\n<\/ul>\n<p>Nuestros abogados locales tienen gran experiencia en la investigaci\u00f3n de accidentes de camiones y podr\u00edan trabajar diligentemente para encontrar la causa. Nuestro equipo podr\u00eda revisar cuidadosamente todas las pruebas de la escena del accidente, como informes policiales y testimonios de testigos oculares. Tambi\u00e9n podr\u00edamos examinar los registros horarios del conductor, el registro de comunicaciones del proveedor, el historial de conducci\u00f3n del camionero y el manual del empleado.<\/p>\n<h3>Problemas con el cami\u00f3n<\/h3>\n<p>A veces, los problemas con el cami\u00f3n causan accidentes, como una pieza defectuosa o una aver\u00eda. Nuestros abogados podr\u00edan comprobar si el cami\u00f3n estaba sujeto a alguna revisi\u00f3n pendiente o si la causa era un mantenimiento inadecuado. En estas situaciones, el asesor jur\u00eddico examinar\u00eda los registros de servicio y mantenimiento del cami\u00f3n para determinar si el cami\u00f3n debi\u00f3 haberse revisado. Algunos accidentes se deben a problemas con la carga, como cuando los operadores del cami\u00f3n no equilibran adecuadamente el peso de la carga o no la sujetan con seguridad. Cuando esto ocurre, un abogado podr\u00eda identificar si la empresa encargada de la carga sigui\u00f3 los procedimientos adecuados.<\/p>\n<h2>Determinaci\u00f3n de la responsabilidad en accidentes de cami\u00f3n<\/h2>\n<p>Despu\u00e9s de determinar lo que caus\u00f3 el accidente de cami\u00f3n, un abogado de Castle Rock podr\u00eda identificar qui\u00e9n tiene la responsabilidad legal por el accidente y ayudar a un demandante a presentar una demanda contra todas las partes responsables. Si la culpa es del camionero, el lesionado puede demandar a este conductor o a su empleador por responsabilidad indirecta. Los empleadores suelen ser responsables de las acciones de sus empleados mientras trabajan y de establecer pr\u00e1cticas adecuadas de contrataci\u00f3n y formaci\u00f3n. El demandante tambi\u00e9n puede reclamar da\u00f1os y perjuicios a una empresa de transporte si puede demostrar que el empleador ejerc\u00eda alg\u00fan tipo de control o supervisi\u00f3n sobre la ruta, el horario o la conducci\u00f3n del conductor.<\/p>\n<h2>Llame a un abogado especializado en accidentes de cami\u00f3n de Castle Rock<\/h2>\n<p>Tras un accidente de cami\u00f3n comercial, puede enfrentarse a una recuperaci\u00f3n larga y dif\u00edcil. Un abogado especializado en accidentes de cami\u00f3n de Castle Rock podr\u00eda ayudarle a resolver algunas de sus preocupaciones financieras al presentar una demanda contra las partes responsables de una colisi\u00f3n. Llame hoy mismo a nuestra oficina y programe una consulta gratuita.<\/p>\n","protected":false},"excerpt":{"rendered":"<p>Todos los d\u00edas, grandes camiones atraviesan el estado para llevar su carga a destinos de todo el pa\u00eds. Por lo&nbsp;<a class=\"moretag\" href=\"https:\/\/springslawgroup.com\/es\/castle-rock-lesiones-personales\/castle-rock-abogado-de-accidente-de-camion\/\"> Read More&#8230;<\/a><\/p>\n","protected":false},"author":32,"featured_media":0,"parent":16335,"menu_order":0,"comment_status":"closed","ping_status":"closed","template":"landingpage.php","meta":{"_acf_changed":false,"inline_featured_image":false,"footnotes":""},"categories":[],"tags":[],"class_list":["post-16292","page","type-page","status-publish","hentry"],"acf":{"key_takeaways":null,"_litigation_personal_injury_contents_new":{"_litigation_personal_injury_title_new":"","_litigation_personal_injury_discription_new":"","_litigation_personal_injury_discription_new_copy":"","_litigation_video_url_new":"","add_button":false},"_header_sub_header_content_new":null,"_litigation_frequently_asked_questions_new":null,"lawsuit_updates":null,"_litigation_related_posts_relation":null,"acf-references":""},"_links":{"self":[{"href":"https:\/\/springslawgroup.com\/es\/wp-json\/wp\/v2\/pages\/16292","targetHints":{"allow":["GET"]}}],"collection":[{"href":"https:\/\/springslawgroup.com\/es\/wp-json\/wp\/v2\/pages"}],"about":[{"href":"https:\/\/springslawgroup.com\/es\/wp-json\/wp\/v2\/types\/page"}],"author":[{"embeddable":true,"href":"https:\/\/springslawgroup.com\/es\/wp-json\/wp\/v2\/users\/32"}],"replies":[{"embeddable":true,"href":"https:\/\/springslawgroup.com\/es\/wp-json\/wp\/v2\/comments?post=16292"}],"version-history":[{"count":4,"href":"https:\/\/springslawgroup.com\/es\/wp-json\/wp\/v2\/pages\/16292\/revisions"}],"predecessor-version":[{"id":19440,"href":"https:\/\/springslawgroup.com\/es\/wp-json\/wp\/v2\/pages\/16292\/revisions\/19440"}],"up":[{"embeddable":true,"href":"https:\/\/springslawgroup.com\/es\/wp-json\/wp\/v2\/pages\/16335"}],"wp:attachment":[{"href":"https:\/\/springslawgroup.com\/es\/wp-json\/wp\/v2\/media?parent=16292"}],"wp:term":[{"taxonomy":"category","embeddable":true,"href":"https:\/\/springslawgroup.com\/es\/wp-json\/wp\/v2\/categories?post=16292"},{"taxonomy":"post_tag","embeddable":true,"href":"https:\/\/springslawgroup.com\/es\/wp-json\/wp\/v2\/tags?post=16292"}],"curies":[{"name":"wp","href":"https:\/\/api.w.org\/{rel}","templated":true}]}}