{"id":16291,"date":"2020-07-28T14:55:14","date_gmt":"2020-07-28T21:55:14","guid":{"rendered":"https:\/\/springs.flywheelstaging.com\/castle-rock-abogado-de-muerte-injusta\/"},"modified":"2023-09-01T07:10:13","modified_gmt":"2023-09-01T14:10:13","slug":"castle-rock-abogado-de-muerte-injusta","status":"publish","type":"page","link":"https:\/\/springslawgroup.com\/es\/castle-rock-lesiones-personales\/castle-rock-abogado-de-muerte-injusta\/","title":{"rendered":"Abogado especializado en muerte por negligencia de Castle Rock"},"content":{"rendered":"<p>La vida nunca vuelve a ser la misma tras la p\u00e9rdida de un familiar querido. Vaya donde vaya, se encuentra con recordatorios de la ausencia de su ser querido. Si otra persona fue responsable de su muerte, esa p\u00e9rdida puede ser a\u00fan m\u00e1s devastadora.<\/p>\n<p>Si cree que la negligencia, imprudencia o mala conducta intencionada de otra persona caus\u00f3 la muerte de su ser querido, puede tener derecho a recibir una indemnizaci\u00f3n con la ayuda de un <a href=\"https:\/\/springslawgroup.com\/es\/castle-rock-lesiones-personales\/\">abogado especializado en lesiones personales<\/a>. Un abogado especializado en muerte por negligencia de Castle Rock podr\u00eda revisar los detalles del repentino fallecimiento de su ser querido para determinar si su familia podr\u00eda tener derecho a una ayuda econ\u00f3mica que compense la p\u00e9rdida.<\/p>\n<h2>\u00bfQu\u00e9 son las acciones por muerte por negligencia?<\/h2>\n<p>Por lo general, una persona lesionada tiene derecho a demandar a otra parte en una demanda por lesiones personales si las acciones u omisiones del demandado causaron sus p\u00e9rdidas. Si esta persona fallece como consecuencia de sus lesiones y no puede presentar una demanda, los familiares supervivientes de esta parte pueden, por lo general, demandar al culpable en un juicio por muerte por negligencia.<\/p>\n<p>Estas demandas son acciones civiles que los familiares pueden interponer al mismo tiempo o en lugar de un proceso penal. Sin embargo, la carga de la prueba es menor en un caso civil. En lugar de tener que demostrar que el acusado caus\u00f3 la muerte m\u00e1s all\u00e1 de toda duda razonable, los familiares supervivientes tendr\u00edan que demostrar que la negligencia, imprudencia o mala conducta intencionada del acusado caus\u00f3 en gran medida la muerte de su ser querido. Las penas en las acciones civiles tambi\u00e9n son diferentes de las de los procesos penales.<\/p>\n<p>A diferencia de una acci\u00f3n penal, en la que una condena puede acarrear penas de c\u00e1rcel para el acusado, una acci\u00f3n civil por muerte por negligencia puede dar lugar a que la parte contraria pague da\u00f1os y perjuicios a los familiares supervivientes de la persona fallecida. Por lo general, los familiares supervivientes deben presentar estos casos en los dos a\u00f1os siguientes al fallecimiento de su ser querido. Nuestros abogados locales podr\u00edan ayudar a los familiares a buscar justicia a trav\u00e9s de un caso de muerte por negligencia si creen que su ser querido muri\u00f3 debido al accionar de otra persona.<\/p>\n<h3>Partes que pueden solicitar estas acciones<\/h3>\n<p>No todos los familiares pueden presentar una demanda por muerte por negligencia. Por lo general, los c\u00f3nyuges tienen la facultad exclusiva de presentar una demanda durante el primer a\u00f1o tras el fallecimiento de su pareja. Con el consentimiento del c\u00f3nyuge superviviente, los herederos, normalmente los hijos del fallecido, tambi\u00e9n pueden presentar una demanda durante el primer a\u00f1o. Si no hay c\u00f3nyuge, los herederos o el beneficiario designado pueden presentar la demanda. Durante el segundo a\u00f1o posterior al fallecimiento, el c\u00f3nyuge, los herederos o el beneficiario designado pueden presentar una demanda. En caso de que no haya c\u00f3nyuge ni hijos, los padres del fallecido pueden presentar una demanda.<\/p>\n<h2>Accidentes que resultan en demandas por muerte por negligencia en Castle Rock<\/h2>\n<p>Cualquier tipo de incidente que provoque una muerte prematura puede ser objeto de una demanda por muerte por negligencia. Algunas de las razones m\u00e1s comunes de estos casos son las siguientes:<\/p>\n<ul>\n<li><a href=\"https:\/\/springslawgroup.com\/es\/castle-rock-lesiones-personales\/castle-rock-abogado-de-accidente-de-coche\/\">Accidentes de tr\u00e1fico<\/a><\/li>\n<li>Muertes por ahogamiento<\/li>\n<li>Muertes por resbalones y ca\u00eddas<\/li>\n<li>Accidentes en la construcci\u00f3n<\/li>\n<li>Negligencias m\u00e9dicas y quir\u00fargicas<\/li>\n<li>Productos defectuosos y peligrosos<\/li>\n<li>Medicamentos peligrosos<\/li>\n<li>Actos delictivos e ilegales, como agresiones, homicidios o asesinatos<\/li>\n<\/ul>\n<p>Nuestros abogados de Castle Rock podr\u00edan investigar las pruebas que rodean un caso de muerte por negligencia para determinar su causa y qui\u00e9n puede ser legalmente responsable. Podr\u00edamos examinar h\u00e1bilmente cualquier informe policial, testimonio de testigos oculares, informes de incidentes, historiales m\u00e9dicos, as\u00ed como cualquier otra informaci\u00f3n relevante para el caso.<\/p>\n<h2>Llame a un abogado especializado en muerte por negligencia de Castle Rock<\/h2>\n<p>Nada puede devolverle a su ser querido perdido, pero un acuerdo podr\u00eda ayudar a aliviar algunas de las dificultades financieras que pueda estar enfrentando tras el fallecimiento de su ser querido. Obtener una indemnizaci\u00f3n por da\u00f1os y perjuicios de la persona responsable de la muerte de su ser querido podr\u00eda darle la tranquilidad de saber que podr\u00eda conseguir cierta medida de justicia en nombre de su ser querido. P\u00f3ngase en contacto con un abogado especializado en muerte por negligencia de Castle Rock hoy y conozca sus opciones legales.<\/p>\n","protected":false},"excerpt":{"rendered":"<p>La vida nunca vuelve a ser la misma tras la p\u00e9rdida de un familiar querido. Vaya donde vaya, se encuentra&nbsp;<a class=\"moretag\" href=\"https:\/\/springslawgroup.com\/es\/castle-rock-lesiones-personales\/castle-rock-abogado-de-muerte-injusta\/\"> Read More&#8230;<\/a><\/p>\n","protected":false},"author":32,"featured_media":0,"parent":16335,"menu_order":0,"comment_status":"closed","ping_status":"closed","template":"landingpage.php","meta":{"_acf_changed":false,"inline_featured_image":false,"footnotes":""},"categories":[],"tags":[],"class_list":["post-16291","page","type-page","status-publish","hentry"],"acf":{"key_takeaways":null,"_litigation_personal_injury_contents_new":{"_litigation_personal_injury_title_new":"","_litigation_personal_injury_discription_new":"","_litigation_personal_injury_discription_new_copy":"","_litigation_video_url_new":"","add_button":false},"_header_sub_header_content_new":null,"_litigation_frequently_asked_questions_new":null,"lawsuit_updates":null,"_litigation_related_posts_relation":null,"acf-references":""},"_links":{"self":[{"href":"https:\/\/springslawgroup.com\/es\/wp-json\/wp\/v2\/pages\/16291","targetHints":{"allow":["GET"]}}],"collection":[{"href":"https:\/\/springslawgroup.com\/es\/wp-json\/wp\/v2\/pages"}],"about":[{"href":"https:\/\/springslawgroup.com\/es\/wp-json\/wp\/v2\/types\/page"}],"author":[{"embeddable":true,"href":"https:\/\/springslawgroup.com\/es\/wp-json\/wp\/v2\/users\/32"}],"replies":[{"embeddable":true,"href":"https:\/\/springslawgroup.com\/es\/wp-json\/wp\/v2\/comments?post=16291"}],"version-history":[{"count":3,"href":"https:\/\/springslawgroup.com\/es\/wp-json\/wp\/v2\/pages\/16291\/revisions"}],"predecessor-version":[{"id":17222,"href":"https:\/\/springslawgroup.com\/es\/wp-json\/wp\/v2\/pages\/16291\/revisions\/17222"}],"up":[{"embeddable":true,"href":"https:\/\/springslawgroup.com\/es\/wp-json\/wp\/v2\/pages\/16335"}],"wp:attachment":[{"href":"https:\/\/springslawgroup.com\/es\/wp-json\/wp\/v2\/media?parent=16291"}],"wp:term":[{"taxonomy":"category","embeddable":true,"href":"https:\/\/springslawgroup.com\/es\/wp-json\/wp\/v2\/categories?post=16291"},{"taxonomy":"post_tag","embeddable":true,"href":"https:\/\/springslawgroup.com\/es\/wp-json\/wp\/v2\/tags?post=16291"}],"curies":[{"name":"wp","href":"https:\/\/api.w.org\/{rel}","templated":true}]}}