{"id":16290,"date":"2020-06-30T15:55:06","date_gmt":"2020-06-30T22:55:06","guid":{"rendered":"https:\/\/springs.flywheelstaging.com\/pasos-a-seguir-despues-de-un-accidente-de-coche-en-fort-carson\/"},"modified":"2023-10-20T14:01:19","modified_gmt":"2023-10-20T21:01:19","slug":"pasos-a-seguir-despues-de-un-accidente-de-coche-en-fort-carson","status":"publish","type":"page","link":"https:\/\/springslawgroup.com\/es\/fort-carson-lesiones-personales\/fort-carson-abogado-de-accidente-de-coche\/pasos-a-seguir-despues-de-un-accidente-de-coche-en-fort-carson\/","title":{"rendered":"Pasos a Seguir Despu\u00e9s de un Accidente de Coche en Fort Carson"},"content":{"rendered":"\r\n<p>Verse implicado en un accidente de tr\u00e1fico puede dejarle confundido y abrumado. Puede que no est\u00e9 seguro de lo que debe hacer a continuaci\u00f3n. Afortunadamente, nuestros <a href=\"https:\/\/springslawgroup.com\/es\/fort-carson-lesiones-personales\/fort-carson-abogado-de-accidente-de-coche\/\">abogados de accidentes de auto<\/a> pueden guiarlo a trav\u00e9s de los pasos a seguir despu\u00e9s de un accidente de auto en Fort Carson.<\/p>\r\n\r\n\r\n\r\n<h2 class=\"wp-block-heading\"><strong>Qu\u00e9 Hacer Inmediatamente Despu\u00e9s de un Accidente de Coche en Fort Carson<\/strong><\/h2>\r\n\r\n\r\n\r\n<p>Los accidentes de tr\u00e1fico pueden ser leves, como un golpe en el guardabarros, o pueden provocar lesiones graves. Independientemente de la gravedad, todos los conductores implicados deben detener sus veh\u00edculos inmediatamente despu\u00e9s de que se produzca un accidente. Hay varios pasos a seguir tras un accidente. Algunas de ellas son:<\/p>\r\n\r\n\r\n\r\n<ul class=\"wp-block-list\">\r\n<li><strong>Eval\u00fae sus lesiones.<\/strong> Tanto el conductor como los pasajeros deben examinar sus lesiones para asegurarse de que nadie se encuentra en estado cr\u00edtico. Mientras lo haces, debes evitar hacer movimientos dr\u00e1sticos que podr\u00edan empeorar tus lesiones.<\/li>\r\n<li><strong>Llama al 911. <\/strong>Despu\u00e9s de que todos hayan evaluado sus lesiones, se debe llamar inmediatamente al 911.<\/li>\r\n<li><strong>Mueva los veh\u00edculos da\u00f1ados a un lado. <\/strong>Si es posible, todas las partes implicadas deben apartar sus veh\u00edculos da\u00f1ados a un lado de la carretera por seguridad.<\/li>\r\n<li><strong>Espera a la polic\u00eda.<\/strong> Todas las partes implicadas deben <em>apagar<\/em> el motor, <em>encender <\/em>las luces de emergencia, permanecer en el lugar del accidente y esperar a que llegue la polic\u00eda.<\/li>\r\n<li><strong>Los conductores deben intercambiar informaci\u00f3n.<\/strong> Mientras todos esperan a que llegue la polic\u00eda, todos los conductores deben intercambiar informaci\u00f3n, incluidos el nombre y los datos de contacto, la compa\u00f1\u00eda de seguros y el n\u00famero de p\u00f3liza, los datos del permiso de conducir y el lugar del accidente. <em>No <\/em>discuta la culpa con el otro conductor porque esto podr\u00eda afectar negativamente a cualquier reclamaci\u00f3n de seguro que se presente.<\/li>\r\n<li><strong>No publiques nada sobre el accidente en las redes sociales.<\/strong> Del mismo modo que discutir la culpa con otros conductores puede afectar negativamente a tu reclamo, compartir informaci\u00f3n sobre el accidente en las redes sociales tambi\u00e9n puede afectar negativamente a tu demanda.<\/li>\r\n<li><strong>Haz fotos del accidente. <\/strong>Si es posible, los conductores deben hacer fotos del accidente y preguntar a los agentes de polic\u00eda c\u00f3mo obtener una copia del informe del accidente.<\/li>\r\n<li><strong>Presente una demanda. <\/strong>Todos los perjudicados deben ponerse en contacto con un abogado y despu\u00e9s notificarlo a sus compa\u00f1\u00edas de seguros para presentar oficialmente una demanda.<\/li>\r\n<\/ul>\r\n\r\n\r\n\r\n<h3 class=\"wp-block-heading\"><strong>C\u00f3mo Afecta la Negligencia a los Reclamos de Seguros<\/strong><\/h3>\r\n\r\n\r\n\r\n<p>Los reclamos por accidentes de tr\u00e1fico se basan en un factor de negligencia. El nivel de culpa viene determinado por el nivel de negligencia. Tanto si la investigaci\u00f3n la llevan a cabo las fuerzas del orden de la ciudad como el personal militar a trav\u00e9s de la Oficina del Abogado del Estado Mayor de Fort Carson, los conductores negligentes a menudo deben indemnizar a los conductores lesionados por sus facturas m\u00e9dicas, salarios perdidos y da\u00f1os en sus autom\u00f3viles, as\u00ed como por cualquier dolor, sufrimiento y p\u00e9rdida de salarios futuros.<\/p>\r\n\r\n\r\n\r\n<p>Si usted ha estado involucrado en un accidente de coche en Fort Carson, entonces no trate de hacer frente a esa batalla legal solo. Un abogado de accidentes de tr\u00e1fico de confianza puede guiarle a trav\u00e9s del proceso legal y poner las probabilidades a su favor.<\/p>\r\n\r\n\r\n\r\n<p>&nbsp;<\/p>\r\n\r\n\r\n\r\n<h3 class=\"wp-block-heading\"><strong>P\u00f3ngase en Contacto con un Abogado de Fort Carson para Obtener M\u00e1s Informaci\u00f3n sobre los Pasos a Seguir Despu\u00e9s de un Accidente de Coche<\/strong><\/h3>\r\n\r\n\r\n\r\n<p>Si usted sufri\u00f3 lesiones en un accidente de coche en Fort Carson, hay pasos que debe tomar para asegurarse de que todos los involucrados est\u00e1n a salvo, y que usted reciba una compensaci\u00f3n justa de las partes responsables. Necesita un abogado que pueda interceder ante las compa\u00f1\u00edas de seguros, en los tribunales y con los investigadores militares para conseguirle la ayuda econ\u00f3mica que necesita.<\/p>\r\n\r\n\r\n\r\n<p>Ah\u00ed es donde podemos ayudar. Springs Law Group cuenta con un equipo de abogados licenciados en accidentes automovil\u00edsticos en Fort Carson. Le ayudaremos a obtener la indemnizaci\u00f3n y el cierre que se merece. \u00a1Aprenda m\u00e1s sobre los pasos a seguir despu\u00e9s de un accidente de coche en Fort Carson <a href=\"https:\/\/springslawgroup.com\/es\/contacto\/\">llam\u00e1ndonos hoy!<\/a><\/p>\r\n","protected":false},"excerpt":{"rendered":"<p>Verse implicado en un accidente de tr\u00e1fico puede dejarle confundido y abrumado. Puede que no est\u00e9 seguro de lo que&nbsp;<a class=\"moretag\" href=\"https:\/\/springslawgroup.com\/es\/fort-carson-lesiones-personales\/fort-carson-abogado-de-accidente-de-coche\/pasos-a-seguir-despues-de-un-accidente-de-coche-en-fort-carson\/\"> Read More&#8230;<\/a><\/p>\n","protected":false},"author":32,"featured_media":0,"parent":16341,"menu_order":0,"comment_status":"closed","ping_status":"closed","template":"landingpage.php","meta":{"_acf_changed":false,"inline_featured_image":false,"footnotes":""},"categories":[],"tags":[],"class_list":["post-16290","page","type-page","status-publish","hentry"],"acf":{"key_takeaways":null,"_litigation_personal_injury_contents_new":{"_litigation_personal_injury_title_new":"","_litigation_personal_injury_discription_new":"","_litigation_personal_injury_discription_new_copy":"","_litigation_video_url_new":"","add_button":false},"_header_sub_header_content_new":null,"_litigation_frequently_asked_questions_new":null,"lawsuit_updates":null,"_litigation_related_posts_relation":null,"acf-references":""},"_links":{"self":[{"href":"https:\/\/springslawgroup.com\/es\/wp-json\/wp\/v2\/pages\/16290","targetHints":{"allow":["GET"]}}],"collection":[{"href":"https:\/\/springslawgroup.com\/es\/wp-json\/wp\/v2\/pages"}],"about":[{"href":"https:\/\/springslawgroup.com\/es\/wp-json\/wp\/v2\/types\/page"}],"author":[{"embeddable":true,"href":"https:\/\/springslawgroup.com\/es\/wp-json\/wp\/v2\/users\/32"}],"replies":[{"embeddable":true,"href":"https:\/\/springslawgroup.com\/es\/wp-json\/wp\/v2\/comments?post=16290"}],"version-history":[{"count":4,"href":"https:\/\/springslawgroup.com\/es\/wp-json\/wp\/v2\/pages\/16290\/revisions"}],"predecessor-version":[{"id":18026,"href":"https:\/\/springslawgroup.com\/es\/wp-json\/wp\/v2\/pages\/16290\/revisions\/18026"}],"up":[{"embeddable":true,"href":"https:\/\/springslawgroup.com\/es\/wp-json\/wp\/v2\/pages\/16341"}],"wp:attachment":[{"href":"https:\/\/springslawgroup.com\/es\/wp-json\/wp\/v2\/media?parent=16290"}],"wp:term":[{"taxonomy":"category","embeddable":true,"href":"https:\/\/springslawgroup.com\/es\/wp-json\/wp\/v2\/categories?post=16290"},{"taxonomy":"post_tag","embeddable":true,"href":"https:\/\/springslawgroup.com\/es\/wp-json\/wp\/v2\/tags?post=16290"}],"curies":[{"name":"wp","href":"https:\/\/api.w.org\/{rel}","templated":true}]}}