{"id":16289,"date":"2020-07-29T14:41:18","date_gmt":"2020-07-29T21:41:18","guid":{"rendered":"https:\/\/springs.flywheelstaging.com\/castle-rock-resbalon-y-caida-abogado\/"},"modified":"2023-09-01T07:10:11","modified_gmt":"2023-09-01T14:10:11","slug":"castle-rock-resbalon-y-caida-abogado","status":"publish","type":"page","link":"https:\/\/springslawgroup.com\/es\/castle-rock-lesiones-personales\/castle-rock-resbalon-y-caida-abogado\/","title":{"rendered":"Abogado especializado en accidentes por resbal\u00f3n o ca\u00edda de Castle Rock"},"content":{"rendered":"<p>Los tropiezos y las ca\u00eddas pueden provocar lesiones que generar\u00edan un impacto dram\u00e1tico en la vida de una persona. Las ca\u00eddas pueden provocar lesiones f\u00edsicas que requieren hospitalizaci\u00f3n y rehabilitaci\u00f3n prolongadas. Si una persona se cae y se golpea la cabeza, tambi\u00e9n puede sufrir problemas cognitivos. Tras una ca\u00edda, muchas personas se enfrentan a menudo a dificultades econ\u00f3micas debido a las crecientes facturas del tratamiento y a que pueden quedar temporal o permanentemente incapacitadas para trabajar. Un <a href=\"https:\/\/springslawgroup.com\/es\/castle-rock-lesiones-personales\/\">abogado experto en lesiones personales<\/a> podr\u00eda ayudarle a negociar un acuerdo econ\u00f3mico.<\/p>\n<p>Si se cay\u00f3 mientras estaba en la propiedad de otra persona, esa otra persona podr\u00eda ser legalmente responsable de sus lesiones. Un abogado especializado en accidentes por resbal\u00f3n o ca\u00edda de Castle Rock podr\u00eda ayudarle a determinar si tiene derecho a una compensaci\u00f3n econ\u00f3mica en una demanda por lesiones personales o no.<\/p>\n<h2>Lesiones que pueden ocurrir despu\u00e9s de un accidente por resbal\u00f3n o ca\u00edda en Castle Rock<\/h2>\n<p>Aunque muchas personas sufren peque\u00f1os golpes y contusiones tras una ca\u00edda, a veces pueden sufrir lesiones graves que requieren un tratamiento m\u00e9dico exhaustivo. Algunas de las lesiones m\u00e1s comunes que pueden producirse tras un accidente grave por resbal\u00f3n o ca\u00edda pueden ser las siguientes:<\/p>\n<ul>\n<li>Lesiones de espalda, como da\u00f1os en la m\u00e9dula espinal y hernias discales<\/li>\n<li>Lesiones cervicales, desde latigazos cervicales leves hasta par\u00e1lisis.<\/li>\n<li>Conmociones cerebrales y otras lesiones cerebrales<\/li>\n<li>Huesos rotos.<\/li>\n<li>Esguinces y distensiones musculares y de ligamentos<\/li>\n<li>Lesiones faciales, como laceraciones<\/li>\n<li>Hemorragias internas graves y da\u00f1os en los \u00f3rganos<\/li>\n<\/ul>\n<p>Nuestros abogados locales tienen experiencia para trabajar con m\u00e9dicos y evaluar lesiones m\u00e9dicas despu\u00e9s de un accidente por resbal\u00f3n o ca\u00edda. Podr\u00edamos examinar todos los historiales m\u00e9dicos de un demandante para poder solicitar una indemnizaci\u00f3n adecuada por todos los da\u00f1os sufridos.<\/p>\n<h2>\u00bfD\u00f3nde y c\u00f3mo se produce la mayor\u00eda de los accidentes por Resbal\u00f3n o ca\u00edda?<\/h2>\n<p>Las personas pueden resbalar, caerse y sufrir lesiones en cualquier lugar. Pueden sufrir lesiones tanto en el interior como en el exterior. Pueden lesionarse en casas o apartamentos de propiedad privada o en establecimientos comerciales, como tiendas de comestibles, restaurantes, edificios de oficinas, lugares de trabajo y comercios minoristas. Por desgracia, uno de los lugares m\u00e1s comunes donde la gente resbala y se cae es en las residencias paar gente mayor.<\/p>\n<p>Las personas suelen tropezar porque el suelo o la acera en la que se encuentran son irregulares, resbaladizos o est\u00e1n llenos de escombros. Algunas situaciones que pueden justificar una acci\u00f3n legal tras un incidente de resbal\u00f3n y ca\u00edda incluyen las siguientes:<\/p>\n<ul>\n<li>Suelos mojados<\/li>\n<li>Escaleras rotas o barandillas rotas en las escaleras<\/li>\n<li>Iluminaci\u00f3n inadecuada que dificulta la visi\u00f3n<\/li>\n<li>Obstrucciones en pasillos o pasarelas<\/li>\n<li>Aceras o calzadas agrietadas o irregulares<\/li>\n<li>Medidas de seguridad insuficientes<\/li>\n<li>Baches en aparcamientos.<\/li>\n<li>Entradas y pasarelas cubiertas de hielo o nieve<\/li>\n<\/ul>\n<p>Un abogado de Castle Rock podr\u00eda examinar cuidadosamente todas las pruebas del accidente por resbal\u00f3n o ca\u00edda en un esfuerzo por reconstruir su causa y determinar c\u00f3mo construir un caso.<\/p>\n<h2>Determinaci\u00f3n de la culpa en un caso de resbal\u00f3n o ca\u00edda<\/h2>\n<p>Tras determinar qu\u00e9 caus\u00f3 el accidente por resbal\u00f3n, un abogado experto en la materia podr\u00eda identificar qui\u00e9nes podr\u00edan ser directamente responsables por el accionar o la falta de \u00e9l. Para establecer si un propietario es responsable, un demandante debe demostrar que el demandado fue de alguna manera negligente o descuidado en el mantenimiento de su propiedad. Esto significa que el demandante tendr\u00eda que demostrar que el accionar o no accionar del propietario provoc\u00f3 la ca\u00edda del demandante. Por ejemplo, cuando un empleado de una tienda de comestibles limpia el suelo y un cliente resbala en el suelo mojado, ese cliente podr\u00eda presentar una demanda contra la tienda de comestibles por no advertirle del peligro de resbalo. Del mismo modo, si el propietario de una tienda no retira la nieve del aparcamiento y un cliente tropieza, el cliente puede presentar una demanda contra la tienda por negligencia en la eliminaci\u00f3n de una condici\u00f3n peligrosa en su propiedad.<\/p>\n<h2>P\u00f3ngase en contacto con un abogado especializado en accidentes por resbal\u00f3n o ca\u00edda de Castle Rock<\/h2>\n<p>Una simple ca\u00edda puede acarrear toda una vida de procedimientos y gastos m\u00e9dicos. Como resultado, es importante contactar a un abogado dedicado que podr\u00eda trabajar para ayudarle a recibir una compensaci\u00f3n financiera por sus lesiones. Llame a nuestra oficina hoy y programe una consulta con un abogado especializado en accidentes por resbal\u00f3n o ca\u00edda de Castle Rock.<\/p>\n","protected":false},"excerpt":{"rendered":"<p>Los tropiezos y las ca\u00eddas pueden provocar lesiones que generar\u00edan un impacto dram\u00e1tico en la vida de una persona. Las&nbsp;<a class=\"moretag\" href=\"https:\/\/springslawgroup.com\/es\/castle-rock-lesiones-personales\/castle-rock-resbalon-y-caida-abogado\/\"> Read More&#8230;<\/a><\/p>\n","protected":false},"author":32,"featured_media":0,"parent":16335,"menu_order":0,"comment_status":"closed","ping_status":"closed","template":"landingpage.php","meta":{"_acf_changed":false,"inline_featured_image":false,"footnotes":""},"categories":[],"tags":[],"class_list":["post-16289","page","type-page","status-publish","hentry"],"acf":{"key_takeaways":null,"_litigation_personal_injury_contents_new":{"_litigation_personal_injury_title_new":"","_litigation_personal_injury_discription_new":"","_litigation_personal_injury_discription_new_copy":"","_litigation_video_url_new":"","add_button":false},"_header_sub_header_content_new":null,"_litigation_frequently_asked_questions_new":null,"lawsuit_updates":null,"_litigation_related_posts_relation":null,"acf-references":""},"_links":{"self":[{"href":"https:\/\/springslawgroup.com\/es\/wp-json\/wp\/v2\/pages\/16289","targetHints":{"allow":["GET"]}}],"collection":[{"href":"https:\/\/springslawgroup.com\/es\/wp-json\/wp\/v2\/pages"}],"about":[{"href":"https:\/\/springslawgroup.com\/es\/wp-json\/wp\/v2\/types\/page"}],"author":[{"embeddable":true,"href":"https:\/\/springslawgroup.com\/es\/wp-json\/wp\/v2\/users\/32"}],"replies":[{"embeddable":true,"href":"https:\/\/springslawgroup.com\/es\/wp-json\/wp\/v2\/comments?post=16289"}],"version-history":[{"count":3,"href":"https:\/\/springslawgroup.com\/es\/wp-json\/wp\/v2\/pages\/16289\/revisions"}],"predecessor-version":[{"id":17220,"href":"https:\/\/springslawgroup.com\/es\/wp-json\/wp\/v2\/pages\/16289\/revisions\/17220"}],"up":[{"embeddable":true,"href":"https:\/\/springslawgroup.com\/es\/wp-json\/wp\/v2\/pages\/16335"}],"wp:attachment":[{"href":"https:\/\/springslawgroup.com\/es\/wp-json\/wp\/v2\/media?parent=16289"}],"wp:term":[{"taxonomy":"category","embeddable":true,"href":"https:\/\/springslawgroup.com\/es\/wp-json\/wp\/v2\/categories?post=16289"},{"taxonomy":"post_tag","embeddable":true,"href":"https:\/\/springslawgroup.com\/es\/wp-json\/wp\/v2\/tags?post=16289"}],"curies":[{"name":"wp","href":"https:\/\/api.w.org\/{rel}","templated":true}]}}