{"id":16288,"date":"2020-07-01T15:12:14","date_gmt":"2020-07-01T22:12:14","guid":{"rendered":"https:\/\/springs.flywheelstaging.com\/leyes-de-trafico-para-ciclistas-en-pueblo\/"},"modified":"2023-10-20T14:03:15","modified_gmt":"2023-10-20T21:03:15","slug":"leyes-de-trafico-para-ciclistas-en-pueblo","status":"publish","type":"page","link":"https:\/\/springslawgroup.com\/es\/pueblo-abogado-de-lesiones-personales\/abogado-de-accidentes-de-bicicleta-de-pueblo\/leyes-de-trafico-para-ciclistas-en-pueblo\/","title":{"rendered":"Leyes de tr\u00e1fico para ciclistas en Pueblo"},"content":{"rendered":"<p>Los ciclistas en Pueblo tienen el deber de obedecer todas las leyes de tr\u00e1fico como si estuvieran conduciendo un veh\u00edculo de motor. Por lo tanto, las leyes de tr\u00e1fico que son para los automovilistas se aplican igual a los ciclistas. Es importante que los ciclistas respeten las normas de tr\u00e1fico por su propia seguridad y la de los dem\u00e1s, incluidos peatones, otros ciclistas y conductores de veh\u00edculos de motor. Si todo el mundo respeta las normas de tr\u00e1fico, se pueden evitar <a href=\"https:\/\/springslawgroup.com\/es\/pueblo-abogado-de-lesiones-personales\/abogado-de-accidentes-de-bicicleta-de-pueblo\/\">accidentes<\/a>, lesiones y da\u00f1os materiales.<\/p>\n<h2>\u00bfC\u00f3mo son los carriles bici?<\/h2>\n<p>Algunas carreteras tienen carriles bici especialmente se\u00f1alizados. Estos carriles bici se definen como una parte de la calzada designada mediante franjas, se\u00f1ales y marcas en el pavimento para uso preferente o exclusivo de los ciclistas. Los carriles bici delimitados tienen un espacio designado para separar el carril bici del carril adyacente para veh\u00edculos de motor y\/o aparcamiento.<\/p>\n<h2>Leyes de tr\u00e1fico espec\u00edficas para ciclistas en Pueblo<\/h2>\n<p>En Pueblo, hay algunas leyes que son espec\u00edficas para los ciclistas. El Estatuto Revisado de Colorado \u00a742-4-1412 establece las normas de circulaci\u00f3n para los ciclistas. Una de estas normas es que un ciclista est\u00e1 obligado a se\u00f1alizar antes de girar o detenerse con una antelaci\u00f3n de 100 pies. Si circula por debajo del l\u00edmite de velocidad establecido, debe hacerlo lo m\u00e1s cerca posible de la curva a la derecha o del borde de la calzada. Las bicicletas tambi\u00e9n pueden circular por un arc\u00e9n derecho pavimentado cuando est\u00e9 disponible. Adem\u00e1s, los ciclistas pueden circular por los pasos de peatones. Sin embargo, CRS \u00a742-4-1412 (10)(a) establece que una persona que circule en bicicleta o bicicleta con asistencia el\u00e9ctrica por una acera, camino o paso de peatones debe ceder el paso a cualquier peat\u00f3n y emitir una se\u00f1al ac\u00fastica antes de adelantar a esta persona.<\/p>\n<p>Una persona en bicicleta debe circular siempre por el carril derecho y mantener al menos una mano en el manillar. Algunas leyes sobre bicicletas se aplican tambi\u00e9n a los motoristas. De hecho, los coches deben dejar un metro de espacio al adelantar a una bicicleta.<\/p>\n<h2>\u00bfC\u00f3mo puede afectar a un caso infringir las leyes de circulaci\u00f3n en bicicleta?<\/h2>\n<p>El cumplimiento de las leyes de tr\u00e1fico puede tener un impacto en un caso de lesiones, porque si se descubre que una persona no ha seguido la ley, puede afectar a su responsabilidad, la responsabilidad y la causa del accidente. Cuando la parte lesionada es parcialmente responsable de sus lesiones, puede resultar m\u00e1s dif\u00edcil llegar a un acuerdo en un caso y puede debilitar una reclamaci\u00f3n ante un jurado.<\/p>\n<p>Cuando se determina que una parte es responsable en un porcentaje o culpable en un caso, puede reducir su causa de acci\u00f3n y sus posibilidades de llegar a un acuerdo. Por ejemplo, si la culpa de un demandante es del 10% y la de la otra parte del 90%, el tribunal podr\u00eda reducir la indemnizaci\u00f3n compensatoria o el acuerdo del demandante en un 10%.<\/p>\n<h2>P\u00f3ngase en contacto con un abogado de Pueblo para obtener m\u00e1s informaci\u00f3n sobre las leyes de tr\u00e1fico para los ciclistas<\/h2>\n<p>Todos los ciclistas deben seguir la ley de tr\u00e1fico para los ciclistas en Pueblo, ya que pueden prevenir accidentes graves y el impacto de la responsabilidad en una demanda por lesiones. Si necesita ayuda para comprender esta normativa, no dude en ponerse en contacto con nuestro bufete. Para m\u00e1s informaci\u00f3n, llame hoy mismo.<\/p>\n","protected":false},"excerpt":{"rendered":"<p>Los ciclistas en Pueblo tienen el deber de obedecer todas las leyes de tr\u00e1fico como si estuvieran conduciendo un veh\u00edculo&nbsp;<a class=\"moretag\" href=\"https:\/\/springslawgroup.com\/es\/pueblo-abogado-de-lesiones-personales\/abogado-de-accidentes-de-bicicleta-de-pueblo\/leyes-de-trafico-para-ciclistas-en-pueblo\/\"> Read More&#8230;<\/a><\/p>\n","protected":false},"author":32,"featured_media":0,"parent":16978,"menu_order":0,"comment_status":"closed","ping_status":"closed","template":"landingpage.php","meta":{"_acf_changed":false,"inline_featured_image":false,"footnotes":""},"categories":[],"tags":[],"class_list":["post-16288","page","type-page","status-publish","hentry"],"acf":{"key_takeaways":null,"_litigation_personal_injury_contents_new":{"_litigation_personal_injury_title_new":"","_litigation_personal_injury_discription_new":"","_litigation_personal_injury_discription_new_copy":"","_litigation_video_url_new":"","add_button":false},"_header_sub_header_content_new":null,"_litigation_frequently_asked_questions_new":null,"lawsuit_updates":null,"_litigation_related_posts_relation":null,"acf-references":""},"_links":{"self":[{"href":"https:\/\/springslawgroup.com\/es\/wp-json\/wp\/v2\/pages\/16288","targetHints":{"allow":["GET"]}}],"collection":[{"href":"https:\/\/springslawgroup.com\/es\/wp-json\/wp\/v2\/pages"}],"about":[{"href":"https:\/\/springslawgroup.com\/es\/wp-json\/wp\/v2\/types\/page"}],"author":[{"embeddable":true,"href":"https:\/\/springslawgroup.com\/es\/wp-json\/wp\/v2\/users\/32"}],"replies":[{"embeddable":true,"href":"https:\/\/springslawgroup.com\/es\/wp-json\/wp\/v2\/comments?post=16288"}],"version-history":[{"count":2,"href":"https:\/\/springslawgroup.com\/es\/wp-json\/wp\/v2\/pages\/16288\/revisions"}],"predecessor-version":[{"id":18028,"href":"https:\/\/springslawgroup.com\/es\/wp-json\/wp\/v2\/pages\/16288\/revisions\/18028"}],"up":[{"embeddable":true,"href":"https:\/\/springslawgroup.com\/es\/wp-json\/wp\/v2\/pages\/16978"}],"wp:attachment":[{"href":"https:\/\/springslawgroup.com\/es\/wp-json\/wp\/v2\/media?parent=16288"}],"wp:term":[{"taxonomy":"category","embeddable":true,"href":"https:\/\/springslawgroup.com\/es\/wp-json\/wp\/v2\/categories?post=16288"},{"taxonomy":"post_tag","embeddable":true,"href":"https:\/\/springslawgroup.com\/es\/wp-json\/wp\/v2\/tags?post=16288"}],"curies":[{"name":"wp","href":"https:\/\/api.w.org\/{rel}","templated":true}]}}