{"id":16287,"date":"2020-08-03T15:24:10","date_gmt":"2020-08-03T22:24:10","guid":{"rendered":"https:\/\/springs.flywheelstaging.com\/abogado-de-accidente-de-atropello-y-fuga-en-fort-carson\/"},"modified":"2023-09-01T07:09:37","modified_gmt":"2023-09-01T14:09:37","slug":"abogado-de-accidente-de-atropello-y-fuga-en-fort-carson","status":"publish","type":"page","link":"https:\/\/springslawgroup.com\/es\/fort-carson-lesiones-personales\/fort-carson-abogado-de-accidente-de-coche\/abogado-de-accidente-de-atropello-y-fuga-en-fort-carson\/","title":{"rendered":"Abogado especializado en accidentes por choque y fuga"},"content":{"rendered":"<p>Si otro conductor choca contra usted y huye del lugar de los hechos, quiz\u00e1s le preocupe qu\u00e9 hacer a continuaci\u00f3n. En primer lugar, es importante tener en cuenta que huir de la escena de un accidente automovil\u00edstico es un delito, lo que significa que el proceso de b\u00fasqueda de una indemnizaci\u00f3n en este tipo de accidente puede ser un poco diferente. Por suerte, un abogado especializado en accidentes por choque y fuga de Fort Carson podr\u00eda ayudarle en el proceso legal para obtener una compensaci\u00f3n por sus lesiones. Nuestros h\u00e1biles <a href=\"https:\/\/springslawgroup.com\/es\/fort-carson-lesiones-personales\/fort-carson-abogado-de-accidente-de-coche\/\">abogados especializados en accidentes automovil\u00edsticos<\/a> comprenden los matices de estos casos y podr\u00edan hacerle frente a cualquier desaf\u00edo legal que pudiera surgir.<\/p>\n<h2>\u00bfQu\u00e9 debe hacer cuando un conductor negligente huye del lugar del accidente?<\/h2>\n<p>Los automovilistas deben permanecer en el lugar del accidente e informar a las autoridades, a menos que deban marcharse para buscar ayuda m\u00e9dica. La Secci\u00f3n de Gesti\u00f3n del Tr\u00e1fico e Investigaci\u00f3n de Choques de la Polic\u00eda y la Divisi\u00f3n Militar de Fort Carson investiga los accidentes que se producen en el Puesto. Pueden comunicarse con la polic\u00eda de Colorado Springs, del condado o del estado mediante la l\u00ednea 911 para los accidentes que se producen fuera del Puesto. Tras un accidente automovil\u00edstico en el que uno de los conductores huye, el otro conductor debe realizar lo siguiente:<\/p>\n<ul>\n<li>Llamar al 911 para avisar a la polic\u00eda y a la ambulancia. Para presentar una demanda al seguro, se necesita un informe policial, que puede ser una prueba en una acci\u00f3n civil contra el conductor que huye, mientras que una ambulancia puede proporcionar la atenci\u00f3n m\u00e9dica inicial.<\/li>\n<li>Limitarse a los hechos y no admitir la culpabilidad cuando hable con la polic\u00eda.<\/li>\n<li>Obtener atenci\u00f3n m\u00e9dica de un m\u00e9dico cualificado que pueda evaluar sus lesiones.<\/li>\n<li>Anotar cualquier informaci\u00f3n sobre el conductor que huye o su veh\u00edculo.<\/li>\n<li>Examinar la zona en busca de posibles testigos y pedirles informaci\u00f3n de contacto o que se queden a hablar con la polic\u00eda.<\/li>\n<li>Si es posible, tomar fotos de los da\u00f1os y del veh\u00edculo que huye.<\/li>\n<li>Llamar al agente de seguros para iniciar un reclamo.<\/li>\n<\/ul>\n<p>Uno de los <a href=\"https:\/\/springslawgroup.com\/es\/fort-carson-lesiones-personales\/fort-carson-abogado-de-accidente-de-coche\/pasos-a-seguir-despues-de-un-accidente-de-coche-en-fort-carson\/\">pasos<\/a> m\u00e1s importantes que alguien debe dar tras un accidente por choque y fuga es ponerse en contacto con un abogado local.<\/p>\n<h2>\u00bfQu\u00e9 opciones de recuperaci\u00f3n hay en un caso de accidente por choque y fuga?<\/h2>\n<p>La gente huye de los accidentes automovil\u00edsticos por muchas razones. Puede que no tengan un seguro adecuado o que est\u00e9n en estado de ebriedad. Independientemente de por qu\u00e9 un conductor abandon\u00f3 la escena de un accidente, alguien que se enfrenta a lesiones graves puede no estar seguro acerca de sus opciones para la recuperaci\u00f3n si la parte culpable sigue siendo inidentificable.<\/p>\n<p>Aqu\u00ed es donde un abogado especializado en accidentes por choque y fuga de Fort Carson podr\u00eda negociar con la compa\u00f1\u00eda de seguros del conductor lesionado o determinar si hay otras fuentes de compensaci\u00f3n disponibles. Por ejemplo, algunas de estas fuentes pueden ser la conducci\u00f3n a beneficio del empleador o la utilizaci\u00f3n de una p\u00f3liza de seguro por enfermedad para recibir atenci\u00f3n m\u00e9dica. Adem\u00e1s, los conductores deben considerar la posibilidad de contratar p\u00f3lizas de seguro de autom\u00f3vil opcionales cuando no puedan <a href=\"https:\/\/springslawgroup.com\/es\/fort-carson-lesiones-personales\/fort-carson-abogado-de-accidente-de-coche\/danos-recuperables-despues-de-un-accidente-de-coche-fort-carson\/\">recuperar los da\u00f1os econ\u00f3micos<\/a> de un conductor no identificado. Dos de las m\u00e1s \u00fatiles son la cobertura de motorista sin seguro o con seguro insuficiente y la cobertura Med Pay.<\/p>\n<h3>Cobertura de motorista sin seguro (UI) o con seguro insuficiente (UIM)<\/h3>\n<p>La cobertura UM\/UIM para motoristas paga las lesiones y da\u00f1os de los conductores lesionados por otros que no tienen seguro, tienen un seguro insuficiente o huyen del lugar del accidente. Todas las compa\u00f1\u00edas de seguros que operan en el Estado deben ofrecer esta cobertura.<\/p>\n<h3>Cobertura Med Pay<\/h3>\n<p>La cobertura Med Pay puede a\u00f1adirse a una p\u00f3liza de seguro de autom\u00f3vil para compensar los elevados deducibles y copagos habituales en las p\u00f3lizas de seguro m\u00e9dico. Los conductores pueden tener la opci\u00f3n de adquirir una cobertura de hasta 25.000 d\u00f3lares.<\/p>\n<h2>P\u00f3ngase en contacto con un abogado especializado en accidentes de choque y fuga de Fort Carson<\/h2>\n<p>Detener a la persona que caus\u00f3 su accidente por choque y fuga es solo el principio de lo que puede tener que afrontar cuando intente obtener la indemnizaci\u00f3n que necesita. Un abogado especializado en accidentes de choque y fuga de Fort Carson podr\u00eda afrontarlo con usted como defensor. Llame hoy y programe la consulta inicial de su caso.<\/p>\n","protected":false},"excerpt":{"rendered":"<p>Si otro conductor choca contra usted y huye del lugar de los hechos, quiz\u00e1s le preocupe qu\u00e9 hacer a continuaci\u00f3n.&nbsp;<a class=\"moretag\" href=\"https:\/\/springslawgroup.com\/es\/fort-carson-lesiones-personales\/fort-carson-abogado-de-accidente-de-coche\/abogado-de-accidente-de-atropello-y-fuga-en-fort-carson\/\"> Read More&#8230;<\/a><\/p>\n","protected":false},"author":32,"featured_media":0,"parent":16341,"menu_order":0,"comment_status":"closed","ping_status":"closed","template":"landingpage.php","meta":{"_acf_changed":false,"inline_featured_image":false,"footnotes":""},"categories":[],"tags":[],"class_list":["post-16287","page","type-page","status-publish","hentry"],"acf":{"key_takeaways":null,"_litigation_personal_injury_contents_new":{"_litigation_personal_injury_title_new":"","_litigation_personal_injury_discription_new":"","_litigation_personal_injury_discription_new_copy":"","_litigation_video_url_new":"","add_button":false},"_header_sub_header_content_new":null,"_litigation_frequently_asked_questions_new":null,"lawsuit_updates":null,"_litigation_related_posts_relation":null,"acf-references":""},"_links":{"self":[{"href":"https:\/\/springslawgroup.com\/es\/wp-json\/wp\/v2\/pages\/16287","targetHints":{"allow":["GET"]}}],"collection":[{"href":"https:\/\/springslawgroup.com\/es\/wp-json\/wp\/v2\/pages"}],"about":[{"href":"https:\/\/springslawgroup.com\/es\/wp-json\/wp\/v2\/types\/page"}],"author":[{"embeddable":true,"href":"https:\/\/springslawgroup.com\/es\/wp-json\/wp\/v2\/users\/32"}],"replies":[{"embeddable":true,"href":"https:\/\/springslawgroup.com\/es\/wp-json\/wp\/v2\/comments?post=16287"}],"version-history":[{"count":3,"href":"https:\/\/springslawgroup.com\/es\/wp-json\/wp\/v2\/pages\/16287\/revisions"}],"predecessor-version":[{"id":17227,"href":"https:\/\/springslawgroup.com\/es\/wp-json\/wp\/v2\/pages\/16287\/revisions\/17227"}],"up":[{"embeddable":true,"href":"https:\/\/springslawgroup.com\/es\/wp-json\/wp\/v2\/pages\/16341"}],"wp:attachment":[{"href":"https:\/\/springslawgroup.com\/es\/wp-json\/wp\/v2\/media?parent=16287"}],"wp:term":[{"taxonomy":"category","embeddable":true,"href":"https:\/\/springslawgroup.com\/es\/wp-json\/wp\/v2\/categories?post=16287"},{"taxonomy":"post_tag","embeddable":true,"href":"https:\/\/springslawgroup.com\/es\/wp-json\/wp\/v2\/tags?post=16287"}],"curies":[{"name":"wp","href":"https:\/\/api.w.org\/{rel}","templated":true}]}}