{"id":16285,"date":"2020-10-19T15:04:11","date_gmt":"2020-10-19T22:04:11","guid":{"rendered":"https:\/\/springs.flywheelstaging.com\/castle-rock-abogado-de-lesiones-catastroficas\/abogado-de-lesiones-por-paralisis-de-castle-rock\/"},"modified":"2023-09-01T07:10:13","modified_gmt":"2023-09-01T14:10:13","slug":"abogado-de-lesiones-por-paralisis-de-castle-rock","status":"publish","type":"page","link":"https:\/\/springslawgroup.com\/es\/castle-rock-lesiones-personales\/castle-rock-abogado-de-lesiones-catastroficas\/abogado-de-lesiones-por-paralisis-de-castle-rock\/","title":{"rendered":"Abogado especializado en lesiones por par\u00e1lisis catastr\u00f3fica de Castle Rock"},"content":{"rendered":"<p>Si un accidente reciente le caus\u00f3 par\u00e1lisis, es normal que se sienta abrumado por el giro repentino e irreversible que dio su vida. La par\u00e1lisis es uno de los resultados m\u00e1s debilitantes que puede causar un accidente. Adem\u00e1s, si ese resultado se produjo por la negligencia de otra persona, la situaci\u00f3n puede ser a\u00fan m\u00e1s devastadora.<\/p>\n<p>Afortunadamente, las personas que sufren par\u00e1lisis debido a la negligencia de otra persona tienen derecho a contratar a un <a href=\"https:\/\/springslawgroup.com\/es\/castle-rock-lesiones-personales\/castle-rock-abogado-de-lesiones-catastroficas\/\">abogado especializado en lesiones catastr\u00f3ficas<\/a> y presentar una demanda contra la parte responsable. Un abogado experto en lesiones por par\u00e1lisis de Castle Rock podr\u00eda ayudarle a maximizar la posible compensaci\u00f3n a la que puede tener derecho y trabajar duro para abogar por sus mejores intereses.<\/p>\n<h2>Accidentes en Castle Rock que pueden provocar par\u00e1lisis<\/h2>\n<p>Como ocurre con muchos otros tipos de lesiones personales, los <a href=\"https:\/\/springslawgroup.com\/es\/castle-rock-lesiones-personales\/castle-rock-abogado-de-accidente-de-coche\/\">accidentes de coche<\/a> son la causa m\u00e1s com\u00fan de par\u00e1lisis por accidente. Sin embargo, las lesiones que causan esta afecci\u00f3n tambi\u00e9n pueden derivarse de impactos relacionados con el deporte, <a href=\"https:\/\/springslawgroup.com\/es\/castle-rock-lesiones-personales\/castle-rock-resbalon-y-caida-abogado\/\">resbalones o tropiezos y ca\u00eddas<\/a>, accidentes en los que un veh\u00edculo de motor atropella a un <a href=\"https:\/\/springslawgroup.com\/es\/castle-rock-lesiones-personales\/castle-rock-abogado-de-accidente-de-bicicleta\/\">ciclista<\/a> o <a href=\"https:\/\/springslawgroup.com\/es\/castle-rock-lesiones-personales\/castle-rock-abogado-de-accidente-de-peatones\/\">peat\u00f3n<\/a> y, en determinadas situaciones, errores de m\u00e9dicos y quir\u00fargicos.<\/p>\n<p>Independientemente de lo que cause espec\u00edficamente una lesi\u00f3n paralizante, la norma para demostrar la responsabilidad civil suele ser la misma. Para demostrar una negligencia legal y obtener una indemnizaci\u00f3n, el demandante por par\u00e1lisis o su abogado de Castle Rock deben demostrar, en primer lugar, que el demandado incumpli\u00f3 la obligaci\u00f3n que ten\u00eda con el demandante de actuar como lo har\u00eda una persona razonable o de cumplir una norma espec\u00edfica de cuidado. Luego, deben demostrar que las acciones imprudentes o negligentes del demandado causaron directamente las p\u00e9rdidas indemnizables del demandante, sobre todo una lesi\u00f3n que le dej\u00f3 con una p\u00e9rdida de movilidad, sensibilidad o control motor.<\/p>\n<h2>Recuperaci\u00f3n por lesiones y p\u00e9rdidas a largo plazo<\/h2>\n<p>Aunque la par\u00e1lisis es, a veces, una afecci\u00f3n temporal que puede curarse parcial o totalmente con el tiempo, los da\u00f1os graves en el cuello o la <a href=\"https:\/\/springslawgroup.com\/es\/castle-rock-lesiones-personales\/castle-rock-abogado-de-lesiones-catastroficas\/abogado-de-lesiones-medulares-en-castle-rock\/\">columna vertebral<\/a> suelen causar una p\u00e9rdida permanente de sensibilidad y movilidad por debajo del punto de impacto. Seg\u00fan las circunstancias, esto puede dar lugar a paraplejia (par\u00e1lisis por debajo de la cintura) o tetraplejia (par\u00e1lisis por debajo del cuello). En ambos casos, la persona puede sufrir grandes p\u00e9rdidas f\u00edsicas, econ\u00f3micas y emocionales durante a\u00f1os.<\/p>\n<p>Por desgracia, la legislaci\u00f3n estatal impone un l\u00edmite a la indemnizaci\u00f3n por da\u00f1os no econ\u00f3micos, como el dolor f\u00edsico, la angustia emocional y la p\u00e9rdida de consorcio. Seg\u00fan la ley estatal, el l\u00edmite ajustado a la inflaci\u00f3n de la indemnizaci\u00f3n no econ\u00f3mica es de 584.210 d\u00f3lares para la mayor\u00eda de los casos. Sin embargo, dada la naturaleza severa y permanente de las lesiones por par\u00e1lisis, un abogado dedicado de Castle Rock podr\u00eda ayudarle a presentar la \u00abevidencia clara y convincente\u00bb para duplicar la cantidad de recuperaci\u00f3n permitida bajo este l\u00edmite.<\/p>\n<h2>Trabaje con un abogado especializado en lesiones por par\u00e1lisis de Castle Rock<\/h2>\n<p>Recibir un diagn\u00f3stico de par\u00e1lisis permanente tras un accidente grave es una experiencia \u00fanica, horrible y que cambia la vida de cualquiera. Por desgracia, la compensaci\u00f3n econ\u00f3mica no puede hacer mucho para compensarlo. Sin embargo, esta indemnizaci\u00f3n podr\u00eda garantizar que usted no sufra econ\u00f3micamente debido a las lesiones que le caus\u00f3 la negligencia de otra persona.<\/p>\n<p>Un abogado especializado en lesiones por par\u00e1lisis de Castle Rock podr\u00eda discutir las opciones legales con usted y trabajar incansablemente para asegurar un resultado positivo del caso en su nombre. Llame hoy y programe una consulta con uno de nuestros abogados dedicados.<\/p>\n","protected":false},"excerpt":{"rendered":"<p>Si un accidente reciente le caus\u00f3 par\u00e1lisis, es normal que se sienta abrumado por el giro repentino e irreversible que&nbsp;<a class=\"moretag\" href=\"https:\/\/springslawgroup.com\/es\/castle-rock-lesiones-personales\/castle-rock-abogado-de-lesiones-catastroficas\/abogado-de-lesiones-por-paralisis-de-castle-rock\/\"> Read More&#8230;<\/a><\/p>\n","protected":false},"author":32,"featured_media":0,"parent":16284,"menu_order":0,"comment_status":"closed","ping_status":"closed","template":"landingpage.php","meta":{"_acf_changed":false,"inline_featured_image":false,"footnotes":""},"categories":[],"tags":[],"class_list":["post-16285","page","type-page","status-publish","hentry"],"acf":{"key_takeaways":null,"_litigation_personal_injury_contents_new":{"_litigation_personal_injury_title_new":"","_litigation_personal_injury_discription_new":"","_litigation_personal_injury_discription_new_copy":"","_litigation_video_url_new":"","add_button":false},"_header_sub_header_content_new":null,"_litigation_frequently_asked_questions_new":null,"lawsuit_updates":null,"_litigation_related_posts_relation":null,"acf-references":""},"_links":{"self":[{"href":"https:\/\/springslawgroup.com\/es\/wp-json\/wp\/v2\/pages\/16285","targetHints":{"allow":["GET"]}}],"collection":[{"href":"https:\/\/springslawgroup.com\/es\/wp-json\/wp\/v2\/pages"}],"about":[{"href":"https:\/\/springslawgroup.com\/es\/wp-json\/wp\/v2\/types\/page"}],"author":[{"embeddable":true,"href":"https:\/\/springslawgroup.com\/es\/wp-json\/wp\/v2\/users\/32"}],"replies":[{"embeddable":true,"href":"https:\/\/springslawgroup.com\/es\/wp-json\/wp\/v2\/comments?post=16285"}],"version-history":[{"count":3,"href":"https:\/\/springslawgroup.com\/es\/wp-json\/wp\/v2\/pages\/16285\/revisions"}],"predecessor-version":[{"id":17217,"href":"https:\/\/springslawgroup.com\/es\/wp-json\/wp\/v2\/pages\/16285\/revisions\/17217"}],"up":[{"embeddable":true,"href":"https:\/\/springslawgroup.com\/es\/wp-json\/wp\/v2\/pages\/16284"}],"wp:attachment":[{"href":"https:\/\/springslawgroup.com\/es\/wp-json\/wp\/v2\/media?parent=16285"}],"wp:term":[{"taxonomy":"category","embeddable":true,"href":"https:\/\/springslawgroup.com\/es\/wp-json\/wp\/v2\/categories?post=16285"},{"taxonomy":"post_tag","embeddable":true,"href":"https:\/\/springslawgroup.com\/es\/wp-json\/wp\/v2\/tags?post=16285"}],"curies":[{"name":"wp","href":"https:\/\/api.w.org\/{rel}","templated":true}]}}