{"id":16284,"date":"2020-10-12T12:41:42","date_gmt":"2020-10-12T19:41:42","guid":{"rendered":"https:\/\/springs.flywheelstaging.com\/castle-rock-abogado-de-lesiones-catastroficas\/"},"modified":"2023-09-01T07:10:12","modified_gmt":"2023-09-01T14:10:12","slug":"castle-rock-abogado-de-lesiones-catastroficas","status":"publish","type":"page","link":"https:\/\/springslawgroup.com\/es\/castle-rock-lesiones-personales\/castle-rock-abogado-de-lesiones-catastroficas\/","title":{"rendered":"Abogado especializado en lesiones catastr\u00f3ficas de Castle Rock"},"content":{"rendered":"<p>Cualquier tipo de accidente que requiera que usted busque y pague la posterior atenci\u00f3n m\u00e9dica puede ser motivo de demanda civil si usted puede presentar un caso convincente de que la negligencia de otra persona fue directamente responsable de sus lesiones. Sin embargo, cuando un accidente provoca una lesi\u00f3n con secuelas para toda la vida, una indemnizaci\u00f3n t\u00edpica por gastos m\u00e9dicos y p\u00e9rdida de salario a corto plazo no es suficiente.<\/p>\n<p>Si usted experiment\u00f3 una lesi\u00f3n que altera su vida como resultado de las acciones imprudentes o negligentes de otra persona, debe buscar un abogado especializado en lesiones catastr\u00f3ficas de Castle Rock. Un <a href=\"https:\/\/springslawgroup.com\/es\/castle-rock-lesiones-personales\/\">dedicado abogado especializado en lesiones personales<\/a> con experiencia en litigios de este tipo podr\u00eda proporcionarle una ayuda esencial para obtener una indemnizaci\u00f3n tanto por las p\u00e9rdidas que ya sufri\u00f3 como por los problemas que pueda tener que afrontar en el futuro.<\/p>\n<h2>\u00bfQu\u00e9 tipo de lesiones se consideran \u00abcatastr\u00f3ficas\u00bb?<\/h2>\n<p>Aunque no existe una definici\u00f3n jur\u00eddica \u00fanica de lo que diferencia una lesi\u00f3n \u00abcatastr\u00f3fica\u00bb de una lesi\u00f3n t\u00edpica, en general, se refiere a una lesi\u00f3n que presenta s\u00edntomas y efectos secundarios a largo plazo, requiere una intervenci\u00f3n m\u00e9dica intensiva para estabilizarla y, en muchos casos, nunca se curar\u00e1 del todo. Algunas de las lesiones que suelen considerarse catastr\u00f3ficas son las siguientes:<\/p>\n<ul>\n<li>Lesi\u00f3n cerebral traum\u00e1tica<\/li>\n<li>Da\u00f1os graves en la m\u00e9dula espinal<\/li>\n<li>Cualquier lesi\u00f3n que provoque par\u00e1lisis<\/li>\n<li>Amputaci\u00f3n de extremidades<\/li>\n<li>Da\u00f1os graves en \u00f3rganos internos<\/li>\n<li>Quemaduras graves<\/li>\n<li>P\u00e9rdida de sensibilidad, incluso ceguera y sordera<\/li>\n<\/ul>\n<p>No hay ninguna diferencia procesal en la forma en que un demandante intenta probar la responsabilidad por una lesi\u00f3n catastr\u00f3fica frente a otra menos grave. La parte perjudicada debe demostrar, mediante una preponderancia de las pruebas disponibles, que el demandado incumpli\u00f3 su deber de diligencia y que dicho incumplimiento caus\u00f3 directamente los da\u00f1os del demandante. Estos casos pueden complicarse por el alcance de los da\u00f1os y perjuicios por los que un demandante puede solicitar una indemnizaci\u00f3n. Afortunadamente, un abogado de Castle Rock podr\u00eda ayudar a determinar cu\u00e1nto parte de la indemnizaci\u00f3n de una persona puede obtener sobre la base de su lesi\u00f3n catastr\u00f3fica.<\/p>\n<h2>Limitaci\u00f3n de da\u00f1os por siniestros catastr\u00f3ficos en Castle Rock<\/h2>\n<p>Dado que las lesiones catastr\u00f3ficas suelen ser permanentes, una demanda civil completa basada en una lesi\u00f3n de este tipo debe tener en cuenta tanto los da\u00f1os pasados como los futuros. Adem\u00e1s de las facturas m\u00e9dicas de emergencia, da\u00f1os a la propiedad y la p\u00e9rdida de ingresos de los turnos de trabajo no asistidos, un abogado especializado en lesiones catastr\u00f3ficas de Castle Rock podr\u00eda buscar la restituci\u00f3n de las p\u00e9rdidas a largo plazo, tales como las siguientes:<\/p>\n<ul>\n<li>Costos de cirug\u00edas y procedimientos de rehabilitaci\u00f3n, incluso la fisioterapia<\/li>\n<li>Gastos de modificaci\u00f3n de la vivienda<\/li>\n<li>Asistencia a domicilio para las necesidades diarias b\u00e1sicas<\/li>\n<li>P\u00e9rdida del disfrute de la vida<\/li>\n<li>P\u00e9rdida de capacidad de ganancia futura<\/li>\n<li>P\u00e9rdida del apoyo conyugal<\/li>\n<li>Dolor f\u00edsico cr\u00f3nico<\/li>\n<li>Angustia emocional y malestar psicol\u00f3gico<\/li>\n<\/ul>\n<p>Adem\u00e1s, un asesor jur\u00eddico cualificado puede conseguir una mayor indemnizaci\u00f3n por da\u00f1os no econ\u00f3micos relacionados con una lesi\u00f3n catastr\u00f3fica que por una lesi\u00f3n menos grave. La ley estatal establece un l\u00edmite m\u00e1ximo de 584.210 d\u00f3lares, ajustado a la inflaci\u00f3n, para los da\u00f1os no econ\u00f3micos en la mayor\u00eda de los casos, pero permite al demandante solicitar aproximadamente el doble de esa cantidad si puede demostrar mediante \u00abpruebas claras y convincentes\u00bb (por ejemplo, que su lesi\u00f3n durar\u00e1 el resto de su vida) que se justifica una ampliaci\u00f3n del l\u00edmite m\u00e1ximo de da\u00f1os.<\/p>\n<h2>Discute sobre opciones legales con un abogado especializado en lesiones catastr\u00f3ficas de Castle Rock<\/h2>\n<p>Interponer una demanda por una lesi\u00f3n catastr\u00f3fica puede ser una tarea especialmente complicada, no tanto por los procedimientos legales que implica, sino m\u00e1s bien por la escala y el valor inexacto de los da\u00f1os del demandante. Sin la representaci\u00f3n de un profesional jur\u00eddico con experiencia, puede resultarle dif\u00edcil conseguir la recuperaci\u00f3n que necesita tanto a corto como a largo plazo.<\/p>\n<p>Un abogado especializado en lesiones catastr\u00f3ficas de Castle Rock podr\u00eda responder a cualquier pregunta que tenga sobre sus opciones legales y sus da\u00f1os recuperables durante una consulta inicial. Llame hoy mismo y programe su consulta.<\/p>\n","protected":false},"excerpt":{"rendered":"<p>Cualquier tipo de accidente que requiera que usted busque y pague la posterior atenci\u00f3n m\u00e9dica puede ser motivo de demanda&nbsp;<a class=\"moretag\" href=\"https:\/\/springslawgroup.com\/es\/castle-rock-lesiones-personales\/castle-rock-abogado-de-lesiones-catastroficas\/\"> Read More&#8230;<\/a><\/p>\n","protected":false},"author":32,"featured_media":0,"parent":16335,"menu_order":0,"comment_status":"closed","ping_status":"closed","template":"landingpage.php","meta":{"_acf_changed":false,"inline_featured_image":false,"footnotes":""},"categories":[],"tags":[],"class_list":["post-16284","page","type-page","status-publish","hentry"],"acf":{"key_takeaways":null,"_litigation_personal_injury_contents_new":{"_litigation_personal_injury_title_new":"","_litigation_personal_injury_discription_new":"","_litigation_personal_injury_discription_new_copy":"","_litigation_video_url_new":"","add_button":false},"_header_sub_header_content_new":null,"_litigation_frequently_asked_questions_new":null,"lawsuit_updates":null,"_litigation_related_posts_relation":null,"acf-references":""},"_links":{"self":[{"href":"https:\/\/springslawgroup.com\/es\/wp-json\/wp\/v2\/pages\/16284","targetHints":{"allow":["GET"]}}],"collection":[{"href":"https:\/\/springslawgroup.com\/es\/wp-json\/wp\/v2\/pages"}],"about":[{"href":"https:\/\/springslawgroup.com\/es\/wp-json\/wp\/v2\/types\/page"}],"author":[{"embeddable":true,"href":"https:\/\/springslawgroup.com\/es\/wp-json\/wp\/v2\/users\/32"}],"replies":[{"embeddable":true,"href":"https:\/\/springslawgroup.com\/es\/wp-json\/wp\/v2\/comments?post=16284"}],"version-history":[{"count":3,"href":"https:\/\/springslawgroup.com\/es\/wp-json\/wp\/v2\/pages\/16284\/revisions"}],"predecessor-version":[{"id":17223,"href":"https:\/\/springslawgroup.com\/es\/wp-json\/wp\/v2\/pages\/16284\/revisions\/17223"}],"up":[{"embeddable":true,"href":"https:\/\/springslawgroup.com\/es\/wp-json\/wp\/v2\/pages\/16335"}],"wp:attachment":[{"href":"https:\/\/springslawgroup.com\/es\/wp-json\/wp\/v2\/media?parent=16284"}],"wp:term":[{"taxonomy":"category","embeddable":true,"href":"https:\/\/springslawgroup.com\/es\/wp-json\/wp\/v2\/categories?post=16284"},{"taxonomy":"post_tag","embeddable":true,"href":"https:\/\/springslawgroup.com\/es\/wp-json\/wp\/v2\/tags?post=16284"}],"curies":[{"name":"wp","href":"https:\/\/api.w.org\/{rel}","templated":true}]}}