{"id":16283,"date":"2020-10-26T13:16:35","date_gmt":"2020-10-26T20:16:35","guid":{"rendered":"https:\/\/springs.flywheelstaging.com\/colisiones-frontales-en-castle-rock\/"},"modified":"2023-09-01T07:10:09","modified_gmt":"2023-09-01T14:10:09","slug":"colisiones-frontales-en-castle-rock","status":"publish","type":"page","link":"https:\/\/springslawgroup.com\/es\/castle-rock-lesiones-personales\/castle-rock-abogado-de-accidente-de-coche\/colisiones-frontales-en-castle-rock\/","title":{"rendered":"Colisiones frontales en Castle Rock"},"content":{"rendered":"<p>Mientras que cualquier accidente de coche puede ser catastr\u00f3fico, las colisiones frontales en Castle Rock son sin duda algunos de los m\u00e1s mortales. La fuerza del impacto de la parte delantera de dos veh\u00edculos que colisionan suele provocar lesiones que cambian la vida de todos los ocupantes del veh\u00edculo.<\/p>\n<p>Afortunadamente, la ley estatal permite a las personas lesionadas en estos accidentes la oportunidad de reclamar una indemnizaci\u00f3n econ\u00f3mica a la parte responsable de sus da\u00f1os. Si ha sufrido da\u00f1os en un accidente frontal, puede que le convenga ponerse en contacto con un <a href=\"https:\/\/springslawgroup.com\/es\/castle-rock-lesiones-personales\/castle-rock-abogado-de-accidente-de-coche\/\">abogado local experto en accidentes de tr\u00e1fico<\/a> que pueda asesorarle sobre sus derechos legales.<\/p>\n<h2>\u00bfCu\u00e1les Son Las Causas Habituales De Los Accidentes Frontales?<\/h2>\n<p>Los choques frontales implican que dos veh\u00edculos que circulan en direcciones opuestas chocan entre s\u00ed. Algunas causas comunes de estas colisiones son conducir bajo los efectos del alcohol, conducir distra\u00eddo y con un clima peligroso, que es especialmente com\u00fan en Castle Rock debido a la acumulaci\u00f3n de nieve y hielo en las carreteras.<\/p>\n<p>Cuando la parte delantera de dos veh\u00edculos colisiona, las lesiones resultantes pueden ser catastr\u00f3ficas, incluidas las de cabeza y cuello, como el latigazo cervical y las conmociones cerebrales. Adem\u00e1s, en estos siniestros tambi\u00e9n son frecuentes las fracturas \u00f3seas, las laceraciones por cristales rotos e incluso la muerte.<\/p>\n<h2>\u00bfC\u00f3mo Se Asigna La Culpa En Los Accidentes Frontales?<\/h2>\n<p>Hay que analizar c\u00f3mo conduc\u00eda cada una de las partes del accidente local en la colisi\u00f3n frontal. Por ejemplo, si una de las partes conduc\u00eda y respetaba las normas de tr\u00e1fico, la parte culpable, la que choc\u00f3 contra ellos, ser\u00eda considerada responsable o culpable al 100%. Sin embargo, si hay una cuesti\u00f3n de culpa, entonces entrar\u00eda en juego la negligencia comparativa.<\/p>\n<h3>Negligencia Comparativa<\/h3>\n<p>Un factor que puede influir en la responsabilidad ser\u00eda si ambas partes fueron negligentes. Por ejemplo, si <a href=\"https:\/\/springslawgroup.com\/es\/castle-rock-lesiones-personales\/castle-rock-abogado-de-accidente-de-coche\/castle-rock-accidentes-de-coche-causados-por-mensajes-de-texto-y-la-conduccion\/\">un conductor estaba enviando mensajes de texto<\/a> y el otro conduc\u00eda demasiado r\u00e1pido para las condiciones meteorol\u00f3gicas, ambos podr\u00edan ser parcialmente culpables.<\/p>\n<p>Seg\u00fan la ley de culpa comparativa, la posible recompensa de un demandante se reducir\u00e1 en funci\u00f3n de su porcentaje de culpa. Por ejemplo, si la culpa del demandante es del 10% y la del demandado del 90%, la indemnizaci\u00f3n disponible se reducir\u00e1 en un 10%. Si ambas partes tuvieran la misma culpa en un accidente frontal, ninguna de ellas podr\u00eda ser indemnizada.<\/p>\n<h2>Beneficios De Un Abogado En Castle Rock<\/h2>\n<p>Dado que los accidentes frontales pueden ser particularmente debilitantes, es importante trabajar con un abogado en Castle Rock que podr\u00eda ayudar con la construcci\u00f3n de una fuerte demanda por da\u00f1os y perjuicios. Un buen abogado local podr\u00eda examinar las pruebas del caso, como fotos y el informe policial, para ver qu\u00e9 ocurri\u00f3. Si no hay un informe de la polic\u00eda, entonces el abogado puede ir a la escena del accidente y tambi\u00e9n ver los veh\u00edculos que fueron realmente da\u00f1ados como parte del accidente frontal.<\/p>\n<p>Adem\u00e1s, un abogado especializado podr\u00eda buscar y hablar con los testigos que pudieron ver el accidente para recopilar y preservar el testimonio de los testigos. Por otro lado, un profesional del derecho recopilar\u00eda y analizar\u00eda los gastos m\u00e9dicos y tratamientos que se hubieran producido hasta la fecha, as\u00ed como calcular\u00eda las p\u00e9rdidas y cuidados futuros.<\/p>\n<h2>Aprenda M\u00e1s Sobre Colisiones Frontales Con Un Abogado De Castle Rock<\/h2>\n<p>Lamentablemente, las colisiones frontales en Castle Rock son a menudo algunos de los accidentes de veh\u00edculos m\u00e1s devastadores y mortales. Si alguien tiene la suerte de sobrevivir a un accidente de este tipo, lo m\u00e1s probable es que sufra da\u00f1os graves. Por lo tanto, es muy aconsejable que trabajen con un equipo jur\u00eddico compasivo que pueda ayudarles a recuperar la compensaci\u00f3n econ\u00f3mica que merecen. Si usted o un ser querido se lesion\u00f3 en un choque frontal, llame a nuestra oficina hoy.<\/p>\n","protected":false},"excerpt":{"rendered":"<p>Mientras que cualquier accidente de coche puede ser catastr\u00f3fico, las colisiones frontales en Castle Rock son sin duda algunos de&nbsp;<a class=\"moretag\" href=\"https:\/\/springslawgroup.com\/es\/castle-rock-lesiones-personales\/castle-rock-abogado-de-accidente-de-coche\/colisiones-frontales-en-castle-rock\/\"> Read More&#8230;<\/a><\/p>\n","protected":false},"author":26,"featured_media":0,"parent":16332,"menu_order":0,"comment_status":"closed","ping_status":"closed","template":"landingpage.php","meta":{"_acf_changed":false,"inline_featured_image":false,"footnotes":""},"categories":[],"tags":[],"class_list":["post-16283","page","type-page","status-publish","hentry"],"acf":{"key_takeaways":null,"_litigation_personal_injury_contents_new":{"_litigation_personal_injury_title_new":"","_litigation_personal_injury_discription_new":"","_litigation_personal_injury_discription_new_copy":"","_litigation_video_url_new":"","add_button":false},"_header_sub_header_content_new":null,"_litigation_frequently_asked_questions_new":null,"lawsuit_updates":null,"_litigation_related_posts_relation":null,"acf-references":""},"_links":{"self":[{"href":"https:\/\/springslawgroup.com\/es\/wp-json\/wp\/v2\/pages\/16283","targetHints":{"allow":["GET"]}}],"collection":[{"href":"https:\/\/springslawgroup.com\/es\/wp-json\/wp\/v2\/pages"}],"about":[{"href":"https:\/\/springslawgroup.com\/es\/wp-json\/wp\/v2\/types\/page"}],"author":[{"embeddable":true,"href":"https:\/\/springslawgroup.com\/es\/wp-json\/wp\/v2\/users\/26"}],"replies":[{"embeddable":true,"href":"https:\/\/springslawgroup.com\/es\/wp-json\/wp\/v2\/comments?post=16283"}],"version-history":[{"count":1,"href":"https:\/\/springslawgroup.com\/es\/wp-json\/wp\/v2\/pages\/16283\/revisions"}],"predecessor-version":[{"id":16431,"href":"https:\/\/springslawgroup.com\/es\/wp-json\/wp\/v2\/pages\/16283\/revisions\/16431"}],"up":[{"embeddable":true,"href":"https:\/\/springslawgroup.com\/es\/wp-json\/wp\/v2\/pages\/16332"}],"wp:attachment":[{"href":"https:\/\/springslawgroup.com\/es\/wp-json\/wp\/v2\/media?parent=16283"}],"wp:term":[{"taxonomy":"category","embeddable":true,"href":"https:\/\/springslawgroup.com\/es\/wp-json\/wp\/v2\/categories?post=16283"},{"taxonomy":"post_tag","embeddable":true,"href":"https:\/\/springslawgroup.com\/es\/wp-json\/wp\/v2\/tags?post=16283"}],"curies":[{"name":"wp","href":"https:\/\/api.w.org\/{rel}","templated":true}]}}