{"id":16282,"date":"2020-10-13T13:10:35","date_gmt":"2020-10-13T20:10:35","guid":{"rendered":"https:\/\/springs.flywheelstaging.com\/abogado-de-lesiones-medulares-en-castle-rock\/"},"modified":"2023-09-01T07:10:12","modified_gmt":"2023-09-01T14:10:12","slug":"abogado-de-lesiones-medulares-en-castle-rock","status":"publish","type":"page","link":"https:\/\/springslawgroup.com\/es\/castle-rock-lesiones-personales\/castle-rock-abogado-de-lesiones-catastroficas\/abogado-de-lesiones-medulares-en-castle-rock\/","title":{"rendered":"Abogado especializado en lesiones medulares catastr\u00f3ficas de Castle Rock"},"content":{"rendered":"<p>Ya sea como consecuencia de un accidente automovil\u00edstico, una ca\u00edda repentina, mala praxis o cualquier otro tipo de accidente, sufrir da\u00f1os graves en la m\u00e9dula espinal es una de las peores lesiones personales que se pueden sufrir. Incluso en el mejor de los casos, este tipo de lesi\u00f3n podr\u00eda apartarle del trabajo durante varias semanas o meses y requerir una importante intervenci\u00f3n m\u00e9dica para estabilizarle. Adem\u00e1s, los da\u00f1os m\u00e1s graves pueden causar, y tr\u00e1gicamente a menudo lo hacen, par\u00e1lisis de por vida.<\/p>\n<p>Con la ayuda de un abogado especializado en lesiones medulares de Castle Rock, es posible lograr que la parte responsable de causar su accidente pague por el inmenso da\u00f1o que sufri\u00f3. La orientaci\u00f3n de un <a href=\"https:\/\/springslawgroup.com\/es\/castle-rock-lesiones-personales\/castle-rock-abogado-de-lesiones-catastroficas\/\">abogado experto en lesiones catastr\u00f3ficas<\/a> puede ser esencial para lograr un resultado positivo en esta variedad \u00fanica de reclamo por lesiones personales.<\/p>\n<h2>Posibles consecuencias de una lesi\u00f3n medular<\/h2>\n<p>Cuando las lesiones de espalda provocan una p\u00e9rdida permanente de la funci\u00f3n motora y de la sensibilidad, el lugar de la lesi\u00f3n es la m\u00e9dula espinal, una apretada red de nervios que atraviesa el centro de las v\u00e9rtebras y conecta el cerebro con el sistema nervioso que recorre el resto del cuerpo.<\/p>\n<p>Un impacto que solo magulla o desgarra ligeramente la m\u00e9dula espinal es una lesi\u00f3n incompleta, que a\u00fan puede causar par\u00e1lisis parcial, pero generalmente tiene un mejor pron\u00f3stico de recuperaci\u00f3n. Por el contrario, una lesi\u00f3n completa implica que la m\u00e9dula espinal est\u00e1 totalmente seccionada, caso en el que el da\u00f1o causado es permanente. Sin embargo, el grado de par\u00e1lisis que puede sufrir una persona debido a una lesi\u00f3n medular depende de la ubicaci\u00f3n de la lesi\u00f3n.<\/p>\n<p>Los da\u00f1os en la parte inferior de la m\u00e9dula espinal pueden paralizar solo las piernas y la pelvis, lo que se conoce como paraplejia. Si el da\u00f1o en la columna se produce m\u00e1s cerca del cuello, puede provocar par\u00e1lisis de ambas piernas, ambos brazos y todo el torso, lo que tambi\u00e9n se conoce como tetraplejia. Un abogado cualificado de Castle Rock podr\u00eda ayudarle a buscar una compensaci\u00f3n completa para cualquier tipo de lesi\u00f3n de la m\u00e9dula espinal que alguien sufra.<\/p>\n<h2>Estimaci\u00f3n de da\u00f1os a largo plazo dentro del plazo de prescripci\u00f3n<\/h2>\n<p>Los <a href=\"https:\/\/advance.lexis.com\/documentpage\/?pdmfid=1000516&amp;crid=7f791dbb-2cbe-47cf-9668-499ee48b425a&amp;config=014FJAAyNGJkY2Y4Zi1mNjgyLTRkN2YtYmE4OS03NTYzNzYzOTg0OGEKAFBvZENhdGFsb2d592qv2Kywlf8caKqYROP5&amp;pddocfullpath=%2Fshared%2Fdocument%2Fstatutes-legislation%2Furn%3AcontentItem%3A60X7-SN81-F57G-S41C-00008-00&amp;pdcontentcomponentid=234176&amp;pdteaserkey=sr0&amp;pditab=allpods&amp;ecomp=c5w_kkk&amp;earg=sr0&amp;prid=cfe0b9dd-034e-48da-9551-0bd402b7d45c\" target=\"_blank\" rel=\"noopener\">Estatutos Revisados de Colorado \u00a713-80-102<\/a> establecen un plazo de presentaci\u00f3n de dos a\u00f1os para cualquier tipo de demanda por lesiones personales, a menos que la lesi\u00f3n en cuesti\u00f3n se derive de un<a href=\"https:\/\/springslawgroup.com\/es\/castle-rock-lesiones-personales\/castle-rock-abogado-de-accidente-de-coche\/\"> accidente automovil\u00edstico<\/a>. En ese caso, el <a href=\"https:\/\/advance.lexis.com\/documentpage\/?pdmfid=1000516&amp;crid=b0696826-79b4-4de8-bc3b-9dfba82decab&amp;pdistocdocslideraccess=true&amp;config=014FJAAyNGJkY2Y4Zi1mNjgyLTRkN2YtYmE4OS03NTYzNzYzOTg0OGEKAFBvZENhdGFsb2d592qv2Kywlf8caKqYROP5&amp;pddocfullpath=%2Fshared%2Fdocument%2Fstatutes-legislation%2Furn%3AcontentItem%3A60X7-SN71-JC0G-637P-00008-00&amp;pdcomponentid=234177&amp;pdtocnodeidentifier=AANAAQAABAAB&amp;ecomp=w3_dkkk&amp;prid=7f791dbb-2cbe-47cf-9668-499ee48b425a\" target=\"_blank\" rel=\"noopener\">art\u00edculo \u00a713-80-101(n)<\/a> concede tres a\u00f1os para que un posible demandante presente la demanda. De todas formas, no es tiempo suficiente para que alguien con lesi\u00f3n medular identifique todas las p\u00e9rdidas que sufrir\u00e1 a consecuencia de su lesi\u00f3n de por vida.<\/p>\n<p>Por ello, un demandante que pretenda obtener una indemnizaci\u00f3n por da\u00f1os en la m\u00e9dula espinal debe tener en cuenta no solo los gastos y p\u00e9rdidas que ya sufri\u00f3 antes de presentar la demanda, sino tambi\u00e9n las p\u00e9rdidas econ\u00f3micas y no econ\u00f3micas que probablemente experimentar\u00e1 en el futuro. Un abogado experto de Castle Rock podr\u00eda proporcionar asistencia crucial con la construcci\u00f3n de una demanda de acuerdo a fondo o denuncia, as\u00ed como con la maximizaci\u00f3n de la recuperaci\u00f3n no econ\u00f3mica seg\u00fan el l\u00edmite de da\u00f1os que apliquen a los casos de lesiones de la m\u00e9dula espinal<\/p>\n<h2>Hable con un abogado especializado en lesiones medulares de Castle Rock<\/h2>\n<p>Hay pocos tipos de lesiones m\u00e1s debilitantes que las lesiones medulares. Si sufri\u00f3 este tipo de da\u00f1o catastr\u00f3fico por la negligencia de otra persona, es posible que le cueste entender por qu\u00e9 sucedi\u00f3 o qu\u00e9 debe hacer tras el accidente.<\/p>\n<p>Aunque la demanda civil no puede restaurarle f\u00edsicamente, podr\u00eda garantizarle una vida lo m\u00e1s c\u00f3moda y productiva posible sin tener que preocuparse por los costes financieros de su nueva condici\u00f3n. P\u00f3ngase en contacto hoy mismo con un abogado especializado en lesiones medulares de Castle Rock para ver qu\u00e9 se puede hacer seg\u00fan su situaci\u00f3n.<\/p>\n","protected":false},"excerpt":{"rendered":"<p>Ya sea como consecuencia de un accidente automovil\u00edstico, una ca\u00edda repentina, mala praxis o cualquier otro tipo de accidente, sufrir&nbsp;<a class=\"moretag\" href=\"https:\/\/springslawgroup.com\/es\/castle-rock-lesiones-personales\/castle-rock-abogado-de-lesiones-catastroficas\/abogado-de-lesiones-medulares-en-castle-rock\/\"> Read More&#8230;<\/a><\/p>\n","protected":false},"author":32,"featured_media":0,"parent":16284,"menu_order":0,"comment_status":"closed","ping_status":"closed","template":"landingpage.php","meta":{"_acf_changed":false,"inline_featured_image":false,"footnotes":""},"categories":[],"tags":[],"class_list":["post-16282","page","type-page","status-publish","hentry"],"acf":{"key_takeaways":null,"_litigation_personal_injury_contents_new":{"_litigation_personal_injury_title_new":"","_litigation_personal_injury_discription_new":"","_litigation_personal_injury_discription_new_copy":"","_litigation_video_url_new":"","add_button":false},"_header_sub_header_content_new":null,"_litigation_frequently_asked_questions_new":null,"lawsuit_updates":null,"_litigation_related_posts_relation":null,"acf-references":""},"_links":{"self":[{"href":"https:\/\/springslawgroup.com\/es\/wp-json\/wp\/v2\/pages\/16282","targetHints":{"allow":["GET"]}}],"collection":[{"href":"https:\/\/springslawgroup.com\/es\/wp-json\/wp\/v2\/pages"}],"about":[{"href":"https:\/\/springslawgroup.com\/es\/wp-json\/wp\/v2\/types\/page"}],"author":[{"embeddable":true,"href":"https:\/\/springslawgroup.com\/es\/wp-json\/wp\/v2\/users\/32"}],"replies":[{"embeddable":true,"href":"https:\/\/springslawgroup.com\/es\/wp-json\/wp\/v2\/comments?post=16282"}],"version-history":[{"count":2,"href":"https:\/\/springslawgroup.com\/es\/wp-json\/wp\/v2\/pages\/16282\/revisions"}],"predecessor-version":[{"id":17099,"href":"https:\/\/springslawgroup.com\/es\/wp-json\/wp\/v2\/pages\/16282\/revisions\/17099"}],"up":[{"embeddable":true,"href":"https:\/\/springslawgroup.com\/es\/wp-json\/wp\/v2\/pages\/16284"}],"wp:attachment":[{"href":"https:\/\/springslawgroup.com\/es\/wp-json\/wp\/v2\/media?parent=16282"}],"wp:term":[{"taxonomy":"category","embeddable":true,"href":"https:\/\/springslawgroup.com\/es\/wp-json\/wp\/v2\/categories?post=16282"},{"taxonomy":"post_tag","embeddable":true,"href":"https:\/\/springslawgroup.com\/es\/wp-json\/wp\/v2\/tags?post=16282"}],"curies":[{"name":"wp","href":"https:\/\/api.w.org\/{rel}","templated":true}]}}