{"id":16281,"date":"2020-10-29T12:49:25","date_gmt":"2020-10-29T19:49:25","guid":{"rendered":"https:\/\/springs.flywheelstaging.com\/colisiones-por-alcance-en-castle-rock\/"},"modified":"2023-09-01T07:10:09","modified_gmt":"2023-09-01T14:10:09","slug":"colisiones-por-alcance-en-castle-rock","status":"publish","type":"page","link":"https:\/\/springslawgroup.com\/es\/castle-rock-lesiones-personales\/castle-rock-abogado-de-accidente-de-coche\/colisiones-por-alcance-en-castle-rock\/","title":{"rendered":"Colisiones Por Alcance Trasero En Castle Rock"},"content":{"rendered":"<p>La mayor\u00eda de la gente puede asumir que ser chocado por detr\u00e1s es un accidente de veh\u00edculo relativamente menor. Sin embargo, las colisiones traseras en Castle Rock plantean tanto riesgo de da\u00f1o devastador como cualquier otro accidente de auto.<\/p>\n<p>Si usted o un ser querido fue golpeado por detr\u00e1s por un conductor negligente, usted podr\u00eda tener motivos para un recurso legal. Considere la posibilidad de trabajar con un <a href=\"https:\/\/springslawgroup.com\/es\/castle-rock-lesiones-personales\/castle-rock-abogado-de-accidente-de-coche\/\">abogado diligente deaccidentes de coche<\/a> de la zona en su b\u00fasqueda de la recuperaci\u00f3n financiera.<\/p>\n<h2>C\u00f3mo Entender Los Accidentes Por Alcance Trasero<\/h2>\n<p>El Estatuto Revisado de Colorado 42-4-1008, define los choques por alcance, estableciendo que el conductor de un veh\u00edculo no debe seguir a otro veh\u00edculo m\u00e1s de cerca de lo razonable. El conductor debe tener en cuenta la velocidad, el tr\u00e1fico y las condiciones de la carretera cuando conduce un veh\u00edculo.<\/p>\n<p>Los automovilistas pueden golpear la parte trasera de otro veh\u00edculo si circulan pegados a \u00e9l con exceso de velocidad, <a href=\"https:\/\/springslawgroup.com\/es\/castle-rock-lesiones-personales\/castle-rock-abogado-de-accidente-de-coche\/castle-rock-accidentes-de-coche-causados-por-mensajes-de-texto-y-la-conduccion\/\">conducci\u00f3n distra\u00edda<\/a>, conducci\u00f3n bajo los efectos del alcohol y el tr\u00e1fico. Generalmente, la culpa se atribuye al conductor que choc\u00f3 por detr\u00e1s al veh\u00edculo que le preced\u00eda debido a que existe una presunci\u00f3n de negligencia por parte de dicho automovilista.<\/p>\n<h2>Negligencia Comparativa<\/h2>\n<p>La mayor\u00eda de las veces, el conductor en Castle Rock que choc\u00f3 por detr\u00e1s se presume que es 100 por ciento culpable porque hay una presunci\u00f3n de negligencia. Sin embargo, si hubiera un problema o se cuestionara la responsabilidad, entonces entrar\u00eda en juego la negligencia comparativa. Esto requiere que un tribunal determine un porcentaje de culpa para cada parte implicada.<\/p>\n<p>La negligencia comparativa determina la responsabilidad de cada una de las partes en el accidente y ajusta la indemnizaci\u00f3n en funci\u00f3n de ese porcentaje. Adem\u00e1s, en Colorado, si una parte lesionada se encuentra que es 50 por ciento responsable o superior, entonces no pueden recibir ninguna compensaci\u00f3n por sus lesiones en virtud de la negligencia comparativa. Sin embargo, si la culpa de la colisi\u00f3n trasera es inferior al 50%, la indemnizaci\u00f3n disponible se reducir\u00e1 en funci\u00f3n de su porcentaje de culpa.<\/p>\n<h2>\u00bfC\u00f3mo Puede Ayudar Un Abogado Tras Un Accidente Por Colisi\u00f3n Trasera?<\/h2>\n<p>Un abogado experimentado de la zona podr\u00eda revisar el atestado policial, hablar con el perjudicado y ponerse en contacto con cualquier testigo para elaborar una demanda que establezca la responsabilidad del demandado. Un abogado de Castle Rock bien practicado tambi\u00e9n podr\u00eda mirar las fotos y visitar la escena del accidente por detr\u00e1s si se disputa la responsabilidad.<\/p>\n<p>Es importante ponerse en contacto con un abogado inmediatamente despu\u00e9s de un accidente para que le ayude a entender el proceso y saber c\u00f3mo proceder con el tratamiento m\u00e9dico. Adem\u00e1s, bas\u00e1ndose en la conversaci\u00f3n con la parte perjudicada, un abogado podr\u00eda investigar eficazmente la responsabilidad en caso de que se cuestione.<\/p>\n<p>Por otro lado, resultar herido en una colisi\u00f3n de veh\u00edculos tambi\u00e9n puede tener un impacto emocional. Es importante trabajar con un profesional del derecho compasivo que comprenda la carga mental que puede suponer un siniestro y le ayude a sentirse aliviado.<\/p>\n<h2>P\u00f3ngase En Contacto Con Un Abogado De Castle Rock Despu\u00e9s De Una Colisi\u00f3n Trasera<\/h2>\n<p>Un choque por alcance trasero puede causar graves da\u00f1os f\u00edsicos a un veh\u00edculo, as\u00ed como graves lesiones f\u00edsicas a sus ocupantes. Los conductores y pasajeros pueden sufrir conmociones cerebrales, latigazos cervicales y fracturas \u00f3seas. Si usted estuvo involucrado en una colisi\u00f3n trasera en Castle Rock, es muy recomendable que busque orientaci\u00f3n legal de un abogado con experiencia en la zona. Un abogado experto puede ayudarle a obtener compensaci\u00f3n econ\u00f3mica por estas y otras p\u00e9rdidas. Llame a nuestra oficina hoy para comenzar con su caso.<\/p>\n","protected":false},"excerpt":{"rendered":"<p>La mayor\u00eda de la gente puede asumir que ser chocado por detr\u00e1s es un accidente de veh\u00edculo relativamente menor. Sin&nbsp;<a class=\"moretag\" href=\"https:\/\/springslawgroup.com\/es\/castle-rock-lesiones-personales\/castle-rock-abogado-de-accidente-de-coche\/colisiones-por-alcance-en-castle-rock\/\"> Read More&#8230;<\/a><\/p>\n","protected":false},"author":26,"featured_media":0,"parent":16332,"menu_order":0,"comment_status":"closed","ping_status":"closed","template":"landingpage.php","meta":{"_acf_changed":false,"inline_featured_image":false,"footnotes":""},"categories":[],"tags":[],"class_list":["post-16281","page","type-page","status-publish","hentry"],"acf":{"key_takeaways":null,"_litigation_personal_injury_contents_new":{"_litigation_personal_injury_title_new":"","_litigation_personal_injury_discription_new":"","_litigation_personal_injury_discription_new_copy":"","_litigation_video_url_new":"","add_button":false},"_header_sub_header_content_new":null,"_litigation_frequently_asked_questions_new":null,"lawsuit_updates":null,"_litigation_related_posts_relation":null,"acf-references":""},"_links":{"self":[{"href":"https:\/\/springslawgroup.com\/es\/wp-json\/wp\/v2\/pages\/16281","targetHints":{"allow":["GET"]}}],"collection":[{"href":"https:\/\/springslawgroup.com\/es\/wp-json\/wp\/v2\/pages"}],"about":[{"href":"https:\/\/springslawgroup.com\/es\/wp-json\/wp\/v2\/types\/page"}],"author":[{"embeddable":true,"href":"https:\/\/springslawgroup.com\/es\/wp-json\/wp\/v2\/users\/26"}],"replies":[{"embeddable":true,"href":"https:\/\/springslawgroup.com\/es\/wp-json\/wp\/v2\/comments?post=16281"}],"version-history":[{"count":1,"href":"https:\/\/springslawgroup.com\/es\/wp-json\/wp\/v2\/pages\/16281\/revisions"}],"predecessor-version":[{"id":16432,"href":"https:\/\/springslawgroup.com\/es\/wp-json\/wp\/v2\/pages\/16281\/revisions\/16432"}],"up":[{"embeddable":true,"href":"https:\/\/springslawgroup.com\/es\/wp-json\/wp\/v2\/pages\/16332"}],"wp:attachment":[{"href":"https:\/\/springslawgroup.com\/es\/wp-json\/wp\/v2\/media?parent=16281"}],"wp:term":[{"taxonomy":"category","embeddable":true,"href":"https:\/\/springslawgroup.com\/es\/wp-json\/wp\/v2\/categories?post=16281"},{"taxonomy":"post_tag","embeddable":true,"href":"https:\/\/springslawgroup.com\/es\/wp-json\/wp\/v2\/tags?post=16281"}],"curies":[{"name":"wp","href":"https:\/\/api.w.org\/{rel}","templated":true}]}}