{"id":16280,"date":"2020-10-14T12:55:32","date_gmt":"2020-10-14T19:55:32","guid":{"rendered":"https:\/\/springs.flywheelstaging.com\/abogado-de-lesiones-cerebrales-traumaticas-de-castle-rock\/"},"modified":"2023-09-01T07:10:12","modified_gmt":"2023-09-01T14:10:12","slug":"abogado-de-lesiones-cerebrales-traumaticas-de-castle-rock","status":"publish","type":"page","link":"https:\/\/springslawgroup.com\/es\/castle-rock-lesiones-personales\/castle-rock-abogado-de-lesiones-catastroficas\/abogado-de-lesiones-cerebrales-traumaticas-de-castle-rock\/","title":{"rendered":"Abogado especializado en lesiones cerebrales traum\u00e1ticas catastr\u00f3ficas de Castle Rock"},"content":{"rendered":"<p>Las lesiones cerebrales traum\u00e1ticas suelen ser enga\u00f1osas, ya que usted puede sentirse bien inmediatamente despu\u00e9s del accidente y no notar ning\u00fan s\u00edntoma significativo durante d\u00edas o incluso semanas. Sin embargo, cualquier impacto repentino en el cr\u00e1neo, la cara o el cuello deber\u00eda ser motivo suficiente para buscar atenci\u00f3n m\u00e9dica profesional, ya que las consecuencias de no hacerlo podr\u00edan ser catastr\u00f3ficas.<\/p>\n<p>Una vez que su estado m\u00e9dico se estabilice, un abogado especializado en lesiones cerebrales traum\u00e1ticas de Castle Rock podr\u00eda ayudarle a reunir pruebas de negligencia y construir un caso de indemnizaci\u00f3n contra la persona o entidad que caus\u00f3 su accidente. Adem\u00e1s de buscar la restituci\u00f3n de las p\u00e9rdidas a corto plazo, un <a href=\"https:\/\/springslawgroup.com\/es\/castle-rock-lesiones-personales\/castle-rock-abogado-de-lesiones-catastroficas\/\">abogado especializado en lesiones catastr\u00f3ficas<\/a> podr\u00eda trabajar para asegurar que su acuerdo o indemnizaci\u00f3n por da\u00f1os y perjuicios cubra las p\u00e9rdidas en las que pueda incurrir en el futuro como resultado de la lesi\u00f3n que le cambi\u00f3 la vida.<\/p>\n<h2>Determinaci\u00f3n de la responsabilidad en un caso de lesi\u00f3n cerebral traum\u00e1tica en Castle Rock<\/h2>\n<p>Aunque cualquier tipo de accidente puede provocar un traumatismo craneoencef\u00e1lico (TCE), suelen asociarse a <a href=\"https:\/\/springslawgroup.com\/es\/castle-rock-lesiones-personales\/castle-rock-abogado-de-accidente-de-coche\/\">accidentes automovil\u00edsticos<\/a>, <a href=\"https:\/\/springslawgroup.com\/es\/castle-rock-lesiones-personales\/castle-rock-resbalon-y-caida-abogado\/\">resbalones y tropiezos<\/a>, choques durante competiciones deportivas y ciertos tipos de reclamos por responsabilidad del local por productos defectuosos. Sin embargo, en el contexto de una demanda civil, no son tan importantes las circunstancias concretas que causaron una LCT, sino qui\u00e9n la caus\u00f3. Un abogado experto podr\u00eda ayudar a determinar qu\u00e9 acci\u00f3n imprudente o negligente en violaci\u00f3n de un deber de cuidado fue la causa directa de la lesi\u00f3n y las p\u00e9rdidas subsiguientes de un demandante.<\/p>\n<p>Un demandante que pueda demostrar la negligencia de un demandado debe ser capaz de responsabilizar a esa persona o entidad del pago de sus gastos financieros y p\u00e9rdidas personales relacionadas con las lesiones. Adem\u00e1s, puede ser crucial para un demandante demostrar que no tuvo la culpa de su lesi\u00f3n en ning\u00fan grado.<\/p>\n<p>Si un tribunal considera que un demandante es parcialmente culpable de sus propios da\u00f1os, un juez puede reducir proporcionalmente la indemnizaci\u00f3n final por da\u00f1os y perjuicios de un demandante o prohibirle totalmente el cobro en funci\u00f3n del porcentaje de culpa que tenga. En consecuencia, uno de los papeles m\u00e1s importantes de un abogado de Castle Rock en un caso de <a href=\"https:\/\/springslawgroup.com\/es\/hypoxic-vs-anoxic-brain-injuries-2\/\">lesi\u00f3n cerebral traum\u00e1tica<\/a> es probar la culpa del acusado, mientras que tambi\u00e9n impugna las alegaciones de culpa comparativa por un demandante.<\/p>\n<h2>La importancia de solicitar indemnizaci\u00f3n por p\u00e9rdidas Ffuturas<\/h2>\n<p>Suponiendo que no haya problemas en determinar qui\u00e9n es legalmente culpable del accidente en cuesti\u00f3n, recuperar una indemnizaci\u00f3n completa por una lesi\u00f3n cerebral traum\u00e1tica sigue siendo una perspectiva complicada. Los da\u00f1os cerebrales graves pueden provocar da\u00f1os cognitivos y psicol\u00f3gicos que pueden durar el resto de la vida del demandante, por no hablar de los cuantiosos gastos en cuidados de rehabilitaci\u00f3n y, posiblemente, en asistencia a domicilio para las tareas cotidianas. Por ello, es importante calcular e incluir no solo las p\u00e9rdidas financieras actuales, sino tambi\u00e9n las futuras. La asistencia de un abogado experimentado en LCT de Castle Rock es, a menudo, esencial cuando se trata de maximizar la recuperaci\u00f3n civil por da\u00f1os pasados y futuros en una situaci\u00f3n como esta.<\/p>\n<h2>Hable hoy mismo con un abogado especializado en lesiones cerebrales traum\u00e1ticas de Castle Rock<\/h2>\n<p>Sufrir un traumatismo craneoencef\u00e1lico puede cambiar la vida de muchas maneras. Aunque su lesi\u00f3n se cure con el tiempo, es posible que deba enfrentar nuevas deudas m\u00e9dicas y a la p\u00e9rdida de ingresos laborales como consecuencia del proceso de recuperaci\u00f3n. Adem\u00e1s, las lesiones con efectos m\u00e1s permanentes pueden alterar por completo su futuro personal y profesional.<\/p>\n<p>Afortunadamente, un <a href=\"https:\/\/springslawgroup.com\/es\/\">abogado especializado en lesiones cerebrales traum\u00e1ticas en Castle Rock<\/a> est\u00e1 disponible para ayudarle a tomar acciones legales contra la persona responsable de su accidente y buscar una indemnizaci\u00f3n civil completa. Para obtener m\u00e1s informaci\u00f3n sobre sus opciones legales, llame hoy mismo.<\/p>\n","protected":false},"excerpt":{"rendered":"<p>Las lesiones cerebrales traum\u00e1ticas suelen ser enga\u00f1osas, ya que usted puede sentirse bien inmediatamente despu\u00e9s del accidente y no notar&nbsp;<a class=\"moretag\" href=\"https:\/\/springslawgroup.com\/es\/castle-rock-lesiones-personales\/castle-rock-abogado-de-lesiones-catastroficas\/abogado-de-lesiones-cerebrales-traumaticas-de-castle-rock\/\"> Read More&#8230;<\/a><\/p>\n","protected":false},"author":32,"featured_media":0,"parent":16284,"menu_order":0,"comment_status":"closed","ping_status":"closed","template":"landingpage.php","meta":{"_acf_changed":false,"inline_featured_image":false,"footnotes":""},"categories":[],"tags":[],"class_list":["post-16280","page","type-page","status-publish","hentry"],"acf":{"key_takeaways":null,"_litigation_personal_injury_contents_new":{"_litigation_personal_injury_title_new":"","_litigation_personal_injury_discription_new":"","_litigation_personal_injury_discription_new_copy":"","_litigation_video_url_new":"","add_button":false},"_header_sub_header_content_new":null,"_litigation_frequently_asked_questions_new":null,"lawsuit_updates":null,"_litigation_related_posts_relation":null,"acf-references":""},"_links":{"self":[{"href":"https:\/\/springslawgroup.com\/es\/wp-json\/wp\/v2\/pages\/16280","targetHints":{"allow":["GET"]}}],"collection":[{"href":"https:\/\/springslawgroup.com\/es\/wp-json\/wp\/v2\/pages"}],"about":[{"href":"https:\/\/springslawgroup.com\/es\/wp-json\/wp\/v2\/types\/page"}],"author":[{"embeddable":true,"href":"https:\/\/springslawgroup.com\/es\/wp-json\/wp\/v2\/users\/32"}],"replies":[{"embeddable":true,"href":"https:\/\/springslawgroup.com\/es\/wp-json\/wp\/v2\/comments?post=16280"}],"version-history":[{"count":3,"href":"https:\/\/springslawgroup.com\/es\/wp-json\/wp\/v2\/pages\/16280\/revisions"}],"predecessor-version":[{"id":17719,"href":"https:\/\/springslawgroup.com\/es\/wp-json\/wp\/v2\/pages\/16280\/revisions\/17719"}],"up":[{"embeddable":true,"href":"https:\/\/springslawgroup.com\/es\/wp-json\/wp\/v2\/pages\/16284"}],"wp:attachment":[{"href":"https:\/\/springslawgroup.com\/es\/wp-json\/wp\/v2\/media?parent=16280"}],"wp:term":[{"taxonomy":"category","embeddable":true,"href":"https:\/\/springslawgroup.com\/es\/wp-json\/wp\/v2\/categories?post=16280"},{"taxonomy":"post_tag","embeddable":true,"href":"https:\/\/springslawgroup.com\/es\/wp-json\/wp\/v2\/tags?post=16280"}],"curies":[{"name":"wp","href":"https:\/\/api.w.org\/{rel}","templated":true}]}}