{"id":16279,"date":"2020-12-23T13:59:45","date_gmt":"2020-12-23T20:59:45","guid":{"rendered":"https:\/\/springs.flywheelstaging.com\/castle-rock-abogado-de-lesiones-infantiles\/"},"modified":"2023-09-01T07:10:15","modified_gmt":"2023-09-01T14:10:15","slug":"castle-rock-abogado-de-lesiones-infantiles","status":"publish","type":"page","link":"https:\/\/springslawgroup.com\/es\/castle-rock-lesiones-personales\/castle-rock-abogado-de-lesiones-infantiles\/","title":{"rendered":"Abogados especializados en lesiones infantiles de Castle Rock"},"content":{"rendered":"<p>Cuando un ni\u00f1o sufre lesiones corporales debido a la negligencia ajena, puede ser una gran carga financiera y emocional para una familia. En casos como este, los padres del menor podr\u00edan presentar una demanda civil por lesiones en su nombre para recuperar los da\u00f1os y perjuicios por las p\u00e9rdidas sufridas con la orientaci\u00f3n de un <a href=\"https:\/\/springslawgroup.com\/es\/castle-rock-lesiones-personales\/\">abogado experto en lesiones<\/a>.<\/p>\n<p>Si usted o un ser querido tiene un hijo que se lesion\u00f3 recientemente en un accidente por negligencia ajena, es posible que tenga una demanda legal viable que interponer contra la parte culpable responsable de causar el accidente. Con la ayuda de un abogado experto en lesiones infantiles de Castle Rock, usted podr\u00eda tratar de obtener una compensaci\u00f3n econ\u00f3mica suficiente para indemnizar adecuadamente a su hijo por sus lesiones.<\/p>\n<h2>\u00bfCu\u00e1ndo la lesi\u00f3n de un menor es motivo de una demanda civil?<\/h2>\n<p>Hay varios tipos de lesiones accidentales que suelen sufrir los ni\u00f1os y que podr\u00edan ser motivo para presentar una demanda por lesiones personales. Algunos ejemplos de lesiones que podr\u00edan dar lugar a una indemnizaci\u00f3n civil son los siguientes:<\/p>\n<ul>\n<li>Lesiones musculares (por ejemplo, rotura de tejido muscular o de ligamentos)<\/li>\n<li>Da\u00f1o emocional (por ejemplo, angustia emocional, trauma psicol\u00f3gico, angustia mental, etc.)<\/li>\n<li>Fracturas y esguinces<\/li>\n<li><a href=\"https:\/\/springslawgroup.com\/es\/castle-rock-lesiones-personales\/castle-rock-abogado-de-lesiones-catastroficas\/abogado-de-lesiones-cerebrales-traumaticas-de-castle-rock\/\">Traumatismos craneoencef\u00e1licos<\/a> (por ejemplo, conmociones cerebrales graves, traumatismos craneoencef\u00e1licos, etc.)<\/li>\n<li><a href=\"https:\/\/springslawgroup.com\/es\/castle-rock-lesiones-personales\/castle-rock-abogado-de-lesiones-catastroficas\/abogado-de-lesiones-medulares-en-castle-rock\/\">Lesiones de espalda<\/a> (por ejemplo, <a href=\"https:\/\/springslawgroup.com\/es\/castle-rock-lesiones-personales\/castle-rock-abogado-de-lesiones-catastroficas\/abogado-de-lesiones-por-paralisis-de-castle-rock\/\">par\u00e1lisis<\/a>, lesiones medulares, hernias discales, etc.)<\/li>\n<li>Lesiones cervicales (por ejemplo, latigazo cervical)<\/li>\n<li>Lesiones internas (por ejemplo, hemorragia interna, da\u00f1os graves en \u00f3rganos, etc.)<\/li>\n<\/ul>\n<p>Independientemente de qu\u00e9 tan leves o graves puedan ser las lesiones de un ni\u00f1o, la parte negligente responsable de causar el accidente en el que result\u00f3 perjudicado puede responsabilizarse de los da\u00f1os resultantes. Con la ayuda de un abogado cualificado de Castle Rock con experiencia en casos de lesiones infantiles, los padres de un ni\u00f1o lesionado por negligencia podr\u00edan presentar una demanda efectiva en nombre del menor.<\/p>\n<h2>Tipos de demandas por lesiones que afectan a infantes<\/h2>\n<p>Los casos de lesiones personales infantiles suelen surgir a ra\u00edz de uno de varios tipos de accidentes. Algunos de los casos m\u00e1s comunes de lesiones que afectan a ni\u00f1os son los siguientes:<\/p>\n<ul>\n<li>Responsabilidad por productos defectuosos<\/li>\n<li><a href=\"https:\/\/springslawgroup.com\/es\/castle-rock-lesiones-personales\/castle-rock-abogado-de-responsabilidad-de-locales\/\">Responsabilidad del local<\/a> y molestias atractivas<\/li>\n<li>Accidentes en piscinas y ahogamientos<\/li>\n<li><a href=\"https:\/\/springslawgroup.com\/es\/castle-rock-lesiones-personales\/castle-rock-abogado-de-accidente-de-coche\/\">Choques de autom\u00f3viles<\/a><\/li>\n<li>Accidentes relacionados con la negligencia del cuidador de ni\u00f1os<\/li>\n<li>Impacto accidental con objeto o superficie<\/li>\n<li>Mordeduras de perro<\/li>\n<\/ul>\n<p>Seg\u00fan el tipo de accidente en el que se lesione un ni\u00f1o, puede haber m\u00e1s de una parte culpable a la que un tribunal responsabilice de los da\u00f1os monetarios derivados del da\u00f1o del menor. Un abogado experto en lesiones infantiles de la zona podr\u00eda revisar los hechos de un caso para identificar a todas las partes culpables de las que un ni\u00f1o lesionado y su familia pueden tratar de recuperar una compensaci\u00f3n econ\u00f3mica.<\/p>\n<h2>P\u00f3ngase en contacto con un abogado especializado en lesiones infantiles de Castle Rock hoy<\/h2>\n<p>En los casos de lesiones personales en los que un ni\u00f1o sufre lesiones graves en un accidente derivado de la negligencia ajena, los da\u00f1os sufridos por la familia del ni\u00f1o pueden tener un impacto devastador en sus vidas. Afortunadamente, los padres de un ni\u00f1o lesionado pueden presentar una demanda civil por lesiones en su nombre para reclamar una indemnizaci\u00f3n.<\/p>\n<p>Si su hijo se vio implicado recientemente en un accidente debido a la actuaci\u00f3n o conducta negligente de otra persona y sufri\u00f3 lesiones corporales graves como consecuencia de ello, es posible que le corresponda una indemnizaci\u00f3n econ\u00f3mica por sus p\u00e9rdidas. Para obtener m\u00e1s informaci\u00f3n sobre lo que se podr\u00eda hacer por su caso, llame hoy mismo a un abogado experto en lesiones infantiles de Castle Rock.<\/p>\n","protected":false},"excerpt":{"rendered":"<p>Cuando un ni\u00f1o sufre lesiones corporales debido a la negligencia ajena, puede ser una gran carga financiera y emocional para&nbsp;<a class=\"moretag\" href=\"https:\/\/springslawgroup.com\/es\/castle-rock-lesiones-personales\/castle-rock-abogado-de-lesiones-infantiles\/\"> Read More&#8230;<\/a><\/p>\n","protected":false},"author":32,"featured_media":0,"parent":16335,"menu_order":0,"comment_status":"closed","ping_status":"closed","template":"landingpage.php","meta":{"_acf_changed":false,"inline_featured_image":false,"footnotes":""},"categories":[],"tags":[],"class_list":["post-16279","page","type-page","status-publish","hentry"],"acf":{"key_takeaways":null,"_litigation_personal_injury_contents_new":{"_litigation_personal_injury_title_new":"","_litigation_personal_injury_discription_new":"","_litigation_personal_injury_discription_new_copy":"","_litigation_video_url_new":"","add_button":false},"_header_sub_header_content_new":null,"_litigation_frequently_asked_questions_new":null,"lawsuit_updates":null,"_litigation_related_posts_relation":null,"acf-references":""},"_links":{"self":[{"href":"https:\/\/springslawgroup.com\/es\/wp-json\/wp\/v2\/pages\/16279","targetHints":{"allow":["GET"]}}],"collection":[{"href":"https:\/\/springslawgroup.com\/es\/wp-json\/wp\/v2\/pages"}],"about":[{"href":"https:\/\/springslawgroup.com\/es\/wp-json\/wp\/v2\/types\/page"}],"author":[{"embeddable":true,"href":"https:\/\/springslawgroup.com\/es\/wp-json\/wp\/v2\/users\/32"}],"replies":[{"embeddable":true,"href":"https:\/\/springslawgroup.com\/es\/wp-json\/wp\/v2\/comments?post=16279"}],"version-history":[{"count":3,"href":"https:\/\/springslawgroup.com\/es\/wp-json\/wp\/v2\/pages\/16279\/revisions"}],"predecessor-version":[{"id":17214,"href":"https:\/\/springslawgroup.com\/es\/wp-json\/wp\/v2\/pages\/16279\/revisions\/17214"}],"up":[{"embeddable":true,"href":"https:\/\/springslawgroup.com\/es\/wp-json\/wp\/v2\/pages\/16335"}],"wp:attachment":[{"href":"https:\/\/springslawgroup.com\/es\/wp-json\/wp\/v2\/media?parent=16279"}],"wp:term":[{"taxonomy":"category","embeddable":true,"href":"https:\/\/springslawgroup.com\/es\/wp-json\/wp\/v2\/categories?post=16279"},{"taxonomy":"post_tag","embeddable":true,"href":"https:\/\/springslawgroup.com\/es\/wp-json\/wp\/v2\/tags?post=16279"}],"curies":[{"name":"wp","href":"https:\/\/api.w.org\/{rel}","templated":true}]}}