{"id":16278,"date":"2020-10-15T14:05:22","date_gmt":"2020-10-15T21:05:22","guid":{"rendered":"https:\/\/springs.flywheelstaging.com\/castle-rock-abogado-de-lesiones-por-quemaduras\/"},"modified":"2023-09-01T07:10:13","modified_gmt":"2023-09-01T14:10:13","slug":"castle-rock-abogado-de-lesiones-por-quemaduras","status":"publish","type":"page","link":"https:\/\/springslawgroup.com\/es\/castle-rock-lesiones-personales\/castle-rock-abogado-de-lesiones-catastroficas\/castle-rock-abogado-de-lesiones-por-quemaduras\/","title":{"rendered":"Abogado especializado en lesiones por quemaduras catastr\u00f3ficas de Castle Rock"},"content":{"rendered":"<p>Tanto si se debe a una llama abierta, al contacto con un material extremadamente caliente, a una descarga el\u00e9ctrica o a la exposici\u00f3n a productos qu\u00edmicos c\u00e1usticos, una quemadura grave puede ser una de las lesiones m\u00e1s dolorosas que pueden derivarse de un accidente. En situaciones especialmente graves, este tipo de lesi\u00f3n puede provocar cicatrices permanentes, lesiones nerviosas y p\u00e9rdida de movilidad, seg\u00fan la ubicaci\u00f3n y gravedad de la quemadura.<\/p>\n<p>Si usted tuvo que buscar tratamiento m\u00e9dico profesional para una quemadura causada por la negligencia de otra persona, debe hablar con un <a href=\"https:\/\/springslawgroup.com\/es\/castle-rock-lesiones-personales\/castle-rock-abogado-de-lesiones-catastroficas\/\">abogado especializado en lesiones catastr\u00f3ficas<\/a> de nuestro estudio sobre sus opciones para presentar una demanda. Un abogado experto en lesiones por quemaduras de Castle Rock podr\u00eda proporcionarle asistencia cr\u00edtica en cada paso de su caso, ayud\u00e1ndole a buscar la compensaci\u00f3n que necesita y, al mismo tiempo, sortear los obst\u00e1culos comunes para la recuperaci\u00f3n.<\/p>\n<h2>\u00bfQu\u00e9 tipo de lesiones por quemaduras podr\u00edan justificar un litigio en Castle Rock?<\/h2>\n<p>En general, existen tres grados de quemaduras que puede provocar un accidente, de los cuales no todos pueden justificar una demanda civil. Por ejemplo, las quemaduras de primer grado, aunque son molestas, solo afectan a la capa externa de la piel y, con relativamente pocas excepciones, no requieren mucha atenci\u00f3n m\u00e9dica. En general, si alguien que sufri\u00f3 una quemadura no necesita pagar la atenci\u00f3n m\u00e9dica tras sufrir esta lesi\u00f3n, no suele tener motivos para presentar una demanda civil.<\/p>\n<p>Por el contrario, las quemaduras de segundo grado afectan tanto a la capa externa como a la interna de la piel. Suelen provocar ampollas, hinchaz\u00f3n, decoloraci\u00f3n de la piel y mucho dolor. Sin la atenci\u00f3n m\u00e9dica adecuada, las quemaduras de segundo grado, en particular las m\u00e1s graves, pueden causar cicatrices permanentes. Si este es el caso, las quemaduras de segundo grado sufridas en un accidente podr\u00edan constituir un motivo v\u00e1lido para presentar una demanda.<\/p>\n<p>Cualquier persona que sufra una quemadura de tercer grado debido a la negligencia de otro individuo debe ponerse en contacto con un abogado de Castle Rock tan pronto como su condici\u00f3n m\u00e9dica se estabilice, ya que este tipo de lesi\u00f3n siempre resulta en un da\u00f1o grave y, posiblemente, permanente. Las quemaduras de tercer grado penetran completamente a trav\u00e9s de todas las capas de la piel hasta llegar a la capa de grasa subyacente. Adem\u00e1s, tienen el potencial de destruir las terminaciones nerviosas, provocar una desfiguraci\u00f3n permanente y causar posibles da\u00f1os en ligamentos, tejido muscular e incluso huesos.<\/p>\n<h2>Posibles restricciones a la indemnizaci\u00f3n<\/h2>\n<p>Como en cualquier caso de lesiones personales, la negligencia comparativa puede limitar la cuant\u00eda de la indemnizaci\u00f3n que puede recibir un demandante. Los tribunales estatales aplican un sistema de culpa comparativa modificada, en virtud del cual a un demandante declarado parcialmente culpable de sus propias lesiones se le puede reducir la indemnizaci\u00f3n final por da\u00f1os y perjuicios en funci\u00f3n de su porcentaje de culpa. Es importante tener en cuenta que un demandante al que se le atribuya el 50% o m\u00e1s de la culpa no tiene derecho a reclamar indemnizaci\u00f3n por sus p\u00e9rdidas.<\/p>\n<p>Adem\u00e1s, la ley estatal establece un tope para los da\u00f1os no econ\u00f3micos de 584.210 d\u00f3lares o aproximadamente el doble si el demandante puede justificar el aumento mediante \u00abpruebas claras y convincentes\u00bb. Especialmente en los casos de quemaduras de tercer grado, que la parte lesionada trabaje con un abogado con experiencia en accidentes por quemaduras en Castle Rock puede ser beneficioso si quiere maximizar el valor de su indemnizaci\u00f3n por da\u00f1os y perjuicios.<\/p>\n<h2>Hable hoy mismo con un abogado especializado en lesiones por quemaduras de Castle Rock<\/h2>\n<p>Cualquier persona que deba recibir atenci\u00f3n m\u00e9dica por una quemadura puede exigir una indemnizaci\u00f3n a la persona que le caus\u00f3 la lesi\u00f3n. Sin embargo, obtener \u00e9xito en cualquier tipo de demanda por lesiones personales suele ser m\u00e1s f\u00e1cil de decir que de hacer, sobre todo si intenta presentar el suyo sin ayuda profesional.<\/p>\n<p>Contratar a un abogado especializado en lesiones por quemaduras de Castle Rock es el primer paso que debe tomar si desea buscar la restituci\u00f3n civil de las consecuencias f\u00edsicas, financieras y emocionales resultantes de su accidente. Llame hoy y programe una consulta con un representante legal que comprenda su caso.<\/p>\n","protected":false},"excerpt":{"rendered":"<p>Tanto si se debe a una llama abierta, al contacto con un material extremadamente caliente, a una descarga el\u00e9ctrica o&nbsp;<a class=\"moretag\" href=\"https:\/\/springslawgroup.com\/es\/castle-rock-lesiones-personales\/castle-rock-abogado-de-lesiones-catastroficas\/castle-rock-abogado-de-lesiones-por-quemaduras\/\"> Read More&#8230;<\/a><\/p>\n","protected":false},"author":32,"featured_media":0,"parent":16284,"menu_order":0,"comment_status":"closed","ping_status":"closed","template":"landingpage.php","meta":{"_acf_changed":false,"inline_featured_image":false,"footnotes":""},"categories":[],"tags":[],"class_list":["post-16278","page","type-page","status-publish","hentry"],"acf":{"key_takeaways":null,"_litigation_personal_injury_contents_new":{"_litigation_personal_injury_title_new":"","_litigation_personal_injury_discription_new":"","_litigation_personal_injury_discription_new_copy":"","_litigation_video_url_new":"","add_button":false},"_header_sub_header_content_new":null,"_litigation_frequently_asked_questions_new":null,"lawsuit_updates":null,"_litigation_related_posts_relation":null,"acf-references":""},"_links":{"self":[{"href":"https:\/\/springslawgroup.com\/es\/wp-json\/wp\/v2\/pages\/16278","targetHints":{"allow":["GET"]}}],"collection":[{"href":"https:\/\/springslawgroup.com\/es\/wp-json\/wp\/v2\/pages"}],"about":[{"href":"https:\/\/springslawgroup.com\/es\/wp-json\/wp\/v2\/types\/page"}],"author":[{"embeddable":true,"href":"https:\/\/springslawgroup.com\/es\/wp-json\/wp\/v2\/users\/32"}],"replies":[{"embeddable":true,"href":"https:\/\/springslawgroup.com\/es\/wp-json\/wp\/v2\/comments?post=16278"}],"version-history":[{"count":3,"href":"https:\/\/springslawgroup.com\/es\/wp-json\/wp\/v2\/pages\/16278\/revisions"}],"predecessor-version":[{"id":31196,"href":"https:\/\/springslawgroup.com\/es\/wp-json\/wp\/v2\/pages\/16278\/revisions\/31196"}],"up":[{"embeddable":true,"href":"https:\/\/springslawgroup.com\/es\/wp-json\/wp\/v2\/pages\/16284"}],"wp:attachment":[{"href":"https:\/\/springslawgroup.com\/es\/wp-json\/wp\/v2\/media?parent=16278"}],"wp:term":[{"taxonomy":"category","embeddable":true,"href":"https:\/\/springslawgroup.com\/es\/wp-json\/wp\/v2\/categories?post=16278"},{"taxonomy":"post_tag","embeddable":true,"href":"https:\/\/springslawgroup.com\/es\/wp-json\/wp\/v2\/tags?post=16278"}],"curies":[{"name":"wp","href":"https:\/\/api.w.org\/{rel}","templated":true}]}}