{"id":16277,"date":"2020-12-23T15:28:05","date_gmt":"2020-12-23T22:28:05","guid":{"rendered":"https:\/\/springs.flywheelstaging.com\/danos-recuperables-despues-de-un-accidente-de-coche-castle-rock\/"},"modified":"2023-09-01T07:10:09","modified_gmt":"2023-09-01T14:10:09","slug":"danos-recuperables-despues-de-un-accidente-de-coche-castle-rock","status":"publish","type":"page","link":"https:\/\/springslawgroup.com\/es\/castle-rock-lesiones-personales\/castle-rock-abogado-de-accidente-de-coche\/danos-recuperables-despues-de-un-accidente-de-coche-castle-rock\/","title":{"rendered":"Da\u00f1os Recuperables Despu\u00e9s De Un Accidente De Coche En Castle Rock"},"content":{"rendered":"<p>Debido a su naturaleza imprevisible y catastr\u00f3ficamente da\u00f1ina, cuando se produce un accidente de tr\u00e1fico grave puede tener un impacto duradero en la v\u00edctima y su familia. Adem\u00e1s de causar importantes da\u00f1os materiales, las lesiones corporales que puede sufrir una v\u00edctima de un accidente de tr\u00e1fico pueden suponer una carga econ\u00f3mica considerable debido a los gastos de tratamiento y atenci\u00f3n m\u00e9dica.<\/p>\n<p>Si usted o un ser querido sufrieron lesiones graves en una colisi\u00f3n automovil\u00edstica por la negligencia de otra persona, \u00e9sta podr\u00eda ser considerada responsable de cualquier p\u00e9rdida posterior que sufran las v\u00edctimas del accidente. Para obtener m\u00e1s informaci\u00f3n sobre los da\u00f1os recuperables despu\u00e9s de un accidente de coche Castle Rock y lo que se puede hacer en su caso de lesiones civiles, consulte a un <a href=\"https:\/\/springslawgroup.com\/es\/castle-rock-lesiones-personales\/castle-rock-abogado-de-accidente-de-coche\/\">abogado<\/a> calificado hoy.<\/p>\n<h2>Tipos De Da\u00f1os Y Perjuicios Disponibles En Demandas Por Lesiones Civiles En Colorado<\/h2>\n<p>Por lo general, existen dos tipos de indemnizaciones por lesiones sufridas en un accidente de tr\u00e1fico: da\u00f1os econ\u00f3micos y da\u00f1os no econ\u00f3micos. En Colorado, el perjuicio econ\u00f3mico y el perjuicio no econ\u00f3mico se definen en el <a href=\"https:\/\/advance.lexis.com\/documentpage\/?pdmfid=1000516&amp;crid=7c7472ce-37ae-4c98-92a9-4bac699642b3&amp;config=014FJAAyNGJkY2Y4Zi1mNjgyLTRkN2YtYmE4OS03NTYzNzYzOTg0OGEKAFBvZENhdGFsb2d592qv2Kywlf8caKqYROP5&amp;pddocfullpath=%2Fshared%2Fdocument%2Fstatutes-legislation%2Furn%3AcontentItem%3A60X7-SN71-F30T-B3RG-00008-00&amp;pdcontentcomponentid=234176&amp;pdteaserkey=sr6&amp;pditab=allpods&amp;ecomp=c5w_kkk&amp;earg=sr6&amp;prid=17fa18fd-544e-4ddf-92e4-af4caf46360e\" target=\"_blank\" rel=\"noopener\">art\u00edculo 13-64-202(1) y (5) de los Estatutos Revisados de Colorado (C.R.S.)<\/a>. En casos de accidentes de tr\u00e1fico especialmente graves, adem\u00e1s de los da\u00f1os no econ\u00f3micos y econ\u00f3micos, un tribunal puede imponer tambi\u00e9n da\u00f1os punitivos (es decir, multas impuestas para castigar al infractor en lugar de indemnizar a la parte perjudicada).<\/p>\n<p>Las p\u00e9rdidas econ\u00f3micas, tal como se definen en el art\u00edculo 13-64-202(1) del C\u00f3digo de Rentas Civiles, se refieren a cualquier tipo de p\u00e9rdida tangible y pecuniaria en la que incurre una persona debido a sus lesiones accidentales. Se consideran p\u00e9rdidas econ\u00f3micas los gastos de atenci\u00f3n m\u00e9dica y tratamiento, as\u00ed como cualquier p\u00e9rdida de ingresos como consecuencia de las lesiones de la v\u00edctima de un accidente.<\/p>\n<p>Seg\u00fan C.R.S. \u00a7 13-64-202(5), el t\u00e9rmino p\u00e9rdida no econ\u00f3mica incluye cualquier p\u00e9rdida no pecuniaria, que contempla el dolor y el sufrimiento, la angustia emocional, etc. En todos los casos de lesiones civiles por negligencia no m\u00e9dica, Colorado tiene un l\u00edmite de da\u00f1os no econ\u00f3micos de 250.000 d\u00f3lares, seg\u00fan lo dispuesto en C.R.S. \u00a7 13-21-102.5(3)(a). Un abogado experto en litigios civiles con experiencia en casos de accidentes de coche puede ayudar a una parte lesionada a asegurarse de que busca una indemnizaci\u00f3n por da\u00f1os y perjuicios que le compense suficientemente por las p\u00e9rdidas que ha sufrido.<\/p>\n<h2>Plazo Para Reclamar Da\u00f1os Y Perjuicios Por Lesiones Relacionadas Con Accidentes De Tr\u00e1fico<\/h2>\n<p>Como en la mayor\u00eda de los casos de lesiones civiles, hay un plazo limitado en el que una v\u00edctima de un accidente de tr\u00e1fico puede presentar una demanda por lesiones civiles contra la parte negligente responsable de causar el accidente. Si una parte lesionada no presenta un reclamo por lesiones dentro del plazo de prescripci\u00f3n establecido por la ley, perder\u00e1 el derecho a reclamar da\u00f1os y perjuicios a cualquier parte culpable negligente implicada. En Colorado, el plazo de prescripci\u00f3n para presentar una demanda civil por lesiones contra una parte culpable de negligencia est\u00e1 codificado en C.R.S. \u00a7 13-80-101(1).<\/p>\n<p>Por lo general, una parte perjudicada dispondr\u00e1 de tres a\u00f1os a partir del momento en que se produjeron las lesiones accidentales para reclamar da\u00f1os y perjuicios a la parte culpable, seg\u00fan lo dispuesto en el art\u00edculo 13-80-101(1) del C\u00f3digo de Rentas Civiles. Aunque la ley de prescripci\u00f3n se aplica a los reclamos por lesiones, no se aplica a los reclamos de seguros de autom\u00f3viles, que deben presentarse dentro de un plazo y con prontitud (es decir, unos d\u00edas o semanas despu\u00e9s de un accidente de autom\u00f3vil). Un abogado experto en lesiones personales podr\u00eda proporcionar una ayuda inestimable para garantizar que la demanda por lesiones civiles de una parte se presente de forma adecuada y oportuna ante el tribunal correspondiente.<\/p>\n<h2>Aprenda Qu\u00e9 Son Los Da\u00f1os Recuperables Despu\u00e9s De Una Colisi\u00f3n De Autom\u00f3viles En Castle Rock<\/h2>\n<p>En el mundo actual, nada puede ser m\u00e1s aterrador o devastador para un automovilista que verse involucrado en un grave accidente de tr\u00e1fico de veh\u00edculos de motor en la carretera. Desafortunadamente, este tipo de accidentes ocurren por miles diariamente en los Estados Unidos y, como tal, han causado que cientos de miles sufran lesiones que alteran sus vidas y causan p\u00e9rdidas perjudiciales como resultado.<\/p>\n<p>Si usted o un miembro querido de su familia estuvieron implicados recientemente en un accidente severo del veh\u00edculo de motor en Castle Rock, Colorado, hay alguien que puede ayudarle con la solicitud y procesamiento de su demanda civil. Obtener la restituci\u00f3n econ\u00f3mica que necesita para compensar adecuadamente sus p\u00e9rdidas podr\u00eda estar a s\u00f3lo una llamada de distancia. Para descubrir c\u00f3mo puede obtener los da\u00f1os recuperables despu\u00e9s de un accidente automovil\u00edstico en Castle Rock, levante el tel\u00e9fono y p\u00f3ngase en contacto con un abogado con experiencia en accidentes automovil\u00edsticos en Castle Rock hoy mismo.<\/p>\n","protected":false},"excerpt":{"rendered":"<p>Debido a su naturaleza imprevisible y catastr\u00f3ficamente da\u00f1ina, cuando se produce un accidente de tr\u00e1fico grave puede tener un impacto&nbsp;<a class=\"moretag\" href=\"https:\/\/springslawgroup.com\/es\/castle-rock-lesiones-personales\/castle-rock-abogado-de-accidente-de-coche\/danos-recuperables-despues-de-un-accidente-de-coche-castle-rock\/\"> Read More&#8230;<\/a><\/p>\n","protected":false},"author":32,"featured_media":0,"parent":16332,"menu_order":0,"comment_status":"closed","ping_status":"closed","template":"landingpage.php","meta":{"_acf_changed":false,"inline_featured_image":false,"footnotes":""},"categories":[],"tags":[],"class_list":["post-16277","page","type-page","status-publish","hentry"],"acf":{"key_takeaways":null,"_litigation_personal_injury_contents_new":{"_litigation_personal_injury_title_new":"","_litigation_personal_injury_discription_new":"","_litigation_personal_injury_discription_new_copy":"","_litigation_video_url_new":"","add_button":false},"_header_sub_header_content_new":null,"_litigation_frequently_asked_questions_new":null,"lawsuit_updates":null,"_litigation_related_posts_relation":null,"acf-references":""},"_links":{"self":[{"href":"https:\/\/springslawgroup.com\/es\/wp-json\/wp\/v2\/pages\/16277","targetHints":{"allow":["GET"]}}],"collection":[{"href":"https:\/\/springslawgroup.com\/es\/wp-json\/wp\/v2\/pages"}],"about":[{"href":"https:\/\/springslawgroup.com\/es\/wp-json\/wp\/v2\/types\/page"}],"author":[{"embeddable":true,"href":"https:\/\/springslawgroup.com\/es\/wp-json\/wp\/v2\/users\/32"}],"replies":[{"embeddable":true,"href":"https:\/\/springslawgroup.com\/es\/wp-json\/wp\/v2\/comments?post=16277"}],"version-history":[{"count":1,"href":"https:\/\/springslawgroup.com\/es\/wp-json\/wp\/v2\/pages\/16277\/revisions"}],"predecessor-version":[{"id":16433,"href":"https:\/\/springslawgroup.com\/es\/wp-json\/wp\/v2\/pages\/16277\/revisions\/16433"}],"up":[{"embeddable":true,"href":"https:\/\/springslawgroup.com\/es\/wp-json\/wp\/v2\/pages\/16332"}],"wp:attachment":[{"href":"https:\/\/springslawgroup.com\/es\/wp-json\/wp\/v2\/media?parent=16277"}],"wp:term":[{"taxonomy":"category","embeddable":true,"href":"https:\/\/springslawgroup.com\/es\/wp-json\/wp\/v2\/categories?post=16277"},{"taxonomy":"post_tag","embeddable":true,"href":"https:\/\/springslawgroup.com\/es\/wp-json\/wp\/v2\/tags?post=16277"}],"curies":[{"name":"wp","href":"https:\/\/api.w.org\/{rel}","templated":true}]}}