{"id":16274,"date":"2022-10-19T09:09:43","date_gmt":"2022-10-19T16:09:43","guid":{"rendered":"https:\/\/springs.flywheelstaging.com\/denver-abogado-de-lesiones-personales\/"},"modified":"2023-09-08T15:56:09","modified_gmt":"2023-09-08T22:56:09","slug":"denver-abogado-de-lesiones-personales","status":"publish","type":"page","link":"https:\/\/springslawgroup.com\/es\/denver-abogado-de-lesiones-personales\/","title":{"rendered":"Abogado especializado en lesiones personales de Denver"},"content":{"rendered":"<p>Sufrir un accidente es un gran inconveniente, por decir lo m\u00ednimo. Imag\u00ednese hacer planes para visitar el Parque Nacional de las Monta\u00f1as Rocosas, el Coors Field o el Museo de Naturaleza y Ciencia de Denver y encontrarse con un accidente en el camino. La conducci\u00f3n imprudente y los riesgos laborales pueden arruinar f\u00e1cilmente un viaje o los pr\u00f3ximos a\u00f1os de su vida. Si sufri\u00f3 lesiones graves por la conducta de otra persona, Springs Law Group puede ayudarle. P\u00f3ngase en contacto con uno de nuestros <a href=\"https:\/\/springslawgroup.com\/es\/\">abogados especialistas en lesiones personales de Denver<\/a> y obtenga una evaluaci\u00f3n gratuita y privada de su caso. Castle Rock, Fort Carson, Denver, y Monument son solo algunos de los lugares en los que, con mucho gusto, brindamos ayuda cuando se trata de v\u00edctimas de accidentes y personas lesionadas.<\/p>\n<h2><b>Estad\u00edsticas de lesiones en Denver<\/b><\/h2>\n<p>Seg\u00fan el Departamento de Transporte de Colorado (CDOT), Denver encabeza la lista de condados con mayor n\u00famero de accidentes con heridos graves. Por desgracia, algunos accidentados no tuvieron la suerte de salir con vida. Las 210 v\u00edctimas mortales de veh\u00edculos de motor en 2018 fueron causadas por exceso de velocidad. En 2019, hubo 239 v\u00edctimas mortales de este tipo. Adem\u00e1s, en ese a\u00f1o se produjeron 103 accidentes mortales de motocicleta. Los accidentes de tr\u00e1fico pueden causar lesiones catastr\u00f3ficas que alteran la vida de las personas. En el peor de los casos, pueden provocar la muerte. Si el descuido de otra persona caus\u00f3 sus lesiones, no dude en ponerse en contacto con uno de nuestros <a href=\"https:\/\/springslawgroup.com\/es\/\">abogados especializados en lesiones personales de Denver<\/a>.<\/p>\n<h2><b>Obtenga la indemnizaci\u00f3n que merece<\/b><\/h2>\n<p>Nos esforzamos por conseguirle el mayor pago posible. Lo haremos al buscar da\u00f1os y perjuicios seg\u00fan diferentes car\u00e1tulas dentro de la Ley de lesiones personales de Colorado. Las p\u00e9rdidas o gastos financieros derivados de su accidente se consideran da\u00f1os econ\u00f3micos (o p\u00e9rdidas pecuniarias). Esto puede incluir atenci\u00f3n m\u00e9dica y gastos de rehabilitaci\u00f3n, p\u00e9rdida de salarios, disminuci\u00f3n de la capacidad para ganar dinero en el futuro y da\u00f1os materiales. La recuperaci\u00f3n de da\u00f1os monetarios en casos de lesiones personales en Colorado es relativamente sencilla porque son da\u00f1os concretos y tienen un valor cuantificable.<\/p>\n<p>Los da\u00f1os no cuantificables en dinero, como el dolor y el sufrimiento, la p\u00e9rdida del disfrute de la vida y la p\u00e9rdida de apoyo conyugal, son da\u00f1os no econ\u00f3micos (o p\u00e9rdidas no pecuniarias). Sin duda, necesitar\u00e1 un abogado especializado en lesiones personales de Denver que cuantifique estas p\u00e9rdidas por usted. Como se imaginar\u00e1, estas p\u00e9rdidas no brindan recibos como prueba. Estas indemnizaciones se conceden a las v\u00edctimas de lesiones por trastornos m\u00e9dicos que nunca se curar\u00e1n, como incapacidad permanente y desfiguraci\u00f3n. Una demanda bajo esta car\u00e1tula incluye el dolor y el sufrimiento derivados de una minusval\u00eda permanente, como deformidades est\u00e9ticas y otras limitaciones.<\/p>\n<p>Aunque se le paguen da\u00f1os y perjuicios, los da\u00f1os punitivos no tienen que ver estrictamente con usted. Los tribunales o jurados suelen establecer da\u00f1os punitivos en casos en los que el demandado cometi\u00f3 fraude, actu\u00f3 con malicia o se comport\u00f3 de forma deliberada o malintencionada. Los da\u00f1os punitivos tienen por objeto penalizar al infractor por acciones flagrantemente il\u00edcitas. Estos disuaden de futuras fechor\u00edas y da un escarmiento en lugar de resarcir a la v\u00edctima por su da\u00f1o. En Denver, determinar el costo total de un acuerdo por lesiones personales suele implicar c\u00e1lculos precisos y la citaci\u00f3n de casos similares anteriores.<\/p>\n<p>Los abogados especializados en lesiones personales de Colorado en Springs Law Group tienen experiencia en estos asuntos. D\u00e9jenos luchar por usted.<\/p>\n<h2><b>Tipos de lesiones<\/b><\/h2>\n<p>El mejor abogado en lesiones personales de Colorado le dir\u00e1, por experiencia, que no hay l\u00edmites en cuanto a las lesiones personales que puede sufrir si estuvo involucrado en un accidente.<\/p>\n<p>Las lesiones personales pueden incluir las siguientes:<\/p>\n<ul>\n<li aria-level=\"1\">Moratones<\/li>\n<li aria-level=\"1\">Lesiones faciales<\/li>\n<li aria-level=\"1\">Conmoci\u00f3n cerebral<\/li>\n<li aria-level=\"1\">Hernia discal<\/li>\n<li aria-level=\"1\">Lesiones internas<\/li>\n<li aria-level=\"1\">Lesiones de tejidos blandos<\/li>\n<li aria-level=\"1\">Traumatismo craneal<\/li>\n<li aria-level=\"1\">Fractura de costillas<\/li>\n<li aria-level=\"1\">Par\u00e1lisis.<\/li>\n<li aria-level=\"1\">Lesiones y fracturas \u00f3seas<\/li>\n<li aria-level=\"1\">Lesiones por traumatismo craneoencef\u00e1lico.<\/li>\n<li aria-level=\"1\">Latigazo cervical<\/li>\n<li aria-level=\"1\">Da\u00f1os en la m\u00e9dula espinal<\/li>\n<li aria-level=\"1\">Dolor de espalda<\/li>\n<li aria-level=\"1\">Quemaduras.<\/li>\n<\/ul>\n<p>La Ley de lesiones personales en Colorado da a la parte lesionada una v\u00eda legal para obtener una compensaci\u00f3n financiera a partir de una demanda por lesiones personales provocadas por las acciones negligentes de otra persona. Nuestra pr\u00e1ctica de la ley de lesiones personales puede ayudar si usted o un ser querido fue gravemente herido en una situaci\u00f3n evitable.<\/p>\n<h2><b>Abogados especializados en accidentes automovil\u00edsticos en Denver, CO<\/b><\/h2>\n<p>Ofrecemos muchos servicios en nuestra l\u00ednea de trabajo. Estamos seguros de que dispondremos de los medios para ayudarle en lo que necesite. Nos especializamos en lo siguiente:<\/p>\n<ul>\n<li aria-level=\"1\">Accidentes de bicicleta<\/li>\n<li aria-level=\"1\">Accidentes de autob\u00fas<\/li>\n<li aria-level=\"1\">Accidentes automovil\u00edsticos<\/li>\n<li aria-level=\"1\">Lesiones catastr\u00f3ficas<\/li>\n<li aria-level=\"1\">Reclamos por indemnizaciones<\/li>\n<li aria-level=\"1\">Accidentes de moto<\/li>\n<li aria-level=\"1\">Accidentes de peatones<\/li>\n<li aria-level=\"1\">Responsabilidad del local<\/li>\n<li aria-level=\"1\">Resbalones y ca\u00eddas<\/li>\n<li aria-level=\"1\">Accidentes de camiones<\/li>\n<li aria-level=\"1\">Muertes por negligencia<\/li>\n<\/ul>\n<h2><b>Su abogado especializado en lesiones personales de Denver puede llevar un registro de los plazos<\/b><\/h2>\n<p>Colorado impone un plazo para presentar una demanda relacionada con una lesi\u00f3n. En Colorado, se dispone de dos a\u00f1os tras sufrir una lesi\u00f3n para interponer una demanda. Si no la presenta en el plazo estipulado, pueden prohibirle la presentaci\u00f3n de su caso ante los tribunales. Dado que se basa en la legislaci\u00f3n estatal, este periodo se conoce como prescripci\u00f3n. Reunir pruebas, interrogar a testigos y comunicarse con profesionales m\u00e9dicos y compa\u00f1\u00edas de seguros es mucho trabajo para una persona que deber\u00eda centrarse en recuperarse. Todo esto debe solucionarse antes de interponer una demanda, si ese es su deseo. El tiempo tiende a correr mucho m\u00e1s r\u00e1pido de lo que cree. Deje que los abogados especializados en lesiones personales de Denver en Springs Law Group se encarguen de esto por usted.<\/p>\n<h2><b>Deje que un abogado especializado en lesiones personales de Denver luche por usted<\/b><\/h2>\n<p>Las leyes que rigen los accidentes y las lesiones personales pueden ser complejas. Las compa\u00f1\u00edas de seguros son conocidas por hacer todo lo que est\u00e1 en sus manos para persuadir a las v\u00edctimas de accidentes de que acepten sus ofertas iniciales de liquidaci\u00f3n, absurdamente bajas, o admitan que el accidente fue o pudo haber sido culpa suya. Cr\u00e9anos: las compa\u00f1\u00edas de seguros no est\u00e1n de su parte. Usted necesita un abogado de Denver con experiencia en lesiones personales para enfrentarlas por usted.<\/p>\n<h2><b>Recursos de lesiones personales, Denver, CO<\/b><\/h2>\n<h3>Tribunal del Condado de Denver<\/h3>\n<p><a href=\"https:\/\/goo.gl\/maps\/zCQk7Rq4T7mpcGLo6\" target=\"_blank\" rel=\"noopener\">520 W Colfax Ave. <\/a><br \/>\n<a href=\"https:\/\/goo.gl\/maps\/zCQk7Rq4T7mpcGLo6\" target=\"_blank\" rel=\"noopener\">Denver, CO 80204<\/a><\/p>\n<h3>Secretario del Tribunal de Distrito de EE.UU.<\/h3>\n<p><a href=\"https:\/\/goo.gl\/maps\/G6ijcdCiPbA6uZmF8\" target=\"_blank\" rel=\"noopener\">Calle 19, 901<\/a><br \/>\n<a href=\"https:\/\/goo.gl\/maps\/G6ijcdCiPbA6uZmF8\" target=\"_blank\" rel=\"noopener\">Denver, CO 80294<\/a><\/p>\n<h3>Departamento de Transportes de Colorado<\/h3>\n<h3>El <a href=\"https:\/\/www.codot.gov\/\" target=\"_blank\" rel=\"noopener\">Departamento de Transportes de Colorado <\/a>presta diversos servicios al p\u00fablico, como informaci\u00f3n sobre seguridad y consejos para viajar. Visite el CDOT en l\u00ednea o de forma presencial en la oficina de Denver.<\/h3>\n<p><b>Departamento de Transportes de Colorado<\/b><br \/>\n2829 W. Howard Pl.<br \/>\nDenver, CO 80204<br \/>\n(303) 759-2368<\/p>\n<h3>Nuestra ubicaci\u00f3n<\/h3>\n<p>1880 Oficina Club Pointe, Suite 200<br \/>\nColorado Springs, CO 80920<br \/>\n<a href=\"https:\/\/g.page\/r\/Ce22-SwRIunHEBA\" target=\"_blank\" rel=\"noopener\">C\u00f3mo llegar<\/a><\/p>\n<p>&nbsp;<\/p>\n<h2><b>FAQ: Abogado especializado en lesiones personales de Denver<\/b><\/h2>\n<p><b>\u00bfExiste un monto m\u00e1ximo de indemnizaci\u00f3n por da\u00f1os y perjuicios que puedo obtener?<\/b><br \/>\nS\u00ed, hay un l\u00edmite en el monto de los da\u00f1os no econ\u00f3micos que se le puede conceder en una sola demanda en Colorado. El monto m\u00e1ximo de los da\u00f1os no econ\u00f3micos en las demandas civiles, con muy pocas excepciones, es de aproximadamente 500.000 d\u00f3lares.<\/p>\n<p><b>\u00bfCu\u00e1l es la legislaci\u00f3n de Colorado en materia de negligencia? <\/b><br \/>\nEn virtud de los <a href=\"https:\/\/law.justia.com\/codes\/colorado\/2016\/title-13\/damages-and-limitations-on-actions\/article-21\/part-1\/section-13-21-111\" target=\"_blank\" rel=\"noopener\">Estatutos Revisados de Colorado \u00a7 13-21-111<\/a>, el sistema jur\u00eddico del estado de Colorado emplea la negligencia comparativa modificada al 50%. En otras palabras, si un conductor tiene m\u00e1s del 50% de culpa en un accidente, pierde la oportunidad de obtener una indemnizaci\u00f3n por da\u00f1os y perjuicios.<\/p>\n<p><b>\u00bfNecesito un abogado especializado en lesiones personales si tengo seguro?<\/b><br \/>\nS\u00ed, debe contratar a un abogado especializado en lesiones personales de Denver si estuvo en un accidente, incluso si tiene seguro. Las compa\u00f1\u00edas de seguros tratar\u00e1n de quedarse con la mayor cantidad de dinero posible y es probable que no le hagan una oferta de acuerdo justa mientras retrasan el proceso con un plazo de prescripci\u00f3n.<\/p>\n<h2><b>P\u00f3ngase en contacto con un abogado especializado en lesiones personales de Denver<\/b><\/h2>\n<p>Puede llamarnos o llenar nuestro formulario de consulta si se lesion\u00f3 por alg\u00fan accidente y est\u00e1 buscando abogados con experiencia en lesiones personales de Denver con un historial de \u00e9xito.<\/p>\n<p>P\u00f3ngase en contacto con Springs Law Group y programe una consulta. Tambi\u00e9n puede visitar nuestra oficina en <a href=\"https:\/\/www.google.com\/maps\/place\/Springs+Law+Group\/@38.9666981,-104.7923589,17z\/data=!3m1!4b1!4m5!3m4!1s0x87134e45e0fc206f:0xc7e922112cf9b6ed!8m2!3d38.9666981!4d-104.7923589\" target=\"_blank\" rel=\"noopener\">1880 Office Club Pointe, Suite 200, Colorado Springs, CO 80920<\/a>.<\/p>\n<p><script type=\"application\/ld+json\">\n{\n  \"@context\": \"https:\/\/schema.org\",\n  \"@type\": \"FAQPage\",\n  \"mainEntity\": [{\n    \"@type\": \"Question\",\n    \"name\": \"Is there a cap on how much I can get in damages?\",\n    \"acceptedAnswer\": {\n      \"@type\": \"Answer\",\n      \"text\": \"The total amount of non-economic damages you may be awarded in a single suit is capped in Colorado. The maximum non-economic damages in civil claims, with very few exceptions, is approximately $500,000.\"\n    }\n  },{\n    \"@type\": \"Question\",\n    \"name\": \"What is the Colorado law regarding negligence?\",\n    \"acceptedAnswer\": {\n      \"@type\": \"Answer\",\n      \"text\": \"Under CRS \u00a7 13-21-111, the state of Colorado's legal system employs modified comparative negligence at 50%. In other words, if a driver is more than 50% to blame for an accident, they forfeit their opportunity to obtain damages compensation.\"\n    }\n  },{\n    \"@type\": \"Question\",\n    \"name\": \"Do I need a personal injury lawyer if I have insurance?\",\n    \"acceptedAnswer\": {\n      \"@type\": \"Answer\",\n      \"text\": \"You should retain a Denver personal injury lawyer if you have been in an accident, even if you have insurance. Insurance companies will aim to keep as much money as possible and will likely not give you a fair settlement offer while delaying the process with a limitation period.\"\n    }\n  }]\n}\n<\/script><\/p>\n","protected":false},"excerpt":{"rendered":"<p>Sufrir un accidente es un gran inconveniente, por decir lo m\u00ednimo. Imag\u00ednese hacer planes para visitar el Parque Nacional de&nbsp;<a class=\"moretag\" href=\"https:\/\/springslawgroup.com\/es\/denver-abogado-de-lesiones-personales\/\"> Read More&#8230;<\/a><\/p>\n","protected":false},"author":32,"featured_media":0,"parent":0,"menu_order":0,"comment_status":"closed","ping_status":"closed","template":"landingpage.php","meta":{"_acf_changed":false,"inline_featured_image":false,"footnotes":""},"categories":[],"tags":[],"class_list":["post-16274","page","type-page","status-publish","hentry"],"acf":{"key_takeaways":null,"_litigation_personal_injury_contents_new":{"_litigation_personal_injury_title_new":"","_litigation_personal_injury_discription_new":"","_litigation_personal_injury_discription_new_copy":"","_litigation_video_url_new":"","add_button":""},"_header_sub_header_content_new":null,"_litigation_frequently_asked_questions_new":null,"lawsuit_updates":null,"_litigation_related_posts_relation":null,"acf-references":""},"_links":{"self":[{"href":"https:\/\/springslawgroup.com\/es\/wp-json\/wp\/v2\/pages\/16274","targetHints":{"allow":["GET"]}}],"collection":[{"href":"https:\/\/springslawgroup.com\/es\/wp-json\/wp\/v2\/pages"}],"about":[{"href":"https:\/\/springslawgroup.com\/es\/wp-json\/wp\/v2\/types\/page"}],"author":[{"embeddable":true,"href":"https:\/\/springslawgroup.com\/es\/wp-json\/wp\/v2\/users\/32"}],"replies":[{"embeddable":true,"href":"https:\/\/springslawgroup.com\/es\/wp-json\/wp\/v2\/comments?post=16274"}],"version-history":[{"count":5,"href":"https:\/\/springslawgroup.com\/es\/wp-json\/wp\/v2\/pages\/16274\/revisions"}],"predecessor-version":[{"id":17322,"href":"https:\/\/springslawgroup.com\/es\/wp-json\/wp\/v2\/pages\/16274\/revisions\/17322"}],"wp:attachment":[{"href":"https:\/\/springslawgroup.com\/es\/wp-json\/wp\/v2\/media?parent=16274"}],"wp:term":[{"taxonomy":"category","embeddable":true,"href":"https:\/\/springslawgroup.com\/es\/wp-json\/wp\/v2\/categories?post=16274"},{"taxonomy":"post_tag","embeddable":true,"href":"https:\/\/springslawgroup.com\/es\/wp-json\/wp\/v2\/tags?post=16274"}],"curies":[{"name":"wp","href":"https:\/\/api.w.org\/{rel}","templated":true}]}}