{"id":16273,"date":"2022-10-19T09:10:53","date_gmt":"2022-10-19T16:10:53","guid":{"rendered":"https:\/\/springs.flywheelstaging.com\/denver-abogado-de-accidente-de-coche\/"},"modified":"2023-09-01T07:14:28","modified_gmt":"2023-09-01T14:14:28","slug":"denver-abogado-de-accidente-de-coche","status":"publish","type":"page","link":"https:\/\/springslawgroup.com\/es\/denver-abogado-de-accidente-de-coche\/","title":{"rendered":"Abogado especializado en accidentes automovil\u00edsticos de Denver"},"content":{"rendered":"<p>Mientras se dirige al trabajo en Denver un lunes por la ma\u00f1ana cualquiera, usted est\u00e1 concentrado en la semana que tiene por delante. Todo parece ir bien, hasta que se detiene en un sem\u00e1foro en rojo. De la nada, se sacude hacia adelante y luego hacia atr\u00e1s.<\/p>\n<p>Sufri\u00f3 un <a href=\"https:\/\/springslawgroup.com\/es\/blog\/determinacion-de-la-culpa-en-un-choque-trasero\/\">impacto por en la parte trasera del veh\u00edculo<\/a>.<\/p>\n<p>Usted y el otro conductor estacionan a un costado e intercambian informaci\u00f3n. Presenta un reclamo al seguro y empieza a olvidar el accidente. Sin embargo, semanas despu\u00e9s, nota un <a href=\"https:\/\/springslawgroup.com\/es\/blog\/lesiones-medulares-por-accidente-automovilistico-abogado-especializado-en-accidentes-automovilisticos-de-colorado-springs\/\">dolor punzante en el cuello<\/a>. Acude al m\u00e9dico y descubre que tiene lesiones que no detect\u00f3 inmediatamente despu\u00e9s del accidente. Ya present\u00f3 un reclamo y <a href=\"https:\/\/springslawgroup.com\/es\/blog\/consejos-para-que-reparen-su-vehiculo-tras-un-accidente-automovilistico-en-colorado\/\">repararon su autom\u00f3vil<\/a>, pero ahora tiene una lesi\u00f3n en el cuello y <a href=\"https:\/\/springslawgroup.com\/es\/blog\/como-afecta-el-tratamiento-medico-a-su-indemnizacion-por-lesiones-personales\/\">facturas m\u00e9dicas<\/a> que pagar. Se siente perdido y algo desesperanzado; no sabe qu\u00e9 hacer. Tras un accidente, las v\u00edctimas de accidentes automovil\u00edsticos necesitan un abogado especializado en este tipo de accidentes de confianza que les ayude a obtener una indemnizaci\u00f3n por da\u00f1os y perjuicios. Independientemente de la gravedad del accidente y sus lesiones, los abogados especializados en accidentes automovil\u00edsticos de Denver en <a href=\"https:\/\/www.google.com\/maps\/place\/Springs+Law+Group\/@38.9667023,-104.7945476,17z\/data=!3m2!4b1!5s0x87134e45e0425c27:0x3517e3f04c26fca1!4m5!3m4!1s0x87134e45e0fc206f:0xc7e922112cf9b6ed!8m2!3d38.9666981!4d-104.7923589\" target=\"_blank\" rel=\"noopener\">Springs Law Group<\/a> est\u00e1n aqu\u00ed para ayudar.<\/p>\n<p>Si usted estuvo en un accidente de coche cerca de Denver, Colorado, p\u00f3ngase en contacto con nosotros hoy y <a href=\"https:\/\/springslawgroup.com\/es\/contacto\/\">programe su consulta gratuita<\/a>.<\/p>\n<h2><b>Estad\u00edsticas locales sobre accidentes automovil\u00edsticos en Denver<\/b><\/h2>\n<p>El Departamento de Transporte de Colorado (CDOT) inform\u00f3 41 accidentes automovil\u00edsticos mortales en Denver en 2022. De estos accidentes, 41 personas perdieron la vida. Tambi\u00e9n se produjeron 15 accidentes mortales en relaci\u00f3n con discapacidades, en los que murieron 16 personas. Los accidentes automovil\u00edsticos pueden provocar lesiones leves y graves. En el peor de los casos, provocan la muerte. Si la negligencia de alguien le caus\u00f3 lesiones, entonces es hora de llamar a uno de nuestros abogados especializados en accidentes automovil\u00edsticos de Denver.<\/p>\n<h2><b>Recursos \u00fatiles cerca de Denver<\/b><\/h2>\n<p>La vida despu\u00e9s de un accidente automovil\u00edstico puede ser abrumadora. Recuerde que no tiene por qu\u00e9 pasar por este proceso solo. Aqu\u00ed le presentamos algunos recursos locales que pueden ayudarle.<\/p>\n<h3>Bancos de alimentos de las Monta\u00f1as Rocosas<\/h3>\n<p>Si sus lesiones le hacen perder el empleo, podr\u00eda tener dificultades para cubrir necesidades como la alimentaci\u00f3n. Visite los <a href=\"https:\/\/www.foodbankrockies.org\/\" target=\"_blank\" rel=\"noopener\">Bancos de Alimentos de las Monta\u00f1as Rocosas<\/a> y obtenga v\u00edveres.<\/p>\n<p><b>Bancos de alimentos de las Monta\u00f1as Rocosas<\/b><br \/>\n10700 E. 45th Ave.<br \/>\nDenver, CO 80239<br \/>\n(303) 371-9250<\/p>\n<h3>Departamento de Transportes de Colorado<\/h3>\n<p>El <a href=\"https:\/\/www.codot.gov\/\" target=\"_blank\" rel=\"noopener\">Departamento de Transporte de Colorado<\/a> ofrece muchos servicios a los miembros de la comunidad, como recursos de seguridad y consejos de viaje. Visite el CDOT en l\u00ednea o de forma presencial en la oficina de Denver.<\/p>\n<p><b>Departamento de Transportes de Colorado<\/b><br \/>\n2829 W. Howard Pl.<br \/>\nDenver, CO 80204<br \/>\n(303) 759-2368<\/p>\n<h3>C\u00e1maras de tr\u00e1fico de Denver<\/h3>\n<p>Las im\u00e1genes de tr\u00e1fico pueden proporcionar pruebas vitales para demostrar la negligencia y culpa en su caso de accidente automovil\u00edstico. <a href=\"http:\/\/www.jamjumper.com\/index.php?city=denver\" target=\"_blank\" rel=\"noopener\">JamJumper Colorado<\/a> proporciona im\u00e1genes en l\u00ednea de las c\u00e1maras de tr\u00e1fico en Denver.<\/p>\n<h2><b>Abogados confiables especializados en accidentes automovil\u00edsticos en Denver, CO<\/b><\/h2>\n<p>En Springs Law Group, reconocemos las complejidades de la ley. Es por eso que nuestros abogados especializados en accidentes automovil\u00edsticos quieren ayudarle en todo lo que puedan para que usted logre el resultado que desea en su caso.<\/p>\n<p>Nos especializamos en lo siguiente:<\/p>\n<ul>\n<li aria-level=\"1\"><a href=\"https:\/\/springslawgroup.com\/es\/abogado-de-accidentes-de-bicicleta-en-colorado-springs\/\">Accidentes de bicicleta<\/a><\/li>\n<li aria-level=\"1\"><a href=\"https:\/\/springslawgroup.com\/es\/abogado-de-accidentes-de-autobus-en-colorado-springs\/\">Accidentes de autob\u00fas<\/a><\/li>\n<li aria-level=\"1\"><a href=\"https:\/\/springslawgroup.com\/es\/colorado-springs-car-accident-lawyer-5\/\">Accidentes automovil\u00edsticos<\/a><\/li>\n<li aria-level=\"1\"><a href=\"https:\/\/springslawgroup.com\/es\/colorado-springs-co-abogado-de-lesiones-catastroficas-ayudando-a-las-victimas-a-buscar-compensacion\/\">Lesiones catastr\u00f3ficas<\/a><\/li>\n<li aria-level=\"1\"><a href=\"https:\/\/springslawgroup.com\/es\/colorado-springs-abogado-de-reclamaciones-de-seguros\/\">Reclamos por indemnizaciones<\/a><\/li>\n<li aria-level=\"1\"><a href=\"https:\/\/springslawgroup.com\/es\/colorado-springs-abogado-de-accidente-de-motocicleta\/\">Accidentes de moto<\/a><\/li>\n<li aria-level=\"1\"><a href=\"https:\/\/springslawgroup.com\/es\/abogado-de-accidente-de-peatones-de-colorado-springs\/\">Accidentes de peatones<\/a><\/li>\n<li aria-level=\"1\"><a href=\"https:\/\/springslawgroup.com\/es\/abogado-de-la-responsabilidad-de-propietarios-en-colorado-springs\/\">Responsabilidad del local<\/a><\/li>\n<li aria-level=\"1\"><a href=\"https:\/\/springslawgroup.com\/es\/colorado-springs-resbalon-y-caida-abogado\/\">Resbalones y ca\u00eddas<\/a><\/li>\n<li aria-level=\"1\"><a href=\"https:\/\/springslawgroup.com\/es\/colorado-springs-abogado-de-accidente-de-camion\/\">Accidentes de camiones<\/a><\/li>\n<li aria-level=\"1\"><a href=\"https:\/\/springslawgroup.com\/es\/colorado-springs-abogado-de-muerte-injusta\/\">Muertes por negligencia<\/a><\/li>\n<\/ul>\n<h2><b>FAQ: Abogado especializado en accidentes automovil\u00edsticos de Denver<\/b><\/h2>\n<p><b>\u00bfQu\u00e9 tipos de da\u00f1os puedo recuperar tras un accidente automovil\u00edstico?<\/b><br \/>\nCada caso es diferente, pero algunos da\u00f1os comunes que puede recuperar tras un accidente automovil\u00edstico incluyen facturas m\u00e9dicas, salarios perdidos y dolor y sufrimiento. En algunos casos, incluso puede obtener <a href=\"https:\/\/springslawgroup.com\/es\/blog\/danos-compensatorios-vs-danos-punitivos-descubriendo-las-diferencias\/\">da\u00f1os punitivos<\/a>, que se conceden a los demandantes cuando el demandado actu\u00f3 de forma altamente negligente.<\/p>\n<p><b>\u00bfNecesito un abogado si no tuve la culpa del accidente?<\/b><br \/>\nEs una buena pr\u00e1ctica trabajar con un abogado especializado en accidentes automovil\u00edstico, incluso si usted no caus\u00f3 el accidente. La compa\u00f1\u00eda de seguros de la parte culpable intentar\u00e1 culparlo a usted del accidente. Un abogado construir\u00e1 un caso fuerte para usted y as\u00ed demostrar que el otro conductor tuvo la culpa.<\/p>\n<p><b>\u00bfCu\u00e1l es el monto t\u00edpico de una indemnizaci\u00f3n por accidente automovil\u00edstico?<\/b><br \/>\nEstimar un monto est\u00e1ndar para los accidentes automovil\u00edsticos es dif\u00edcil, ya que cada situaci\u00f3n es diferente. Entre los factores que influyen en el monto de la indemnizaci\u00f3n se encuentran la gravedad de las lesiones, la negligencia y la culpa. Por ejemplo, es m\u00e1s probable que reciba una indemnizaci\u00f3n mayor si sufri\u00f3 lesiones graves o de larga duraci\u00f3n como consecuencia del accidente.<\/p>\n<h2><b>P\u00f3ngase en contacto con un abogado especializado en accidentes automovil\u00edsticos de Denver hoy<\/b><\/h2>\n<p>Sufrir un accidente puede afectar negativamente su vida. Usted merece recuperarse de sus lesiones de accidente automovil\u00edstico en paz, en lugar de lidiar con las compa\u00f1\u00edas de seguros, facturas m\u00e9dicas y las demandas. En <a href=\"https:\/\/springslawgroup.com\/es\/contacto\/\">Springs Law Group<\/a>, nos dedicamos a ayudar a los clientes a obtener una compensaci\u00f3n justa por sus da\u00f1os. Si necesita un abogado especializado en accidentes automovil\u00edsticos de Denver, ll\u00e1menos hoy mismo y programe una consulta gratuita. Tambi\u00e9n puede visitar nuestra oficina en <a href=\"https:\/\/www.google.com\/maps\/place\/Springs+Law+Group\/@38.9666981,-104.7923589,17z\/data=!3m1!4b1!4m5!3m4!1s0x87134e45e0fc206f:0xc7e922112cf9b6ed!8m2!3d38.9666981!4d-104.7923589\" target=\"_blank\" rel=\"noopener\">1880 Office Club Pointe, Suite 200, Colorado Springs, CO 80920<\/a>.<\/p>\n<p><script type=\"application\/ld+json\">\n{\n  \"@context\": \"https:\/\/schema.org\",\n  \"@type\": \"FAQPage\",\n  \"mainEntity\": [{\n    \"@type\": \"Question\",\n    \"name\": \"What types of damages can I recover from a car accident?\",\n    \"acceptedAnswer\": {\n      \"@type\": \"Answer\",\n      \"text\": \"Every case is different, but some common damages you can recover from a car accident include medical bills, lost wages, and pain and suffering. In some cases, you can even earn punitive damages, which are awarded to plaintiffs when the defendant acted in a highly negligent manner.\"\n    }\n  },{\n    \"@type\": \"Question\",\n    \"name\": \"Do I need a lawyer if I wasn't at fault for the accident?\",\n    \"acceptedAnswer\": {\n      \"@type\": \"Answer\",\n      \"text\": \"It's best practice to work with a car accident lawyer even if you didn't cause the wreck. The at-fault party's insurance company will try to blame you for the accident. A lawyer will build a strong case for you to prove that the other driver was at fault.\"\n    }\n  },{\n    \"@type\": \"Question\",\n    \"name\": \"What is a typical settlement amount for a car accident?\",\n    \"acceptedAnswer\": {\n      \"@type\": \"Answer\",\n      \"text\": \"Estimating a standard settlement amount for car accidents is difficult since every situation differs. Factors affecting your settlement amount include the severity of your injuries, negligence, and fault. For example, you're more likely to receive a higher settlement if you sustained severe or long-term injuries from the accident.\"\n    }\n  }]\n}\n<\/script><\/p>\n","protected":false},"excerpt":{"rendered":"<p>Mientras se dirige al trabajo en Denver un lunes por la ma\u00f1ana cualquiera, usted est\u00e1 concentrado en la semana que&nbsp;<a class=\"moretag\" href=\"https:\/\/springslawgroup.com\/es\/denver-abogado-de-accidente-de-coche\/\"> Read More&#8230;<\/a><\/p>\n","protected":false},"author":32,"featured_media":0,"parent":0,"menu_order":0,"comment_status":"closed","ping_status":"closed","template":"landingpage.php","meta":{"_acf_changed":false,"inline_featured_image":false,"footnotes":""},"categories":[],"tags":[],"class_list":["post-16273","page","type-page","status-publish","hentry"],"acf":{"key_takeaways":null,"_litigation_personal_injury_contents_new":{"_litigation_personal_injury_title_new":"","_litigation_personal_injury_discription_new":"","_litigation_personal_injury_discription_new_copy":"","_litigation_video_url_new":"","add_button":""},"_header_sub_header_content_new":null,"_litigation_frequently_asked_questions_new":null,"lawsuit_updates":null,"_litigation_related_posts_relation":null,"acf-references":""},"_links":{"self":[{"href":"https:\/\/springslawgroup.com\/es\/wp-json\/wp\/v2\/pages\/16273","targetHints":{"allow":["GET"]}}],"collection":[{"href":"https:\/\/springslawgroup.com\/es\/wp-json\/wp\/v2\/pages"}],"about":[{"href":"https:\/\/springslawgroup.com\/es\/wp-json\/wp\/v2\/types\/page"}],"author":[{"embeddable":true,"href":"https:\/\/springslawgroup.com\/es\/wp-json\/wp\/v2\/users\/32"}],"replies":[{"embeddable":true,"href":"https:\/\/springslawgroup.com\/es\/wp-json\/wp\/v2\/comments?post=16273"}],"version-history":[{"count":4,"href":"https:\/\/springslawgroup.com\/es\/wp-json\/wp\/v2\/pages\/16273\/revisions"}],"predecessor-version":[{"id":17779,"href":"https:\/\/springslawgroup.com\/es\/wp-json\/wp\/v2\/pages\/16273\/revisions\/17779"}],"wp:attachment":[{"href":"https:\/\/springslawgroup.com\/es\/wp-json\/wp\/v2\/media?parent=16273"}],"wp:term":[{"taxonomy":"category","embeddable":true,"href":"https:\/\/springslawgroup.com\/es\/wp-json\/wp\/v2\/categories?post=16273"},{"taxonomy":"post_tag","embeddable":true,"href":"https:\/\/springslawgroup.com\/es\/wp-json\/wp\/v2\/tags?post=16273"}],"curies":[{"name":"wp","href":"https:\/\/api.w.org\/{rel}","templated":true}]}}