{"id":16271,"date":"2022-10-19T09:12:11","date_gmt":"2022-10-19T16:12:11","guid":{"rendered":"https:\/\/springs.flywheelstaging.com\/denver-abogado-de-accidente-de-motocicleta\/"},"modified":"2023-09-01T07:11:04","modified_gmt":"2023-09-01T14:11:04","slug":"denver-abogado-de-accidente-de-motocicleta","status":"publish","type":"page","link":"https:\/\/springslawgroup.com\/es\/denver-abogado-de-accidente-de-motocicleta\/","title":{"rendered":"Abogados especializados en accidentes de motocicleta en Denver"},"content":{"rendered":"<p>Siempre le gust\u00f3 la libertad de conducir su motocicleta y, a\u00fan m\u00e1s, de recorrer las calles de Denver. Todo eso cambi\u00f3 cuando tuvo un horrible accidente de moto. Cuando choc\u00f3 con usted, el otro conductor estaba distra\u00eddo enviando mensajes de texto mientras conduc\u00eda. Aunque usted llevaba equipo de protecci\u00f3n, nada impidi\u00f3 que la fuerza extrema del veh\u00edculo lo aplastara.<\/p>\n<p>Su motocicleta qued\u00f3 completamente destrozada, pero usted sufri\u00f3 da\u00f1os peores: varios huesos rotos, laceraciones, hemorragias internas y mucho m\u00e1s. Ahora, su compa\u00f1\u00eda de seguros no est\u00e1 de su parte y no tiene a nadie a quien pedir ayuda. En este momento, necesita un <a href=\"https:\/\/www.google.com\/maps?cid=14405082340285593325\" target=\"_blank\" rel=\"noopener\">abogado especializado en accidentes de motocicleta de Denver<\/a> confiable que le ayude a construir su caso y as\u00ed obtener la compensaci\u00f3n que se merece. Si usted se lesion\u00f3 en un <a href=\"https:\/\/springslawgroup.com\/es\/colorado-springs-abogado-de-accidente-de-motocicleta\/\">accidente de motocicleta en Denver<\/a>, llame a Springs Law Group hoy.<\/p>\n<h2><b>Estad\u00edsticas sobre accidentes de motocicleta en Denver<\/b><\/h2>\n<p>Seg\u00fan el Departamento de Transporte de Colorado (CDOT), el n\u00famero total de accidentes mortales en Colorado durante 2022 fue de 424. De estos accidentes, 107 incluyeron motociclistas fallecidos, y 50 de ellos no utilizaban el casco. Los accidentes de motocicleta suelen ser m\u00e1s devastadores que los de autom\u00f3viles, porque las v\u00edctimas de accidentes de moto no tienen ninguna protecci\u00f3n circundante. Esto incrementa las probabilidades de sufrir lesiones graves e incluso la muerte. El dinero solo puede compensar una parte de los da\u00f1os, pero, al menos, puede pagar los <a href=\"https:\/\/springslawgroup.com\/es\/blog\/como-pago-por-el-tratamiento-de-lesiones-personales\/\">gastos m\u00e9dicos<\/a> y <a href=\"https:\/\/springslawgroup.com\/es\/blog\/como-demuestro-el-lucro-cesante-futuro-en-un-caso-de-lesiones-personales\/\">los salarios perdidos<\/a>. Deje que un abogado especializado en accidentes de motocicleta le ayude a maximizar su indemnizaci\u00f3n.<\/p>\n<h2><b>Recursos \u00fatiles en Denver<\/b><\/h2>\n<p>El proceso de demanda por un accidente de motocicleta puede ser complejo, sobre todo cuando se trata de cubrir los gastos iniciales. Afortunadamente, puede utilizar estos recursos locales mientras atraviesa estos tiempos dif\u00edciles.<\/p>\n<h3>Centro m\u00e9dico Denver Health<\/h3>\n<p>Aunque el accidente haya sido leve, debe buscar atenci\u00f3n m\u00e9dica en un hospital como <a href=\"https:\/\/www.denverhealth.org\/?utm_medium=local_listing&amp;utm_source=google&amp;utm_campaign=brand\" target=\"_blank\" rel=\"noopener\">Denver Health<\/a>. Un m\u00e9dico puede identificar lesiones de las que antes no era consciente, lo que puede ayudarle a aumentar la cuant\u00eda de su indemnizaci\u00f3n.<\/p>\n<p><b>Centro m\u00e9dico Denver Health<\/b><br \/>\n777 Bannock St.<br \/>\nDenver, CO 80204<br \/>\n(303) 436-6000<\/p>\n<h3>Fisioterapia Blue Sky Physical Therapy<\/h3>\n<p>Los accidentes de motocicleta pueden provocar lesiones de larga duraci\u00f3n e incluso discapacidades. Programe citas de fisioterapia para lesiones por accidente de veh\u00edculo de motor en <a href=\"https:\/\/blueskypt.com\/\" target=\"_blank\" rel=\"noopener\">Blue Sky Physical Therapy<\/a>.<\/p>\n<p><b>Fisioterapia Blue Sky Physical Therapy<\/b><br \/>\n155 S. Madison St., Suite 303<br \/>\nDenver, CO 80209<br \/>\n(720) 853-2382<\/p>\n<h3>Departamento de Transportes de Colorado<\/h3>\n<p>El <a href=\"https:\/\/www.codot.gov\/\" target=\"_blank\" rel=\"noopener\">Departamento de Transporte de Colorado<\/a> ofrece muchos servicios y recursos a los miembros de la comunidad, como recursos de seguridad, consejos de viaje y proyectos de construcci\u00f3n de carreteras. Visite el CDOT en l\u00ednea o de forma presencial en la oficina de Denver.<\/p>\n<p><b>Departamento de Transportes de Colorado<\/b><br \/>\n2829 W. Howard Pl.<br \/>\nDenver, CO 80204<br \/>\n(303) 759-2368<\/p>\n<h2><b>Abogado especializado en accidentes de motocicleta de Denver, CO<\/b><\/h2>\n<p>En Springs Law Group, entendemos lo dif\u00edcil que puede ser experimentar un accidente de motocicleta. Nuestro objetivo es ayudar a los clientes a lograr los resultados deseados para sus casos.<\/p>\n<p>Estas son algunas de las \u00e1reas en las que estamos especializados:<\/p>\n<ul>\n<li aria-level=\"1\"><a href=\"https:\/\/springslawgroup.com\/es\/abogado-de-accidentes-de-bicicleta-en-colorado-springs\/\">Accidentes de bicicleta<\/a><\/li>\n<li aria-level=\"1\"><a href=\"https:\/\/springslawgroup.com\/es\/abogado-de-accidentes-de-autobus-en-colorado-springs\/\">Accidentes de autob\u00fas<\/a><\/li>\n<li aria-level=\"1\"><a href=\"https:\/\/springslawgroup.com\/es\/colorado-springs-car-accident-lawyer-5\/\">Accidentes automovil\u00edsticos<\/a><\/li>\n<li aria-level=\"1\"><a href=\"https:\/\/springslawgroup.com\/es\/colorado-springs-co-abogado-de-lesiones-catastroficas-ayudando-a-las-victimas-a-buscar-compensacion\/\">Lesiones catastr\u00f3ficas<\/a><\/li>\n<li aria-level=\"1\"><a href=\"https:\/\/springslawgroup.com\/es\/colorado-springs-abogado-de-reclamaciones-de-seguros\/\">Reclamos por indemnizaciones<\/a><\/li>\n<li aria-level=\"1\"><a href=\"https:\/\/springslawgroup.com\/es\/colorado-springs-abogado-de-accidente-de-motocicleta\/\">Accidentes de moto<\/a><\/li>\n<li aria-level=\"1\"><a href=\"https:\/\/springslawgroup.com\/es\/abogado-de-accidente-de-peatones-de-colorado-springs\/\">Accidentes de peatones<\/a><\/li>\n<li aria-level=\"1\"><a href=\"https:\/\/springslawgroup.com\/es\/abogado-de-la-responsabilidad-de-propietarios-en-colorado-springs\/\">Responsabilidad del local<\/a><\/li>\n<li aria-level=\"1\"><a href=\"https:\/\/springslawgroup.com\/es\/colorado-springs-resbalon-y-caida-abogado\/\">Resbalones y ca\u00eddas<\/a><\/li>\n<li aria-level=\"1\"><a href=\"https:\/\/springslawgroup.com\/es\/colorado-springs-abogado-de-accidente-de-camion\/\">Accidentes de camiones<\/a><\/li>\n<li aria-level=\"1\"><a href=\"https:\/\/springslawgroup.com\/es\/colorado-springs-abogado-de-muerte-injusta\/\">Muertes por negligencia<\/a><\/li>\n<\/ul>\n<h2><b>FAQ: Abogado especializado en accidentes de motocicleta de Denver<\/b><\/h2>\n<p><b>\u00bfC\u00f3mo puedo demostrar la culpa en un accidente de motocicleta?<\/b><br \/>\nUsted puede demostrar la culpa aportando pruebas de que el <a href=\"https:\/\/springslawgroup.com\/es\/blog\/determinar-la-culpa-en-un-accidente-automovilistico-de-colorado-springs\/\">otro conductor caus\u00f3 el accidente<\/a>. Las pruebas pueden incluir informes policiales, informes m\u00e9dicos, declaraciones de testigos, fotograf\u00edas y grabaciones de c\u00e1maras de tr\u00e1fico.<\/p>\n<p><b>\u00bfDebo hablar con la compa\u00f1\u00eda de seguros del otro conductor?<\/b><br \/>\nLo mejor es evitar el contacto con la compa\u00f1\u00eda de seguros del otro conductor hasta que tenga el asesoramiento de un abogado. De lo contrario, intentar\u00e1n que usted admita la culpa del accidente. Ni\u00e9guese amablemente a hablar con ellos hasta que haya consultado con su abogado.<\/p>\n<p><b>\u00bfCu\u00e1ndo debo presentar una demanda por accidente de motocicleta?<\/b><br \/>\nEl estatuto de limitaciones para los casos de lesiones personales en Colorado establece dos a\u00f1os, lo que significa que tiene dos a\u00f1os desde que ocurri\u00f3 el accidente para presentar una demanda.<\/p>\n<h2><b>Llame a un abogado especializado en accidentes de motocicleta de Denver<\/b><\/h2>\n<p>Sufrir un accidente de moto puede alterarte la vida. Si usted es v\u00edctima de un accidente de motocicleta con lesiones graves, merece una compensaci\u00f3n econ\u00f3mica por la negligencia de la otra persona. Nuestros abogados expertos en accidentes de motocicleta pueden ayudarle a conseguirlo.<\/p>\n<p>P\u00f3ngase en contacto con <a href=\"https:\/\/springslawgroup.com\/es\/contacto\/\">Springs Law Group<\/a> hoy y programe su consulta gratuita. Tambi\u00e9n puede visitar nuestra oficina en <a href=\"https:\/\/www.google.com\/maps\/place\/Springs+Law+Group\/@38.9666981,-104.7923589,17z\/data=!3m1!4b1!4m5!3m4!1s0x87134e45e0fc206f:0xc7e922112cf9b6ed!8m2!3d38.9666981!4d-104.7923589\" target=\"_blank\" rel=\"noopener\">1880 Office Club Pointe, Suite 200, Colorado Springs, CO 80920<\/a>.<\/p>\n<p><script type=\"application\/ld+json\">\n{\n  \"@context\": \"https:\/\/schema.org\",\n  \"@type\": \"FAQPage\",\n  \"mainEntity\": [{\n    \"@type\": \"Question\",\n    \"name\": \"How do I prove fault in a motorcycle accident?\",\n    \"acceptedAnswer\": {\n      \"@type\": \"Answer\",\n      \"text\": \"You can prove fault by providing evidence that the other driver caused the accident. Evidence can include police reports, medical reports, witnesses\u2019 accounts, pictures, and traffic cam footage.\"\n    }\n  },{\n    \"@type\": \"Question\",\n    \"name\": \"Should I talk to the other driver\u2019s insurance company?\",\n    \"acceptedAnswer\": {\n      \"@type\": \"Answer\",\n      \"text\": \"It\u2019s best practice to avoid talking to the other driver\u2019s insurance company until you have a lawyer. They will try to make you admit fault for the accident. Politely decline to speak to them until you\u2019ve consulted with your attorney.\"\n    }\n  },{\n    \"@type\": \"Question\",\n    \"name\": \"When should I file a motorcycle accident claim?\",\n    \"acceptedAnswer\": {\n      \"@type\": \"Answer\",\n      \"text\": \"The statute of limitations for personal injury cases in Colorado is two years, which means you have two years from when the accident occurred to file a claim.\"\n    }\n  }]\n}\n<\/script><\/p>\n","protected":false},"excerpt":{"rendered":"<p>Siempre le gust\u00f3 la libertad de conducir su motocicleta y, a\u00fan m\u00e1s, de recorrer las calles de Denver. Todo eso&nbsp;<a class=\"moretag\" href=\"https:\/\/springslawgroup.com\/es\/denver-abogado-de-accidente-de-motocicleta\/\"> Read More&#8230;<\/a><\/p>\n","protected":false},"author":32,"featured_media":0,"parent":0,"menu_order":0,"comment_status":"closed","ping_status":"closed","template":"landingpage.php","meta":{"_acf_changed":false,"inline_featured_image":false,"footnotes":""},"categories":[],"tags":[],"class_list":["post-16271","page","type-page","status-publish","hentry"],"acf":{"key_takeaways":null,"_litigation_personal_injury_contents_new":{"_litigation_personal_injury_title_new":"","_litigation_personal_injury_discription_new":"","_litigation_personal_injury_discription_new_copy":"","_litigation_video_url_new":"","add_button":""},"_header_sub_header_content_new":null,"_litigation_frequently_asked_questions_new":null,"lawsuit_updates":null,"_litigation_related_posts_relation":null,"acf-references":""},"_links":{"self":[{"href":"https:\/\/springslawgroup.com\/es\/wp-json\/wp\/v2\/pages\/16271","targetHints":{"allow":["GET"]}}],"collection":[{"href":"https:\/\/springslawgroup.com\/es\/wp-json\/wp\/v2\/pages"}],"about":[{"href":"https:\/\/springslawgroup.com\/es\/wp-json\/wp\/v2\/types\/page"}],"author":[{"embeddable":true,"href":"https:\/\/springslawgroup.com\/es\/wp-json\/wp\/v2\/users\/32"}],"replies":[{"embeddable":true,"href":"https:\/\/springslawgroup.com\/es\/wp-json\/wp\/v2\/comments?post=16271"}],"version-history":[{"count":4,"href":"https:\/\/springslawgroup.com\/es\/wp-json\/wp\/v2\/pages\/16271\/revisions"}],"predecessor-version":[{"id":17730,"href":"https:\/\/springslawgroup.com\/es\/wp-json\/wp\/v2\/pages\/16271\/revisions\/17730"}],"wp:attachment":[{"href":"https:\/\/springslawgroup.com\/es\/wp-json\/wp\/v2\/media?parent=16271"}],"wp:term":[{"taxonomy":"category","embeddable":true,"href":"https:\/\/springslawgroup.com\/es\/wp-json\/wp\/v2\/categories?post=16271"},{"taxonomy":"post_tag","embeddable":true,"href":"https:\/\/springslawgroup.com\/es\/wp-json\/wp\/v2\/tags?post=16271"}],"curies":[{"name":"wp","href":"https:\/\/api.w.org\/{rel}","templated":true}]}}