{"id":16269,"date":"2022-10-19T09:14:23","date_gmt":"2022-10-19T16:14:23","guid":{"rendered":"https:\/\/springs.flywheelstaging.com\/denver-abogado-de-accidente-de-camion\/"},"modified":"2023-09-01T07:11:04","modified_gmt":"2023-09-01T14:11:04","slug":"denver-abogado-de-accidente-de-camion","status":"publish","type":"page","link":"https:\/\/springslawgroup.com\/es\/denver-abogado-de-accidente-de-camion\/","title":{"rendered":"Abogados especializados en accidentes de cami\u00f3n en Denver"},"content":{"rendered":"<p>Mientras conduce por Denver, divisa un cami\u00f3n que se dirige hacia usted, lo cual no parece nada fuera de lo normal en ese momento. Segundos antes de adelantar al cami\u00f3n, se desvi\u00f3 a su carril. No tiene tiempo de reaccionar antes de que usted y el cami\u00f3n colisionen. El impacto podr\u00eda haber sido mucho peor si ambos hubieran conducido m\u00e1s r\u00e1pido, pero, aun as\u00ed, se lesion\u00f3 por el accidente. Llegan los m\u00e9dicos y lo llevan a un hospital cercano. M\u00e1s tarde, la polic\u00eda le dice que el camionero estaba cansado y se qued\u00f3 dormido al volante, lo que provoc\u00f3 el accidente.<\/p>\n<p>Usted agradece que todos los implicados en el accidente est\u00e9n vivos, pero ahora su autom\u00f3vil est\u00e1 destrozado y has sufrido lesiones importantes. \u00bfC\u00f3mo pagar\u00e1s las facturas m\u00e9dicas? \u00bfC\u00f3mo costear\u00e1 un autom\u00f3vil nuevo? Despu\u00e9s de involucrarse en un accidente de cami\u00f3n comercial, necesita llamar a un <a href=\"https:\/\/www.google.com\/maps?cid=14405082340285593325\" target=\"_blank\" rel=\"noopener\">abogado especializado en accidentes de cami\u00f3n de Denver<\/a>. En Springs Law Group, nuestro objetivo es ayudarle a ganar una compensaci\u00f3n justa por sus da\u00f1os. Puede confiar en nosotros.<\/p>\n<p>Llame a Springs Law Group y programe su consulta gratuita con uno de nuestros abogados especializados en accidentes de cami\u00f3n en Denver.<\/p>\n<h2><b>Lesiones comunes en accidentes de cami\u00f3n<\/b><\/h2>\n<p>Las lesiones por accidentes de cami\u00f3n pueden ser devastadoras. Aunque todos los accidentes automovil\u00edsticos son peligrosos, los camiones pesan mucho m\u00e1s que un autom\u00f3vil promedio. Por ejemplo, si un cami\u00f3n vuelca, usted podr\u00eda quedar aplastado por su peso.<\/p>\n<p>Algunas lesiones comunes en accidentes de cami\u00f3n incluyen:<\/p>\n<ul>\n<li aria-level=\"1\"><a href=\"https:\/\/springslawgroup.com\/es\/blog\/tipos-de-lesiones-cerebrales-traumaticas-causadas-por-accidentes-automovilisticos-en-colorado-springs\/\">Lesiones por traumatismo craneoencef\u00e1lico.<\/a><\/li>\n<li aria-level=\"1\">Conmociones cerebrales.<\/li>\n<li aria-level=\"1\">Hemorragia interna.<\/li>\n<li aria-level=\"1\"><a href=\"https:\/\/springslawgroup.com\/es\/blog\/quemaduras-causadas-por-accidentes-automovilisticos-en-colorado-springs\/\">Quemaduras.<\/a><\/li>\n<li aria-level=\"1\">Fracturas.<\/li>\n<li aria-level=\"1\"><a href=\"https:\/\/springslawgroup.com\/es\/blog\/lesiones-medulares-por-accidente-automovilistico-abogado-especializado-en-accidentes-automovilisticos-de-colorado-springs\/\">Lesiones de cuello y espalda<\/a><\/li>\n<li aria-level=\"1\"><a href=\"https:\/\/springslawgroup.com\/es\/blog\/huesos-rotos-por-accidente-automovilistico-en-colorado-springs-puedo-lograr-que-paguen-mis-facturas-medicas\/\">Huesos rotos.<\/a><\/li>\n<\/ul>\n<p>Si se lesion\u00f3 en un accidente de cami\u00f3n, llame a un <a href=\"https:\/\/springslawgroup.com\/es\/colorado-springs-abogado-de-accidente-de-camion\/\">abogado especializado en accidentes de cami\u00f3n en Springs Law Group<\/a>.<\/p>\n<h2><b>Recursos \u00fatiles en Denver<\/b><\/h2>\n<p>Seguir con la vida despu\u00e9s de un accidente puede ser dif\u00edcil. Recuerde que no tiene por qu\u00e9 pasar por esto por su cuenta. Cuenta con la ayuda de muchos recursos locales.<\/p>\n<h3>Hospital Saint Joseph<\/h3>\n<p>Incluso despu\u00e9s de haberse recuperado de la mayor parte de sus lesiones, debe seguir concertando citas con el m\u00e9dico. Un m\u00e9dico puede seguir su evoluci\u00f3n e identificar lesiones que antes pasaba por alto. Visite un centro m\u00e9dico local como el <a href=\"https:\/\/www.sclhealth.org\/locations\/saint-joseph-hospital\/\" target=\"_blank\" rel=\"noopener\">Hospital Saint Joseph<\/a>.<\/p>\n<p><b>Hospital Saint Joseph<\/b><br \/>\n1375 E. 19th Ave.<br \/>\nDenver, CO 80218<br \/>\n(303) 812-2000<\/p>\n<h3>Centro de Asesoramiento Maria Droste<\/h3>\n<p>Los accidentes de cami\u00f3n son incidentes terribles. Usted debe considerar sesiones de asesoramiento si est\u00e1 sufriendo de ansiedad o trauma despu\u00e9s del accidente. El <a href=\"https:\/\/mariadroste.org\/?utm_source=GMB&amp;utm_medium=organic&amp;utm_campaign=local\" target=\"_blank\" rel=\"noopener\">Centro de Asesoramiento Maria Droste<\/a> tiene muchas \u00e1reas de especialidad, incluso el trauma y el TEPT.<\/p>\n<p><b>Centro de Asesoramiento Maria Droste<\/b><br \/>\n1355 S. Colorado Blvd.<br \/>\nDenver, CO 80222<br \/>\n(303) 867-4600<\/p>\n<h3>C\u00e1maras de tr\u00e1fico de Denver<\/h3>\n<p>Las im\u00e1genes de tr\u00e1fico pueden proporcionar pruebas vitales para demostrar la negligencia y la culpa en su caso de accidente de cami\u00f3n. <a href=\"http:\/\/www.jamjumper.com\/index.php?city=denver\" target=\"_blank\" rel=\"noopener\">JamJumper Colorado<\/a> proporciona im\u00e1genes en l\u00ednea de las c\u00e1maras de tr\u00e1fico en Denver.<\/p>\n<h2><b>Abogados especializados en accidentes de cami\u00f3n en Denver, CO<\/b><\/h2>\n<p>En Springs Law Group, reconocemos lo abrumador que es lidiar con el sistema legal. Por eso, estamos aqu\u00ed para ofrecerle apoyo mientras le ayudamos a obtener la indemnizaci\u00f3n que merece.<\/p>\n<p>Nos especializamos en muchas \u00e1reas de pr\u00e1ctica, que incluyen las siguientes:<\/p>\n<ul>\n<li aria-level=\"1\"><a href=\"https:\/\/springslawgroup.com\/es\/abogado-de-accidentes-de-bicicleta-en-colorado-springs\/\">Accidentes de bicicleta<\/a><\/li>\n<li aria-level=\"1\"><a href=\"https:\/\/springslawgroup.com\/es\/abogado-de-accidentes-de-autobus-en-colorado-springs\/\">Accidentes de autob\u00fas<\/a><\/li>\n<li aria-level=\"1\"><a href=\"https:\/\/springslawgroup.com\/es\/colorado-springs-car-accident-lawyer-5\/\">Accidentes automovil\u00edsticos<\/a><\/li>\n<li aria-level=\"1\"><a href=\"https:\/\/springslawgroup.com\/es\/colorado-springs-co-abogado-de-lesiones-catastroficas-ayudando-a-las-victimas-a-buscar-compensacion\/\">Lesiones catastr\u00f3ficas<\/a><\/li>\n<li aria-level=\"1\"><a href=\"https:\/\/springslawgroup.com\/es\/colorado-springs-abogado-de-reclamaciones-de-seguros\/\">Reclamos por indemnizaciones<\/a><\/li>\n<li aria-level=\"1\"><a href=\"https:\/\/springslawgroup.com\/es\/colorado-springs-abogado-de-accidente-de-motocicleta\/\">Accidentes de moto<\/a><\/li>\n<li aria-level=\"1\"><a href=\"https:\/\/springslawgroup.com\/es\/abogado-de-accidente-de-peatones-de-colorado-springs\/\">Accidentes de peatones<\/a><\/li>\n<li aria-level=\"1\"><a href=\"https:\/\/springslawgroup.com\/es\/abogado-de-la-responsabilidad-de-propietarios-en-colorado-springs\/\">Responsabilidad del local<\/a><\/li>\n<li aria-level=\"1\"><a href=\"https:\/\/springslawgroup.com\/es\/colorado-springs-resbalon-y-caida-abogado\/\">Resbalones y ca\u00eddas<\/a><\/li>\n<li aria-level=\"1\"><a href=\"https:\/\/springslawgroup.com\/es\/colorado-springs-abogado-de-accidente-de-camion\/\">Accidentes de camiones<\/a><\/li>\n<li aria-level=\"1\"><a href=\"https:\/\/springslawgroup.com\/es\/colorado-springs-abogado-de-muerte-injusta\/\">Muertes por negligencia<\/a><\/li>\n<\/ul>\n<h2><b>FAQ: Accidentes de cami\u00f3n en Denver<\/b><\/h2>\n<p><b>\u00bfTendr\u00e9 que ir a juicio por mi caso?<\/b><br \/>\nLa mayor\u00eda de los casos de lesiones personales se resuelven antes de ir a juicio, por lo que resolver su demanda por accidente de cami\u00f3n puede ahorrar tiempo y dinero a ambas partes. Sin embargo, es probable que deba acudir a los tribunales si su abogado y la compa\u00f1\u00eda de seguros de la parte culpable no llegan a un acuerdo.<\/p>\n<p><b>\u00bfCu\u00e1nto tardar\u00e1 en resolverse mi caso?<\/b><br \/>\nLos casos de accidentes de cami\u00f3n son todos diferentes, por lo que es dif\u00edcil determinar cu\u00e1nto tiempo tardar\u00e1 en resolvers su caso espec\u00edfico. Si llega a un acuerdo sin acudir a los tribunales, la resoluci\u00f3n de su caso no llevar\u00e1 tanto tiempo. Otro factor es el cumplimiento o no de la otra compa\u00f1\u00eda de seguros con su abogado.<\/p>\n<p><b>\u00bfQui\u00e9n puede considerarse responsable de un accidente de cami\u00f3n?<\/b><br \/>\nLos camioneros y las empresas de transporte por carretera pueden considerarse responsables de los accidentes. Otras personas tambi\u00e9n pueden responsabilizarse del accidente. Un inspector del sector del transporte por carretera podr\u00eda responsabilizarse si se produce un accidente debido a la falta de una pieza.<\/p>\n<h2><b>Abogados especializados en accidentes de cami\u00f3n en Denver<\/b><\/h2>\n<p>En Springs Law Group, gestionaremos su demanda por accidente de cami\u00f3n para asegurarnos de que reciba la compensaci\u00f3n que se merece. Puede confiar en un abogado con experiencia en accidentes de cami\u00f3n de nuestro estudio para ayudarle a alcanzar el resultado deseado en su caso.<\/p>\n<p>Si usted experiment\u00f3 un accidente de cami\u00f3n en Denver, llame a un abogado de accidentes de cami\u00f3n de <a href=\"https:\/\/springslawgroup.com\/es\/contacto\/\">Springs Law Group<\/a> hoy. Tambi\u00e9n puede visitar nuestra oficina en <a href=\"https:\/\/www.google.com\/maps\/place\/Springs+Law+Group\/@38.9666981,-104.7923589,17z\/data=!3m1!4b1!4m5!3m4!1s0x87134e45e0fc206f:0xc7e922112cf9b6ed!8m2!3d38.9666981!4d-104.7923589\" target=\"_blank\" rel=\"noopener\">1880 Office Club Pointe, Suite 200, Colorado Springs, CO 80920<\/a>.<\/p>\n","protected":false},"excerpt":{"rendered":"<p>Mientras conduce por Denver, divisa un cami\u00f3n que se dirige hacia usted, lo cual no parece nada fuera de lo&nbsp;<a class=\"moretag\" href=\"https:\/\/springslawgroup.com\/es\/denver-abogado-de-accidente-de-camion\/\"> Read More&#8230;<\/a><\/p>\n","protected":false},"author":32,"featured_media":0,"parent":0,"menu_order":0,"comment_status":"closed","ping_status":"closed","template":"landingpage.php","meta":{"_acf_changed":false,"inline_featured_image":false,"footnotes":""},"categories":[],"tags":[],"class_list":["post-16269","page","type-page","status-publish","hentry"],"acf":{"key_takeaways":null,"_litigation_personal_injury_contents_new":{"_litigation_personal_injury_title_new":"","_litigation_personal_injury_discription_new":"","_litigation_personal_injury_discription_new_copy":"","_litigation_video_url_new":"","add_button":""},"_header_sub_header_content_new":null,"_litigation_frequently_asked_questions_new":null,"lawsuit_updates":null,"_litigation_related_posts_relation":null,"acf-references":""},"_links":{"self":[{"href":"https:\/\/springslawgroup.com\/es\/wp-json\/wp\/v2\/pages\/16269","targetHints":{"allow":["GET"]}}],"collection":[{"href":"https:\/\/springslawgroup.com\/es\/wp-json\/wp\/v2\/pages"}],"about":[{"href":"https:\/\/springslawgroup.com\/es\/wp-json\/wp\/v2\/types\/page"}],"author":[{"embeddable":true,"href":"https:\/\/springslawgroup.com\/es\/wp-json\/wp\/v2\/users\/32"}],"replies":[{"embeddable":true,"href":"https:\/\/springslawgroup.com\/es\/wp-json\/wp\/v2\/comments?post=16269"}],"version-history":[{"count":5,"href":"https:\/\/springslawgroup.com\/es\/wp-json\/wp\/v2\/pages\/16269\/revisions"}],"predecessor-version":[{"id":17729,"href":"https:\/\/springslawgroup.com\/es\/wp-json\/wp\/v2\/pages\/16269\/revisions\/17729"}],"wp:attachment":[{"href":"https:\/\/springslawgroup.com\/es\/wp-json\/wp\/v2\/media?parent=16269"}],"wp:term":[{"taxonomy":"category","embeddable":true,"href":"https:\/\/springslawgroup.com\/es\/wp-json\/wp\/v2\/categories?post=16269"},{"taxonomy":"post_tag","embeddable":true,"href":"https:\/\/springslawgroup.com\/es\/wp-json\/wp\/v2\/tags?post=16269"}],"curies":[{"name":"wp","href":"https:\/\/api.w.org\/{rel}","templated":true}]}}