{"id":16265,"date":"2023-03-21T09:05:44","date_gmt":"2023-03-21T16:05:44","guid":{"rendered":"https:\/\/springs.flywheelstaging.com\/reclamacion-progresiva-por-lesiones-su-guia-para-obtener-la-maxima-indemnizacion\/"},"modified":"2023-10-20T14:07:15","modified_gmt":"2023-10-20T21:07:15","slug":"reclamacion-progresiva-por-lesiones-su-guia-para-obtener-la-maxima-indemnizacion","status":"publish","type":"page","link":"https:\/\/springslawgroup.com\/es\/colorado-springs-abogados-de-reclamacion-de-seguros\/reclamacion-progresiva-por-lesiones-su-guia-para-obtener-la-maxima-indemnizacion\/","title":{"rendered":"Demanda por Lesiones en Porgressive: Su Gu\u00eda para Obtener la M\u00e1xima Indemnizaci\u00f3n"},"content":{"rendered":"<p>Cuando se trata de seguros de coche, Progressive es un nombre muy conocido. Desde sus extravagantes anuncios protagonizados por Flo hasta su aplicaci\u00f3n m\u00f3vil de f\u00e1cil uso, la empresa se ha forjado una reputaci\u00f3n de estar centrada en el cliente.<\/p>\n<p>Sin embargo, cuando se trata de pagar <a href=\"https:\/\/springslawgroup.com\/es\/colorado-springs-abogado-de-reclamaciones-de-seguros\/\">demandas por lesiones<\/a>, Progressive puede no ser tan amigable como parece. Progressive y otros gigantes de los seguros est\u00e1n en el negocio de obtener beneficios, y para usted, esto puede significar que le paguen poco o nada por las lesiones que sufri\u00f3 en un accidente que no fue culpa suya.<\/p>\n<p>As\u00ed que, cuando se ha lesionado y tiene una demanda en Progressive, \u00bfC\u00f3mo puede asegurarse de que no le den gato por liebre?<\/p>\n<p>En <a href=\"https:\/\/springslawgroup.com\/es\/\">Springs Law Group<\/a>, hemos elaborado una gu\u00eda para guiarlo a trav\u00e9s del proceso de reclamos a Progressive y c\u00f3mo puede obtener ayuda. Esto es todo lo que debe saber.<\/p>\n<h2><span style=\"font-weight: 800;\">Qu\u00e9 Esperar al Tramitar una Demanda por Lesiones en Progressive<\/span><\/h2>\n<p>Ya sea que est\u00e9 presentando una demanda por lesiones de primera o tercera parte despu\u00e9s de su accidente, Progressive hace que sea bastante f\u00e1cil hacerlo. Pero en el proceso siguiente es donde mucha gente tropieza y pierde miles de d\u00f3lares.<\/p>\n<p>Pero si sabe qu\u00e9 buscar, puede ahorrarse problemas.<\/p>\n<p>Si se enfrenta a una demanda por lesiones en Progressive, esto es lo que puede esperar:<\/p>\n<ul>\n<li><strong>Querr\u00e1n que hagas <a href=\"https:\/\/springslawgroup.com\/es\/blog\/debe-prestar-declaracion-grabada-a-la-compania-de-seguros-por-su-accidente-de-transito\/\">una declaraci\u00f3n grabada<\/a><\/strong> sobre el accidente para que digas algo que perjudique tu caso.<\/li>\n<li><strong>Querr\u00e1n que firmes una autorizaci\u00f3n m\u00e9dica<\/strong> que les d\u00e9 acceso a tu historial m\u00e9dico de toda la vida.<\/li>\n<li><strong>Investigar\u00e1n tu accidente<\/strong> para intentar encontrar todo lo posible para denegarte o reducirte la indemnizaci\u00f3n<\/li>\n<li><strong>Te har\u00e1n una oferta de acuerdo<\/strong> y tratar\u00e1n de convencerte de que es lo mejor que puedes conseguir<\/li>\n<\/ul>\n<p>Cuando hay dinero en juego, la compa\u00f1\u00eda de seguros intentar\u00e1 arrinconarle. Quieren que sientas que tienes opciones limitadas.<\/p>\n<p>Saben que est\u00e1s lesionado, que tienes facturas m\u00e9dicas y que puede que andes corto de dinero. Se aprovechar\u00e1n de ello y ofrecer\u00e1n un acuerdo r\u00e1pido e injusto.<\/p>\n<p>Pero no vas a darles la satisfacci\u00f3n.<\/p>\n<p>En su lugar, va a proteger tus derechos y jugar el juego de seguros para obtener la mayor cantidad de dinero de su liquidaci\u00f3n. Veamos c\u00f3mo puede proteger su derecho a una indemnizaci\u00f3n.<\/p>\n<h2><b>Preparar con \u00c9xito una Demanda por Lesiones: C\u00f3mo Proteger su Derecho a una Indemnizaci\u00f3n<\/b><\/h2>\n<p>El reloj empieza a correr en tu demanda al seguro en cuanto te atropellan y resultas herido.<\/p>\n<p>Una vez que la compa\u00f1\u00eda de seguros se entere de su accidente, querr\u00e1 llegar a un acuerdo r\u00e1pidamente y por debajo del presupuesto.<\/p>\n<p>As\u00ed puedes proteger tus derechos a indemnizaci\u00f3n<\/p>\n<ol>\n<li><strong>Busque atenci\u00f3n m\u00e9dica<\/strong> inmediatamente. Tendr\u00e1s que demostrar que te hirieron.<\/li>\n<li>Si puedes, <strong><a href=\"https:\/\/springslawgroup.com\/es\/blog\/cinco-tipos-de-pruebas-que-puede-recolectar\/\">consigue pruebas de la escena<\/a><\/strong>. Esto contribuir\u00e1 en gran medida a demostrar su inocencia.<\/li>\n<li><strong>Lleve un registro detallado<\/strong> de todo lo que ocurre.<\/li>\n<li><strong>Consigue una copia del informe policial<\/strong>.<\/li>\n<li><strong>No admitas la culpa<\/strong> del accidente ni te muestres culpable.<\/li>\n<li>No hagas <strong>una declaraci\u00f3n grabada<\/strong> a la compa\u00f1\u00eda de seguros.<\/li>\n<li><strong>Llame a un abogado de lesiones<\/strong> personales.<\/li>\n<\/ol>\n<p>La aseguradora apuesta por el hecho de que no sabes lo que haces.<\/p>\n<p>Demu\u00e9streles que est\u00e1n equivocados: involucre a un <a href=\"https:\/\/springslawgroup.com\/es\/abogado-de-lesiones-personales-en-colorado-springs\/\">abogado de lesiones personales de Colorado Springs<\/a> desde el principio.<\/p>\n<h2><b>No tan r\u00e1pido &#8211; Por Qu\u00e9 Debe Llamar a un Abogado ANTES de Hablar con la Compa\u00f1\u00eda de Seguros<\/b><\/h2>\n<p>Progressive es un gigante de los seguros que factura miles de millones al a\u00f1o.<\/p>\n<p>Para mantener esos ingresos, cobran lo m\u00e1ximo posible a los clientes y pagan lo menos posible por los siniestros. Y tienen todo un equipo de ajustadores de seguros cuyo \u00fanico prop\u00f3sito es hacer esto.<\/p>\n<p>Para ellos, no eres m\u00e1s que otro n\u00famero de reclamo, y puedes esperar que te traten como tal, utilizando todos los trucos del libro para pagarte a c\u00e9ntimos.<\/p>\n<p>Esto no es m\u00e1s que el juego de los seguros; ha sido as\u00ed mucho antes de que llegara tu demanda y ser\u00e1 as\u00ed durante a\u00f1os. La mejor manera de protegerse es consultar a un abogado de lesiones personales que sepa lo que hace.<\/p>\n<p>En Springs Law Group, sabemos c\u00f3mo negociar con los ajustadores y los proveedores m\u00e9dicos en su nombre para obtener la m\u00e1xima compensaci\u00f3n y mantener m\u00e1s dinero en su bolsillo.<\/p>\n<p>Porque cuando la negligencia de otra persona le ha lesionado, sabemos que un poco puede llegar muy lejos.<\/p>\n<p>P\u00f3ngase <a href=\"https:\/\/springslawgroup.com\/es\/contacto\/\">en contacto con nuestros abogados<\/a> para reservar su consulta gratuita hoy mismo.<\/p>\n<h2><b>FAQ: Demandas a Progressive Insurance<\/b><\/h2>\n<p><b>\u00bfC\u00f3mo presento una demanda por lesiones con Progressive?<\/b><\/p>\n<p>Para presentar una demanda por lesiones con Progressive, puede ponerse en contacto con su departamento de reclamos directamente o presentar una demanda en l\u00ednea a trav\u00e9s de su sitio web. Es importante disponer de toda la informaci\u00f3n pertinente sobre el accidente y las lesiones, incluida la documentaci\u00f3n m\u00e9dica.<\/p>\n<p><b>\u00bfQu\u00e9 tipo de indemnizaci\u00f3n puedo esperar de Progressive por mi reclamo por lesiones?<\/b><\/p>\n<p>El importe de la indemnizaci\u00f3n que puede recibir de Progressive por su reclamo por lesiones depender\u00e1 de la gravedad de su lesi\u00f3n, los gastos m\u00e9dicos, <a href=\"https:\/\/springslawgroup.com\/es\/blog\/como-demuestro-el-lucro-cesante-futuro-en-un-caso-de-lesiones-personales\/\">los salarios perdidos<\/a> y otros factores relacionados. Nuestros experimentados abogados pueden ayudarle en este proceso y asegurarse de que recibe la m\u00e1xima indemnizaci\u00f3n posible.<\/p>\n<p><b>\u00bfNecesito un abogado para presentar una demanda por lesiones con Progressive?<\/b><\/p>\n<p>Aunque usted no est\u00e1 obligado a contratar a un abogado para presentar una demanda por lesiones con Progressive, es muy recomendable. Nuestro equipo jur\u00eddico puede ayudarle en el complejo proceso de presentar una demanda, tratar con los peritos de seguros y negociar la indemnizaci\u00f3n que merece.<\/p>\n<p><b>\u00bfQu\u00e9 pasa si Progressive rechaza mi demanda por lesiones?<\/b><\/p>\n<p>Si Progressive deniega su demanda por lesiones, nuestro equipo legal puede ayudarle a presentar una apelaci\u00f3n y luchar por sus derechos. Tenemos un historial probado de \u00e9xito en la apelaci\u00f3n de demandas denegadas y en ayudar a nuestros clientes a obtener la indemnizaci\u00f3n que merecen.<\/p>\n<h2><b>Obtenga la Indemnizaci\u00f3n que Merece. Llame a Springs Law Group. <\/b><\/h2>\n<p>Si ha sufrido lesiones en un accidente, lo \u00faltimo que quiere es lidiar con el estr\u00e9s y las molestias de los reclamos al seguro. Ah\u00ed es donde entramos nosotros.<\/p>\n<p>En Springs Law Group, nuestro equipo de abogados expertos en lesiones personales puede quitarle la carga de encima y ayudarle a obtener la indemnizaci\u00f3n que merece. Entendemos lo dif\u00edcil que puede ser navegar por el sistema legal, por lo que estaremos con usted en cada paso del camino.<\/p>\n<p>Ya se trate de un <a href=\"https:\/\/springslawgroup.com\/es\/colorado-springs-car-accident-lawyer-5\/\">accidente de coche<\/a>, <a href=\"https:\/\/springslawgroup.com\/es\/colorado-springs-resbalon-y-caida-abogado\/\">resbal\u00f3n y ca\u00edda<\/a>, u otro caso de lesiones, podemos ayudar.<\/p>\n<p>No sufra en silencio: reserve <a href=\"https:\/\/springslawgroup.com\/es\/contacto\/\">hoy mismo una consulta GRATUITA<\/a> para averiguar c\u00f3mo podemos ayudarle.<\/p>\n<p><script type=\"application\/ld+json\">\n{\n  \"@context\": \"https:\/\/schema.org\",\n  \"@type\": \"FAQPage\",\n  \"mainEntity\": [{\n    \"@type\": \"Question\",\n    \"name\": \"How do I file an injury claim with Progressive?\",\n    \"acceptedAnswer\": {\n      \"@type\": \"Answer\",\n      \"text\": \"To file an injury claim with Progressive, you can either contact their claims department directly or file a claim online through their website. It's important to have all the relevant information regarding the accident and injury, including any medical documentation.\"\n    }\n  },{\n    \"@type\": \"Question\",\n    \"name\": \"What kind of compensation can I expect from Progressive for my injury claim?\",\n    \"acceptedAnswer\": {\n      \"@type\": \"Answer\",\n      \"text\": \"The amount of compensation you can receive from Progressive for your injury claim will depend on the severity of your injury, medical expenses, lost wages, and other related factors. Our experienced attorneys can help you navigate this process and ensure you receive the maximum compensation possible.\"\n    }\n  },{\n    \"@type\": \"Question\",\n    \"name\": \"Do I need a lawyer to file an injury claim with Progressive?\",\n    \"acceptedAnswer\": {\n      \"@type\": \"Answer\",\n      \"text\": \"While you're not required to hire a lawyer to file an injury claim with Progressive, it's highly recommended. Our legal team can help you navigate the complex process of filing a claim, dealing with insurance adjusters, and negotiating for the compensation you deserve.\"\n    }\n  },{\n    \"@type\": \"Question\",\n    \"name\": \"What if Progressive denies my injury claim?\",\n    \"acceptedAnswer\": {\n      \"@type\": \"Answer\",\n      \"text\": \"If Progressive denies your injury claim, our legal team can help you file an appeal and fight for your rights. We have a proven track record of success in appealing denied claims and helping our clients get the compensation they deserve.\"\n    }\n  }]\n}\n<\/script><\/p>\n","protected":false},"excerpt":{"rendered":"<p>Cuando se trata de seguros de coche, Progressive es un nombre muy conocido. Desde sus extravagantes anuncios protagonizados por Flo&nbsp;<a class=\"moretag\" href=\"https:\/\/springslawgroup.com\/es\/colorado-springs-abogados-de-reclamacion-de-seguros\/reclamacion-progresiva-por-lesiones-su-guia-para-obtener-la-maxima-indemnizacion\/\"> Read More&#8230;<\/a><\/p>\n","protected":false},"author":32,"featured_media":0,"parent":16263,"menu_order":0,"comment_status":"closed","ping_status":"closed","template":"landingpage.php","meta":{"_acf_changed":false,"inline_featured_image":false,"footnotes":""},"categories":[],"tags":[],"class_list":["post-16265","page","type-page","status-publish","hentry"],"acf":{"key_takeaways":null,"_litigation_personal_injury_contents_new":{"_litigation_personal_injury_title_new":"","_litigation_personal_injury_discription_new":"","_litigation_personal_injury_discription_new_copy":"","_litigation_video_url_new":"","add_button":""},"_header_sub_header_content_new":null,"_litigation_frequently_asked_questions_new":null,"lawsuit_updates":null,"_litigation_related_posts_relation":null,"acf-references":""},"_links":{"self":[{"href":"https:\/\/springslawgroup.com\/es\/wp-json\/wp\/v2\/pages\/16265","targetHints":{"allow":["GET"]}}],"collection":[{"href":"https:\/\/springslawgroup.com\/es\/wp-json\/wp\/v2\/pages"}],"about":[{"href":"https:\/\/springslawgroup.com\/es\/wp-json\/wp\/v2\/types\/page"}],"author":[{"embeddable":true,"href":"https:\/\/springslawgroup.com\/es\/wp-json\/wp\/v2\/users\/32"}],"replies":[{"embeddable":true,"href":"https:\/\/springslawgroup.com\/es\/wp-json\/wp\/v2\/comments?post=16265"}],"version-history":[{"count":3,"href":"https:\/\/springslawgroup.com\/es\/wp-json\/wp\/v2\/pages\/16265\/revisions"}],"predecessor-version":[{"id":18037,"href":"https:\/\/springslawgroup.com\/es\/wp-json\/wp\/v2\/pages\/16265\/revisions\/18037"}],"up":[{"embeddable":true,"href":"https:\/\/springslawgroup.com\/es\/wp-json\/wp\/v2\/pages\/16263"}],"wp:attachment":[{"href":"https:\/\/springslawgroup.com\/es\/wp-json\/wp\/v2\/media?parent=16265"}],"wp:term":[{"taxonomy":"category","embeddable":true,"href":"https:\/\/springslawgroup.com\/es\/wp-json\/wp\/v2\/categories?post=16265"},{"taxonomy":"post_tag","embeddable":true,"href":"https:\/\/springslawgroup.com\/es\/wp-json\/wp\/v2\/tags?post=16265"}],"curies":[{"name":"wp","href":"https:\/\/api.w.org\/{rel}","templated":true}]}}