{"id":16264,"date":"2023-03-21T09:09:58","date_gmt":"2023-03-21T16:09:58","guid":{"rendered":"https:\/\/springs.flywheelstaging.com\/reclamacion-por-lesiones-de-geico-su-guia-para-obtener-la-maxima-indemnizacion\/"},"modified":"2023-10-20T14:09:00","modified_gmt":"2023-10-20T21:09:00","slug":"reclamacion-por-lesiones-de-geico-su-guia-para-obtener-la-maxima-indemnizacion","status":"publish","type":"page","link":"https:\/\/springslawgroup.com\/es\/colorado-springs-abogados-de-reclamacion-de-seguros\/reclamacion-por-lesiones-de-geico-su-guia-para-obtener-la-maxima-indemnizacion\/","title":{"rendered":"Demanda por Lesiones en Geico: Su Gu\u00eda para Obtener la M\u00e1xima Indemnizaci\u00f3n"},"content":{"rendered":"<p>Si usted ha resultado lesionado en un accidente de coche, navegar por el seguro y los procesos legales puede ser abrumador, especialmente cuando usted est\u00e1 presentando una demanda por lesiones a trav\u00e9s de Geico.<\/p>\n<p>Las grandes compa\u00f1\u00edas de seguros como Geico intentan minimizar o denegar las demandas para llenarse los bolsillos. Nuestros abogados experimentados se enfrentar\u00e1n a Geico para ayudarle a recibir la m\u00e1xima compensaci\u00f3n por sus lesiones.<\/p>\n<p>Esta gu\u00eda le proporcionar\u00e1 informaci\u00f3n y recursos valiosos para ayudarle a lo largo del <a href=\"https:\/\/springslawgroup.com\/es\/colorado-springs-abogado-de-reclamaciones-de-seguros\/\">proceso de reclamo<\/a>. Desde la comprensi\u00f3n de sus derechos y opciones para negociar con las compa\u00f1\u00edas de seguros, <a href=\"https:\/\/springslawgroup.com\/es\/\">Springs Law Group<\/a> est\u00e1 aqu\u00ed para ayudarle en cada paso del camino.<\/p>\n<h2><b>Qu\u00e9 Esperar Cuando se Maneja una Demanda por Lesiones en Geico<\/b><\/h2>\n<p>Cuando se trata de una demanda por lesiones a trav\u00e9s de Geico, esto es lo que puede esperar:<\/p>\n<ul>\n<li><strong>Recopilaci\u00f3n y suministro de documentaci\u00f3n<\/strong>, como historiales m\u00e9dicos e informes de accidentes.<\/li>\n<li><strong>Comunicarse con representantes de Geico<\/strong> que pueden pedirle una declaraci\u00f3n grabada<\/li>\n<li><strong>Negociar con Geico<\/strong> para recibir compensaci\u00f3n por sus lesiones<\/li>\n<li><strong>Comprender que el objetivo de Geico es resolver las demandas por la cantidad m\u00e1s baja posible.<\/strong><\/li>\n<li>Posibilidad de interponer <strong>una demanda<\/strong> si las negociaciones no tienen \u00e9xito.<\/li>\n<\/ul>\n<p>Con la ayuda de abogados experimentados en Springs Law Group, usted puede esperar tener un equipo dedicado a su lado durante todo el proceso. Nuestros abogados le ayudar\u00e1n a navegar por las complejidades del sistema legal y trabajar sin descanso para asegurarse de que usted reciba la m\u00e1xima compensaci\u00f3n por sus lesiones.<\/p>\n<h2><b>Preparar con \u00c9xito una Demanda por Lesiones: C\u00f3mo Proteger su Derecho a una Indemnizaci\u00f3n<\/b><\/h2>\n<p>Preparar con \u00e9xito una demanda por lesiones requiere atenci\u00f3n al detalle y minuciosidad. He aqu\u00ed algunas medidas que puede tomar para proteger su derecho a indemnizaci\u00f3n:<\/p>\n<ul>\n<li><strong>Busque atenci\u00f3n m\u00e9dica<\/strong> inmediatamente despu\u00e9s de la lesi\u00f3n y siga todos los tratamientos prescritos.<\/li>\n<li><strong>Documente los detalles<\/strong> del accidente, incluyendo la toma de fotograf\u00edas y la obtenci\u00f3n de declaraciones de testigos si es posible.<\/li>\n<li><strong>Lleve un registro<\/strong> de todos los gastos relacionados con su lesi\u00f3n, incluidas las facturas m\u00e9dicas, los salarios perdidos y los da\u00f1os materiales.<\/li>\n<li><strong>No hable con los peritos de seguros<\/strong> ni firme ning\u00fan documento sin consultar antes con un abogado experto en lesiones personales.<\/li>\n<li><strong>P\u00f3ngase en contacto con un bufete de abogados especializado en lesiones<\/strong> personales, como Springs Law Group, lo antes posible para proteger sus derechos y recibir orientaci\u00f3n durante todo el proceso de reclamo.<\/li>\n<\/ul>\n<p>Tomando estas medidas y trabajando con abogados experimentados, puede aumentar sus posibilidades de recibir la m\u00e1xima indemnizaci\u00f3n que merece por sus lesiones. Springs Law Group est\u00e1 aqu\u00ed para ayudarle en cada paso del proceso de demanda y para proteger sus derechos.<\/p>\n<h2><b>No tan r\u00e1pido &#8211; Por Qu\u00e9 Debe Llamar a un Abogado ANTES de Hablar con la Compa\u00f1\u00eda de Seguros<\/b><\/h2>\n<p>Si ha sufrido lesiones en un accidente, es importante que sepa que las compa\u00f1\u00edas de seguros no est\u00e1n de su parte. Su principal objetivo es pagar lo menos posible en demandas, y pueden utilizar t\u00e1cticas para socavar su caso o conseguir que acepte una oferta de acuerdo baja. Por eso es importante llamar a un abogado de Springs Law Group antes de hablar con la compa\u00f1\u00eda de seguros.<\/p>\n<p>Nuestros abogados experimentados entienden las estrategias utilizadas por las compa\u00f1\u00edas de seguros y pueden ayudarle a navegar el proceso de demandas para proteger sus derechos y maximizar su compensaci\u00f3n. Podemos encargarnos de toda la comunicaci\u00f3n con la compa\u00f1\u00eda de seguros en su nombre y asegurarnos de que usted no diga o haga inadvertidamente nada que pueda perjudicar su caso.<\/p>\n<p>Al trabajar con un abogado de Springs Law Group, puede nivelar el campo de juego y aumentar sus posibilidades de recibir la compensaci\u00f3n completa y justa que se merece por sus lesiones. No espere a llamarnos: p\u00f3ngase en contacto con nosotros hoy mismo para <a href=\"https:\/\/springslawgroup.com\/es\/blog\/que-esperar-en-una-consulta-por-lesiones-personales\/\">programar una consulta gratuita<\/a>.<\/p>\n<h2><b>FAQ: Reclamo de Seguros a Geico<\/b><\/h2>\n<p><b>\u00bfQu\u00e9 debo hacer si Geico niega mi reclamo por lesiones?<\/b><\/p>\n<p>Si Geico niega su reclamo por lesiones, es importante hablar con un abogado con experiencia en lesiones personales que puede revisar los detalles de su caso y determinar si hay motivos para una apelaci\u00f3n o demanda. Nuestros abogados en Springs Law Group pueden ayudarle a entender sus opciones y tomar las medidas adecuadas para proteger sus derechos y obtener una compensaci\u00f3n justa.<\/p>\n<p><b>\u00bfCu\u00e1nto tiempo se tarda normalmente para resolver una demanda por lesiones en Geico?<\/b><\/p>\n<p>El tiempo que se tarda en resolver una demanda por lesiones de Geico var\u00eda dependiendo de los detalles de su caso. Algunas demandas pueden resolverse r\u00e1pidamente mediante <a href=\"https:\/\/springslawgroup.com\/es\/do-i-have-to-pay-back-my-insurance-2\/\">negociaciones con la compa\u00f1\u00eda de seguros<\/a>, mientras que otras pueden requerir un pleito y tardar varios meses o incluso a\u00f1os en resolverse. Nuestros abogados pueden facilitarle una estimaci\u00f3n del tiempo que puede durar su reclamo en funci\u00f3n de sus circunstancias espec\u00edficas.<\/p>\n<p><b>\u00bfTodav\u00eda puedo seguir una demanda por lesiones personales si ya he aceptado una oferta de liquidaci\u00f3n de Geico?<\/b><\/p>\n<p>Si usted ya ha aceptado una oferta de liquidaci\u00f3n de Geico, puede ser dif\u00edcil seguir adelante con la acci\u00f3n legal. Sin embargo, es posible que la oferta de acuerdo fuera inadecuada o que haya salido a la luz nueva informaci\u00f3n desde que se hizo la oferta. Nuestros abogados pueden revisar los detalles de su caso para determinar si hay opciones para perseguir una mayor compensaci\u00f3n a trav\u00e9s de una demanda por lesiones personales.<\/p>\n<h2><b>Obtenga la Indemnizaci\u00f3n que Merece. Llame a Springs Law Group.<\/b><\/h2>\n<p>En Springs Law Group, entendemos el impacto que una lesi\u00f3n puede tener en su vida. Es por eso que estamos comprometidos a ayudarle a recibir la m\u00e1xima compensaci\u00f3n que se merece por sus lesiones en una demanda por lesiones a trav\u00e9s de Geico. Nuestros experimentados abogados luchar\u00e1n incansablemente en su nombre para proteger sus derechos y garantizar que reciba una compensaci\u00f3n justa por sus gastos m\u00e9dicos, salarios perdidos, dolor y sufrimiento, y otros da\u00f1os.<\/p>\n<p>Entendemos las t\u00e1cticas utilizadas por Geico y trabajaremos para asegurar que su caso est\u00e1 totalmente preparado y presentado de la mejor manera posible. Nos encargaremos de toda la comunicaci\u00f3n con la compa\u00f1\u00eda de seguros en su nombre y le mantendremos informado en cada paso del proceso de reclamo.<\/p>\n<p>Si usted ha resultado lesionado en un accidente, no espere para tomar acci\u00f3n. <a href=\"https:\/\/springslawgroup.com\/es\/contacto\/\">P\u00f3ngase en contacto con Springs Law Group<\/a> hoy para programar una consulta gratuita con uno de nuestros abogados experimentados. Le ayudaremos a entender sus opciones legales y a desarrollar una estrategia para conseguirle la compensaci\u00f3n m\u00e1xima posible para su demanda de lesi\u00f3n de Geico.<\/p>\n<p><script type=\"application\/ld+json\">\n{\n  \"@context\": \"https:\/\/schema.org\",\n  \"@type\": \"FAQPage\",\n  \"mainEntity\": [{\n    \"@type\": \"Question\",\n    \"name\": \"What should I do if Geico denies my injury claim?\",\n    \"acceptedAnswer\": {\n      \"@type\": \"Answer\",\n      \"text\": \"If Geico denies your injury claim, it's important to speak with an experienced personal injury attorney who can review the details of your case and determine if there are grounds for an appeal or lawsuit. Our attorneys at Springs Law Group can help you understand your options and take appropriate action to protect your rights and pursue fair compensation.\"\n    }\n  },{\n    \"@type\": \"Question\",\n    \"name\": \"How long does it typically take to settle a Geico injury claim?\",\n    \"acceptedAnswer\": {\n      \"@type\": \"Answer\",\n      \"text\": \"The length of time it takes to settle a Geico injury claim varies depending on the details of your case. Some claims may be resolved quickly through negotiations with the insurance company, while others may require a lawsuit and can take several months or even years to resolve. Our attorneys can provide you with an estimate of how long your claim may take based on your specific circumstance.\"\n    }\n  },{\n    \"@type\": \"Question\",\n    \"name\": \"Can I still pursue a personal injury lawsuit if I've already accepted a settlement offer from Geico?\",\n    \"acceptedAnswer\": {\n      \"@type\": \"Answer\",\n      \"text\": \"If you've already accepted a settlement offer from Geico, it may be difficult to pursue further legal action. However, it's possible that the settlement offer was inadequate or that new information has come to light since the offer was made. Our attorneys can review the details of your case to determine if there are options for pursuing further compensation through a personal injury lawsuit.\"\n    }\n  }]\n}\n<\/script><\/p>\n","protected":false},"excerpt":{"rendered":"<p>Si usted ha resultado lesionado en un accidente de coche, navegar por el seguro y los procesos legales puede ser&nbsp;<a class=\"moretag\" href=\"https:\/\/springslawgroup.com\/es\/colorado-springs-abogados-de-reclamacion-de-seguros\/reclamacion-por-lesiones-de-geico-su-guia-para-obtener-la-maxima-indemnizacion\/\"> Read More&#8230;<\/a><\/p>\n","protected":false},"author":32,"featured_media":0,"parent":16263,"menu_order":0,"comment_status":"closed","ping_status":"closed","template":"landingpage.php","meta":{"_acf_changed":false,"inline_featured_image":false,"footnotes":""},"categories":[],"tags":[],"class_list":["post-16264","page","type-page","status-publish","hentry"],"acf":{"key_takeaways":null,"_litigation_personal_injury_contents_new":{"_litigation_personal_injury_title_new":"","_litigation_personal_injury_discription_new":"","_litigation_personal_injury_discription_new_copy":"","_litigation_video_url_new":"","add_button":""},"_header_sub_header_content_new":null,"_litigation_frequently_asked_questions_new":null,"lawsuit_updates":null,"_litigation_related_posts_relation":null,"acf-references":""},"_links":{"self":[{"href":"https:\/\/springslawgroup.com\/es\/wp-json\/wp\/v2\/pages\/16264","targetHints":{"allow":["GET"]}}],"collection":[{"href":"https:\/\/springslawgroup.com\/es\/wp-json\/wp\/v2\/pages"}],"about":[{"href":"https:\/\/springslawgroup.com\/es\/wp-json\/wp\/v2\/types\/page"}],"author":[{"embeddable":true,"href":"https:\/\/springslawgroup.com\/es\/wp-json\/wp\/v2\/users\/32"}],"replies":[{"embeddable":true,"href":"https:\/\/springslawgroup.com\/es\/wp-json\/wp\/v2\/comments?post=16264"}],"version-history":[{"count":3,"href":"https:\/\/springslawgroup.com\/es\/wp-json\/wp\/v2\/pages\/16264\/revisions"}],"predecessor-version":[{"id":18040,"href":"https:\/\/springslawgroup.com\/es\/wp-json\/wp\/v2\/pages\/16264\/revisions\/18040"}],"up":[{"embeddable":true,"href":"https:\/\/springslawgroup.com\/es\/wp-json\/wp\/v2\/pages\/16263"}],"wp:attachment":[{"href":"https:\/\/springslawgroup.com\/es\/wp-json\/wp\/v2\/media?parent=16264"}],"wp:term":[{"taxonomy":"category","embeddable":true,"href":"https:\/\/springslawgroup.com\/es\/wp-json\/wp\/v2\/categories?post=16264"},{"taxonomy":"post_tag","embeddable":true,"href":"https:\/\/springslawgroup.com\/es\/wp-json\/wp\/v2\/tags?post=16264"}],"curies":[{"name":"wp","href":"https:\/\/api.w.org\/{rel}","templated":true}]}}