{"id":16263,"date":"2023-02-17T08:07:13","date_gmt":"2023-02-17T15:07:13","guid":{"rendered":"https:\/\/springs.flywheelstaging.com\/colorado-springs-abogados-de-reclamacion-de-seguros\/"},"modified":"2023-09-01T07:11:03","modified_gmt":"2023-09-01T14:11:03","slug":"colorado-springs-abogados-de-reclamacion-de-seguros","status":"publish","type":"page","link":"https:\/\/springslawgroup.com\/es\/colorado-springs-abogados-de-reclamacion-de-seguros\/","title":{"rendered":"Abogados especialistas en indemnizaciones de Colorado Springs"},"content":{"rendered":"<p><span style=\"font-weight: 400;\">Tratar con una compa\u00f1\u00eda de seguros resulta bastante abrumador. <\/span><\/p>\n<p><span style=\"font-weight: 400;\">Tienen todo el poder, lo<\/span> <i><span style=\"font-weight: 400;\">saben<\/span><\/i> <span style=\"font-weight: 400;\">y cuentan con todo un ej\u00e9rcito de abogados y peritos para mantener el control.<\/span> <\/p>\n<p><span style=\"font-weight: 400;\">Adem\u00e1s, incluso si consigue algo con su reclamo, se asegurar\u00e1n de que no reciba ni un centavo m\u00e1s de lo que creen que merece. <\/span><\/p>\n<p><span style=\"font-weight: 400;\">En Springs Law Group, podemos ayudarle a obtener la mayor cantidad de dinero posible de su reclamo por indemnizaci\u00f3n. Nos encargaremos del proceso de principio a fin para que usted pueda centrarse en recuperarse de sus lesiones. <\/span><\/p>\n<p><span style=\"font-weight: 400;\">Queremos escuchar su caso. Reserve una consulta con nuestros <\/span><a href=\"https:\/\/www.google.com\/maps?cid=14405082340285593325\" target=\"_blank\" rel=\"noopener\"><span style=\"font-weight: 400;\">abogados especializados en indemnizaciones de Colorado Springs <\/span><\/a><span style=\"font-weight: 400;\">hoy.<\/span><\/p>\n<h2><b>\u00bfTengo derecho a presentar un reclamo? (Cu\u00e1ndo demandar y cu\u00e1ndo no)<\/b><\/h2>\n<p><span style=\"font-weight: 400;\">Cuando ocurren siniestros, el seguro se hace cargo de los da\u00f1os. <\/span><\/p>\n<p><span style=\"font-weight: 400;\">Tanto si conf\u00eda en su propia cobertura de seguro como en la de la otra parte, presentar un reclamo al seguro es el primer paso para obtener una indemnizaci\u00f3n.<\/span><\/p>\n<p><span style=\"font-weight: 400;\">Si sufri\u00f3 lesiones graves por la negligencia de otra persona en un accidente, tiene sentido presentar una demanda por lesiones personales para que le paguen las facturas m\u00e9dicas, los salarios perdidos y otros gastos. <\/span><\/p>\n<p><span style=\"font-weight: 400;\">Por otro lado, si solo sufri\u00f3 da\u00f1os menores sin ninguna herida, es probable que le denieguen el reclamo por indemnizaci\u00f3n. <\/span><\/p>\n<p><span style=\"font-weight: 400;\">En Springs Law Group, nos encargamos de reclamos por indemnizaci\u00f3n que deriven de todo tipo de accidentes, desde<\/span> <a href=\"https:\/\/springslawgroup.com\/es\/colorado-springs-car-accident-lawyer-5\/\"><span style=\"font-weight: 400;\">accidentes automovil\u00edsticos<\/span><\/a> <span style=\"font-weight: 400;\">hasta<\/span> <a href=\"https:\/\/springslawgroup.com\/es\/colorado-springs-resbalon-y-caida-abogado\/\"><span style=\"font-weight: 400;\">reclamos por resbalones y ca\u00eddas.<\/span><\/a><span style=\"font-weight: 400;\">Trabajaremos hasta que obtenga el mejor resultado en su caso y pueda recuperarse en con tranquilidad. <\/span><\/p>\n<h2><b>Gestionamos todo tipo de reclamos por indemnizaci\u00f3n en Florida<\/b><\/h2>\n<p><span style=\"font-weight: 400;\">Las compa\u00f1\u00edas de seguros tienen mucho dinero y no temen utilizar sus recursos para oponerse a su reclamo. Nuestro estudio tampoco tiene miedo. <\/span><\/p>\n<p><span style=\"font-weight: 400;\">En Springs Law Group, nos enfrentamos a grandes nombres hasta obtener una compensaci\u00f3n completa y justa para su reclamo por indemnizaci\u00f3n. <\/span><\/p>\n<p><span style=\"font-weight: 400;\">Podemos ayudarle con los siguientes casos: <\/span><\/p>\n<ul>\n<li style=\"font-weight: 400;\" aria-level=\"1\"><a href=\"https:\/\/springslawgroup.com\/es\/colorado-springs-abogados-de-reclamacion-de-seguros\/reclamacion-de-allstate-por-lesiones-su-guia-para-obtener-la-maxima-indemnizacion\/\"><span style=\"font-weight: 400;\">Reclamo por lesiones a Allstate<\/span><\/a><\/li>\n<li style=\"font-weight: 400;\" aria-level=\"1\"><a href=\"https:\/\/springslawgroup.com\/personal-injury-claims\/amica\/\"><span style=\"font-weight: 400;\">Reclamo por lesiones a Amica<\/span><\/a><\/li>\n<li style=\"font-weight: 400;\" aria-level=\"1\"><a href=\"https:\/\/springslawgroup.com\/es\/colorado-springs-abogados-de-reclamacion-de-seguros\/reclamacion-por-lesiones-a-farm-bureau-su-guia-para-obtener-la-maxima-indemnizacion\/\"><span style=\"font-weight: 400;\">Reclamo a Farm Bureau<\/span><\/a><\/li>\n<li style=\"font-weight: 400;\" aria-level=\"1\"><a href=\"https:\/\/springslawgroup.com\/es\/colorado-springs-abogados-de-reclamacion-de-seguros\/reclamacion-por-lesiones-en-la-agricultura-su-guia-para-obtener-la-maxima-indemnizacion\/\"><span style=\"font-weight: 400;\">Reclamo por lesiones a Farmers<\/span><\/a><\/li>\n<li style=\"font-weight: 400;\" aria-level=\"1\"><a href=\"https:\/\/springslawgroup.com\/es\/colorado-springs-abogados-de-reclamacion-de-seguros\/reclamacion-por-lesiones-de-geico-su-guia-para-obtener-la-maxima-indemnizacion\/\"><span style=\"font-weight: 400;\">Reclamo por lesiones a Geico<\/span><\/a><\/li>\n<li style=\"font-weight: 400;\" aria-level=\"1\"><a href=\"https:\/\/springslawgroup.com\/es\/colorado-springs-abogados-de-reclamacion-de-seguros\/reclamacion-por-lesiones-a-liberty-mutual-su-guia-para-obtener-la-maxima-indemnizacion\/\"><span style=\"font-weight: 400;\">Reclamo por lesiones a Liberty Mutual<\/span><\/a><\/li>\n<li style=\"font-weight: 400;\" aria-level=\"1\"><a href=\"https:\/\/springslawgroup.com\/personal-injury-claims\/national-general\/\"><span style=\"font-weight: 400;\">Reclamo por lesiones a National General<\/span><\/a><\/li>\n<li style=\"font-weight: 400;\" aria-level=\"1\"><a href=\"https:\/\/springslawgroup.com\/es\/colorado-springs-abogados-de-reclamacion-de-seguros\/reclamacion-nacional-por-lesiones-su-guia-para-obtener-la-maxima-indemnizacion\/\"><span style=\"font-weight: 400;\">Reclamo por lesiones a Nationwide<\/span><\/a><\/li>\n<li style=\"font-weight: 400;\" aria-level=\"1\"><a href=\"https:\/\/springslawgroup.com\/es\/colorado-springs-abogados-de-reclamacion-de-seguros\/reclamacion-progresiva-por-lesiones-su-guia-para-obtener-la-maxima-indemnizacion\/\"><span style=\"font-weight: 400;\">Reclamo por lesiones a Progressive<\/span><\/a><\/li>\n<li style=\"font-weight: 400;\" aria-level=\"1\"><a href=\"https:\/\/springslawgroup.com\/es\/colorado-springs-abogados-de-reclamacion-de-seguros\/reclamacion-por-lesiones-a-state-farm-su-guia-para-obtener-la-maxima-indemnizacion\/\"><span style=\"font-weight: 400;\">Reclamo por lesiones a State Farm<\/span><\/a><\/li>\n<li style=\"font-weight: 400;\" aria-level=\"1\"><a href=\"https:\/\/springslawgroup.com\/es\/colorado-springs-abogados-de-reclamacion-de-seguros\/reclamacion-por-lesiones-a-viajeros-su-guia-para-obtener-la-maxima-indemnizacion\/\"><span style=\"font-weight: 400;\">Reclamo por lesiones a Travelers<\/span><\/a><\/li>\n<li aria-level=\"1\"><a href=\"https:\/\/springslawgroup.com\/es\/colorado-springs-abogados-de-reclamacion-de-seguros\/reclamacion-por-lesiones-a-usaa-su-guia-para-obtener-la-maxima-indemnizacion\/\">Reclamo por Lesiones a USAA<\/a><\/li>\n<\/ul>\n<p><span style=\"font-weight: 400;\">No pierda la oportunidad de reclamar por la compensaci\u00f3n que merece. Obt\u00e9ngala hoy con la ayuda de un abogado especializado en indemnizaciones de Colorado Springs.<\/span><\/p>\n<h2><b>Por qu\u00e9 NUNCA debe hablar con la compa\u00f1\u00eda de seguros sin un abogado<\/b><\/h2>\n<p><span style=\"font-weight: 400;\">Cuando alguien se lesiona en un accidente, por impulso, presenta un reclamo a la compa\u00f1\u00eda de seguros para que se haga cargo de los da\u00f1os. <\/span><\/p>\n<p><span style=\"font-weight: 400;\">Sin embargo, si no conoce el proceso, puede cometer errores que perjudiquen sus posibilidades de obtener una indemnizaci\u00f3n justa o, peor a\u00fan, impedir que reciba pago alguno. <\/span><\/p>\n<p><span style=\"font-weight: 400;\">Es f\u00e1cil dejarse llevar por las emociones al estar lesionado. La v\u00edctima solo quiere recuperarse y r\u00e1pido. Pero cr\u00e9anos cuando le decimos que la compa\u00f1\u00eda de seguros se aprovechar\u00e1 de ello y lo utilizar\u00e1 en su contra en la demanda. <\/span><\/p>\n<p><span style=\"font-weight: 400;\">Es importante que recuerde estos aspectos clave: <\/span><\/p>\n<h3><span style=\"font-weight: 400;\">Las compa\u00f1\u00edas de seguros quieren dinero, no justicia<\/span><\/h3>\n<p><span style=\"font-weight: 400;\">Las compa\u00f1\u00edas de seguros solo piensan en obtener ganancias. Har\u00e1n lo que crean que les brindar\u00e1 m\u00e1s beneficios, como denegar reclamos leg\u00edtimos y pagar menos de lo debido a los sus clientes que hayan sufrido lesiones graves o <\/span><a href=\"https:\/\/springslawgroup.com\/es\/colorado-springs-abogado-de-muerte-injusta\/\"><span style=\"font-weight: 400;\">hayan muerto a causa de la negligencia de otra persona<\/span><\/a><span style=\"font-weight: 400;\">. <\/span> <\/p>\n<h3><span style=\"font-weight: 400;\">Su vida personal no les interesa a los peritos<\/span><\/h3>\n<p><span style=\"font-weight: 400;\">Los agentes y peritos de seguros son profesionales capacitados para aprovecharse de las personas emocionalmente vulnerables tras sufrir lesiones en un accidente. <\/span><\/p>\n<p><span style=\"font-weight: 400;\">Aunque algunos peritos son buenas personas, su trabajo no consiste en ayudar a las personas lesionadas a recuperarse de sus lesiones. Por el contrario, consiste en que las compa\u00f1\u00edas de seguros ahorren tanto dinero como sea posible, lo que para usted significa menos dinero en su bolsillo. <\/span><\/p>\n<h3><span style=\"font-weight: 400;\">Intentar\u00e1n que diga algo que perjudique su caso<\/span><\/h3>\n<p><span style=\"font-weight: 400;\">En cuanto puedan, le pedir\u00e1n una declaraci\u00f3n grabada. Sin embargo, sin importar la amabilidad con la que se lo pidan o lo aut\u00e9nticos que parezcan, intentan que usted caiga en la trampa. Quieren que, durante la grabaci\u00f3n, diga algo que perjudique su caso. <\/span><\/p>\n<p><span style=\"font-weight: 400;\">Puede que usted piense \u00abno tengo nada que ocultar\u00bb, pero esa no es la cuesti\u00f3n. La cuesti\u00f3n es que los peritos est\u00e1n capacitados para formular las preguntas adecuadas y as\u00ed obtener las respuestas que desean. Sin saberlo, usted podr\u00eda dar demasiada informaci\u00f3n. <\/span><\/p>\n<p><span style=\"font-weight: 400;\">Prep\u00e1rese<\/span> y <a href=\"https:\/\/springslawgroup.com\/es\/contacto\/\"><span style=\"font-weight: 400;\">p\u00f3ngase en contacto<\/span><\/a> <span style=\"font-weight: 400;\">hoy mismo<\/span> con un abogado especializado en reclamos por indemnizaci\u00f3n. <\/p>\n<h2><b>FAQ: Reclamos por indemnizaci\u00f3n en Colorado Springs<\/b><\/h2>\n<p><b>\u00bfColorado es un estado de seguro de culpa o sin culpa? <\/b><\/p>\n<p><span style=\"font-weight: 400;\">Colorado es un estado de culpa, lo que significa que los conductores recurren a la p\u00f3liza de seguro de la parte culpable para obtener una indemnizaci\u00f3n por los da\u00f1os sufridos.<\/span><\/p>\n<p><b>\u00bfQu\u00e9 pasa si la compa\u00f1\u00eda de seguros deniega mi reclamo de mala fe? <\/b><\/p>\n<p><span style=\"font-weight: 400;\">Cuando la compa\u00f1\u00eda de seguros incumple sus obligaciones legales de procesar un reclamo de manera justa, usted puede tomar las medidas adecuadas. Si cree que la compa\u00f1\u00eda de seguros actu\u00f3 de mala fe, hable con un abogado especializado en reclamos de mala fe por indemnizaci\u00f3n para que anule la decisi\u00f3n.<\/span><\/p>\n<p><b>\u00bfY si tengo parte de la culpa en mi accidente? \u00bfPuedo presentar un reclamo por indemnizaci\u00f3n? <\/b><\/p>\n<p><span style=\"font-weight: 400;\">La ley de Colorado se rige por la <\/span><a href=\"https:\/\/springslawgroup.com\/es\/blog\/que-es-la-culpa-parcial-en-las-indemnizaciones-por-accidente-de-trafico-y-como-afecta-a-su-demanda\/\"><span style=\"font-weight: 400;\">norma de negligencia comparativa modificada<\/span><\/a>.<span style=\"font-weight: 400;\">. Esto significa que usted puede obtener una indemnizaci\u00f3n si tiene parte de la culpa. Sin embargo, muchas compa\u00f1\u00edas de seguros intentar\u00e1n reducir dr\u00e1sticamente o denegarle su indemnizaci\u00f3n. No caiga en la trampa. Contacte a Springs Law Group.<\/span><\/p>\n<h2><b>\u00bfSu compa\u00f1\u00eda de seguros le genera dificultades? Obtenga lo que merece. Llame a Springs Law Group ahora <\/b><\/h2>\n<p><span style=\"font-weight: 400;\">\u00bfLa compa\u00f1\u00eda de seguros deniega su solicitud? \u00bfNo le da respuestas precisas o le hace sentir que perdi\u00f3 la cabeza?<\/span><\/p>\n<p><span style=\"font-weight: 400;\">Si tiene un reclamo, cuenta con nuestro completo apoyo.<\/span><\/p>\n<p><span style=\"font-weight: 400;\">Sabemos lo frustrante que es sufrir un accidente y que la compa\u00f1\u00eda de seguros oponga resistencia para realizar el pago. <\/span><\/p>\n<p><span style=\"font-weight: 400;\">No es justo. Usted intenta hacer lo correcto al recibir el tratamiento m\u00e9dico que necesita y ellos act\u00faan como si le estuvieran haciendo un favor. <\/span><\/p>\n<p><span style=\"font-weight: 400;\">Se merece algo mejor que eso. Merece un trato justo y respetuoso. <\/span><\/p>\n<p><span style=\"font-weight: 400;\">En Springs Law Group, iremos directo al grano, lucharemos por lo que merece y lo haremos por usted. <\/span><\/p>\n<p><span style=\"font-weight: 400;\">Llame<\/span> <span style=\"font-weight: 400;\">hoy mismo<\/span> y <a href=\"https:\/\/springslawgroup.com\/es\/contacto\/\"><span style=\"font-weight: 400;\">hable con un abogado especializado en reclamos por indemnizaci\u00f3n<\/span><\/a>.<br \/>\n<script type=\"application\/ld+json\">\n{\n  \"@context\": \"https:\/\/schema.org\",\n  \"@type\": \"FAQPage\",\n  \"mainEntity\": [{\n    \"@type\": \"Question\",\n    \"name\": \"Is Colorado a no-fault or at-fault insurance state?\",\n    \"acceptedAnswer\": {\n      \"@type\": \"Answer\",\n      \"text\": \"Colorado is an at-fault state meaning drivers turn to the at-fault party's insurance policy to get compensation for their damages.\"\n    }\n  },{\n    \"@type\": \"Question\",\n    \"name\": \"What if the insurance company denies my claim in bad faith?\",\n    \"acceptedAnswer\": {\n      \"@type\": \"Answer\",\n      \"text\": \"When the insurance company fails to live up to its legal obligations to fairly process a claim, you can take action. If you think the insurance company acted in bad faith, speak with an attorney with experience in bad faith insurance claims about overturning the decision.\"\n    }\n  },{\n    \"@type\": \"Question\",\n    \"name\": \"What if I was partially to blame for my accident? Can I still file an insurance claim?\",\n    \"acceptedAnswer\": {\n      \"@type\": \"Answer\",\n      \"text\": \"Colorado law follows a modified comparative negligence rule. This means you can recover compensation if you are partially to blame. But many insurance companies will attempt to drastically reduce your compensation or issue you a claim denial. Don't fall for it. Call Springs Law Group.\"\n    }\n  }]\n}\n<\/script><\/p>\n","protected":false},"excerpt":{"rendered":"<p>Tratar con una compa\u00f1\u00eda de seguros resulta bastante abrumador. Tienen todo el poder, lo saben y cuentan con todo un&nbsp;<a class=\"moretag\" href=\"https:\/\/springslawgroup.com\/es\/colorado-springs-abogados-de-reclamacion-de-seguros\/\"> Read More&#8230;<\/a><\/p>\n","protected":false},"author":32,"featured_media":0,"parent":0,"menu_order":0,"comment_status":"closed","ping_status":"closed","template":"landingpage.php","meta":{"_acf_changed":false,"inline_featured_image":false,"footnotes":""},"categories":[],"tags":[],"class_list":["post-16263","page","type-page","status-publish","hentry"],"acf":{"key_takeaways":null,"_litigation_personal_injury_contents_new":{"_litigation_personal_injury_title_new":"","_litigation_personal_injury_discription_new":"","_litigation_personal_injury_discription_new_copy":"","_litigation_video_url_new":"","add_button":""},"_header_sub_header_content_new":null,"_litigation_frequently_asked_questions_new":null,"lawsuit_updates":null,"_litigation_related_posts_relation":null,"acf-references":""},"_links":{"self":[{"href":"https:\/\/springslawgroup.com\/es\/wp-json\/wp\/v2\/pages\/16263","targetHints":{"allow":["GET"]}}],"collection":[{"href":"https:\/\/springslawgroup.com\/es\/wp-json\/wp\/v2\/pages"}],"about":[{"href":"https:\/\/springslawgroup.com\/es\/wp-json\/wp\/v2\/types\/page"}],"author":[{"embeddable":true,"href":"https:\/\/springslawgroup.com\/es\/wp-json\/wp\/v2\/users\/32"}],"replies":[{"embeddable":true,"href":"https:\/\/springslawgroup.com\/es\/wp-json\/wp\/v2\/comments?post=16263"}],"version-history":[{"count":3,"href":"https:\/\/springslawgroup.com\/es\/wp-json\/wp\/v2\/pages\/16263\/revisions"}],"predecessor-version":[{"id":17728,"href":"https:\/\/springslawgroup.com\/es\/wp-json\/wp\/v2\/pages\/16263\/revisions\/17728"}],"wp:attachment":[{"href":"https:\/\/springslawgroup.com\/es\/wp-json\/wp\/v2\/media?parent=16263"}],"wp:term":[{"taxonomy":"category","embeddable":true,"href":"https:\/\/springslawgroup.com\/es\/wp-json\/wp\/v2\/categories?post=16263"},{"taxonomy":"post_tag","embeddable":true,"href":"https:\/\/springslawgroup.com\/es\/wp-json\/wp\/v2\/tags?post=16263"}],"curies":[{"name":"wp","href":"https:\/\/api.w.org\/{rel}","templated":true}]}}