{"id":16262,"date":"2023-03-31T09:18:47","date_gmt":"2023-03-31T16:18:47","guid":{"rendered":"https:\/\/springs.flywheelstaging.com\/reclamacion-por-lesiones-en-amica-su-guia-para-obtener-la-maxima-indemnizacion\/"},"modified":"2023-10-20T14:18:16","modified_gmt":"2023-10-20T21:18:16","slug":"reclamacion-por-lesiones-en-amica-su-guia-para-obtener-la-maxima-indemnizacion","status":"publish","type":"page","link":"https:\/\/springslawgroup.com\/es\/colorado-springs-abogados-de-reclamacion-de-seguros\/reclamacion-por-lesiones-en-amica-su-guia-para-obtener-la-maxima-indemnizacion\/","title":{"rendered":"Reclamo por lesiones en Amica: Su Gu\u00eda Para Obtener La M\u00e1xima Indemnizaci\u00f3n"},"content":{"rendered":"<p>Si ha sufrido lesiones en un accidente que no fue culpa suya, puede tener derecho a una indemnizaci\u00f3n.<\/p>\n<p>Una forma de reclamar una indemnizaci\u00f3n es a trav\u00e9s de Amica, una compa\u00f1\u00eda de seguros que ofrece cobertura para diversos tipos de accidentes, como accidentes de coche, resbalones y ca\u00eddas, y lesiones en el lugar de trabajo. Sin embargo, navegar por el proceso de hacer un <a href=\"https:\/\/springslawgroup.com\/es\/colorado-springs-abogado-de-reclamaciones-de-seguros\/\">reclamo por lesiones<\/a> de Amica puede ser complicado y abrumador, sobre todo si no est\u00e1 familiarizado con el sistema legal.<\/p>\n<p>Y lo que es a\u00fan m\u00e1s frustrante es que las grandes aseguradoras como Amica no tienen en cuenta tus intereses. De hecho, deniegan activamente los siniestros u ofrecen indemnizaciones bajas s\u00f3lo para ahorrar dinero.<\/p>\n<p>En <a href=\"https:\/\/springslawgroup.com\/es\/\">Springs Law Group<\/a>, hemos creado esta gu\u00eda para ayudarle a entender los pasos necesarios para hacer un reclamo por lesiones en Amica y c\u00f3mo maximizar la compensaci\u00f3n que recibe. As\u00ed pues, tanto si se trata de una lesi\u00f3n leve como de una m\u00e1s grave, le ayudaremos a navegar por el complejo mundo de las demandas por lesiones personales y a obtener la indemnizaci\u00f3n que se merece.<\/p>\n<h2><b>Qu\u00e9 Esperar Al Tramitar Un Reclamo Por Lesiones En Amica<\/b><\/h2>\n<p>Aunque cada caso es \u00fanico, a continuaci\u00f3n se indican algunos pasos generales que puede anticipar a la hora de tramitar un reclamo por lesiones en Amica:<\/p>\n<ul>\n<li><strong>Presentar el reclamo &#8211;<\/strong> El primer paso para presentar un reclamo por lesiones en Amica es presentarlo a la compa\u00f1\u00eda de seguros. Por lo general, se trata de facilitar informaci\u00f3n b\u00e1sica sobre el accidente y sus lesiones, junto con documentaci\u00f3n acreditativa, como facturas m\u00e9dicas o informes policiales.<\/li>\n<li><strong>Investigaci\u00f3n &#8211;<\/strong> Despu\u00e9s de presentar su reclamo, Amica investigar\u00e1 el alcance de sus lesiones y qui\u00e9n tiene la <a href=\"https:\/\/springslawgroup.com\/es\/blog\/como-demostrar-la-culpa-en-un-accidente-automovilistico\/\">culpa<\/a> del accidente. Esto puede implicar la recopilaci\u00f3n de pruebas, como declaraciones de testigos o grabaciones de vigilancia, y la revisi\u00f3n de historiales m\u00e9dicos.<\/li>\n<li><strong>Negociaciones &#8211;<\/strong> Una vez que Amica ha completado su investigaci\u00f3n, el ajustador de seguros normalmente har\u00e1 una oferta inicial de compensaci\u00f3n. Esta oferta puede ser inferior a lo que usted cree que le corresponde, por lo que puede ser necesario negociar para llegar a un acuerdo justo. Durante las negociaciones, su abogado de lesiones personales puede defender sus intereses y ayudarle a comprender los puntos fuertes y d\u00e9biles de su caso.<\/li>\n<li><strong>Acuerdo o litigio &#8211;<\/strong> Si las negociaciones tienen \u00e9xito, usted y Amica acordar\u00e1n una cantidad de acuerdo, y el caso se resolver\u00e1 sin ir a juicio. Sin embargo, si las negociaciones no llegan a un resultado satisfactorio, puede que tenga que llevar su caso a los tribunales y litigar el asunto ante un juez o un jurado.<\/li>\n<\/ul>\n<p>Recuerda que no debes conformarte con menos de lo que mereces. Deje que un <a href=\"https:\/\/springslawgroup.com\/es\/colorado-springs-car-accident-lawyer-5\/\">abogado con experiencia en lesiones<\/a> personales de Springs Law Group le ayude a enfrentarse a Amica para obtener la m\u00e1xima indemnizaci\u00f3n.<\/p>\n<h2><b>Preparar Con \u00c9xito Una Demanda Por Lesiones: C\u00f3mo Proteger Su Derecho A Una Indemnizaci\u00f3n<\/b><\/h2>\n<p>Preparar con \u00e9xito una demanda por lesiones requiere una cuidadosa preparaci\u00f3n y atenci\u00f3n a los detalles.<\/p>\n<p>He aqu\u00ed algunos pasos clave para proteger su derecho a indemnizaci\u00f3n:<\/p>\n<ol>\n<li><strong>Busque atenci\u00f3n m\u00e9dica.<\/strong> Su salud y su seguridad deben ser siempre lo primero. Busque atenci\u00f3n m\u00e9dica para sus lesiones lo antes posible despu\u00e9s del accidente, y aseg\u00farese de seguir las instrucciones de su m\u00e9dico para el tratamiento y la recuperaci\u00f3n.<\/li>\n<li><strong><a href=\"https:\/\/springslawgroup.com\/es\/blog\/que-documentos-necesito-para-presentar-una-demanda-por-indemnizacion\/\">Docum\u00e9ntalo todo<\/a>.<\/strong> Lleva un registro detallado de todos los gastos relacionados con tu lesi\u00f3n, incluidas las facturas m\u00e9dicas, los salarios perdidos y otros desembolsos. Haz fotos de tus lesiones, del lugar del accidente y de los da\u00f1os materiales.<\/li>\n<li><strong>P\u00f3ngase en contacto con un abogado.<\/strong> Un abogado con experiencia en lesiones personales puede ayudarle a navegar por el proceso legal y maximizar sus posibilidades de recibir una indemnizaci\u00f3n justa. Consulte con un abogado lo antes posible despu\u00e9s del accidente para proteger sus derechos.<\/li>\n<li><strong>Tenga cuidado con las compa\u00f1\u00edas de seguros.<\/strong> Tenga cuidado al tratar con las compa\u00f1\u00edas de seguros, ya que pueden intentar minimizar su reclamo o denegarlo por completo. Evite hacer declaraciones grabadas o firmar documentos sin consultar antes con un abogado.<\/li>\n<\/ol>\n<p>Siguiendo estos pasos, puede ayudar a proteger su derecho a una indemnizaci\u00f3n y aumentar sus posibilidades de \u00e9xito en su demanda por lesiones.<\/p>\n<h2><b>No tan r\u00e1pido &#8211; Por qu\u00e9 debe llamar a un abogado ANTES de hablar con la compa\u00f1\u00eda de seguros<\/b><\/h2>\n<p>Si has resultado herido en un accidente, ten cuidado al tratar con las compa\u00f1\u00edas de seguros.<br \/>\nLos peritos de seguros est\u00e1n formados para proteger los intereses de la compa\u00f1\u00eda, lo que significa que pueden intentar reducir su reclamo o denegarlo por completo.<\/p>\n<p>Por eso es esencial hablar con un abogado con experiencia en lesiones personales antes de discutir su caso con una compa\u00f1\u00eda de seguros. Su abogado puede proporcionarle una valiosa orientaci\u00f3n sobre c\u00f3mo gestionar el proceso de reclamo y proteger sus derechos, incluido el asesoramiento sobre qu\u00e9 informaci\u00f3n facilitar y qu\u00e9 evitar.<\/p>\n<p>Contar con un abogado de su lado le permitir\u00e1 asegurarse de que sus derechos est\u00e1n protegidos y de que tiene la mejor oportunidad de recibir una indemnizaci\u00f3n justa por sus lesiones. Recuerde que las compa\u00f1\u00edas de seguros tienen abogados experimentados de su parte, y usted tambi\u00e9n deber\u00eda tenerlos.<\/p>\n<h2><b>FAQ: Reclamo a Amica Insurance<\/b><\/h2>\n<p><b>\u00bfCu\u00e1nto tiempo se tarda en recibir una indemnizaci\u00f3n por da\u00f1os y perjuicios de Amica?<\/b><\/p>\n<p>El tiempo que se tarda en recibir la indemnizaci\u00f3n de un reclamo por lesiones de Amica puede variar en funci\u00f3n de las particularidades de su caso, como la gravedad de sus lesiones y la complejidad de la reclamo. Algunos reclamos pueden resolverse en pocas semanas, mientras que otros pueden tardar varios meses o m\u00e1s.<\/p>\n<p><b>\u00bfNecesito contratar a un abogado de lesiones personales para gestionar mi reclamo por lesiones en Amica?<\/b><\/p>\n<p>Aunque no est\u00e1 obligado a contratar a un abogado para gestionar su reclamo por lesiones en Amica, a menudo le conviene hacerlo. Un abogado especializado en lesiones personales puede ayudarle a navegar por el proceso de reclamo, negociar con la compa\u00f1\u00eda de seguros y defender sus derechos para garantizar que reciba una indemnizaci\u00f3n justa por sus lesiones.<\/p>\n<p><b>\u00bfQu\u00e9 tipos de da\u00f1os puedo recuperar en un reclamo por lesiones en Amica?<\/b><\/p>\n<p><span style=\"font-weight: 400;\">En un reclamo por lesiones de Amica, usted puede ser capaz de recuperar una variedad de da\u00f1os, incluyendo gastos m\u00e9dicos, <\/span><a href=\"https:\/\/springslawgroup.com\/es\/blog\/como-demuestro-el-lucro-cesante-futuro-en-un-caso-de-lesiones-personales\/\"><span style=\"font-weight: 400;\">salarios perdidos<\/span><\/a><span style=\"font-weight: 400;\">da\u00f1os materiales y <\/span><a href=\"https:\/\/springslawgroup.com\/es\/blog\/definicion-de-danos-y-perjuicios-por-dolor-y-sufrimiento\/\"><span style=\"font-weight: 400;\">dolor y sufrimiento<\/span><\/a><span style=\"font-weight: 400;\">. Los da\u00f1os concretos a los que tenga derecho depender\u00e1n de las caracter\u00edsticas espec\u00edficas de su caso y del alcance de sus lesiones.<\/span><\/p>\n<h2><b>Obtenga la indemnizaci\u00f3n que merece. Llame a Springs Law Group<\/b><\/h2>\n<p>En Springs Law Group, entendemos los desaf\u00edos que vienen con la b\u00fasqueda de una compensaci\u00f3n justa de una demanda por lesiones de Amica. Es por eso que estamos comprometidos a proporcionar representaci\u00f3n legal compasiva y bien informada a nuestros clientes.<\/p>\n<p>Con nuestra orientaci\u00f3n, puede navegar por el proceso de reclamo con confianza y aumentar sus posibilidades de recibir la indemnizaci\u00f3n que merece. Creemos en poner a nuestros clientes en primer lugar, y estamos dedicados a luchar por sus derechos en cada paso del camino.<\/p>\n<p><a href=\"https:\/\/springslawgroup.com\/es\/contacto\/\">P\u00f3ngase en contacto con nosotros hoy mismo<\/a> para obtener m\u00e1s informaci\u00f3n sobre c\u00f3mo podemos ayudarle con su reclamo por lesiones en Amica.<\/p>\n<p><script type=\"application\/ld+json\">\n{\n  \"@context\": \"https:\/\/schema.org\",\n  \"@type\": \"FAQPage\",\n  \"mainEntity\": [{\n    \"@type\": \"Question\",\n    \"name\": \"How long does it take to receive compensation from an Amica injury claim?\",\n    \"acceptedAnswer\": {\n      \"@type\": \"Answer\",\n      \"text\": \"The length of time it takes to receive compensation from an Amica injury claim can vary depending on the specifics of your case, such as the severity of your injuries and the complexity of the claim. Some claims may be resolved within a few weeks, while others may take several months or longer.\"\n    }\n  },{\n    \"@type\": \"Question\",\n    \"name\": \"Do I need to hire a personal injury attorney to handle my Amica injury claim?\",\n    \"acceptedAnswer\": {\n      \"@type\": \"Answer\",\n      \"text\": \"While you are not required to hire an attorney to handle your Amica injury claim, it is often in your best interest to do so. A personal injury lawyer can help you navigate the claims process, negotiate with the insurance company, and advocate for your rights to ensure that you receive fair compensation for your injuries.\"\n    }\n  },{\n    \"@type\": \"Question\",\n    \"name\": \"What types of damages can I recover in an Amica injury claim?\",\n    \"acceptedAnswer\": {\n      \"@type\": \"Answer\",\n      \"text\": \"In an Amica injury claim, you may be able to recover a variety of damages, including medical expenses, lost wages, property damage, and pain and suffering. The specific damages you are entitled to will depend on the specifics of your case and the extent of your injuries.\"\n    }\n  }]\n}\n<\/script><\/p>\n","protected":false},"excerpt":{"rendered":"<p>Si ha sufrido lesiones en un accidente que no fue culpa suya, puede tener derecho a una indemnizaci\u00f3n. Una forma&nbsp;<a class=\"moretag\" href=\"https:\/\/springslawgroup.com\/es\/colorado-springs-abogados-de-reclamacion-de-seguros\/reclamacion-por-lesiones-en-amica-su-guia-para-obtener-la-maxima-indemnizacion\/\"> Read More&#8230;<\/a><\/p>\n","protected":false},"author":32,"featured_media":0,"parent":16263,"menu_order":0,"comment_status":"closed","ping_status":"closed","template":"landingpage.php","meta":{"_acf_changed":false,"inline_featured_image":false,"footnotes":""},"categories":[],"tags":[],"class_list":["post-16262","page","type-page","status-publish","hentry"],"acf":{"key_takeaways":null,"_litigation_personal_injury_contents_new":{"_litigation_personal_injury_title_new":"","_litigation_personal_injury_discription_new":"","_litigation_personal_injury_discription_new_copy":"","_litigation_video_url_new":"","add_button":""},"_header_sub_header_content_new":null,"_litigation_frequently_asked_questions_new":null,"lawsuit_updates":null,"_litigation_related_posts_relation":null,"acf-references":""},"_links":{"self":[{"href":"https:\/\/springslawgroup.com\/es\/wp-json\/wp\/v2\/pages\/16262","targetHints":{"allow":["GET"]}}],"collection":[{"href":"https:\/\/springslawgroup.com\/es\/wp-json\/wp\/v2\/pages"}],"about":[{"href":"https:\/\/springslawgroup.com\/es\/wp-json\/wp\/v2\/types\/page"}],"author":[{"embeddable":true,"href":"https:\/\/springslawgroup.com\/es\/wp-json\/wp\/v2\/users\/32"}],"replies":[{"embeddable":true,"href":"https:\/\/springslawgroup.com\/es\/wp-json\/wp\/v2\/comments?post=16262"}],"version-history":[{"count":3,"href":"https:\/\/springslawgroup.com\/es\/wp-json\/wp\/v2\/pages\/16262\/revisions"}],"predecessor-version":[{"id":18063,"href":"https:\/\/springslawgroup.com\/es\/wp-json\/wp\/v2\/pages\/16262\/revisions\/18063"}],"up":[{"embeddable":true,"href":"https:\/\/springslawgroup.com\/es\/wp-json\/wp\/v2\/pages\/16263"}],"wp:attachment":[{"href":"https:\/\/springslawgroup.com\/es\/wp-json\/wp\/v2\/media?parent=16262"}],"wp:term":[{"taxonomy":"category","embeddable":true,"href":"https:\/\/springslawgroup.com\/es\/wp-json\/wp\/v2\/categories?post=16262"},{"taxonomy":"post_tag","embeddable":true,"href":"https:\/\/springslawgroup.com\/es\/wp-json\/wp\/v2\/tags?post=16262"}],"curies":[{"name":"wp","href":"https:\/\/api.w.org\/{rel}","templated":true}]}}