{"id":16261,"date":"2023-02-17T10:24:05","date_gmt":"2023-02-17T17:24:05","guid":{"rendered":"https:\/\/springs.flywheelstaging.com\/reclamacion-de-allstate-por-lesiones-su-guia-para-obtener-la-maxima-indemnizacion\/"},"modified":"2023-10-20T13:49:08","modified_gmt":"2023-10-20T20:49:08","slug":"reclamacion-de-allstate-por-lesiones-su-guia-para-obtener-la-maxima-indemnizacion","status":"publish","type":"page","link":"https:\/\/springslawgroup.com\/es\/colorado-springs-abogados-de-reclamacion-de-seguros\/reclamacion-de-allstate-por-lesiones-su-guia-para-obtener-la-maxima-indemnizacion\/","title":{"rendered":"Reclamo de Allstate por lesiones: su gu\u00eda para obtener la m\u00e1xima indemnizaci\u00f3n"},"content":{"rendered":"<p>Allstate es uno de los proveedores de seguros m\u00e1s grandes y populares del pa\u00eds. Fundada hace m\u00e1s de 90 a\u00f1os, es tambi\u00e9n una de las m\u00e1s fiables.<\/p>\n<p>Pero lo creas o no, despu\u00e9s de un accidente de coche, no siempre est\u00e1s en buenas manos.<br \/>\nLos estudios han demostrado que el gigante de los seguros ocupa el primer lugar por anteponer los beneficios a los asegurados, lo que la ha convertido en la <a href=\"https:\/\/www.decof.com\/documents\/the-ten-worst-insurance-companies.pdf\" target=\"_blank\" rel=\"noopener\">Peor Compa\u00f1\u00eda de Seguros de Estados Unidos<\/a>.<\/p>\n<p>As\u00ed que, cuando te has lesionado y tienes una reclamo a Allstate, \u00bfc\u00f3mo puedes asegurarte de que no te toca la peor parte?<\/p>\n<p>En Springs Law Group, hemos elaborado una gu\u00eda para guiarlo a trav\u00e9s del proceso de reclamos a Allstate y c\u00f3mo puede obtener ayuda. Esto es todo lo que debe saber.<\/p>\n<h2><strong>Qu\u00e9 esperar al tramitar un reclamo por lesiones de Allstate<\/strong><\/h2>\n<p>Ya sea que est\u00e9 presentando un reclamo por lesiones personales o de terceros despu\u00e9s de su accidente, Allstate lo hace bastante f\u00e1cil. Pero es en el siguiente proceso donde mucha gente tropieza y pierde miles de d\u00f3lares.<\/p>\n<p>Pero si sabe qu\u00e9 buscar, puede ahorrarse problemas.<\/p>\n<p>Si usted est\u00e1 lidiando con una demanda por lesiones de Allstate, esto es lo que puede esperar:<\/p>\n<ul>\n<li><strong>Querr\u00e1n que hagas una <a href=\"https:\/\/springslawgroup.com\/es\/blog\/debe-prestar-declaracion-grabada-a-la-compania-de-seguros-por-su-accidente-de-transito\/\">declaraci\u00f3n grabada<\/a><\/strong> sobre el accidente para que digas algo que perjudique tu caso.<\/li>\n<li><strong>Querr\u00e1n que firmes una autorizaci\u00f3n m\u00e9dica<\/strong> que les de acceso a todos los historiales m\u00e9dicos de toda tu vida.<\/li>\n<li><strong>Investigar\u00e1n tu accidente<\/strong> para intentar encontrar todo lo posible para denegarte o reducirte la indemnizaci\u00f3n<\/li>\n<li><strong>Te har\u00e1n una oferta de acuerdo<\/strong> y tratar\u00e1n de convencerte de que es lo mejor que puedes conseguir<\/li>\n<\/ul>\n<p>Cuando hay dinero en juego, la compa\u00f1\u00eda de seguros intentar\u00e1 arrinconarte. Quieren que sientas que tienes opciones limitadas.<\/p>\n<p>Saben que est\u00e1s lesionado, que tienes facturas m\u00e9dicas y que puede que andes corto de dinero. Se aprovechar\u00e1n de ello y ofrecer\u00e1n un acuerdo r\u00e1pido e injusto.<\/p>\n<p>Pero no vas a darles esa satisfacci\u00f3n.<\/p>\n<p>En su lugar, vas a proteger tus derechos y jugar el juego de seguros para obtener la mayor cantidad de dinero de su liquidaci\u00f3n. Veamos c\u00f3mo puede proteger su derecho a una indemnizaci\u00f3n.<\/p>\n<h2><b>Preparar con \u00e9xito una demanda por lesiones: C\u00f3mo proteger su derecho a una indemnizaci\u00f3n<\/b><\/h2>\n<p>El reloj empieza a correr en tu <a href=\"https:\/\/springslawgroup.com\/es\/colorado-springs-abogados-de-reclamacion-de-seguros\/\">reclamo<\/a> al seguro en cuanto te atropellan y resultas herido.<\/p>\n<p>Una vez que la compa\u00f1\u00eda de seguros se entere de su accidente, querr\u00e1 llegar a un acuerdo r\u00e1pidamente y por debajo del presupuesto.<\/p>\n<p>He aqu\u00ed c\u00f3mo puede proteger sus derechos a una indemnizaci\u00f3n:<\/p>\n<ul>\n<li><strong>Busque atenci\u00f3n m\u00e9dica<\/strong> inmediatamente. Tendr\u00e1s que demostrar que te hirieron.<\/li>\n<li>Si puedes, <strong><a href=\"https:\/\/springslawgroup.com\/es\/blog\/cinco-tipos-de-pruebas-que-puede-recolectar\/\">consigue pruebas de la escena<\/a><\/strong>. Esto contribuir\u00e1 en gran medida a demostrar su inocencia.<\/li>\n<li><strong>Lleve un registro detallado<\/strong> de todo lo que ocurre.<\/li>\n<li><strong>Consigue una copia del informe policial<\/strong>.<\/li>\n<li><strong>No admitas la culpa<\/strong> del accidente ni te muestres culpable.<\/li>\n<li>No hagas <strong>una declaraci\u00f3n grabada<\/strong> a la compa\u00f1\u00eda de seguros.<\/li>\n<li><strong>Llame a un abogado de lesiones<\/strong> personales.<\/li>\n<\/ul>\n<p>La aseguradora apuesta por el hecho de que no sabes lo que haces.<\/p>\n<p>Demu\u00e9strales que est\u00e1n equivocados: involucre a un <a href=\"https:\/\/springslawgroup.com\/es\/abogado-de-lesiones-personales-en-colorado-springs\/\">abogado de lesiones personales de Colorado Springs<\/a> desde el principio.<\/p>\n<h2><b>No tan r\u00e1pido &#8211; Por qu\u00e9 debe llamar a un abogado ANTES de hablar con la compa\u00f1\u00eda de seguros<\/b><\/h2>\n<p>Allstate es un gigante de los seguros que factura miles de millones al a\u00f1o.<\/p>\n<p>Para mantener esos ingresos, cobran lo m\u00e1ximo posible a los clientes y pagan lo menos posible por los siniestros. Y tienen todo un equipo de ajustadores de seguros cuyo \u00fanico prop\u00f3sito es hacer esto.<\/p>\n<p>Para ellos, no eres m\u00e1s que otro n\u00famero de reclamo, y puedes esperar que te traten como tal, utilizando todos los trucos del libro para pagarte c\u00e9ntimos.<\/p>\n<p>Esto no es m\u00e1s que el juego de los seguros; ha sido as\u00ed mucho antes de que llegara tu reclamo y lo seguir\u00e1 siendo durante a\u00f1os. La mejor manera de protegerse es consultar a un abogado de lesiones personales que sepa lo que hace.<\/p>\n<p>En Springs Law Group, sabemos c\u00f3mo negociar con los ajustadores y los proveedores m\u00e9dicos en su nombre para obtener la m\u00e1xima compensaci\u00f3n y mantener m\u00e1s dinero en su bolsillo.<\/p>\n<p>Porque cuando la negligencia de otra persona le ha lesionado, sabemos que un poco puede llegar muy lejos.<\/p>\n<p>P\u00f3ngase <a href=\"https:\/\/springslawgroup.com\/es\/contacto\/\">en contacto con nuestros abogados<\/a> para reservar su consulta gratuita hoy mismo.<\/p>\n<h2><b>FAQ: Reclamo a Allstate Insurance<\/b><\/h2>\n<p><b>\u00bfQu\u00e9 pasa si Allstate se niega a pagar mi reclamo? <\/b><\/p>\n<p>Si Allstate se niega a pagar su reclamo de mala fe, usted tiene derecho a apelar la decisi\u00f3n. La segunda vez, deber\u00eda plantearse contratar a un abogado especializado en lesiones personales para que le represente. Pueden investigar su reclamaci\u00f3n, recopilar pruebas y encargarse de la comunicaci\u00f3n con la compa\u00f1\u00eda de seguros.<\/p>\n<p><b>\u00bfCu\u00e1nto pagar\u00e1 Allstate por reclamos por da\u00f1os personales? <\/b><\/p>\n<p>Todo depende de la gravedad de las lesiones, el costo de la atenci\u00f3n m\u00e9dica y otros detalles del accidente. Pero aunque los acuerdos de accidentes var\u00edan, usted puede esperar que nuestros abogados de accidentes siempre vayan a batear para usted con la compa\u00f1\u00eda de seguros para obtener la m\u00e1xima indemnizaci\u00f3n por su reclamo.<\/p>\n<p><b>\u00bfCu\u00e1nto tiempo puede tardar Allstate en resolver un reclamo por lesiones? <\/b><\/p>\n<p>Allstate puede tardar desde unas semanas hasta unos a\u00f1os en resolver un reclamo por lesiones. Esto depende de la complejidad de su reclamo, del tiempo que tarde en recuperarse de sus lesiones y de los procesos de la compa\u00f1\u00eda de seguros. Un abogado de lesiones personales puede mantener su reclamo en la pista, para que pueda obtener una indemnizaci\u00f3n tan pronto como sea posible.<\/p>\n<h2><b>Obtenga la indemnizaci\u00f3n que merece. Llame a Springs Law Group. <\/b><\/h2>\n<p>Los reclamos al seguro pueden ser un suplicio.<\/p>\n<p>Ya est\u00e1s lidiando con una lesi\u00f3n, y ahora la compa\u00f1\u00eda de seguros est\u00e1 tratando de jugar contigo, tratando de hacerte sentir como si estuvieras loco y como si no merecieras la indemnizaci\u00f3n que est\u00e1s pidiendo.<\/p>\n<p>Y si no sabes lo que haces, puede que lo consigan.<\/p>\n<p>Pero estamos aqu\u00ed para ayudar. En Springs Law Group, nos aseguraremos de que no se aprovechen de usted. Nos enfrentaremos a la compa\u00f1\u00eda de seguros para conseguirle la m\u00e1xima indemnizaci\u00f3n y que se vaya mejor de lo que lo encontramos.<\/p>\n<p>Ya se trate de un <a href=\"https:\/\/springslawgroup.com\/es\/colorado-springs-car-accident-lawyer-5\/\">accidente de coche<\/a>, resbal\u00f3n y ca\u00edda, u otro caso de lesiones, podemos ayudar.<\/p>\n<p><a href=\"https:\/\/springslawgroup.com\/es\/contacto\/\">Reserve hoy mismo su consulta<\/a> gratuita para saber c\u00f3mo podemos ayudarle.<\/p>\n","protected":false},"excerpt":{"rendered":"<p>Allstate es uno de los proveedores de seguros m\u00e1s grandes y populares del pa\u00eds. Fundada hace m\u00e1s de 90 a\u00f1os,&nbsp;<a class=\"moretag\" href=\"https:\/\/springslawgroup.com\/es\/colorado-springs-abogados-de-reclamacion-de-seguros\/reclamacion-de-allstate-por-lesiones-su-guia-para-obtener-la-maxima-indemnizacion\/\"> Read More&#8230;<\/a><\/p>\n","protected":false},"author":32,"featured_media":0,"parent":16263,"menu_order":0,"comment_status":"closed","ping_status":"closed","template":"landingpage.php","meta":{"_acf_changed":false,"inline_featured_image":false,"footnotes":""},"categories":[],"tags":[],"class_list":["post-16261","page","type-page","status-publish","hentry"],"acf":{"key_takeaways":null,"_litigation_personal_injury_contents_new":{"_litigation_personal_injury_title_new":"","_litigation_personal_injury_discription_new":"","_litigation_personal_injury_discription_new_copy":"","_litigation_video_url_new":"","add_button":""},"_header_sub_header_content_new":null,"_litigation_frequently_asked_questions_new":null,"lawsuit_updates":null,"_litigation_related_posts_relation":null,"acf-references":""},"_links":{"self":[{"href":"https:\/\/springslawgroup.com\/es\/wp-json\/wp\/v2\/pages\/16261","targetHints":{"allow":["GET"]}}],"collection":[{"href":"https:\/\/springslawgroup.com\/es\/wp-json\/wp\/v2\/pages"}],"about":[{"href":"https:\/\/springslawgroup.com\/es\/wp-json\/wp\/v2\/types\/page"}],"author":[{"embeddable":true,"href":"https:\/\/springslawgroup.com\/es\/wp-json\/wp\/v2\/users\/32"}],"replies":[{"embeddable":true,"href":"https:\/\/springslawgroup.com\/es\/wp-json\/wp\/v2\/comments?post=16261"}],"version-history":[{"count":5,"href":"https:\/\/springslawgroup.com\/es\/wp-json\/wp\/v2\/pages\/16261\/revisions"}],"predecessor-version":[{"id":18017,"href":"https:\/\/springslawgroup.com\/es\/wp-json\/wp\/v2\/pages\/16261\/revisions\/18017"}],"up":[{"embeddable":true,"href":"https:\/\/springslawgroup.com\/es\/wp-json\/wp\/v2\/pages\/16263"}],"wp:attachment":[{"href":"https:\/\/springslawgroup.com\/es\/wp-json\/wp\/v2\/media?parent=16261"}],"wp:term":[{"taxonomy":"category","embeddable":true,"href":"https:\/\/springslawgroup.com\/es\/wp-json\/wp\/v2\/categories?post=16261"},{"taxonomy":"post_tag","embeddable":true,"href":"https:\/\/springslawgroup.com\/es\/wp-json\/wp\/v2\/tags?post=16261"}],"curies":[{"name":"wp","href":"https:\/\/api.w.org\/{rel}","templated":true}]}}