{"id":16260,"date":"2023-03-21T08:53:15","date_gmt":"2023-03-21T15:53:15","guid":{"rendered":"https:\/\/springs.flywheelstaging.com\/reclamacion-por-lesiones-a-farm-bureau-su-guia-para-obtener-la-maxima-indemnizacion\/"},"modified":"2023-10-20T14:18:06","modified_gmt":"2023-10-20T21:18:06","slug":"reclamacion-por-lesiones-a-farm-bureau-su-guia-para-obtener-la-maxima-indemnizacion","status":"publish","type":"page","link":"https:\/\/springslawgroup.com\/es\/colorado-springs-abogados-de-reclamacion-de-seguros\/reclamacion-por-lesiones-a-farm-bureau-su-guia-para-obtener-la-maxima-indemnizacion\/","title":{"rendered":"Reclamo por lesiones a Farm Bureau: Su Gu\u00eda para Obtener la M\u00e1xima Indemnizaci\u00f3n"},"content":{"rendered":"<p>Si usted ha estado involucrado en un accidente y tiene una p\u00f3liza de seguro de Farm Bureau, puede tener derecho a una indemnizaci\u00f3n por sus lesiones.<\/p>\n<p>Por desgracia, las compa\u00f1\u00edas de seguros como Farm Bureau s\u00f3lo tienen en cuenta sus propios intereses.<br \/>\nSuelen denegar siniestros u ofrecer indemnizaciones bajas para ahorrar dinero.<\/p>\n<p>En <a href=\"https:\/\/springslawgroup.com\/es\/\">Springs Law Group<\/a>, queremos ayudarle a obtener una compensaci\u00f3n completa de Farm Bureau. Es por eso que hemos creado esta gu\u00eda completa para ayudarle a navegar por el proceso de reclamo por lesiones a Farm Bureau y obtener la compensaci\u00f3n que se merece. Nuestro experimentado equipo de abogados se dedica a ayudarle en cada paso del camino.<\/p>\n<p>Siga leyendo para aprender m\u00e1s acerca de c\u00f3mo Springs Law Group puede ayudarle con su reclamo por lesiones a Farm Bureau.<\/p>\n<h2><b>Qu\u00e9 Esperar al Tramitar un Reclamo por Lesiones en Farm Bureau<\/b><\/h2>\n<p>Estas son algunas de las cosas que puede esperar al tramitar un reclamo por lesiones en Farm Bureau:<\/p>\n<ul>\n<li><strong>Investigaci\u00f3n &#8211;<\/strong> Farm Bureau llevar\u00e1 a cabo una investigaci\u00f3n para determinar el alcance de sus lesiones y las circunstancias del accidente.<\/li>\n<li><strong>Declaraci\u00f3n grabada &#8211;<\/strong> Un ajustador de seguros de Farm Bureau le pedir\u00e1 una <a href=\"https:\/\/springslawgroup.com\/es\/blog\/debe-prestar-declaracion-grabada-a-la-compania-de-seguros-por-su-accidente-de-transito\/\">declaraci\u00f3n grabada<\/a> para poder usar lo que usted dice para rechazar o minimizar su reclamo.<\/li>\n<li><strong>Oferta de acuerdo &#8211;<\/strong> Farm Bureau le har\u00e1 una oferta de acuerdo que probablemente sea demasiado baja para los da\u00f1os que usted sufri\u00f3.<\/li>\n<\/ul>\n<p>Manejar un reclamo de lesiones de Farm Bureau puede ser estresante, pero Springs Law Group est\u00e1 aqu\u00ed para hacer el proceso lo m\u00e1s suave posible. P\u00f3ngase en contacto con nosotros hoy mismo para saber m\u00e1s sobre c\u00f3mo podemos ayudarle.<\/p>\n<h2><b>Preparar con \u00c9xito una Demanda por Lesiones: C\u00f3mo Proteger su Derecho a una Indemnizaci\u00f3n<\/b><\/h2>\n<p>Si ha sufrido lesiones en un accidente, es esencial que act\u00fae de inmediato para proteger su derecho a una indemnizaci\u00f3n. He aqu\u00ed algunos consejos a tener en cuenta:<\/p>\n<ul>\n<li><strong>Busque atenci\u00f3n m\u00e9dica.<\/strong> Acuda al m\u00e9dico lo antes posible tras el accidente para documentar sus lesiones y establecer un plan de tratamiento.<\/li>\n<li><strong>Re\u00fane pruebas.<\/strong> Recoge todas las pruebas posibles, incluidas fotos del lugar de los hechos, declaraciones de testigos e informes policiales.<\/li>\n<li><strong>Lleva un registro.<\/strong> Lleve un registro de todos los gastos relacionados con el incidente, como facturas m\u00e9dicas, salarios perdidos y da\u00f1os materiales.<\/li>\n<li><strong>Ten cuidado.<\/strong> Evite hablar del accidente con otras personas que no sean su abogado o el perito del seguro, y no firme nada hasta que haya consultado con un representante legal.<\/li>\n<li><strong>Contrate a un abogado.<\/strong> Trabajar con un abogado con experiencia en lesiones personales puede ayudar a asegurar que sus derechos est\u00e9n protegidos y que reciba la compensaci\u00f3n que se merece.<\/li>\n<\/ul>\n<p>Preparar una demanda por lesiones con \u00e9xito lleva tiempo y esfuerzo, pero el equipo de Springs Law Group est\u00e1 aqu\u00ed para ayudarle en cada paso del camino. Ll\u00e1menos hoy mismo para obtener m\u00e1s informaci\u00f3n sobre c\u00f3mo podemos ayudarle a proteger su derecho a una indemnizaci\u00f3n.<\/p>\n<h2><b>No tan r\u00e1pido &#8211; Por Qu\u00e9 Debe llamar a un Abogado ANTES de Hablar con la Compa\u00f1\u00eda de Seguros<\/b><\/h2>\n<p>Si ha sufrido un accidente y est\u00e1 tratando con una compa\u00f1\u00eda de seguros, es esencial que busque asesoramiento jur\u00eddico antes de discutir su caso.<\/p>\n<p>Las compa\u00f1\u00edas de seguros son empresas, y su principal objetivo es minimizar sus p\u00e9rdidas pagando lo menos posible. Por eso pueden intentar que llegue a un acuerdo por menos de lo que merece o incluso denegarle el reclamo.<\/p>\n<p>Si llama a un abogado antes de hablar con la compa\u00f1\u00eda de seguros, podr\u00e1 asegurarse de recibir la indemnizaci\u00f3n que merece. Un abogado de confianza especializado en lesiones personales puede ayudarle a conocer sus derechos, negociar con la compa\u00f1\u00eda de seguros en su nombre y emprender acciones legales si es necesario.<\/p>\n<p>En Springs Law Group, estamos comprometidos a ayudar a nuestros clientes a recibir la <a href=\"https:\/\/springslawgroup.com\/es\/blog\/aumente-la-indemnizacion-por-accidente-automovilistico\/\">m\u00e1xima compensaci\u00f3n<\/a> posible. P\u00f3ngase en contacto con nosotros hoy mismo para obtener m\u00e1s informaci\u00f3n sobre c\u00f3mo podemos ayudarle en su caso de lesiones personales.<\/p>\n<h2><b>FAQ: Reclamo de Seguro Farm Bureau<\/b><\/h2>\n<p><b>\u00bfDebo aceptar la primera oferta de liquidaci\u00f3n del seguro Farm Bureau?<\/b><\/p>\n<p>Por lo general, no es buena idea aceptar la primera oferta de acuerdo que le haga la compa\u00f1\u00eda de seguros. Las compa\u00f1\u00edas de seguros suelen ofrecer indemnizaciones bajas con la esperanza de que los demandantes las acepten sin cuestionar la cuant\u00eda. Es importante trabajar con un abogado experto en lesiones personales que pueda ayudarle a negociar un acuerdo justo o a llevar su caso ante los tribunales si es necesario.<\/p>\n<p><b>\u00bfPuedo presentar un reclamo al seguro de Farm Bureau si el accidente fue en parte culpa m\u00eda?<\/b><\/p>\n<p>S\u00ed, usted todav\u00eda puede ser capaz de presentar un <a href=\"https:\/\/springslawgroup.com\/es\/colorado-springs-abogado-de-reclamaciones-de-seguros\/\">reclamode seguro<\/a> de Farm Bureau, incluso si usted fue parcialmente culpable del accidente. Colorado sigue una regla de negligencia comparativa modificada, lo que significa que usted todav\u00eda puede tener derecho a una indemnizaci\u00f3n, siempre y cuando usted era menos del 50% responsable del accidente.<\/p>\n<p><b>\u00bfQu\u00e9 tipo de accidentes cubre el seguro Farm Bureau?<\/b><\/p>\n<p>El seguro Farm Bureau proporciona cobertura para una variedad de accidentes, incluyendo <a href=\"https:\/\/springslawgroup.com\/es\/colorado-springs-car-accident-lawyer-5\/\">accidentes automovil\u00edsticos, accidentes por resbalones y ca\u00eddas<\/a>, accidentes en el lugar de trabajo y m\u00e1s.<\/p>\n<h2><b>Obtenga la Indemnizaci\u00f3n que Merece. Llame a Springs Law Group.<\/b><\/h2>\n<p>Springs Law Group est\u00e1 aqu\u00ed para ayudarle a navegar la presentaci\u00f3n de un reclamo por lesiones a Farm Bureau y asegurarse de que usted reciba la compensaci\u00f3n m\u00e1xima que se merece. Nuestro equipo de abogados expertos luchar\u00e1 a su lado y le proporcionar\u00e1 la orientaci\u00f3n y el apoyo que necesita durante este dif\u00edcil momento.<\/p>\n<p><a href=\"https:\/\/springslawgroup.com\/es\/contacto\/\">P\u00f3ngase en contacto con nosotros hoy mismo<\/a> para reservar una consulta gratuita y comenzar con su caso.<\/p>\n<p><script type=\"application\/ld+json\">\n{\n  \"@context\": \"https:\/\/schema.org\",\n  \"@type\": \"FAQPage\",\n  \"mainEntity\": [{\n    \"@type\": \"Question\",\n    \"name\": \"Should I accept the first settlement offer from Farm Bureau Insurance?\",\n    \"acceptedAnswer\": {\n      \"@type\": \"Answer\",\n      \"text\": \"It's generally not a good idea to accept the first settlement offer that the insurance company gives you. Insurance companies often offer low settlements in the hopes that claimants will accept them without questioning the amount. It's important to work with an experienced personal injury attorney who can help you negotiate a fair settlement or take your case to court if necessary.\"\n    }\n  },{\n    \"@type\": \"Question\",\n    \"name\": \"Can I still file a Farm Bureau insurance claim if the accident was partially my fault?\",\n    \"acceptedAnswer\": {\n      \"@type\": \"Answer\",\n      \"text\": \"Yes, you may still be able to file a Farm Bureau insurance claim even if you were partially at fault for the accident. Colorado follows a modified comparative negligence rule, which means that you may still be entitled to compensation as long as you were less than 50% responsible for the accident.\"\n    }\n  },{\n    \"@type\": \"Question\",\n    \"name\": \"What types of accidents are covered under Farm Bureau insurance claims?\",\n    \"acceptedAnswer\": {\n      \"@type\": \"Answer\",\n      \"text\": \"Farm Bureau insurance provides coverage for a variety of accidents, including car accidents, slip and fall accidents, workplace accidents, and more.\"\n    }\n  }]\n}\n<\/script><\/p>\n","protected":false},"excerpt":{"rendered":"<p>Si usted ha estado involucrado en un accidente y tiene una p\u00f3liza de seguro de Farm Bureau, puede tener derecho&nbsp;<a class=\"moretag\" href=\"https:\/\/springslawgroup.com\/es\/colorado-springs-abogados-de-reclamacion-de-seguros\/reclamacion-por-lesiones-a-farm-bureau-su-guia-para-obtener-la-maxima-indemnizacion\/\"> Read More&#8230;<\/a><\/p>\n","protected":false},"author":32,"featured_media":0,"parent":16263,"menu_order":0,"comment_status":"closed","ping_status":"closed","template":"landingpage.php","meta":{"_acf_changed":false,"inline_featured_image":false,"footnotes":""},"categories":[],"tags":[],"class_list":["post-16260","page","type-page","status-publish","hentry"],"acf":{"key_takeaways":null,"_litigation_personal_injury_contents_new":{"_litigation_personal_injury_title_new":"","_litigation_personal_injury_discription_new":"","_litigation_personal_injury_discription_new_copy":"","_litigation_video_url_new":"","add_button":""},"_header_sub_header_content_new":null,"_litigation_frequently_asked_questions_new":null,"lawsuit_updates":null,"_litigation_related_posts_relation":null,"acf-references":""},"_links":{"self":[{"href":"https:\/\/springslawgroup.com\/es\/wp-json\/wp\/v2\/pages\/16260","targetHints":{"allow":["GET"]}}],"collection":[{"href":"https:\/\/springslawgroup.com\/es\/wp-json\/wp\/v2\/pages"}],"about":[{"href":"https:\/\/springslawgroup.com\/es\/wp-json\/wp\/v2\/types\/page"}],"author":[{"embeddable":true,"href":"https:\/\/springslawgroup.com\/es\/wp-json\/wp\/v2\/users\/32"}],"replies":[{"embeddable":true,"href":"https:\/\/springslawgroup.com\/es\/wp-json\/wp\/v2\/comments?post=16260"}],"version-history":[{"count":3,"href":"https:\/\/springslawgroup.com\/es\/wp-json\/wp\/v2\/pages\/16260\/revisions"}],"predecessor-version":[{"id":18062,"href":"https:\/\/springslawgroup.com\/es\/wp-json\/wp\/v2\/pages\/16260\/revisions\/18062"}],"up":[{"embeddable":true,"href":"https:\/\/springslawgroup.com\/es\/wp-json\/wp\/v2\/pages\/16263"}],"wp:attachment":[{"href":"https:\/\/springslawgroup.com\/es\/wp-json\/wp\/v2\/media?parent=16260"}],"wp:term":[{"taxonomy":"category","embeddable":true,"href":"https:\/\/springslawgroup.com\/es\/wp-json\/wp\/v2\/categories?post=16260"},{"taxonomy":"post_tag","embeddable":true,"href":"https:\/\/springslawgroup.com\/es\/wp-json\/wp\/v2\/tags?post=16260"}],"curies":[{"name":"wp","href":"https:\/\/api.w.org\/{rel}","templated":true}]}}