{"id":16258,"date":"2023-03-21T08:55:38","date_gmt":"2023-03-21T15:55:38","guid":{"rendered":"https:\/\/springs.flywheelstaging.com\/reclamacion-por-lesiones-en-la-agricultura-su-guia-para-obtener-la-maxima-indemnizacion\/"},"modified":"2023-10-20T14:17:43","modified_gmt":"2023-10-20T21:17:43","slug":"reclamacion-por-lesiones-en-la-agricultura-su-guia-para-obtener-la-maxima-indemnizacion","status":"publish","type":"page","link":"https:\/\/springslawgroup.com\/es\/colorado-springs-abogados-de-reclamacion-de-seguros\/reclamacion-por-lesiones-en-la-agricultura-su-guia-para-obtener-la-maxima-indemnizacion\/","title":{"rendered":"Reclamos por Lesiones en Farmers: Su Gu\u00eda para Obtener la M\u00e1xima Indemnizaci\u00f3n"},"content":{"rendered":"<p>Hacer frente a cualquier reclamaci\u00f3n de seguros puede ser una experiencia abrumadora, y Farmers Insurance no es una excepci\u00f3n.<\/p>\n<p>Aunque usted conf\u00eda en que su compa\u00f1\u00eda de seguros cubrir\u00e1 los da\u00f1os, puede ser dif\u00edcil navegar por el complejo proceso de reclamos y asegurarse de que recibe la indemnizaci\u00f3n m\u00e1xima a la que tiene derecho.<\/p>\n<p>Ah\u00ed es donde entra <a href=\"https:\/\/springslawgroup.com\/es\/\">Springs Law Group<\/a>. Nuestro equipo de abogados de confianza est\u00e1 aqu\u00ed para guiarle en cada paso del proceso y ayudarle a obtener la indemnizaci\u00f3n que se merece.<\/p>\n<p>Esta gu\u00eda est\u00e1 dise\u00f1ada para proporcionarle informaci\u00f3n valiosa y consejos que le ayudar\u00e1n a gestionar su reclamo al seguro Farmer y a asegurarse de que recibe la m\u00e1xima indemnizaci\u00f3n posible.<\/p>\n<p>Aqu\u00ed tiene todo lo que necesita saber.<\/p>\n<h2><b>Qu\u00e9 Esperar al Tramitar un Reclamo por Da\u00f1os Sufridos en Farmers Insurance<\/b><\/h2>\n<p>Si usted ha resultado herido y est\u00e1 presentando un reclamo con Farmers Insurance, hay ciertas cosas que usted puede esperar durante el proceso de reclamos, incluyendo:<\/p>\n<ul>\n<li><strong>Investigaci\u00f3n &#8211;<\/strong> Farmers Insurance llevar\u00e1 a cabo una investigaci\u00f3n de su reclamo. Esta investigaci\u00f3n suele implicar la recopilaci\u00f3n de informaci\u00f3n sobre el accidente, incluidas declaraciones de testigos, informes policiales e historiales m\u00e9dicos.<\/li>\n<li><strong>Comunicaci\u00f3n &#8211;<\/strong> Es probable que <a href=\"https:\/\/springslawgroup.com\/es\/blog\/debe-prestar-declaracion-grabada-a-la-compania-de-seguros-por-su-accidente-de-transito\/\">reciba comunicaci\u00f3n<\/a> de Farmers Insurance durante todo el proceso de reclamo. Esto puede incluir solicitudes de informaci\u00f3n o documentaci\u00f3n adicional, actualizaciones sobre el estado de su reclamo y posibles ofertas de acuerdo.<\/li>\n<li><strong>Evaluaciones m\u00e9dicas &#8211;<\/strong> Si ha sufrido lesiones, es posible que le pidan que se someta a evaluaciones m\u00e9dicas para determinar el alcance de sus lesiones y el tratamiento necesario.<\/li>\n<li><strong>Revisi\u00f3n de los da\u00f1os:<\/strong> Farmers Insurance revisar\u00e1 los da\u00f1os relacionados con su reclamo, incluidas las facturas m\u00e9dicas, los salarios perdidos y otros gastos relacionados.<\/li>\n<li>Negociaciones de acuerdo <strong>&#8211;<\/strong> Si Farmers Insurance acepta la responsabilidad por sus lesiones, usted puede entrar en negociaciones de acuerdo. Esto puede implicar negociar la cuant\u00eda de la indemnizaci\u00f3n que recibir\u00e1 por sus da\u00f1os.<\/li>\n<li>Representaci\u00f3n <strong>legal &#8211;<\/strong> Si el proceso de reclamo se complica o no recibe la indemnizaci\u00f3n a la que tiene derecho, debe buscar representaci\u00f3n legal. Un abogado especializado en lesiones personales puede ayudarle en este proceso y garantizar la protecci\u00f3n de sus derechos.<\/li>\n<\/ul>\n<p>Comprender estas expectativas generales puede ayudarle a desenvolverse mejor en el proceso de reclamo y a obtener la indemnizaci\u00f3n que merece.<\/p>\n<h2><b>Preparar con \u00c9xito una Demanda por Lesiones: C\u00f3mo Proteger su Derecho a una Indemnizaci\u00f3n<\/b><\/h2>\n<p>Preparar con \u00e9xito una demanda por lesiones es esencial para proteger su derecho a una indemnizaci\u00f3n tras un accidente. He aqu\u00ed algunos consejos que le ayudar\u00e1n a elaborar un reclamo s\u00f3lido por lesiones:<\/p>\n<ul>\n<li><strong>Busque atenci\u00f3n m\u00e9dica.<\/strong> Es importante buscar atenci\u00f3n m\u00e9dica inmediatamente despu\u00e9s de un accidente, incluso si crees que tus lesiones no son graves. Esto documentar\u00e1 sus lesiones y le ayudar\u00e1 a respaldar su reclamo.<\/li>\n<li><strong>Documente el accidente.<\/strong> Haz fotos del lugar del accidente, de los da\u00f1os materiales y de tus lesiones. Esto puede aportar pruebas valiosas en apoyo de su reclamo.<\/li>\n<li><strong>Lleva un registro.<\/strong> Lleve un registro detallado de todos los costes relacionados con el incidente, incluidas las facturas m\u00e9dicas, los salarios perdidos y otros gastos conexos.<\/li>\n<li><strong>No acepte un acuerdo r\u00e1pido.<\/strong> Las compa\u00f1\u00edas de seguros pueden ofrecer un acuerdo r\u00e1pido para evitar m\u00e1s litigios. Sin embargo, es posible que este acuerdo no le compense plenamente por los da\u00f1os sufridos. Es importante consultar con un abogado antes de aceptar cualquier oferta de acuerdo.<\/li>\n<li><strong>Consulte a un abogado con experiencia.<\/strong> Un abogado con experiencia en lesiones personales puede ayudarle a navegar por el proceso de reclamos y garantizar la protecci\u00f3n de sus derechos. Tambi\u00e9n pueden ayudarle a construir un caso s\u00f3lido y negociar un acuerdo justo.<\/li>\n<\/ul>\n<p>Siguiendo estos consejos, podr\u00e1 preparar con \u00e9xito una <a href=\"https:\/\/springslawgroup.com\/es\/colorado-springs-car-accident-lawyer-5\/\">demanda por lesiones<\/a> y proteger su derecho a una indemnizaci\u00f3n justa tras un accidente.<\/p>\n<h2><b>No tan r\u00e1pido &#8211; Por Qu\u00e9 Debe Llamar a un Abogado ANTES de Hablar con la Compa\u00f1\u00eda de Seguros<\/b><\/h2>\n<p>Si se ha visto implicado en un accidente y necesita presentar un reclamo a una compa\u00f1\u00eda de seguros, es esencial que consulte con un abogado especializado en lesiones personales antes de hablar con la compa\u00f1\u00eda de seguros.<\/p>\n<p>Los peritos de seguros pueden parecer amables y emp\u00e1ticos, pero su objetivo principal es proteger los beneficios de su empresa, no asegurarse de que usted reciba una indemnizaci\u00f3n justa.<\/p>\n<p>Un abogado experto en lesiones personales puede ayudarle a comprender sus derechos, guiarle en <a href=\"https:\/\/springslawgroup.com\/es\/colorado-springs-car-accident-lawyer-5\/\">el proceso de reclamo<\/a> y asegurarse de que recibe la indemnizaci\u00f3n que merece. Tambi\u00e9n pueden ayudarle a evitar errores comunes que podr\u00edan poner en peligro su reclamo, como hacer declaraciones grabadas o firmar un acuerdo de conciliaci\u00f3n sin comprender plenamente las condiciones.<\/p>\n<p>Si consulta a un abogado antes de hablar con la compa\u00f1\u00eda de seguros, podr\u00e1 proteger sus derechos y asegurarse de que sus intereses est\u00e1n representados.<\/p>\n<h2><b>FAQ: Reclamo en Farmers Insurance<\/b><\/h2>\n<p><b>\u00bfCu\u00e1nto tiempo tardar\u00e1 en resolverse mi reclamo de Farmers Insurance?<\/b><\/p>\n<p>La cantidad de tiempo que tarda en resolverse un reclamo de Farmers Insurance es diferente dependiendo de los detalles espec\u00edficos de su caso. En algunos casos, un reclamo puede resolverse con relativa rapidez, mientras que en otros puede llevar meses o incluso a\u00f1os llegar a una resoluci\u00f3n.<\/p>\n<p><b>\u00bfQu\u00e9 tipos de da\u00f1os puedo recuperar en un reclamo a Farmers Insurance?<\/b><\/p>\n<p>Si usted ha resultado lesionado en un accidente y presenta un reclamo con Farmers Insurance, puede tener derecho a recuperar una variedad de da\u00f1os y perjuicios, incluidos los gastos m\u00e9dicos, salarios perdidos, y el dolor y el sufrimiento.<\/p>\n<p><b>\u00bfQu\u00e9 debo hacer si la compa\u00f1\u00eda de seguros deniega mi reclamo u ofrece un acuerdo que no me compensa totalmente por los da\u00f1os sufridos?<\/b><\/p>\n<p>Si la compa\u00f1\u00eda de seguros le deniega el reclamo o le ofrece una indemnizaci\u00f3n baja por los da\u00f1os sufridos, debe consultar lo antes posible a un abogado experto en lesiones personales. Su abogado puede ayudarle a comprender sus derechos y opciones para emprender otras acciones legales, como presentar una demanda.<\/p>\n<h2><b>Obtenga la Indemnizaci\u00f3n que Merece. Llame a Springs Law Group.<\/b><\/h2>\n<p>Si usted ha resultado lesionado en un accidente y necesita presentar un reclamo con Farmers Insurance, es importante entender sus derechos y opciones para obtener una compensaci\u00f3n justa.<\/p>\n<p>Trabajar con un abogado de lesiones personales puede ayudar a asegurar que sus mejores intereses est\u00e9n representados. Pueden ayudarle a preparar un reclamo s\u00f3lido por lesiones, negociar con la compa\u00f1\u00eda de seguros en su nombre y emprender otras acciones legales si es necesario.<\/p>\n<p>Los abogados de Springs Law Group se dedican a ayudar a las v\u00edctimas de lesiones a obtener la compensaci\u00f3n que merecen. <a href=\"https:\/\/springslawgroup.com\/es\/contacto\/\">Cont\u00e1ctenos hoy<\/a> para saber c\u00f3mo podemos ayudarle con su reclamo de Farmers Insurance.<\/p>\n<p><script type=\"application\/ld+json\">\n{\n  \"@context\": \"https:\/\/schema.org\",\n  \"@type\": \"FAQPage\",\n  \"mainEntity\": [{\n    \"@type\": \"Question\",\n    \"name\": \"How long will it take for my Farmers Insurance claim to be resolved?\",\n    \"acceptedAnswer\": {\n      \"@type\": \"Answer\",\n      \"text\": \"The amount of time it takes for a Farmers Insurance claim to be resolved is different depending on the specific details of your case. In some cases, a claim can be resolved relatively quickly, while others may take months or even years to reach a resolution.\"\n    }\n  },{\n    \"@type\": \"Question\",\n    \"name\": \"What types of damages can I recover in a Farmers Insurance claim?\",\n    \"acceptedAnswer\": {\n      \"@type\": \"Answer\",\n      \"text\": \"If you have been injured in an accident and file a claim with Farmers Insurance, you may be entitled to recover a variety of damages, including medical expenses, lost wages, and pain and suffering.\"\n    }\n  },{\n    \"@type\": \"Question\",\n    \"name\": \"What should I do if the insurance company denies my claim or offers a settlement that does not fully compensate me for my damages?\",\n    \"acceptedAnswer\": {\n      \"@type\": \"Answer\",\n      \"text\": \"If the insurance company denies your claim or offers a low settlement amount for your damages, you should consult with an experienced personal injury attorney as soon as possible. Your attorney can help you understand your rights and options for pursuing further legal action, such as filing a lawsuit.\"\n    }\n  }]\n}\n<\/script><\/p>\n","protected":false},"excerpt":{"rendered":"<p>Hacer frente a cualquier reclamaci\u00f3n de seguros puede ser una experiencia abrumadora, y Farmers Insurance no es una excepci\u00f3n. Aunque&nbsp;<a class=\"moretag\" href=\"https:\/\/springslawgroup.com\/es\/colorado-springs-abogados-de-reclamacion-de-seguros\/reclamacion-por-lesiones-en-la-agricultura-su-guia-para-obtener-la-maxima-indemnizacion\/\"> Read More&#8230;<\/a><\/p>\n","protected":false},"author":32,"featured_media":0,"parent":16263,"menu_order":0,"comment_status":"closed","ping_status":"closed","template":"landingpage.php","meta":{"_acf_changed":false,"inline_featured_image":false,"footnotes":""},"categories":[],"tags":[],"class_list":["post-16258","page","type-page","status-publish","hentry"],"acf":{"key_takeaways":null,"_litigation_personal_injury_contents_new":{"_litigation_personal_injury_title_new":"","_litigation_personal_injury_discription_new":"","_litigation_personal_injury_discription_new_copy":"","_litigation_video_url_new":"","add_button":""},"_header_sub_header_content_new":null,"_litigation_frequently_asked_questions_new":null,"lawsuit_updates":null,"_litigation_related_posts_relation":null,"acf-references":""},"_links":{"self":[{"href":"https:\/\/springslawgroup.com\/es\/wp-json\/wp\/v2\/pages\/16258","targetHints":{"allow":["GET"]}}],"collection":[{"href":"https:\/\/springslawgroup.com\/es\/wp-json\/wp\/v2\/pages"}],"about":[{"href":"https:\/\/springslawgroup.com\/es\/wp-json\/wp\/v2\/types\/page"}],"author":[{"embeddable":true,"href":"https:\/\/springslawgroup.com\/es\/wp-json\/wp\/v2\/users\/32"}],"replies":[{"embeddable":true,"href":"https:\/\/springslawgroup.com\/es\/wp-json\/wp\/v2\/comments?post=16258"}],"version-history":[{"count":3,"href":"https:\/\/springslawgroup.com\/es\/wp-json\/wp\/v2\/pages\/16258\/revisions"}],"predecessor-version":[{"id":18060,"href":"https:\/\/springslawgroup.com\/es\/wp-json\/wp\/v2\/pages\/16258\/revisions\/18060"}],"up":[{"embeddable":true,"href":"https:\/\/springslawgroup.com\/es\/wp-json\/wp\/v2\/pages\/16263"}],"wp:attachment":[{"href":"https:\/\/springslawgroup.com\/es\/wp-json\/wp\/v2\/media?parent=16258"}],"wp:term":[{"taxonomy":"category","embeddable":true,"href":"https:\/\/springslawgroup.com\/es\/wp-json\/wp\/v2\/categories?post=16258"},{"taxonomy":"post_tag","embeddable":true,"href":"https:\/\/springslawgroup.com\/es\/wp-json\/wp\/v2\/tags?post=16258"}],"curies":[{"name":"wp","href":"https:\/\/api.w.org\/{rel}","templated":true}]}}