{"id":16257,"date":"2023-04-10T09:30:24","date_gmt":"2023-04-10T16:30:24","guid":{"rendered":"https:\/\/springs.flywheelstaging.com\/reclamacion-por-lesiones-a-usaa-su-guia-para-obtener-la-maxima-indemnizacion\/"},"modified":"2023-09-01T07:07:14","modified_gmt":"2023-09-01T14:07:14","slug":"reclamacion-por-lesiones-a-usaa-su-guia-para-obtener-la-maxima-indemnizacion","status":"publish","type":"page","link":"https:\/\/springslawgroup.com\/es\/colorado-springs-abogados-de-reclamacion-de-seguros\/reclamacion-por-lesiones-a-usaa-su-guia-para-obtener-la-maxima-indemnizacion\/","title":{"rendered":"Reclamo por Lesiones a USAA: Su Gu\u00eda para Obtener la M\u00e1xima Indemnizaci\u00f3n"},"content":{"rendered":"<p>Si usted ha sufrido lesiones en un accidente y es asegurado de USAA, puede tener derecho a una indemnizaci\u00f3n por sus lesiones. Sin embargo, navegar por el proceso de reclamo por lesiones a USAA puede ser confuso y abrumador, especialmente cuando usted est\u00e1 tratando con las secuelas f\u00edsicas, emocionales y financieras de un accidente.<\/p>\n<p>Por eso hemos creado esta gu\u00eda para ayudarle a entender el proceso de reclamo por lesiones en USAA y maximizar su compensaci\u00f3n.<\/p>\n<p>Desde la notificaci\u00f3n de su siniestro hasta la negociaci\u00f3n con el perito de seguros, le proporcionaremos la informaci\u00f3n y los recursos que necesita para afrontar con \u00e9xito el proceso de reclamo. Por lo tanto, si usted est\u00e1 tratando con un accidente de coche, resbal\u00f3n y ca\u00edda, o cualquier otro tipo de lesi\u00f3n, vamos a ayudarle a obtener la compensaci\u00f3n m\u00e1xima que se merece.<\/p>\n<p>Si es usted asegurado de USAA y ha sufrido lesiones en un accidente, no espere. P\u00f3ngase en contacto con <a href=\"https:\/\/springslawgroup.com\/es\/\">Springs Law Group en Colorado Springs<\/a> hoy para programar una consulta gratuita y aprender c\u00f3mo podemos ayudarle a obtener la compensaci\u00f3n que se merece.<\/p>\n<h2><b>Qu\u00e9 Esperar al Tramitar una Demanda por Lesiones en USAA<\/b><\/h2>\n<p>Si usted est\u00e1 tratando con una demanda por lesiones en USAA, es importante saber qu\u00e9 esperar a lo largo del <a href=\"https:\/\/springslawgroup.com\/es\/colorado-springs-abogado-de-reclamaciones-de-seguros\/colorado-springs-insurance-claims-lawyer-2\/\">proceso de reclamos a seguros<\/a>:<\/p>\n<ul>\n<li><strong>Investigaci\u00f3n &#8211;<\/strong> Una vez que usted presente una demanda a USAA, ellos llevar\u00e1n a cabo una investigaci\u00f3n sobre las circunstancias de su accidente. Esto puede implicar revisar los informes policiales, hablar con los testigos y examinar cualquier prueba f\u00edsica relacionada con el accidente.<\/li>\n<li><strong>Comunicaci\u00f3n &#8211;<\/strong> A lo largo del proceso de reclamos, usted puede esperar comunicarse con un ajustador de reclamos de USAA. Se encargar\u00e1n de evaluar su demanda, determinar la responsabilidad y negociar el importe de la indemnizaci\u00f3n. Es importante tener en cuenta que el perito trabaja para la compa\u00f1\u00eda de seguros y no siempre tiene en cuenta sus intereses.<\/li>\n<li><strong>Evaluaci\u00f3n &#8211;<\/strong> Despu\u00e9s de completar su investigaci\u00f3n, USAA evaluar\u00e1 los da\u00f1os y lesiones resultantes del accidente. A continuaci\u00f3n, determinar\u00e1n la cuant\u00eda de la indemnizaci\u00f3n que est\u00e1n dispuestos a ofrecer para resolver su reclamo. Es importante recordar que esta oferta inicial puede ser muy inferior al valor real de su reclamo.<\/li>\n<li><strong>Negociaci\u00f3n &#8211;<\/strong> Si no est\u00e1 satisfecho con la oferta inicial de USAA, tiene derecho a negociar una cantidad mayor. Esto puede implicar la <a href=\"https:\/\/springslawgroup.com\/es\/blog\/cinco-tipos-de-pruebas-que-puede-recolectar\/\">recopilaci\u00f3n de pruebas<\/a> que respalden sus demandas, como historiales m\u00e9dicos o declaraciones de testigos. Tambi\u00e9n puede implicar trabajar con un abogado de lesiones personales que pueda negociar en su nombre y defender sus derechos.<\/li>\n<\/ul>\n<h2><b>Preparar con \u00c9xito una Demanda por Lesiones: C\u00f3mo Proteger su Derecho a una Indemnizaci\u00f3n<\/b><\/h2>\n<p>Estos son algunos pasos que puede seguir para preparar una demanda con \u00e9xito y <a href=\"https:\/\/springslawgroup.com\/es\/blog\/aumente-la-indemnizacion-por-accidente-automovilistico\/\">aumentar su indemnizaci\u00f3n por accidente de<\/a> coche:<\/p>\n<ul>\n<li><strong>Busque atenci\u00f3n m\u00e9dica.<\/strong> Aunque se sienta bien despu\u00e9s de un accidente, es importante buscar atenci\u00f3n m\u00e9dica. Algunas lesiones pueden no ser evidentes de inmediato, y retrasar el tratamiento podr\u00eda empeorar su estado y debilitar su reclamaci\u00f3n.<\/li>\n<li><strong>Docum\u00e9ntalo todo.<\/strong> Lleve un registro de todos los documentos y pruebas relacionados con el accidente, incluidas facturas m\u00e9dicas, informes policiales, declaraciones de testigos y fotograf\u00edas. Esta informaci\u00f3n ser\u00e1 crucial a la hora de presentar su reclamo y negociar un acuerdo justo.<\/li>\n<li><strong>No admitas la culpa.<\/strong> Evita hacer una <a href=\"https:\/\/springslawgroup.com\/es\/blog\/debe-prestar-declaracion-grabada-a-la-compania-de-seguros-por-su-accidente-de-transito\/\">declaraci\u00f3n grabada a la compa\u00f1\u00eda de seguros<\/a> o admitir la culpa, aunque creas que puedes ser parcialmente responsable del accidente. Estas declaraciones pueden utilizarse en su contra a la hora de determinar la responsabilidad y pueden debilitar su reclamo.<\/li>\n<li><strong>Consulte con un abogado.<\/strong> Un abogado experto en lesiones personales puede guiarle a trav\u00e9s del proceso de reclamos y garantizar la protecci\u00f3n de sus derechos. Tambi\u00e9n pueden ayudarle a negociar con las compa\u00f1\u00edas de seguros y abogar por un acuerdo justo.<\/li>\n<\/ul>\n<h2><b>No tan R\u00e1pido &#8211; Por Qu\u00e9 Debe Llamar a un Abogado ANTES de Hablar con la Compa\u00f1\u00eda de Seguros<\/b><\/h2>\n<p>Si has sufrido un accidente y est\u00e1s pensando en presentar una demanda a la compa\u00f1\u00eda de seguros, es importante que sepas que las compa\u00f1\u00edas de seguros no siempre est\u00e1n de tu parte. Es por eso que llamar a un <a href=\"https:\/\/springslawgroup.com\/es\/colorado-springs-car-accident-lawyer-5\/\">abogado de accidentes de coche de Colorado Springs<\/a> antes de hablar con la compa\u00f1\u00eda de seguros es crucial.<\/p>\n<p>Un abogado especializado en lesiones personales puede ayudarle a navegar por el complejo proceso de reclamo y garantizar la protecci\u00f3n de sus derechos. Pueden aconsejarle sobre qu\u00e9 decir (y qu\u00e9 no decir) a la compa\u00f1\u00eda de seguros y negociar con el perito en su nombre. Esto puede ayudarle a recibir una indemnizaci\u00f3n justa por sus lesiones y da\u00f1os.<\/p>\n<p>Llamar a un abogado especializado en lesiones personales antes de hablar con la compa\u00f1\u00eda de seguros puede ayudarle a proteger sus derechos y garantizar que reciba la m\u00e1xima indemnizaci\u00f3n por sus lesiones y da\u00f1os. As\u00ed que, si ha sufrido un accidente, no espere.<\/p>\n<h2><b>FAQ: Reclamp por Lesiones en USAA<\/b><\/h2>\n<p><b>\u00bfC\u00f3mo presento una demanda por lesiones a USAA?<\/b><\/p>\n<p>Para presentar una demanda por lesiones a USAA, llame al centro de reclamos o presente una demanda en l\u00ednea a trav\u00e9s del sitio web de USAA. Aseg\u00farate de tener a mano toda la informaci\u00f3n necesaria, incluidos la fecha y el lugar del accidente, los nombres y datos de contacto de los testigos y cualquier documentaci\u00f3n m\u00e9dica relacionada con tus lesiones.<\/p>\n<p><b>\u00bfCu\u00e1nto tiempo se tarda en recibir una indemnizaci\u00f3n de USAA?<\/b><\/p>\n<p>El tiempo que se tarda en recibir una indemnizaci\u00f3n de USAA depender\u00e1 de las particularidades de su caso. USAA tendr\u00e1 que investigar el accidente y evaluar sus da\u00f1os antes de hacer una oferta de liquidaci\u00f3n.<\/p>\n<p>En algunos casos, este proceso puede durar varias semanas o meses. Es importante ser paciente y evitar aceptar una oferta de acuerdo antes de comprender plenamente el alcance de sus lesiones y da\u00f1os.<\/p>\n<p><b>\u00bfDebo contratar a un abogado de lesiones personales para mi demanda a USAA?<\/b><\/p>\n<p>Aunque la contrataci\u00f3n de un abogado de lesiones personales para su reclamo en USAA no es obligatorio, puede ser beneficioso tener un abogado con experiencia de su lado. Un abogado puede ayudarle a navegar por el proceso de reclamo, negociar con USAA en su nombre y proteger sus derechos.<\/p>\n<h2><b>Obtenga la Indemnizaci\u00f3n que Merece. Contacte a Springs Law Group.<\/b><\/h2>\n<p>Si usted ha resultado lesionado en un accidente, es importante buscar la representaci\u00f3n legal de un abogado con experiencia en lesiones personales.<\/p>\n<p>En Springs Law Group, estamos dedicados a ayudar a nuestros clientes a obtener la compensaci\u00f3n que merecen. Ofrecemos representaci\u00f3n personalizada y compasiva, y trabajaremos incansablemente para asegurar que sus derechos sean protegidos.<\/p>\n<p>No esperes. Llame Springs Law Group hoy para <a href=\"https:\/\/springslawgroup.com\/es\/contacto\/\">programar una consulta gratuita<\/a> y aprender c\u00f3mo podemos ayudarle con su demanda por lesiones personales.<\/p>\n<p><script type=\"application\/ld+json\">\n{\n  \"@context\": \"https:\/\/schema.org\",\n  \"@type\": \"FAQPage\",\n  \"mainEntity\": [{\n    \"@type\": \"Question\",\n    \"name\": \"How do I file a USAA injury claim?\",\n    \"acceptedAnswer\": {\n      \"@type\": \"Answer\",\n      \"text\": \"To file a USAA injury claim, call the claims center or file a claim online through the USAA website. Be sure to have all the necessary information on hand, including the date and location of the accident, the names and contact information of any witnesses, and any medical documentation related to your injuries.\"\n    }\n  },{\n    \"@type\": \"Question\",\n    \"name\": \"How long does it take to receive a settlement from USAA?\",\n    \"acceptedAnswer\": {\n      \"@type\": \"Answer\",\n      \"text\": \"The time it takes to receive a settlement from USAA will depend on the specifics of your case. USAA will need to investigate the accident and evaluate your damages before making a settlement offer. <\/p>\n<p>In some cases, this process can take several weeks or months. It's important to be patient and avoid accepting a settlement offer before fully understanding the extent of your injuries and damages.\"\n    }\n  },{\n    \"@type\": \"Question\",\n    \"name\": \"Should I hire a personal injury lawyer for my USAA claim?\",\n    \"acceptedAnswer\": {\n      \"@type\": \"Answer\",\n      \"text\": \"While hiring a personal injury lawyer for your USAA claim is not required, it can be beneficial to have an experienced attorney on your side. A lawyer can help you navigate the claims process, negotiate with USAA on your behalf, and protect your rights.\"\n    }\n  }]\n}\n<\/script><\/p>\n","protected":false},"excerpt":{"rendered":"<p>Si usted ha sufrido lesiones en un accidente y es asegurado de USAA, puede tener derecho a una indemnizaci\u00f3n por&nbsp;<a class=\"moretag\" href=\"https:\/\/springslawgroup.com\/es\/colorado-springs-abogados-de-reclamacion-de-seguros\/reclamacion-por-lesiones-a-usaa-su-guia-para-obtener-la-maxima-indemnizacion\/\"> Read More&#8230;<\/a><\/p>\n","protected":false},"author":32,"featured_media":0,"parent":16263,"menu_order":0,"comment_status":"closed","ping_status":"closed","template":"landingpage.php","meta":{"_acf_changed":false,"inline_featured_image":false,"footnotes":""},"categories":[],"tags":[],"class_list":["post-16257","page","type-page","status-publish","hentry"],"acf":{"key_takeaways":null,"_litigation_personal_injury_contents_new":{"_litigation_personal_injury_title_new":"","_litigation_personal_injury_discription_new":"","_litigation_personal_injury_discription_new_copy":"","_litigation_video_url_new":"","add_button":""},"_header_sub_header_content_new":null,"_litigation_frequently_asked_questions_new":null,"lawsuit_updates":null,"_litigation_related_posts_relation":null,"acf-references":""},"_links":{"self":[{"href":"https:\/\/springslawgroup.com\/es\/wp-json\/wp\/v2\/pages\/16257","targetHints":{"allow":["GET"]}}],"collection":[{"href":"https:\/\/springslawgroup.com\/es\/wp-json\/wp\/v2\/pages"}],"about":[{"href":"https:\/\/springslawgroup.com\/es\/wp-json\/wp\/v2\/types\/page"}],"author":[{"embeddable":true,"href":"https:\/\/springslawgroup.com\/es\/wp-json\/wp\/v2\/users\/32"}],"replies":[{"embeddable":true,"href":"https:\/\/springslawgroup.com\/es\/wp-json\/wp\/v2\/comments?post=16257"}],"version-history":[{"count":3,"href":"https:\/\/springslawgroup.com\/es\/wp-json\/wp\/v2\/pages\/16257\/revisions"}],"predecessor-version":[{"id":17706,"href":"https:\/\/springslawgroup.com\/es\/wp-json\/wp\/v2\/pages\/16257\/revisions\/17706"}],"up":[{"embeddable":true,"href":"https:\/\/springslawgroup.com\/es\/wp-json\/wp\/v2\/pages\/16263"}],"wp:attachment":[{"href":"https:\/\/springslawgroup.com\/es\/wp-json\/wp\/v2\/media?parent=16257"}],"wp:term":[{"taxonomy":"category","embeddable":true,"href":"https:\/\/springslawgroup.com\/es\/wp-json\/wp\/v2\/categories?post=16257"},{"taxonomy":"post_tag","embeddable":true,"href":"https:\/\/springslawgroup.com\/es\/wp-json\/wp\/v2\/tags?post=16257"}],"curies":[{"name":"wp","href":"https:\/\/api.w.org\/{rel}","templated":true}]}}