{"id":16256,"date":"2020-12-28T13:52:19","date_gmt":"2020-12-28T20:52:19","guid":{"rendered":"https:\/\/springs.flywheelstaging.com\/la-presentacion-de-un-caso-de-accidente-de-coche-en-castle-rock\/"},"modified":"2023-09-01T07:10:10","modified_gmt":"2023-09-01T14:10:10","slug":"la-presentacion-de-un-caso-de-accidente-de-coche-en-castle-rock","status":"publish","type":"page","link":"https:\/\/springslawgroup.com\/es\/castle-rock-lesiones-personales\/castle-rock-abogado-de-accidente-de-coche\/la-presentacion-de-un-caso-de-accidente-de-coche-en-castle-rock\/","title":{"rendered":"Presentar Un Caso De Accidente De Coche En Castle Rock"},"content":{"rendered":"<p>Tras un accidente de tr\u00e1fico, puede resultar dif\u00edcil para las v\u00edctimas saber qu\u00e9 hacer a continuaci\u00f3n. Con el aumento de las p\u00e9rdidas debidas a lesiones y las p\u00e9rdidas econ\u00f3micas relacionadas con los elevados tratamientos y costes de la atenci\u00f3n m\u00e9dica, es crucial que quienes resultan lesionados injustamente en un accidente interpongan una demanda civil por lesiones contra la parte que caus\u00f3 el accidente. Afortunadamente, para los heridos en un accidente de coche en Castle Rock, Colorado, puede haber alguien que puede ayudar.<\/p>\n<p>Si usted o un miembro querido de su familia sufri\u00f3 lesiones corporales graves en un reciente accidente de tr\u00e1fico de veh\u00edculos de motor en Castle Rock, usted podr\u00eda presentar una demanda por lesiones civiles contra la parte negligente responsable de recuperar los da\u00f1os monetarios por sus p\u00e9rdidas relacionadas con lesiones. Para obtener ayuda con la presentaci\u00f3n de un caso de accidente de coche en Castle Rock, contacte a un <a href=\"https:\/\/springslawgroup.com\/es\/castle-rock-lesiones-personales\/castle-rock-abogado-de-accidente-de-coche\/\">abogado<\/a> calificado en litigios civiles en Castle Rock hoy.<\/p>\n<h2>\u00bfCu\u00e1nto Tiempo Tiene Alguien Para Enviar Una Demanda Por Accidente De Coche En Colorado?<\/h2>\n<p>En los casos en que el reclamo por lesiones civiles de una persona surge de una colisi\u00f3n automovil\u00edstica debida a la negligencia de otra persona, las partes lesionadas s\u00f3lo disponen de cierto tiempo para interponer una demanda judicial contra la parte negligente. El plazo que un Estado establece para una demanda civil se conoce como plazo de prescripci\u00f3n de la demanda.<\/p>\n<p>El plazo de prescripci\u00f3n de las demandas por lesiones en accidentes de tr\u00e1fico en Colorado se encuentra en <a href=\"https:\/\/advance.lexis.com\/documentpage\/?pdmfid=1000516&amp;crid=d274a7e7-2dd8-4132-b571-c1c55dcb0978&amp;nodeid=AANAAQAABAAB&amp;nodepath=%2FROOT%2FAAN%2FAANAAQ%2FAANAAQAAB%2FAANAAQAABAAB&amp;level=4&amp;haschildren=&amp;populated=false&amp;title=13-80-101.+General+limitation+of+actions+-+three+years&amp;config=014FJAAyNGJkY2Y4Zi1mNjgyLTRkN2YtYmE4OS03NTYzNzYzOTg0OGEKAFBvZENhdGFsb2d592qv2Kywlf8caKqYROP5&amp;pddocfullpath=%2Fshared%2Fdocument%2Fstatutes-legislation%2Furn%3AcontentItem%3A60X7-SN71-JC0G-637P-00008-00&amp;ecomp=c38_9kk&amp;prid=cddc25a6-681b-46e0-a372-2aca52c22142\" target=\"_blank\" rel=\"noopener\">el art\u00edculo 13-80-101(1) de los Estatutos Revisados de Colorado (C.R.S.)<\/a>. En virtud de la ley, una parte perjudicada dispone de tres a\u00f1os para presentar una demanda civil por lesiones contra el infractor responsable de causarlas. Un abogado experto en accidentes de tr\u00e1fico podr\u00eda garantizar la presentaci\u00f3n a tiempo de una demanda por lesiones civiles de una v\u00edctima de accidente lesionada contra la parte negligente responsable de causar el accidente.<\/p>\n<h2>Proceso Para Presentar Una Demanda Por Accidente De Coche En Castle Rock<\/h2>\n<p>En primer lugar, al interponer una demanda civil para <a href=\"https:\/\/springslawgroup.com\/es\/castle-rock-lesiones-personales\/castle-rock-abogado-de-accidente-de-coche\/danos-recuperables-despues-de-un-accidente-de-coche-castle-rock\/\">obtener una indemnizaci\u00f3n<\/a> por lesiones sufridas en un accidente de tr\u00e1fico, la parte perjudicada deber\u00e1 presentar ante el tribunal una demanda (es decir, un documento legal que contenga los hechos del caso, los da\u00f1os y perjuicios y el fundamento de la demanda) contra la parte culpable negligente. A continuaci\u00f3n, la parte contraria presenta una contestaci\u00f3n a la demanda (es decir, un documento jur\u00eddico en el que una parte niega o admite las alegaciones formuladas contra ella en la demanda), y las partes inician el descubrimiento (es decir, el intercambio de documentaci\u00f3n y pruebas pertinentes entre las partes). Una vez concluida la fase de proposici\u00f3n de prueba, las partes llegar\u00e1n a un acuerdo o ir\u00e1n a juicio si no pueden resolver su litigio.<\/p>\n<p>El proceso de presentaci\u00f3n de una demanda por accidente de tr\u00e1fico puede ser complicado y dif\u00edcil para los perjudicados. Para obtener ayuda con una demanda de accidente de coche Castle Rock, p\u00f3ngase en contacto con un litigante civil sofisticado con experiencia en el manejo de las reclamaciones de colisi\u00f3n de veh\u00edculos de motor.<\/p>\n<h2>Encuentra un abogado para ayudarte con la presentaci\u00f3n de un caso de accidente de coche en Castle Rock hoy<\/h2>\n<p>Presentar una demanda civil por lesiones sufridas en un accidente de tr\u00e1fico debido a un acto o conducta negligente de otra persona puede ser una tarea ardua y agotadora. Aunque esto pueda parecer tedioso para algunas v\u00edctimas de accidentes, para otras puede ser necesario para recibir una indemnizaci\u00f3n adecuada por las p\u00e9rdidas que han sufrido como consecuencia del mismo.<\/p>\n<p>Si usted o un ser querido han sufrido lesiones graves en un accidente de tr\u00e1fico reciente debido a la negligencia de otra persona, \u00e9sta puede ser considerada responsable de los da\u00f1os y perjuicios que usted haya sufrido posteriormente como consecuencia de sus lesiones accidentales. Para encontrar el mejor abogado de lesiones personales para ayudarle a presentar un caso de accidente de coche en Castle Rock, levante el tel\u00e9fono y llame ahora.<\/p>\n","protected":false},"excerpt":{"rendered":"<p>Tras un accidente de tr\u00e1fico, puede resultar dif\u00edcil para las v\u00edctimas saber qu\u00e9 hacer a continuaci\u00f3n. Con el aumento de&nbsp;<a class=\"moretag\" href=\"https:\/\/springslawgroup.com\/es\/castle-rock-lesiones-personales\/castle-rock-abogado-de-accidente-de-coche\/la-presentacion-de-un-caso-de-accidente-de-coche-en-castle-rock\/\"> Read More&#8230;<\/a><\/p>\n","protected":false},"author":26,"featured_media":0,"parent":16332,"menu_order":0,"comment_status":"closed","ping_status":"closed","template":"landingpage.php","meta":{"_acf_changed":false,"inline_featured_image":false,"footnotes":""},"categories":[],"tags":[],"class_list":["post-16256","page","type-page","status-publish","hentry"],"acf":{"key_takeaways":null,"_litigation_personal_injury_contents_new":{"_litigation_personal_injury_title_new":"","_litigation_personal_injury_discription_new":"","_litigation_personal_injury_discription_new_copy":"","_litigation_video_url_new":"","add_button":false},"_header_sub_header_content_new":null,"_litigation_frequently_asked_questions_new":null,"lawsuit_updates":null,"_litigation_related_posts_relation":null,"acf-references":""},"_links":{"self":[{"href":"https:\/\/springslawgroup.com\/es\/wp-json\/wp\/v2\/pages\/16256","targetHints":{"allow":["GET"]}}],"collection":[{"href":"https:\/\/springslawgroup.com\/es\/wp-json\/wp\/v2\/pages"}],"about":[{"href":"https:\/\/springslawgroup.com\/es\/wp-json\/wp\/v2\/types\/page"}],"author":[{"embeddable":true,"href":"https:\/\/springslawgroup.com\/es\/wp-json\/wp\/v2\/users\/26"}],"replies":[{"embeddable":true,"href":"https:\/\/springslawgroup.com\/es\/wp-json\/wp\/v2\/comments?post=16256"}],"version-history":[{"count":1,"href":"https:\/\/springslawgroup.com\/es\/wp-json\/wp\/v2\/pages\/16256\/revisions"}],"predecessor-version":[{"id":16430,"href":"https:\/\/springslawgroup.com\/es\/wp-json\/wp\/v2\/pages\/16256\/revisions\/16430"}],"up":[{"embeddable":true,"href":"https:\/\/springslawgroup.com\/es\/wp-json\/wp\/v2\/pages\/16332"}],"wp:attachment":[{"href":"https:\/\/springslawgroup.com\/es\/wp-json\/wp\/v2\/media?parent=16256"}],"wp:term":[{"taxonomy":"category","embeddable":true,"href":"https:\/\/springslawgroup.com\/es\/wp-json\/wp\/v2\/categories?post=16256"},{"taxonomy":"post_tag","embeddable":true,"href":"https:\/\/springslawgroup.com\/es\/wp-json\/wp\/v2\/tags?post=16256"}],"curies":[{"name":"wp","href":"https:\/\/api.w.org\/{rel}","templated":true}]}}