{"id":16255,"date":"2023-03-21T08:58:25","date_gmt":"2023-03-21T15:58:25","guid":{"rendered":"https:\/\/springs.flywheelstaging.com\/reclamacion-nacional-por-lesiones-su-guia-para-obtener-la-maxima-indemnizacion-2\/"},"modified":"2023-10-20T14:20:39","modified_gmt":"2023-10-20T21:20:39","slug":"reclamacion-nacional-por-lesiones-su-guia-para-obtener-la-maxima-indemnizacion-2","status":"publish","type":"page","link":"https:\/\/springslawgroup.com\/es\/reclamacion-nacional-por-lesiones-su-guia-para-obtener-la-maxima-indemnizacion-2\/","title":{"rendered":"Reclamo por Lesiones en National General: Su Gu\u00eda para Obtener la M\u00e1xima Indemnizaci\u00f3n"},"content":{"rendered":"<p>Si ha sufrido lesiones en un accidente provocado por la imprudencia de otra persona, puede tener derecho a presentar una demanda por lesiones a trav\u00e9s de National General.<\/p>\n<p>Puede que pienses que puedes confiar en tu compa\u00f1\u00eda de seguros, pero lo cierto es que no velan por ti. En realidad, su objetivo es pagarle lo menos posible minimizando su reclamo.<\/p>\n<p>El equipo de <a href=\"https:\/\/springslawgroup.com\/es\/\">Springs Law Group<\/a> est\u00e1 aqu\u00ed para ayudarle a obtener la m\u00e1xima indemnizaci\u00f3n de National General. Con nuestros conocimientos y experiencia, podemos luchar contra National General para asegurarnos de que se le indemnice \u00edntegramente.<\/p>\n<p>En nuestra gu\u00eda, le proporcionamos informaci\u00f3n importante sobre el proceso de <a href=\"https:\/\/springslawgroup.com\/es\/colorado-springs-abogado-de-reclamaciones-de-seguros\/colorado-springs-insurance-claims-lawyer-2\/\">demanda por lesiones<\/a> en National General y sobre c\u00f3mo maximizar su indemnizaci\u00f3n. Aqu\u00ed tiene todo lo que necesita saber.<\/p>\n<h2><b>Qu\u00e9 Esperar al Tramitar una Demanda por Lesiones en National General<\/b><\/h2>\n<p>National General le ayudar\u00e1 a presentar una demanda por lesiones, pero utilizar\u00e1 t\u00e1cticas que pueden hacer que pierda miles de d\u00f3lares.<\/p>\n<p>Por tanto, si presenta una demanda a trav\u00e9s de National General, esto es lo que puede esperar:<\/p>\n<ul>\n<li><strong>Restan importancia a la gravedad de sus lesiones o a sus gastos m\u00e9dicos.<\/strong><\/li>\n<li><strong>Retrasar el proceso de reclamo,<\/strong> presion\u00e1ndole potencialmente para que acepte una oferta de liquidaci\u00f3n inferior.<\/li>\n<li><strong>Ofrecerle una cantidad baja<\/strong> que no le compense adecuadamente por sus da\u00f1os y lesiones.<\/li>\n<li><strong>Pedirle que firme un documento de exenci\u00f3n de responsabilidad<\/strong> que limite su capacidad para reclamar una indemnizaci\u00f3n.<\/li>\n<\/ul>\n<p>En Springs Law Group, estamos comprometidos a ayudar a nuestros clientes a navegar por el proceso de reclamo por lesiones en Nacional General y asegurarse de que reciben la compensaci\u00f3n que se merecen. Nuestros experimentados abogados entienden las estrategias que las compa\u00f1\u00edas de seguros pueden utilizar para reducir o denegar las demandas, y lucharemos por sus derechos.<\/p>\n<h2><b>Preparar con \u00c9xito una Demanda por Lesiones: C\u00f3mo Proteger su Derecho a una Indemnizaci\u00f3n<\/b><\/h2>\n<p>Preparar con \u00e9xito una demanda por lesiones es crucial para proteger su derecho a una indemnizaci\u00f3n tras un accidente. He aqu\u00ed algunos pasos importantes que hay que dar:<\/p>\n<ul>\n<li><strong>Acudir al m\u00e9dico<\/strong> inmediatamente despu\u00e9s del accidente, aunque las lesiones sean leves.<\/li>\n<li><a href=\"https:\/\/springslawgroup.com\/es\/blog\/cinco-tipos-de-pruebas-que-puede-recolectar\/\"><span style=\"text-decoration: underline;\"><strong>Reunir pruebas<\/strong><\/span><\/a>incluyendo fotograf\u00edas, declaraciones de testigos e informes policiales<\/li>\n<li><strong>No hable con peritos de seguros<\/strong> ni acepte una oferta de acuerdo sin consultar a un abogado.<\/li>\n<li><strong>Trabajar con un abogado experimentado<\/strong> que pueda ayudarle a navegar por el proceso legal y luchar por sus derechos.<\/li>\n<\/ul>\n<p>En Springs Law Group, nos dedicamos a ayudar a nuestros clientes a preparar con \u00e9xito demandas por lesiones y proteger su derecho a una compensaci\u00f3n justa. Le ayudaremos a construir un caso s\u00f3lido para garantizar que National General le indemnice \u00edntegramente por los da\u00f1os sufridos.<\/p>\n<h2><b>No tan r\u00e1pido &#8211; Por Qu\u00e9 Debe Llamar a un Abogado ANTES de Hablar con la Compa\u00f1\u00eda de Seguros<\/b><\/h2>\n<p>Las compa\u00f1\u00edas de seguros tienen peritos cuyo trabajo es proteger los intereses financieros de la compa\u00f1\u00eda, no los tuyos.<\/p>\n<p>Si llama a un abogado, podr\u00e1 proteger sus derechos y asegurarse de que no se aprovechan de usted durante el proceso de reclamo. Un abogado con experiencia puede guiarle a trav\u00e9s del proceso legal y ayudarle a comprender sus derechos, incluido el derecho a un acuerdo justo.<\/p>\n<p>Adem\u00e1s, su abogado puede ayudarle a negociar con la compa\u00f1\u00eda de seguros y preparar su caso para el juicio si es necesario. Con un abogado de su parte, puede mejorar sus posibilidades de recibir una indemnizaci\u00f3n completa. P\u00f3ngase en contacto con Springs Law Group hoy para una revisi\u00f3n gratuita de su caso y aprender m\u00e1s acerca de c\u00f3mo podemos ayudarle.<\/p>\n<h2><b>FAQ: Reclamos a National General<\/b><\/h2>\n<p><b>\u00bfQu\u00e9 tipos de accidentes cubre National General?<\/b><\/p>\n<p>National General ofrece cobertura para una amplia gama de accidentes, como <a href=\"https:\/\/springslawgroup.com\/es\/colorado-springs-car-accident-lawyer-5\/\">accidentes de coche<\/a>, <a href=\"https:\/\/springslawgroup.com\/es\/colorado-springs-resbalon-y-caida-abogado\/\">resbalones y ca\u00eddas<\/a>, lesiones en el lugar de trabajo, etc. Sin embargo, la cobertura espec\u00edfica depender\u00e1 de la p\u00f3liza que tengas y de las circunstancias del accidente. Es importante revisar cuidadosamente su p\u00f3liza y consultar con un abogado para asegurarse de que comprende sus derechos.<\/p>\n<p><b>\u00bfCu\u00e1nto tiempo se tarda en recibir una indemnizaci\u00f3n de National General?<\/b><\/p>\n<p>El tiempo que se tarda en recibir un acuerdo de National General depender\u00e1 de varios factores, incluyendo la complejidad de su caso, la gravedad de sus lesiones, y la voluntad de la compa\u00f1\u00eda de seguros para negociar. En algunos casos, los acuerdos pueden alcanzarse r\u00e1pidamente, mientras que en otros, puede llevar meses o incluso a\u00f1os resolver una reclamaci\u00f3n.<\/p>\n<p>Un abogado con experiencia puede ayudarle a navegar por el proceso de reclamo y trabajar para negociar un acuerdo justo lo antes posible.<\/p>\n<p><b>\u00bfQu\u00e9 debo hacer si National General rechaza mi demanda o me ofrece una indemnizaci\u00f3n baja?<\/b><\/p>\n<p>Si National General rechaza su reclamaci\u00f3n o le ofrece una indemnizaci\u00f3n baja, es importante que consulte con un abogado de inmediato. Su abogado puede revisar su caso, reunir pruebas adicionales si es necesario, y trabajar para negociar un acuerdo justo o llevar su caso a juicio si es necesario. Trabajando con un abogado, puede proteger sus derechos y asegurarse de recibir la indemnizaci\u00f3n que merece.<\/p>\n<h2><b>Obtenga la Indemnizaci\u00f3n que Merece. Llame a Springs Law Group.<\/b><\/h2>\n<p>En Springs Law Group, entendemos los desaf\u00edos que vienen con la presentaci\u00f3n de una demanda por lesiones en Nacional General. Nuestro equipo de abogados experimentados se compromete a proteger los derechos de nuestros clientes y ayudarles a recibir la compensaci\u00f3n que merecen. Si necesita ayuda para negociar un acuerdo justo o preparar su caso para el juicio, estamos aqu\u00ed para ayudarle.<\/p>\n<p><a href=\"https:\/\/springslawgroup.com\/es\/contacto\/\">P\u00f3ngase en contacto con nosotros hoy mismo<\/a> para programar una consulta gratuita y obtener m\u00e1s informaci\u00f3n sobre c\u00f3mo podemos ayudarle a obtener la m\u00e1xima indemnizaci\u00f3n por su demanda por lesiones en National General. Estamos dedicados a proveer a nuestros clientes con representaci\u00f3n legal personalizada y compasiva y trabajaremos incansablemente para asegurar que usted reciba la justicia que se merece.<\/p>\n<p><script type=\"application\/ld+json\">\n{\n  \"@context\": \"https:\/\/schema.org\",\n  \"@type\": \"FAQPage\",\n  \"mainEntity\": [{\n    \"@type\": \"Question\",\n    \"name\": \"What types of accidents does National General cover?\",\n    \"acceptedAnswer\": {\n      \"@type\": \"Answer\",\n      \"text\": \"National General provides coverage for a wide range of accidents, including car accidents, slip and falls, workplace injuries, and more. However, the specific coverage will depend on the policy you have and the circumstances of the accident. It is important to review your policy carefully and consult with an attorney to ensure that you understand your rights.\"\n    }\n  },{\n    \"@type\": \"Question\",\n    \"name\": \"How long does it take to receive a settlement from National General?\",\n    \"acceptedAnswer\": {\n      \"@type\": \"Answer\",\n      \"text\": \"The time it takes to receive a settlement from National General will depend on several factors, including the complexity of your case, the severity of your injuries, and the insurance company's willingness to negotiate. In some cases, settlements can be reached quickly, while in others, it may take months or even years to resolve a claim. <\/p>\n<p>An experienced attorney can help you navigate the claims process and work to negotiate a fair settlement as quickly as possible.\"\n    }\n  },{\n    \"@type\": \"Question\",\n    \"name\": \"What should I do if National General denies my claim or offers a low settlement?\",\n    \"acceptedAnswer\": {\n      \"@type\": \"Answer\",\n      \"text\": \"If National General denies your claim or offers a low settlement, it is important to consult with an attorney right away. Your lawyer can review your case, gather additional evidence if necessary, and work to negotiate a fair settlement or take your case to trial if needed. By working with an attorney, you can protect your rights and ensure that you receive the compensation you deserve.\"\n    }\n  }]\n}\n<\/script><\/p>\n","protected":false},"excerpt":{"rendered":"<p>Si ha sufrido lesiones en un accidente provocado por la imprudencia de otra persona, puede tener derecho a presentar una&nbsp;<a class=\"moretag\" href=\"https:\/\/springslawgroup.com\/es\/reclamacion-nacional-por-lesiones-su-guia-para-obtener-la-maxima-indemnizacion-2\/\"> Read More&#8230;<\/a><\/p>\n","protected":false},"author":32,"featured_media":0,"parent":0,"menu_order":0,"comment_status":"closed","ping_status":"closed","template":"landingpage.php","meta":{"_acf_changed":false,"inline_featured_image":false,"footnotes":""},"categories":[],"tags":[],"class_list":["post-16255","page","type-page","status-publish","hentry"],"acf":{"key_takeaways":null,"_litigation_personal_injury_contents_new":{"_litigation_personal_injury_title_new":"","_litigation_personal_injury_discription_new":"","_litigation_personal_injury_discription_new_copy":"","_litigation_video_url_new":"","add_button":""},"_header_sub_header_content_new":null,"_litigation_frequently_asked_questions_new":null,"lawsuit_updates":null,"_litigation_related_posts_relation":null,"acf-references":""},"_links":{"self":[{"href":"https:\/\/springslawgroup.com\/es\/wp-json\/wp\/v2\/pages\/16255","targetHints":{"allow":["GET"]}}],"collection":[{"href":"https:\/\/springslawgroup.com\/es\/wp-json\/wp\/v2\/pages"}],"about":[{"href":"https:\/\/springslawgroup.com\/es\/wp-json\/wp\/v2\/types\/page"}],"author":[{"embeddable":true,"href":"https:\/\/springslawgroup.com\/es\/wp-json\/wp\/v2\/users\/32"}],"replies":[{"embeddable":true,"href":"https:\/\/springslawgroup.com\/es\/wp-json\/wp\/v2\/comments?post=16255"}],"version-history":[{"count":3,"href":"https:\/\/springslawgroup.com\/es\/wp-json\/wp\/v2\/pages\/16255\/revisions"}],"predecessor-version":[{"id":18071,"href":"https:\/\/springslawgroup.com\/es\/wp-json\/wp\/v2\/pages\/16255\/revisions\/18071"}],"wp:attachment":[{"href":"https:\/\/springslawgroup.com\/es\/wp-json\/wp\/v2\/media?parent=16255"}],"wp:term":[{"taxonomy":"category","embeddable":true,"href":"https:\/\/springslawgroup.com\/es\/wp-json\/wp\/v2\/categories?post=16255"},{"taxonomy":"post_tag","embeddable":true,"href":"https:\/\/springslawgroup.com\/es\/wp-json\/wp\/v2\/tags?post=16255"}],"curies":[{"name":"wp","href":"https:\/\/api.w.org\/{rel}","templated":true}]}}