{"id":16253,"date":"2023-03-21T08:59:42","date_gmt":"2023-03-21T15:59:42","guid":{"rendered":"https:\/\/springs.flywheelstaging.com\/reclamacion-por-lesiones-a-liberty-mutual-su-guia-para-obtener-la-maxima-indemnizacion\/"},"modified":"2023-10-20T14:17:23","modified_gmt":"2023-10-20T21:17:23","slug":"reclamacion-por-lesiones-a-liberty-mutual-su-guia-para-obtener-la-maxima-indemnizacion","status":"publish","type":"page","link":"https:\/\/springslawgroup.com\/es\/colorado-springs-abogados-de-reclamacion-de-seguros\/reclamacion-por-lesiones-a-liberty-mutual-su-guia-para-obtener-la-maxima-indemnizacion\/","title":{"rendered":"Demanda por Lesiones a Liberty Mutual: Su Gu\u00eda para Obtener la M\u00e1xima Indemnizaci\u00f3n"},"content":{"rendered":"<p>Si ha sufrido lesiones en un accidente y tiene un seguro de Liberty Mutual, es importante que conozca sus derechos y opciones para solicitar una indemnizaci\u00f3n.<\/p>\n<p>Liberty Mutual no est\u00e1 de su lado, pero en <a href=\"https:\/\/springslawgroup.com\/es\/\">Springs Law<\/a> Group, estamos aqu\u00ed para ayudar. Nuestros abogados expertos en lesiones personales pueden guiarle a trav\u00e9s del <a href=\"https:\/\/springslawgroup.com\/es\/colorado-springs-abogado-de-reclamaciones-de-seguros\/colorado-springs-insurance-claims-lawyer-2\/\">proceso de reclamo<\/a> y luchar incansablemente en su nombre. Nos aseguraremos de que reciba la m\u00e1xima indemnizaci\u00f3n posible por sus lesiones.<\/p>\n<p>En esta gu\u00eda, le proporcionaremos informaci\u00f3n y conocimientos valiosos sobre c\u00f3mo proteger sus derechos y obtener la indemnizaci\u00f3n que se merece en una demanda por lesiones a Liberty Mutual.<\/p>\n<h2><b>Qu\u00e9 Esperar al Tramitar un Reclamo por Lesiones de Liberty Mutual<\/b><\/h2>\n<p>Si se trata de un reclamo por lesiones de Liberty Mutual, es importante saber qu\u00e9 esperar a lo largo del proceso de demanda:<\/p>\n<ul>\n<li><strong>Investigaci\u00f3n del accidente:<\/strong> Liberty Mutual investigar\u00e1 el accidente, lo que puede incluir <a href=\"https:\/\/springslawgroup.com\/es\/blog\/debe-prestar-declaracion-grabada-a-la-compania-de-seguros-por-su-accidente-de-transito\/\">obtener una declaraci\u00f3n<\/a> suya y revisar las pruebas disponibles.<\/li>\n<li><strong>Evaluaci\u00f3n de sus da\u00f1os &#8211;<\/strong> Liberty Mutual evaluar\u00e1 sus da\u00f1os, lo que puede incluir la revisi\u00f3n de las facturas m\u00e9dicas y la documentaci\u00f3n de los salarios perdidos.<\/li>\n<li><strong>Negociaci\u00f3n de una indemnizaci\u00f3n:<\/strong> Liberty Mutual le ofrecer\u00e1 una indemnizaci\u00f3n baja e intentar\u00e1 convencerle de que es suficiente para cubrir sus da\u00f1os.<\/li>\n<li><strong>Comunicaci\u00f3n con Liberty Mutual &#8211;<\/strong> Es importante tener cuidado al comunicarse con Liberty Mutual, ya que cualquier cosa que diga puede ser utilizada en su contra en el proceso de reclamo.<\/li>\n<\/ul>\n<p>El objetivo de Liberty Mutual es pagar lo menos posible. Hacen lo que sea para denegar o minimizar su reclamo. Springs Law Group tomar\u00e1 una posici\u00f3n en contra de Liberty Mutual, para que usted obtenga la compensaci\u00f3n que se merece.<\/p>\n<h2><b>Preparar con \u00c9xito una Demanda por Lesiones: C\u00f3mo Proteger su Derecho a una Indemnizaci\u00f3n<\/b><\/h2>\n<p>A continuaci\u00f3n le indicamos c\u00f3mo puede prepararse para presentar con \u00e9xito una demanda por lesiones a fin de recibir una indemnizaci\u00f3n justa por los da\u00f1os sufridos:<\/p>\n<ul>\n<li><strong>Buscando atenci\u00f3n m\u00e9dica.<\/strong> Es importante buscar atenci\u00f3n m\u00e9dica lo antes posible tras un accidente para documentar sus lesiones y garantizar su salud y seguridad.<\/li>\n<li><strong><a href=\"https:\/\/springslawgroup.com\/es\/blog\/que-documentos-necesito-para-presentar-una-demanda-por-indemnizacion\/\">Reunir pruebas<\/a>.<\/strong> Debe reunir todas las pruebas disponibles, incluidas declaraciones de testigos, informes de accidentes y fotos del lugar del accidente.<\/li>\n<li><strong>Documentar los da\u00f1os.<\/strong> Trate de documentar todos sus da\u00f1os, incluidos los gastos m\u00e9dicos, salarios perdidos, dolor y sufrimiento, y otras p\u00e9rdidas.<\/li>\n<li><strong>Comunicaci\u00f3n con Liberty Mutual.<\/strong> Manejaremos toda la comunicaci\u00f3n con Liberty Mutual en su nombre, incluyendo la negociaci\u00f3n de una oferta de acuerdo que le compense plenamente por sus da\u00f1os.<\/li>\n<li><strong>Preparar el litigio si es necesario.<\/strong> Si no se puede llegar a un acuerdo justo, prepararemos su caso para el juicio y lucharemos incansablemente en su nombre en los tribunales.<\/li>\n<\/ul>\n<p>Siguiendo estos pasos, podemos ayudarle a proteger su derecho a una indemnizaci\u00f3n y aumentar sus posibilidades de obtener la m\u00e1xima compensaci\u00f3n posible por su demanda por lesiones a Liberty Mutual.<\/p>\n<h2><b>No tan r\u00e1pido &#8211; Por Qu\u00e9 Debe Llamar a un Abogado ANTES de Hablar con la Compa\u00f1\u00eda de Seguros<\/b><\/h2>\n<p>Es importante saber que la compa\u00f1\u00eda de seguros no est\u00e1 de su parte. Su objetivo es pagar lo menos posible por su reclamo, incluso si eso significa negar su demanda por completo. Por eso es importante llamar a un abogado antes de hablar con la compa\u00f1\u00eda de seguros.<\/p>\n<p>Un abogado puede ayudarle a proteger sus derechos legales y asegurarse de que no dice nada que pueda perjudicar su demanda. Pueden encargarse de toda la comunicaci\u00f3n con la compa\u00f1\u00eda de seguros en su nombre, lo que tambi\u00e9n puede ayudar a reducir el estr\u00e9s y la ansiedad que a menudo conlleva el proceso de reclamo.<\/p>\n<p>Adem\u00e1s, un abogado puede ayudarle a comprender sus derechos y opciones legales, incluido si puede tener derecho a una indemnizaci\u00f3n superior a la que le ofrece la compa\u00f1\u00eda de seguros. Ellos pueden negociar con la compa\u00f1\u00eda de seguros para buscar una oferta de acuerdo justo que le compense plenamente por sus da\u00f1os, y pueden llevar su caso a los tribunales si es necesario para luchar por sus derechos.<\/p>\n<p>Llamar a un abogado antes de hablar con la compa\u00f1\u00eda de seguros puede ayudar a nivelar el campo de juego y darle la mejor oportunidad de obtener la m\u00e1xima compensaci\u00f3n por sus lesiones y p\u00e9rdidas.<\/p>\n<h2><b>PREGUNTAS FRECUENTES: Reclamo a Liberty Mutual Insurance<\/b><\/h2>\n<p><b>\u00bfPagar\u00e1 Liberty Mutual mis gastos m\u00e9dicos y salarios perdidos?<\/b><\/p>\n<p>Liberty Mutual puede cubrir sus gastos m\u00e9dicos y <a href=\"https:\/\/springslawgroup.com\/es\/blog\/como-demuestro-el-lucro-cesante-futuro-en-un-caso-de-lesiones-personales\/\">salarios perdidos<\/a> hasta los l\u00edmites de la p\u00f3liza. Sin embargo, es probable que exijan documentaci\u00f3n de estos gastos, como facturas m\u00e9dicas y pruebas de las bajas laborales.<\/p>\n<p><b>\u00bfC\u00f3mo determina Liberty Mutual el valor de mi demanda por lesiones?<\/b><\/p>\n<p>Liberty Mutual suele tener en cuenta una serie de factores a la hora de determinar el valor de una demanda por lesiones. Entre ellos pueden figurar la gravedad de sus lesiones, el alcance de su tratamiento m\u00e9dico, el grado de culpa o responsabilidad de las partes implicadas y el importe de la cobertura de seguro disponible en virtud de la p\u00f3liza.<\/p>\n<p><b>\u00bfPuedo negociar con Liberty Mutual por mi cuenta o necesito un abogado?<\/b><\/p>\n<p>Aunque es posible negociar con Liberty Mutual por su cuenta, puede ser dif\u00edcil obtener el valor total de su reclamo sin la ayuda de un abogado. Un <a href=\"https:\/\/springslawgroup.com\/es\/colorado-springs-car-accident-lawyer-5\/\">abogado experto en lesiones personales<\/a> puede orientarle en el proceso de negociaci\u00f3n y defender sus intereses.<\/p>\n<h2><b>Obtenga la Indemnizaci\u00f3n que Merece. Llame a Springs Law Group.<\/b><\/h2>\n<p>Despu\u00e9s de un accidente, es esencial tomar las medidas necesarias para proteger su reclamo de seguro a Liberty Mutual. Un abogado especializado en lesiones personales puede ayudarle en el proceso de reclamo y aumentar sus posibilidades de obtener una indemnizaci\u00f3n justa.<\/p>\n<p>En Springs Law Group, nuestros abogados experimentados tienen las habilidades para construir un caso fuerte y luchar por sus derechos. Adem\u00e1s, nos opondremos a las grandes compa\u00f1\u00edas de seguros como Liberty Mutual para asegurarnos de que obtenga la m\u00e1xima indemnizaci\u00f3n por sus da\u00f1os. Estamos a su lado en todo momento.<\/p>\n<p><a href=\"https:\/\/springslawgroup.com\/es\/contacto\/\">Concierte una consulta<\/a> con nosotros para saber m\u00e1s sobre c\u00f3mo podemos ayudarle.<\/p>\n<p><script type=\"application\/ld+json\">\n{\n  \"@context\": \"https:\/\/schema.org\",\n  \"@type\": \"FAQPage\",\n  \"mainEntity\": [{\n    \"@type\": \"Question\",\n    \"name\": \"Will Liberty Mutual pay for my medical expenses and lost wages?\",\n    \"acceptedAnswer\": {\n      \"@type\": \"Answer\",\n      \"text\": \"Liberty Mutual may cover your medical expenses and lost wages up to the limits of the policy. However, they will likely require documentation of these expenses, such as medical bills and proof of missed work.\"\n    }\n  },{\n    \"@type\": \"Question\",\n    \"name\": \"How does Liberty Mutual determine the value of my injury claim?\",\n    \"acceptedAnswer\": {\n      \"@type\": \"Answer\",\n      \"text\": \"Liberty Mutual typically considers a number of factors when determining the value of an injury claim. These may include the severity of your injuries, the extent of your medical treatment, the degree of fault or liability of the parties involved, and the amount of insurance coverage available under the policy.\"\n    }\n  },{\n    \"@type\": \"Question\",\n    \"name\": \"Can I negotiate with Liberty Mutual on my own, or do I need a lawyer?\",\n    \"acceptedAnswer\": {\n      \"@type\": \"Answer\",\n      \"text\": \"While it is possible to negotiate with Liberty Mutual on your own, it may be difficult to obtain the full value of your claim without the assistance of a lawyer. An experienced personal injury lawyer can provide guidance on the negotiation process and advocate for your best interests.\"\n    }\n  }]\n}\n<\/script><\/p>\n","protected":false},"excerpt":{"rendered":"<p>Si ha sufrido lesiones en un accidente y tiene un seguro de Liberty Mutual, es importante que conozca sus derechos&nbsp;<a class=\"moretag\" href=\"https:\/\/springslawgroup.com\/es\/colorado-springs-abogados-de-reclamacion-de-seguros\/reclamacion-por-lesiones-a-liberty-mutual-su-guia-para-obtener-la-maxima-indemnizacion\/\"> Read More&#8230;<\/a><\/p>\n","protected":false},"author":32,"featured_media":0,"parent":16263,"menu_order":0,"comment_status":"closed","ping_status":"closed","template":"landingpage.php","meta":{"_acf_changed":false,"inline_featured_image":false,"footnotes":""},"categories":[],"tags":[],"class_list":["post-16253","page","type-page","status-publish","hentry"],"acf":{"key_takeaways":null,"_litigation_personal_injury_contents_new":{"_litigation_personal_injury_title_new":"","_litigation_personal_injury_discription_new":"","_litigation_personal_injury_discription_new_copy":"","_litigation_video_url_new":"","add_button":""},"_header_sub_header_content_new":null,"_litigation_frequently_asked_questions_new":null,"lawsuit_updates":null,"_litigation_related_posts_relation":null,"acf-references":""},"_links":{"self":[{"href":"https:\/\/springslawgroup.com\/es\/wp-json\/wp\/v2\/pages\/16253","targetHints":{"allow":["GET"]}}],"collection":[{"href":"https:\/\/springslawgroup.com\/es\/wp-json\/wp\/v2\/pages"}],"about":[{"href":"https:\/\/springslawgroup.com\/es\/wp-json\/wp\/v2\/types\/page"}],"author":[{"embeddable":true,"href":"https:\/\/springslawgroup.com\/es\/wp-json\/wp\/v2\/users\/32"}],"replies":[{"embeddable":true,"href":"https:\/\/springslawgroup.com\/es\/wp-json\/wp\/v2\/comments?post=16253"}],"version-history":[{"count":3,"href":"https:\/\/springslawgroup.com\/es\/wp-json\/wp\/v2\/pages\/16253\/revisions"}],"predecessor-version":[{"id":18059,"href":"https:\/\/springslawgroup.com\/es\/wp-json\/wp\/v2\/pages\/16253\/revisions\/18059"}],"up":[{"embeddable":true,"href":"https:\/\/springslawgroup.com\/es\/wp-json\/wp\/v2\/pages\/16263"}],"wp:attachment":[{"href":"https:\/\/springslawgroup.com\/es\/wp-json\/wp\/v2\/media?parent=16253"}],"wp:term":[{"taxonomy":"category","embeddable":true,"href":"https:\/\/springslawgroup.com\/es\/wp-json\/wp\/v2\/categories?post=16253"},{"taxonomy":"post_tag","embeddable":true,"href":"https:\/\/springslawgroup.com\/es\/wp-json\/wp\/v2\/tags?post=16253"}],"curies":[{"name":"wp","href":"https:\/\/api.w.org\/{rel}","templated":true}]}}