{"id":16252,"date":"2021-03-15T19:39:03","date_gmt":"2021-03-16T02:39:03","guid":{"rendered":"https:\/\/springs.flywheelstaging.com\/podcasts\/"},"modified":"2023-09-01T07:07:12","modified_gmt":"2023-09-01T14:07:12","slug":"podcasts","status":"publish","type":"page","link":"https:\/\/springslawgroup.com\/es\/podcasts\/","title":{"rendered":"P\u00f3dcasts"},"content":{"rendered":"\r\n<pre class=\"wp-block-code\"><code> <\/code><\/pre>\r\n&#13;\n<h2 class=\"wp-block-heading\">\u00daltimo <strong>p\u00f3dcast<\/strong><\/h2>&#13;\n<hr class=\"wp-block-separator is-style-wide\" \/>&#13;\n<h4 class=\"entry-title wp-block-heading\">Establecer valores fundamentales y formar un equipo con Christopher Nicolaysen<\/h4>&#13;\n&#13;\n<p>El p\u00f3dcast del abogado exitoso con Larry Weinstein<\/p>&#13;\n&#13;\n<figure class=\"wp-block-image size-large\"><a href=\"https:\/\/thecpaforlawyers.com\/setting-core-values-and-team-building-with-christopher-nicolaysen\/\" target=\"_blank\" rel=\"noopener\"><img loading=\"lazy\" decoding=\"async\" width=\"940\" height=\"492\" class=\"wp-image-4749\" src=\"https:\/\/springslawgroup.com\/wp-content\/uploads\/2021\/03\/59SLPbanner.jpg\" alt=\"\" title=\"\" srcset=\"https:\/\/springslawgroup.com\/wp-content\/uploads\/2021\/03\/59SLPbanner.jpg 940w, https:\/\/springslawgroup.com\/wp-content\/uploads\/2021\/03\/59SLPbanner-300x157.jpg 300w, https:\/\/springslawgroup.com\/wp-content\/uploads\/2021\/03\/59SLPbanner-768x402.jpg 768w, https:\/\/springslawgroup.com\/wp-content\/uploads\/2021\/03\/59SLPbanner-290x152.jpg 290w\" sizes=\"auto, (max-width: 940px) 100vw, 940px\" \/><\/a><\/figure>&#13;\n&#13;\n<p>\u00bfQu\u00e9 hace que un equipo sea excelente y funcional? M\u00e1s que estrategias eficaces para ganar dinero y un p\u00fablico objetivo adecuado, todo el mundo puede beneficiarse de tener claros sus valores fundamentales y de hacerlos realidad. Christopher Nicolaysen se une a Larry Weinstein, CPA, de The Successful Lawyer Podcast para discutir c\u00f3mo Springs Law Group lleg\u00f3 a fuertes procesos de formaci\u00f3n de equipos, concentr\u00e1ndose en los valores fundamentales de su organizaci\u00f3n. Hablan de permitir que los aspectos intangibles de su negocio se reflejen en sus campa\u00f1as de marketing, combinados con cr\u00edticas favorables de los clientes, una mentalidad de aprendizaje constante y la orientaci\u00f3n adecuada de un coach de confianza. Christopher tambi\u00e9n habla de su producci\u00f3n, Just BeCOS, que pone a las empresas locales en el punto de mira y ayuda a dar a conocer al mundo sus inspiradoras historias.<\/p>&#13;\n\r\n<div class=\"wp-block-buttons is-layout-flex wp-block-buttons-is-layout-flex\">&#13;\n<div class=\"wp-block-button\"><a class=\"wp-block-button__link\" href=\"https:\/\/thecpaforlawyers.com\/setting-core-values-and-team-building-with-christopher-nicolaysen\/\" target=\"_blank\" rel=\"noreferrer noopener\">Escuchar ahora<\/a><\/div>&#13;\n<\/div>\r\n","protected":false},"excerpt":{"rendered":"<p>&#13; \u00daltimo p\u00f3dcast &#13; &#13; Establecer valores fundamentales y formar un equipo con Christopher Nicolaysen &#13; &#13; El p\u00f3dcast del&nbsp;<a class=\"moretag\" href=\"https:\/\/springslawgroup.com\/es\/podcasts\/\"> Read More&#8230;<\/a><\/p>\n","protected":false},"author":32,"featured_media":0,"parent":0,"menu_order":0,"comment_status":"closed","ping_status":"closed","template":"profilepage.php","meta":{"_acf_changed":false,"inline_featured_image":false,"footnotes":""},"categories":[],"tags":[],"class_list":["post-16252","page","type-page","status-publish","hentry"],"acf":{"key_takeaways":null,"_litigation_personal_injury_contents_new":{"_litigation_personal_injury_title_new":"","_litigation_personal_injury_discription_new":"","_litigation_personal_injury_discription_new_copy":"","_litigation_video_url_new":"","add_button":false},"_header_sub_header_content_new":null,"_litigation_frequently_asked_questions_new":null,"lawsuit_updates":null,"_litigation_related_posts_relation":null,"acf-references":""},"_links":{"self":[{"href":"https:\/\/springslawgroup.com\/es\/wp-json\/wp\/v2\/pages\/16252","targetHints":{"allow":["GET"]}}],"collection":[{"href":"https:\/\/springslawgroup.com\/es\/wp-json\/wp\/v2\/pages"}],"about":[{"href":"https:\/\/springslawgroup.com\/es\/wp-json\/wp\/v2\/types\/page"}],"author":[{"embeddable":true,"href":"https:\/\/springslawgroup.com\/es\/wp-json\/wp\/v2\/users\/32"}],"replies":[{"embeddable":true,"href":"https:\/\/springslawgroup.com\/es\/wp-json\/wp\/v2\/comments?post=16252"}],"version-history":[{"count":5,"href":"https:\/\/springslawgroup.com\/es\/wp-json\/wp\/v2\/pages\/16252\/revisions"}],"predecessor-version":[{"id":17190,"href":"https:\/\/springslawgroup.com\/es\/wp-json\/wp\/v2\/pages\/16252\/revisions\/17190"}],"wp:attachment":[{"href":"https:\/\/springslawgroup.com\/es\/wp-json\/wp\/v2\/media?parent=16252"}],"wp:term":[{"taxonomy":"category","embeddable":true,"href":"https:\/\/springslawgroup.com\/es\/wp-json\/wp\/v2\/categories?post=16252"},{"taxonomy":"post_tag","embeddable":true,"href":"https:\/\/springslawgroup.com\/es\/wp-json\/wp\/v2\/tags?post=16252"}],"curies":[{"name":"wp","href":"https:\/\/api.w.org\/{rel}","templated":true}]}}