{"id":16251,"date":"2023-03-21T09:00:54","date_gmt":"2023-03-21T16:00:54","guid":{"rendered":"https:\/\/springs.flywheelstaging.com\/reclamacion-nacional-por-lesiones-su-guia-para-obtener-la-maxima-indemnizacion\/"},"modified":"2023-10-20T14:10:11","modified_gmt":"2023-10-20T21:10:11","slug":"reclamacion-nacional-por-lesiones-su-guia-para-obtener-la-maxima-indemnizacion","status":"publish","type":"page","link":"https:\/\/springslawgroup.com\/es\/colorado-springs-abogados-de-reclamacion-de-seguros\/reclamacion-nacional-por-lesiones-su-guia-para-obtener-la-maxima-indemnizacion\/","title":{"rendered":"Demanda por Lesiones en Nationwide: Su Gu\u00eda para Obtener la M\u00e1xima Indemnizaci\u00f3n"},"content":{"rendered":"<p><span style=\"font-weight: 400;\">Cuando se trata de seguros, Nationwide est\u00e1 de tu parte, \u00bfverdad? <\/span><\/p>\n<p><span style=\"font-weight: 400;\">Eso es lo que nos dice su pegadizo jingle. Pero cuando se trata de demandas por lesiones, la realidad puede ser un poco m\u00e1s complicada.<\/span><\/p>\n<p><span style=\"font-weight: 400;\">Las compa\u00f1\u00edas de seguros como Nationwide est\u00e1n en el negocio de hacer dinero, lo que significa que no siempre tienen sus mejores intereses en mente. Es posible que le ofrezcan una indemnizaci\u00f3n baja o que intenten rechazar su reclamo.<\/span><\/p>\n<p><span style=\"font-weight: 400;\">Por lo tanto, si has sufrido lesiones y tienes una demanda a Nationwide, \u00bfC\u00f3mo puedes asegurarte de que no te den gato por liebre?<\/span><\/p>\n<p><span style=\"font-weight: 400;\">En <\/span><a href=\"https:\/\/springslawgroup.com\/es\/\"><span style=\"font-weight: 400;\">Springs Law Group<\/span><\/a><span style=\"font-weight: 400;\">hemos preparado una gu\u00eda para guiarle a trav\u00e9s del proceso de <\/span><a href=\"https:\/\/springslawgroup.com\/es\/colorado-springs-abogado-de-reclamaciones-de-seguros\/colorado-springs-insurance-claims-lawyer-2\/\"><span style=\"font-weight: 400;\">proceso de reclamos<\/span><\/a><span style=\"font-weight: 400;\"> y c\u00f3mo puedes obtener ayuda. Esto es todo lo que debe saber.<\/span><\/p>\n<h2><span style=\"font-weight: 800;\">Qu\u00e9 Esperar al Tramitar una Demanda por Lesiones en Nationwide<\/span><\/h2>\n<p><span style=\"font-weight: 400;\">Tanto si vas a presentar una demanda por lesiones de primera o tercera persona despu\u00e9s de tu accidente, Nationwide te lo pone bastante f\u00e1cil. Pero es en el siguiente proceso donde mucha gente tropieza y pierde miles de d\u00f3lares. <\/span><\/p>\n<p><span style=\"font-weight: 400;\">Pero si sabe qu\u00e9 buscar, puede ahorrarse problemas.<\/span><\/p>\n<p><span style=\"font-weight: 400;\">Si se enfrenta a una demanda por lesiones en Nationwide, esto es lo que puede esperar: <\/span><\/p>\n<ul>\n<li style=\"font-weight: 400;\" aria-level=\"1\"><b>Querr\u00e1n que haga<\/b><a href=\"https:\/\/springslawgroup.com\/es\/blog\/debe-prestar-declaracion-grabada-a-la-compania-de-seguros-por-su-accidente-de-transito\/\"><b>una declaraci\u00f3n grabada<\/b><\/a><span style=\"font-weight: 400;\"> sobre el accidente para que diga algo que perjudique su caso.<\/span><\/li>\n<li style=\"font-weight: 400;\" aria-level=\"1\"><b>Querr\u00e1n que firmes una autorizaci\u00f3n de divulgaci\u00f3n m\u00e9dica<\/b><span style=\"font-weight: 400;\"> d\u00e1ndoles acceso a todos tus historiales m\u00e9dicos de toda la vida.<\/span><\/li>\n<li style=\"font-weight: 400;\" aria-level=\"1\"><b>Investigar\u00e1n su accidente<\/b><span style=\"font-weight: 400;\"> para intentar encontrar todo lo que puedan para denegar o reducir la indemnizaci\u00f3n<\/span><\/li>\n<li style=\"font-weight: 400;\" aria-level=\"1\"><b>Recibir\u00e1s una oferta de acuerdo,<\/b><span style=\"font-weight: 400;\"> y tratar\u00e1n de convencerte de que es lo mejor que puedes conseguir&#8230;<\/span><\/li>\n<\/ul>\n<p><span style=\"font-weight: 400;\">Cuando hay dinero en juego, la compa\u00f1\u00eda de seguros intentar\u00e1 arrinconarle. Quieren que sientas que tienes opciones limitadas. <\/span><\/p>\n<p><span style=\"font-weight: 400;\">Saben que est\u00e1s lesionado, que tienes facturas m\u00e9dicas y que puede que andes corto de dinero. Se aprovechar\u00e1n de ello y ofrecer\u00e1n un acuerdo r\u00e1pido e injusto. <\/span><\/p>\n<p><span style=\"font-weight: 400;\">Pero no vas a darles esa satisfacci\u00f3n. <\/span><\/p>\n<p><span style=\"font-weight: 400;\">En su lugar, va a proteger sus derechos y jugar el juego de seguros para obtener la mayor cantidad de dinero de su liquidaci\u00f3n. Veamos c\u00f3mo puede proteger su derecho a una indemnizaci\u00f3n. <\/span><\/p>\n<h2><b>Preparar con \u00c9xito una Demanda por Lesiones: C\u00f3mo Proteger su Derecho a una Indemnizaci\u00f3n<\/b><\/h2>\n<p><span style=\"font-weight: 400;\">El reloj empieza a correr en tu demanda al seguro en cuanto te atropellan y resultas herido. <\/span><\/p>\n<p><span style=\"font-weight: 400;\">Una vez que la compa\u00f1\u00eda de seguros se entere de su accidente, querr\u00e1 llegar a un acuerdo r\u00e1pidamente y por debajo del presupuesto. <\/span><\/p>\n<p><span style=\"font-weight: 400;\">He aqu\u00ed c\u00f3mo puede proteger sus derechos a una indemnizaci\u00f3n:<\/span><\/p>\n<ol>\n<li style=\"font-weight: 400;\" aria-level=\"1\"><b>Obtener atenci\u00f3n m\u00e9dica<\/b><span style=\"font-weight: 400;\"> inmediatamente. Tendr\u00e1s que demostrar que te hirieron.<\/span><\/li>\n<li style=\"font-weight: 400;\" aria-level=\"1\"><span style=\"font-weight: 400;\">Si puedes, <\/span><a href=\"https:\/\/springslawgroup.com\/es\/blog\/cinco-tipos-de-pruebas-que-puede-recolectar\/\"><b>consigue pruebas de la escena<\/b><\/a><span style=\"font-weight: 400;\">. Esto contribuir\u00e1 en gran medida a demostrar su inocencia. <\/span><\/li>\n<li style=\"font-weight: 400;\" aria-level=\"1\"><b>Lleve un registro detallado<\/b><span style=\"font-weight: 400;\"> de todo lo que ocurre. <\/span><\/li>\n<li style=\"font-weight: 400;\" aria-level=\"1\"><b>Consigue una copia del informe policial<\/b><span style=\"font-weight: 400;\">.<\/span><\/li>\n<li style=\"font-weight: 400;\" aria-level=\"1\"><b>No admitas la culpa<\/b><span style=\"font-weight: 400;\"> del accidente ni expreses culpabilidad. <\/span><\/li>\n<li style=\"font-weight: 400;\" aria-level=\"1\"><b>No hagas una declaraci\u00f3n grabada<\/b><span style=\"font-weight: 400;\"> a la compa\u00f1\u00eda de seguros.<\/span><\/li>\n<li style=\"font-weight: 400;\" aria-level=\"1\"><b>Llame a un abogado de lesiones personales<\/b><span style=\"font-weight: 400;\">. <\/span><\/li>\n<\/ol>\n<p><span style=\"font-weight: 400;\">La aseguradora apuesta por el hecho de que no sabes lo que haces. <\/span><\/p>\n<p><span style=\"font-weight: 400;\">Demu\u00e9streles que est\u00e1n equivocados: consiga un<\/span><a href=\"https:\/\/springslawgroup.com\/es\/abogado-de-lesiones-personales-en-colorado-springs\/\"><span style=\"font-weight: 400;\">abogado de lesiones personales de Colorado Springs<\/span><\/a><span style=\"font-weight: 400;\">involucrado desde el principio.<\/span><\/p>\n<h2><b>No tan r\u00e1pido &#8211; Por Qu\u00e9 Debe Llamar a un Abogado ANTES de Hablar con la Compa\u00f1\u00eda de Seguros<\/b><\/h2>\n<p><span style=\"font-weight: 400;\">Nationwide es un gigante de los seguros que factura miles de millones al a\u00f1o. <\/span><\/p>\n<p><span style=\"font-weight: 400;\">Para mantener esos ingresos, cobran lo m\u00e1ximo posible a los clientes y pagan lo menos posible por los siniestros. Y tienen todo un equipo de ajustadores de seguros cuyo \u00fanico prop\u00f3sito es hacer esto. <\/span><\/p>\n<p><span style=\"font-weight: 400;\">Para ellos, no eres m\u00e1s que un n\u00famero de reclamo m\u00e1s, y puedes esperar que te traten como tal, utilizando todos los trucos del libro para pagarte centavos por d\u00f3lar. <\/span><\/p>\n<p><span style=\"font-weight: 400;\">Esto es s\u00f3lo el juego del seguro. Ha sido as\u00ed mucho antes de que llegara tu reivindicaci\u00f3n y lo seguir\u00e1 siendo en los a\u00f1os venideros. La mejor manera de protegerse es consultar a un abogado de lesiones personales que sepa lo que hace. <\/span><\/p>\n<p><span style=\"font-weight: 400;\">En Springs Law Group, sabemos c\u00f3mo negociar con los ajustadores y los proveedores m\u00e9dicos en su nombre para obtener la m\u00e1xima compensaci\u00f3n y mantener m\u00e1s dinero en su bolsillo. <\/span><\/p>\n<p><span style=\"font-weight: 400;\">Porque cuando la negligencia de otra persona le ha lesionado, sabemos que un poco puede llegar muy lejos. <\/span><\/p>\n<p><a href=\"https:\/\/springslawgroup.com\/es\/contacto\/\"><span style=\"font-weight: 400;\">P\u00f3ngase en contacto con nuestros abogados<\/span><\/a><span style=\"font-weight: 400;\"> para reservar su consulta gratuita hoy mismo.<\/span><\/p>\n<h2><b>PREGUNTAS FRECUENTES: Reclamos a Nationwide Insurance<\/b><\/h2>\n<p><b>\u00bfQu\u00e9 tipo de indemnizaci\u00f3n puedo esperar de Nationwide por mi demanda por lesiones?<\/b><\/p>\n<p><span style=\"font-weight: 400;\">La cuant\u00eda de la indemnizaci\u00f3n que puede recibir de Nationwide por su demanda por lesiones depender\u00e1 de la gravedad de la lesi\u00f3n, los gastos m\u00e9dicos, los salarios perdidos y otros factores relacionados. Nuestros experimentados abogados pueden ayudarle en este proceso y asegurarse de que recibe la m\u00e1xima indemnizaci\u00f3n posible.<\/span><\/p>\n<p><b>\u00bfNecesito un abogado para presentar una demanda por lesiones en Nationwide?<\/b><\/p>\n<p><span style=\"font-weight: 400;\">Aunque no es obligatorio contratar a un abogado para presentar una demanda por lesiones en Nationwide, es muy recomendable. Nuestro equipo jur\u00eddico puede ayudarle en el complejo proceso de presentar una demanda, tratar con los peritos de seguros y negociar la indemnizaci\u00f3n que merece.<\/span><\/p>\n<p><b>\u00bfQu\u00e9 pasa si Nationwide rechaza mi reclamo por lesiones?<\/b><\/p>\n<p><span style=\"font-weight: 400;\">Si Nationwide deniega su reclamo por lesiones, nuestro equipo legal puede ayudarle a presentar un recurso y luchar por sus derechos. Tenemos un historial probado de \u00e9xito en la apelaci\u00f3n de demandas denegadas y en ayudar a nuestros clientes a obtener la indemnizaci\u00f3n que merecen.<\/span><\/p>\n<h2><b>Obtenga la Indemnizaci\u00f3n que Merece. Llame a Springs Law Group. <\/b><\/h2>\n<p><span style=\"font-weight: 400;\">Sufrir una lesi\u00f3n puede ser una experiencia traum\u00e1tica, y tratar con las compa\u00f1\u00edas de seguros puede empeorarla a\u00fan m\u00e1s. Pero no tienes por qu\u00e9 pasar por esto solo. <\/span><\/p>\n<p><span style=\"font-weight: 400;\">En Springs Law Group, nuestro equipo de abogados compasivos de lesiones personales est\u00e1 aqu\u00ed para ayudarle en cada paso del camino. Lucharemos incansablemente para asegurarnos de que reciba la indemnizaci\u00f3n que se merece, para que pueda centrarse en su recuperaci\u00f3n. <\/span><\/p>\n<p><span style=\"font-weight: 400;\">Ya se trate de un <\/span><a href=\"https:\/\/springslawgroup.com\/es\/colorado-springs-car-accident-lawyer-5\/\"><span style=\"font-weight: 400;\">accidente de coche<\/span><\/a><span style=\"font-weight: 400;\">, <\/span><a href=\"https:\/\/springslawgroup.com\/es\/colorado-springs-resbalon-y-caida-abogado\/\"><span style=\"font-weight: 400;\">resbal\u00f3n y ca\u00edda<\/span><\/a><span style=\"font-weight: 400;\">u otro caso de lesiones, podemos ayudar.<\/span><\/p>\n<p><span style=\"font-weight: 400;\">No deje que la compa\u00f1\u00eda de seguros se aproveche de usted-.<\/span><a href=\"https:\/\/springslawgroup.com\/es\/contacto\/\"><span style=\"font-weight: 400;\">reserve hoy mismo su consulta gratuita<\/span><\/a><span style=\"font-weight: 400;\"> para saber c\u00f3mo podemos ayudarle.<\/span><\/p>\n<p><script type=\"application\/ld+json\">\n{\n  \"@context\": \"https:\/\/schema.org\",\n  \"@type\": \"FAQPage\",\n  \"mainEntity\": [{\n    \"@type\": \"Question\",\n    \"name\": \"What kind of compensation can I expect from Nationwide for my injury claim?\",\n    \"acceptedAnswer\": {\n      \"@type\": \"Answer\",\n      \"text\": \"The amount of compensation you can receive from Nationwide for your injury claim will depend on the severity of your injury, medical expenses, lost wages, and other related factors. Our experienced attorneys can help you navigate this process and ensure you receive the maximum compensation possible.\"\n    }\n  },{\n    \"@type\": \"Question\",\n    \"name\": \"Do I need a lawyer to file an injury claim with Nationwide?\",\n    \"acceptedAnswer\": {\n      \"@type\": \"Answer\",\n      \"text\": \"While you're not required to hire a lawyer to file an injury claim with Nationwide, it's highly recommended. Our legal team can help you navigate the complex process of filing a claim, dealing with insurance adjusters, and negotiating for the compensation you deserve.\"\n    }\n  },{\n    \"@type\": \"Question\",\n    \"name\": \"What if Nationwide denies my injury claim?\",\n    \"acceptedAnswer\": {\n      \"@type\": \"Answer\",\n      \"text\": \"If Nationwide denies your injury claim, our legal team can help you file an appeal and fight for your rights. We have a proven track record of success in appealing denied claims and helping our clients get the compensation they deserve.\"\n    }\n  }]\n}\n<\/script><\/p>\n","protected":false},"excerpt":{"rendered":"<p>Cuando se trata de seguros, Nationwide est\u00e1 de tu parte, \u00bfverdad? Eso es lo que nos dice su pegadizo jingle.&nbsp;<a class=\"moretag\" href=\"https:\/\/springslawgroup.com\/es\/colorado-springs-abogados-de-reclamacion-de-seguros\/reclamacion-nacional-por-lesiones-su-guia-para-obtener-la-maxima-indemnizacion\/\"> Read More&#8230;<\/a><\/p>\n","protected":false},"author":32,"featured_media":0,"parent":16263,"menu_order":0,"comment_status":"closed","ping_status":"closed","template":"landingpage.php","meta":{"_acf_changed":false,"inline_featured_image":false,"footnotes":""},"categories":[],"tags":[],"class_list":["post-16251","page","type-page","status-publish","hentry"],"acf":{"key_takeaways":null,"_litigation_personal_injury_contents_new":{"_litigation_personal_injury_title_new":"","_litigation_personal_injury_discription_new":"","_litigation_personal_injury_discription_new_copy":"","_litigation_video_url_new":"","add_button":""},"_header_sub_header_content_new":null,"_litigation_frequently_asked_questions_new":null,"lawsuit_updates":null,"_litigation_related_posts_relation":null,"acf-references":""},"_links":{"self":[{"href":"https:\/\/springslawgroup.com\/es\/wp-json\/wp\/v2\/pages\/16251","targetHints":{"allow":["GET"]}}],"collection":[{"href":"https:\/\/springslawgroup.com\/es\/wp-json\/wp\/v2\/pages"}],"about":[{"href":"https:\/\/springslawgroup.com\/es\/wp-json\/wp\/v2\/types\/page"}],"author":[{"embeddable":true,"href":"https:\/\/springslawgroup.com\/es\/wp-json\/wp\/v2\/users\/32"}],"replies":[{"embeddable":true,"href":"https:\/\/springslawgroup.com\/es\/wp-json\/wp\/v2\/comments?post=16251"}],"version-history":[{"count":3,"href":"https:\/\/springslawgroup.com\/es\/wp-json\/wp\/v2\/pages\/16251\/revisions"}],"predecessor-version":[{"id":18044,"href":"https:\/\/springslawgroup.com\/es\/wp-json\/wp\/v2\/pages\/16251\/revisions\/18044"}],"up":[{"embeddable":true,"href":"https:\/\/springslawgroup.com\/es\/wp-json\/wp\/v2\/pages\/16263"}],"wp:attachment":[{"href":"https:\/\/springslawgroup.com\/es\/wp-json\/wp\/v2\/media?parent=16251"}],"wp:term":[{"taxonomy":"category","embeddable":true,"href":"https:\/\/springslawgroup.com\/es\/wp-json\/wp\/v2\/categories?post=16251"},{"taxonomy":"post_tag","embeddable":true,"href":"https:\/\/springslawgroup.com\/es\/wp-json\/wp\/v2\/tags?post=16251"}],"curies":[{"name":"wp","href":"https:\/\/api.w.org\/{rel}","templated":true}]}}