{"id":16250,"date":"2021-05-20T18:52:18","date_gmt":"2021-05-21T01:52:18","guid":{"rendered":"https:\/\/springs.flywheelstaging.com\/abogado-de-lesiones-personales-en-colorado-springs\/"},"modified":"2023-09-01T07:12:40","modified_gmt":"2023-09-01T14:12:40","slug":"abogado-de-lesiones-personales-en-colorado-springs","status":"publish","type":"page","link":"https:\/\/springslawgroup.com\/es\/abogado-de-lesiones-personales-en-colorado-springs\/","title":{"rendered":"Abogado especializado en lesiones personales de Colorado Springs"},"content":{"rendered":"<h2><strong>Est\u00e1 de suerte: Springs Law Group es el lugar correcto para contratar a un abogado especializado en lesiones personales de Colorado Springs<\/strong><\/h2>\n<p>\u00bfSe lesion\u00f3 recientemente en un accidente por causas ajenas a su voluntad? \u00bfO tal vez un ser querido sufri\u00f3 lesiones por circunstancias inesperadas? En cualquier caso, estamos aqu\u00ed para ayudarle. Aqu\u00ed en Springs Law Group, tenemos un <em><strong>abogado especializado en lesiones personales<\/strong><\/em> de Colorado Springs que est\u00e1 listo para tomar su caso, \u00a1sin importar cu\u00e1n grande o complejo sea! Desde accidentes de motocicleta hasta accidentes automovil\u00edsticos o accidentes por resbalones o ca\u00eddas, lo hemos visto todo. Nuestros abogados especializados en lesiones personales de Colorado Springs poseen a\u00f1os de experiencia en el tratamiento de casos de lesiones personales de todas las formas y tama\u00f1os. Adem\u00e1s, ayudaron a miles de residentes de Colorado a recibir la compensaci\u00f3n que necesitan y el cierre que se merecen despu\u00e9s de sufrir una lesi\u00f3n grave.<\/p>\n<h2><strong>C\u00f3mo un abogado especializado en lesiones personales de Colorado Springs Puede Ayudarle<\/strong><\/h2>\n<p>La mayor\u00eda de las demandas civiles son consecuencia de un accidente. Ya sea por un accidente automovil\u00edstico o por un resbal\u00f3n o ca\u00edda en propiedad ajena, los casos de lesiones personales deben tratarse con mucho cuidado. En este momento, tenemos un abogado especializado en lesiones personales de Colorado Springs que est\u00e1 listo para ayudarle con cualquiera de los siguientes casos de lesiones personales:<\/p>\n<ul>\n<li>Accidentes automovil\u00edsticos<\/li>\n<li>Accidentes de moto<\/li>\n<li>Accidentes de bicicleta<\/li>\n<li>Accidentes de peatones<\/li>\n<li>Accidentes de semirremolque<\/li>\n<li>Accidentes de transporte compartido<\/li>\n<li>Accidentes por resbal\u00f3n o ca\u00edda<\/li>\n<li>Muertes por negligencia<\/li>\n<\/ul>\n<p>Sean cuales sean las circunstancias, le ayudaremos a obtener la indemnizaci\u00f3n que le corresponde. \u00a1Aprenda m\u00e1s sobre nuestros servicios para casos de lesiones personales hoy y hable con un abogado especializado en lesiones personales de Colorado Springs!<\/p>\n<h2><strong>Qu\u00e9 Esperar tras Presentar una Demanda<\/strong><\/h2>\n<p>La mayor\u00eda de las personas suponen que, para recibir la indemnizaci\u00f3n que se les debe, tendr\u00e1n que llevar al demandado ante los tribunales. Sin embargo, puede que en realidad no sea as\u00ed. De hecho, es posible que se llegue a un acuerdo justo sin tener que entrar en un juzgado. Podr\u00eda alcanzar el resultado deseado simplemente al ponerse en contacto con la compa\u00f1\u00eda de seguros del demandado.<\/p>\n<p>Una vez que se haya contactado con la compa\u00f1\u00eda de seguros del demandado, habr\u00e1 que reunir pruebas r\u00e1pidamente (como informes policiales, historiales m\u00e9dicos, declaraciones de testigos, etc.). Esto es a menudo un proceso tedioso, pero nuestros abogados especializados en lesiones personales de Colorado Springs pueden ayudarle. Hable hoy mismo con un abogado especializado en lesiones personales para inclinar la balanza a su favor.<\/p>\n<h2><strong>No Demore <\/strong><strong>&#8211; \u00a1Converse con un abogado especializado en lesiones personales de Colorado Springs Hoy!<\/strong><\/h2>\n<p>No pierda la oportunidad de recibir la indemnizaci\u00f3n que merece tras sufrir lesiones personales. Hemos visto c\u00f3mo prescrib\u00edan los delitos de demasiadas v\u00edctimas de accidentes, \u00a1y no queremos que a usted tambi\u00e9n le ocurra lo mismo! Aqu\u00ed, en Springs Law Group, nuestra misi\u00f3n es disminuir significativamente el estr\u00e9s causado por los casos de lesiones personales. \u00a1Tenemos un equipo de abogados especializados en lesiones personales que est\u00e1n listos para obtener el dinero que se merece a un precio que puede pagar!<\/p>\n<p>\u00a1Hable con un abogado especializado en lesiones personales de Colorado Springs hoy y consiga la compensaci\u00f3n y el cierre que usted merece!<\/p>\n","protected":false},"excerpt":{"rendered":"<p>Est\u00e1 de suerte: Springs Law Group es el lugar correcto para contratar a un abogado especializado en lesiones personales de&nbsp;<a class=\"moretag\" href=\"https:\/\/springslawgroup.com\/es\/abogado-de-lesiones-personales-en-colorado-springs\/\"> Read More&#8230;<\/a><\/p>\n","protected":false},"author":32,"featured_media":15823,"parent":0,"menu_order":0,"comment_status":"closed","ping_status":"closed","template":"landingpage.php","meta":{"_acf_changed":false,"inline_featured_image":false,"footnotes":""},"categories":[],"tags":[],"class_list":["post-16250","page","type-page","status-publish","has-post-thumbnail","hentry"],"acf":{"key_takeaways":null,"_litigation_personal_injury_contents_new":{"_litigation_personal_injury_title_new":"","_litigation_personal_injury_discription_new":"","_litigation_personal_injury_discription_new_copy":"","_litigation_video_url_new":"","add_button":""},"_header_sub_header_content_new":null,"_litigation_frequently_asked_questions_new":null,"lawsuit_updates":null,"_litigation_related_posts_relation":null,"acf-references":""},"_links":{"self":[{"href":"https:\/\/springslawgroup.com\/es\/wp-json\/wp\/v2\/pages\/16250","targetHints":{"allow":["GET"]}}],"collection":[{"href":"https:\/\/springslawgroup.com\/es\/wp-json\/wp\/v2\/pages"}],"about":[{"href":"https:\/\/springslawgroup.com\/es\/wp-json\/wp\/v2\/types\/page"}],"author":[{"embeddable":true,"href":"https:\/\/springslawgroup.com\/es\/wp-json\/wp\/v2\/users\/32"}],"replies":[{"embeddable":true,"href":"https:\/\/springslawgroup.com\/es\/wp-json\/wp\/v2\/comments?post=16250"}],"version-history":[{"count":3,"href":"https:\/\/springslawgroup.com\/es\/wp-json\/wp\/v2\/pages\/16250\/revisions"}],"predecessor-version":[{"id":17535,"href":"https:\/\/springslawgroup.com\/es\/wp-json\/wp\/v2\/pages\/16250\/revisions\/17535"}],"wp:featuredmedia":[{"embeddable":true,"href":"https:\/\/springslawgroup.com\/es\/wp-json\/wp\/v2\/media\/15823"}],"wp:attachment":[{"href":"https:\/\/springslawgroup.com\/es\/wp-json\/wp\/v2\/media?parent=16250"}],"wp:term":[{"taxonomy":"category","embeddable":true,"href":"https:\/\/springslawgroup.com\/es\/wp-json\/wp\/v2\/categories?post=16250"},{"taxonomy":"post_tag","embeddable":true,"href":"https:\/\/springslawgroup.com\/es\/wp-json\/wp\/v2\/tags?post=16250"}],"curies":[{"name":"wp","href":"https:\/\/api.w.org\/{rel}","templated":true}]}}