{"id":16249,"date":"2023-03-21T09:02:09","date_gmt":"2023-03-21T16:02:09","guid":{"rendered":"https:\/\/springs.flywheelstaging.com\/reclamacion-por-lesiones-a-state-farm-su-guia-para-obtener-la-maxima-indemnizacion\/"},"modified":"2023-10-20T14:13:11","modified_gmt":"2023-10-20T21:13:11","slug":"reclamacion-por-lesiones-a-state-farm-su-guia-para-obtener-la-maxima-indemnizacion","status":"publish","type":"page","link":"https:\/\/springslawgroup.com\/es\/colorado-springs-abogados-de-reclamacion-de-seguros\/reclamacion-por-lesiones-a-state-farm-su-guia-para-obtener-la-maxima-indemnizacion\/","title":{"rendered":"Demanda por Lesiones a State Farm: Su Gu\u00eda para Obtener la M\u00e1xima Indemnizaci\u00f3n"},"content":{"rendered":"<p>State Farm es una de las mayores aseguradoras de Estados Unidos, conocida por sus pegadizos jingles y sus simp\u00e1ticas campa\u00f1as publicitarias.<\/p>\n<p>Pero cuando se trata de pagar <a href=\"https:\/\/springslawgroup.com\/es\/colorado-springs-abogado-de-reclamaciones-de-seguros\/colorado-springs-insurance-claims-lawyer-2\/\">demandas por lesiones<\/a>, su tono puede cambiar r\u00e1pidamente.<\/p>\n<p>La verdad es que los gigantes de los seguros como State Farm se dedican a ganar dinero, no a velar por sus intereses. As\u00ed que, cuando te has lesionado y tienes un reclamo a State Farm, \u00bfc\u00f3mo puedes asegurarte de que no te toca la peor parte?<\/p>\n<p>En <a href=\"https:\/\/springslawgroup.com\/es\/\">Springs Law Group<\/a>, hemos preparado una gu\u00eda para ayudarte a navegar a trav\u00e9s del proceso de reclamos de State Farm y c\u00f3mo puedes obtener ayuda. Esto es todo lo que debe saber.<\/p>\n<h2><span style=\"font-weight: 800;\">Qu\u00e9 Esperar al Tramitar una Demanda por Lesiones de State Farm<\/span><\/h2>\n<p>Ya sea que est\u00e9s presentando una demanda por lesiones de primera o tercera persona despu\u00e9s de tu accidente, State Farm hace que sea bastante f\u00e1cil hacerlo. Pero es en el siguiente proceso donde mucha gente tropieza y pierde miles de d\u00f3lares.<\/p>\n<p>Pero si sabe qu\u00e9 buscar, puede ahorrarse problemas.<\/p>\n<p>Si te enfrentas a una demanda por lesiones de State Farm, esto es lo que debes esperar:<\/p>\n<ul>\n<li><strong>Querr\u00e1n que hagas <a href=\"https:\/\/springslawgroup.com\/es\/blog\/debe-prestar-declaracion-grabada-a-la-compania-de-seguros-por-su-accidente-de-transito\/\">una declaraci\u00f3n grabada<\/a><\/strong> sobre el accidente para que digas algo que perjudique tu caso.<\/li>\n<li><strong>Querr\u00e1n que firmes una autorizaci\u00f3n m\u00e9dica<\/strong> que les d\u00e9 acceso a todos tus historiales m\u00e9dicos de toda la vida.<\/li>\n<li><strong>Investigar\u00e1n tu accidente<\/strong> para intentar encontrar todo lo posible para denegarte o reducirte la indemnizaci\u00f3n<\/li>\n<li><strong>Recibir\u00e1s una oferta de acuerdo<\/strong>, y tratar\u00e1n de convencerte de que es lo mejor que puedes conseguir<\/li>\n<\/ul>\n<p>Cuando hay dinero en juego, la compa\u00f1\u00eda de seguros intentar\u00e1 arrinconarle. Quieren que sientas que tienes opciones limitadas.<\/p>\n<p>Saben que est\u00e1s lesionado, que tienes facturas m\u00e9dicas y que puede que andes corto de dinero. Se aprovechar\u00e1n de ello y ofrecer\u00e1n un acuerdo r\u00e1pido e injusto.<\/p>\n<p>Pero no vas a darles la satisfacci\u00f3n.<\/p>\n<p>En su lugar, va a proteger sus derechos y jugar el juego de seguros para obtener la mayor cantidad de dinero de su liquidaci\u00f3n. Veamos c\u00f3mo puede proteger su derecho a una indemnizaci\u00f3n.<\/p>\n<h2><b>Preparar con \u00c9xito una Demanda por Lesiones: C\u00f3mo Proteger su Derecho a una Indemnizaci\u00f3n<\/b><\/h2>\n<p>El reloj empieza a correr en tu reclamo al seguro en cuanto te atropellan y resultas herido.<\/p>\n<p>En cuanto la compa\u00f1\u00eda de seguros se entere de tu accidente, querr\u00e1 llegar a un acuerdo r\u00e1pido y por debajo del presupuesto.<\/p>\n<p>He aqu\u00ed c\u00f3mo puede proteger sus derechos a una indemnizaci\u00f3n:<\/p>\n<ul>\n<li><strong>Busque atenci\u00f3n m\u00e9dica<\/strong> inmediatamente. Tendr\u00e1s que demostrar que te hirieron.<\/li>\n<li>Si puedes, <a href=\"https:\/\/springslawgroup.com\/es\/blog\/cinco-tipos-de-pruebas-que-puede-recolectar\/\"><strong>consigue pruebas de la escena<\/strong><\/a>. Esto contribuir\u00e1 en gran medida a demostrar su inocencia.<\/li>\n<li><strong>Lleve un registro detallado<\/strong> de todo lo que ocurre.<\/li>\n<li><strong>Consigue una copia del informe policial<\/strong>.<\/li>\n<li><strong>No admitas la culpa<\/strong> del accidente ni te muestres culpable.<\/li>\n<li>No hagas <strong>una declaraci\u00f3n grabada<\/strong> a la compa\u00f1\u00eda de seguros.<\/li>\n<li><strong>Llame a un abogado de lesiones<\/strong> personales.<\/li>\n<\/ul>\n<p>La aseguradora apuesta por el hecho de que no sabes lo que haces.<\/p>\n<p>Demu\u00e9streles que est\u00e1n equivocados: involucre a un <a href=\"https:\/\/springslawgroup.com\/es\/abogado-de-lesiones-personales-en-colorado-springs\/\">abogado de lesiones personales de Colorado Springs<\/a> desde el principio.<\/p>\n<h2><b>No tan R\u00e1pido &#8211; Por Qu\u00e9 Debe Llamar a un Abogado ANTES de Hablar con la Compa\u00f1\u00eda de Seguros<\/b><\/h2>\n<p>State Farm es un gigante de los seguros que factura miles de millones al a\u00f1o.<\/p>\n<p>Para mantener esos ingresos, cobran lo m\u00e1ximo posible a los clientes y pagan lo menos posible por los siniestros. Y tienen todo un equipo de ajustadores de seguros cuyo \u00fanico prop\u00f3sito es hacer esto.<\/p>\n<p>Para ellos, no eres m\u00e1s que otro n\u00famero de reclamo, y puedes esperar que te traten como tal, utilizando todos los trucos del libro para pagarte c\u00e9ntimos.<\/p>\n<p>Esto es s\u00f3lo el juego del seguro. Ha sido as\u00ed mucho antes de que llegara tu reivindicaci\u00f3n y lo seguir\u00e1 siendo en los a\u00f1os venideros. La mejor manera de protegerse es consultar a un abogado de lesiones personales que sepa lo que hace.<\/p>\n<p>En Springs Law Group, sabemos c\u00f3mo negociar con los ajustadores y los proveedores m\u00e9dicos en su nombre para obtener la m\u00e1xima compensaci\u00f3n y mantener m\u00e1s dinero en su bolsillo.<\/p>\n<p>Porque cuando la negligencia de otra persona le ha lesionado, sabemos que un poco puede llegar muy lejos.<\/p>\n<p>P\u00f3ngase <a href=\"https:\/\/springslawgroup.com\/es\/contacto\/\">en contacto con nuestros abogados<\/a> para reservar su consulta gratuita hoy mismo.<\/p>\n<h2><b>FAQ: Reclamo a State Farm Insurance<\/b><\/h2>\n<p><b>\u00bfQu\u00e9 tipos de demandas por lesiones cubre State Farm?<\/b><\/p>\n<p><span style=\"font-weight: 400;\">State Farm cubre una amplia gama de demandas por lesiones, incluyendo <\/span><a href=\"https:\/\/springslawgroup.com\/es\/colorado-springs-car-accident-lawyer-5\/\"><span style=\"font-weight: 400;\">accidentes de coche<\/span><\/a><span style=\"font-weight: 400;\">, <\/span><a href=\"https:\/\/springslawgroup.com\/es\/colorado-springs-resbalon-y-caida-abogado\/\"><span style=\"font-weight: 400;\">resbalones y ca\u00eddas<\/span><\/a><span style=\"font-weight: 400;\">mordeduras de perro y otros incidentes con lesiones personales. Tambi\u00e9n pueden cubrir los gastos m\u00e9dicos, los salarios perdidos y otros da\u00f1os relacionados con la lesi\u00f3n.<\/span><\/p>\n<p><b>\u00bfC\u00f3mo presento una demanda por lesiones a State Farm?<\/b><\/p>\n<p>Para presentar una demanda por lesiones a State Farm, puede ponerse en contacto directamente con la compa\u00f1\u00eda o hacerlo a trav\u00e9s de su abogado de lesiones personales. Tendr\u00e1 que facilitar detalles sobre el incidente, incluida la fecha, hora y lugar del accidente, as\u00ed como cualquier testigo u otra informaci\u00f3n pertinente.<\/p>\n<p><b>\u00bfCu\u00e1nto tiempo se tarda en resolver una demanda por lesiones de State Farm?<\/b><\/p>\n<p>El tiempo que se tarda en resolver una demanda por lesiones de State Farm puede variar en funci\u00f3n de las circunstancias espec\u00edficas del caso. Algunos casos pueden resolverse r\u00e1pidamente, mientras que otros pueden tardar meses o incluso a\u00f1os en resolverse.<\/p>\n<p><b>\u00bfNecesito un abogado de lesiones personales para manejar mi reclamo de lesiones de State Farm?<\/b><\/p>\n<p>Aunque no es obligatorio que un abogado de lesiones personales maneje su reclamo de lesiones de State Farm, tener representaci\u00f3n legal puede ser beneficioso. Un abogado especializado en lesiones personales puede ayudarle a proteger sus derechos, negociar con la compa\u00f1\u00eda de seguros en su nombre y ayudarle a obtener la indemnizaci\u00f3n que merece.<\/p>\n<p><b>\u00bfQu\u00e9 tipos de da\u00f1os puedo recuperar en una demanda por lesiones de State Farm?<\/b><\/p>\n<p><span style=\"font-weight: 400;\">Usted puede ser capaz de recuperar los da\u00f1os y perjuicios por gastos m\u00e9dicos, <\/span><a href=\"https:\/\/springslawgroup.com\/es\/blog\/como-demuestro-el-lucro-cesante-futuro-en-un-caso-de-lesiones-personales\/\"><span style=\"font-weight: 400;\">salarios perdidos<\/span><\/a><span style=\"font-weight: 400;\">, <\/span><a href=\"https:\/\/springslawgroup.com\/es\/blog\/definicion-de-danos-y-perjuicios-por-dolor-y-sufrimiento\/\"><span style=\"font-weight: 400;\">dolor y sufrimiento<\/span><\/a><span style=\"font-weight: 400;\">y otras p\u00e9rdidas relacionadas con la lesi\u00f3n. Su abogado de lesiones personales puede ayudarle a determinar a qu\u00e9 da\u00f1os y perjuicios puede tener derecho en funci\u00f3n de los hechos espec\u00edficos de su caso.<\/span><\/p>\n<h2><b>Obtenga la Indemnizaci\u00f3n que Merece. Llame a Springs Law Group. <\/b><\/h2>\n<p>Las demandas al seguro pueden ser un suplicio.<\/p>\n<p>Ya est\u00e1s lidiando con una lesi\u00f3n, y ahora la compa\u00f1\u00eda de seguros intenta hacerte sentir que est\u00e1s loco y que no mereces la indemnizaci\u00f3n que pides.<\/p>\n<p>Y si no sabes lo que haces, puede que lo consigan.<\/p>\n<p>Pero estamos aqu\u00ed para ayudar. En Springs Law Group, nos aseguraremos de que no se aprovechen de usted. Nos enfrentaremos a la compa\u00f1\u00eda de seguros para conseguirle la m\u00e1xima indemnizaci\u00f3n, para que usted se vaya mejor de lo que le encontramos.<\/p>\n<p>Ya se trate de un accidente de coche, resbal\u00f3n y ca\u00edda, u otro caso de lesiones, podemos ayudar.<\/p>\n<p><a href=\"https:\/\/springslawgroup.com\/es\/contacto\/\">Reserve hoy mismo su consulta<\/a> gratuita para saber c\u00f3mo podemos ayudarle.<\/p>\n<p><script type=\"application\/ld+json\">\n{\n  \"@context\": \"https:\/\/schema.org\",\n  \"@type\": \"FAQPage\",\n  \"mainEntity\": [{\n    \"@type\": \"Question\",\n    \"name\": \"What types of injury claims does State Farm cover?\",\n    \"acceptedAnswer\": {\n      \"@type\": \"Answer\",\n      \"text\": \"State Farm covers a wide range of injury claims, including car accidents, slip and falls, dog bites, and other personal injury incidents. They may also cover medical expenses, lost wages, and other damages related to the injury.\"\n    }\n  },{\n    \"@type\": \"Question\",\n    \"name\": \"How do I file a State Farm injury claim?\",\n    \"acceptedAnswer\": {\n      \"@type\": \"Answer\",\n      \"text\": \"To file a State Farm injury claim, you can contact the company directly or go through your personal injury lawyer. You will need to provide details about the incident, including the date, time, and location of the accident, as well as any witnesses or other relevant information.\"\n    }\n  },{\n    \"@type\": \"Question\",\n    \"name\": \"How long does it take to settle a State Farm injury claim?\",\n    \"acceptedAnswer\": {\n      \"@type\": \"Answer\",\n      \"text\": \"The time it takes to settle a State Farm injury claim can vary depending on the specific circumstances of the case. Some cases may be settled quickly, while others may take months or even years to resolve.\"\n    }\n  },{\n    \"@type\": \"Question\",\n    \"name\": \"Do I need a personal injury lawyer to handle my State Farm injury claim?\",\n    \"acceptedAnswer\": {\n      \"@type\": \"Answer\",\n      \"text\": \"While it is not required to have a personal injury lawyer handle your State Farm injury claim, having legal representation can be beneficial. A personal injury lawyer can help protect your rights, negotiate with the insurance company on your behalf, and help you get the compensation you deserve.\"\n    }\n  },{\n    \"@type\": \"Question\",\n    \"name\": \"What types of damages can I recover in a State Farm injury claim?\",\n    \"acceptedAnswer\": {\n      \"@type\": \"Answer\",\n      \"text\": \"You may be able to recover damages for medical expenses, lost wages, pain and suffering, and other losses related to the injury. Your personal injury lawyer can help you determine what damages you may be entitled to based on the specific facts of your case.\"\n    }\n  }]\n}\n<\/script><\/p>\n","protected":false},"excerpt":{"rendered":"<p>State Farm es una de las mayores aseguradoras de Estados Unidos, conocida por sus pegadizos jingles y sus simp\u00e1ticas campa\u00f1as&nbsp;<a class=\"moretag\" href=\"https:\/\/springslawgroup.com\/es\/colorado-springs-abogados-de-reclamacion-de-seguros\/reclamacion-por-lesiones-a-state-farm-su-guia-para-obtener-la-maxima-indemnizacion\/\"> Read More&#8230;<\/a><\/p>\n","protected":false},"author":32,"featured_media":0,"parent":16263,"menu_order":0,"comment_status":"closed","ping_status":"closed","template":"landingpage.php","meta":{"_acf_changed":false,"inline_featured_image":false,"footnotes":""},"categories":[],"tags":[],"class_list":["post-16249","page","type-page","status-publish","hentry"],"acf":{"key_takeaways":null,"_litigation_personal_injury_contents_new":{"_litigation_personal_injury_title_new":"","_litigation_personal_injury_discription_new":"","_litigation_personal_injury_discription_new_copy":"","_litigation_video_url_new":"","add_button":""},"_header_sub_header_content_new":null,"_litigation_frequently_asked_questions_new":null,"lawsuit_updates":null,"_litigation_related_posts_relation":null,"acf-references":""},"_links":{"self":[{"href":"https:\/\/springslawgroup.com\/es\/wp-json\/wp\/v2\/pages\/16249","targetHints":{"allow":["GET"]}}],"collection":[{"href":"https:\/\/springslawgroup.com\/es\/wp-json\/wp\/v2\/pages"}],"about":[{"href":"https:\/\/springslawgroup.com\/es\/wp-json\/wp\/v2\/types\/page"}],"author":[{"embeddable":true,"href":"https:\/\/springslawgroup.com\/es\/wp-json\/wp\/v2\/users\/32"}],"replies":[{"embeddable":true,"href":"https:\/\/springslawgroup.com\/es\/wp-json\/wp\/v2\/comments?post=16249"}],"version-history":[{"count":3,"href":"https:\/\/springslawgroup.com\/es\/wp-json\/wp\/v2\/pages\/16249\/revisions"}],"predecessor-version":[{"id":18049,"href":"https:\/\/springslawgroup.com\/es\/wp-json\/wp\/v2\/pages\/16249\/revisions\/18049"}],"up":[{"embeddable":true,"href":"https:\/\/springslawgroup.com\/es\/wp-json\/wp\/v2\/pages\/16263"}],"wp:attachment":[{"href":"https:\/\/springslawgroup.com\/es\/wp-json\/wp\/v2\/media?parent=16249"}],"wp:term":[{"taxonomy":"category","embeddable":true,"href":"https:\/\/springslawgroup.com\/es\/wp-json\/wp\/v2\/categories?post=16249"},{"taxonomy":"post_tag","embeddable":true,"href":"https:\/\/springslawgroup.com\/es\/wp-json\/wp\/v2\/tags?post=16249"}],"curies":[{"name":"wp","href":"https:\/\/api.w.org\/{rel}","templated":true}]}}