{"id":16247,"date":"2023-03-21T09:03:34","date_gmt":"2023-03-21T16:03:34","guid":{"rendered":"https:\/\/springs.flywheelstaging.com\/reclamacion-por-lesiones-a-viajeros-su-guia-para-obtener-la-maxima-indemnizacion\/"},"modified":"2023-10-20T14:19:39","modified_gmt":"2023-10-20T21:19:39","slug":"reclamacion-por-lesiones-a-viajeros-su-guia-para-obtener-la-maxima-indemnizacion","status":"publish","type":"page","link":"https:\/\/springslawgroup.com\/es\/colorado-springs-abogados-de-reclamacion-de-seguros\/reclamacion-por-lesiones-a-viajeros-su-guia-para-obtener-la-maxima-indemnizacion\/","title":{"rendered":"Demanda por Lesiones en Travelers: Su Gu\u00eda para Obtener la M\u00e1xima Indemnizaci\u00f3n"},"content":{"rendered":"<p>Cuando se trata de compa\u00f1\u00edas de seguros, Travelers Insurance es un gran nombre en el juego. Con su reconocible logotipo del paraguas rojo y unos anuncios c\u00e1lidos y sinceros, sin duda se han hecho un nombre. Pero cuando se trata de reclamos por lesiones, puede descubrir que no son tan amables y leales como parecen.<\/p>\n<p>As\u00ed que, cuando te has lesionado y tienes que <a href=\"https:\/\/springslawgroup.com\/es\/colorado-springs-abogado-de-reclamaciones-de-seguros\/colorado-springs-insurance-claims-lawyer-2\/\">reclamar un seguro de<\/a> viaje, \u00bfc\u00f3mo puedes asegurarte de que no te toca la peor parte?<\/p>\n<p>En <a href=\"https:\/\/springslawgroup.com\/es\/\">Springs Law Group<\/a>, hemos elaborado una gu\u00eda para guiarle a trav\u00e9s del proceso de reclamos en Travelers y c\u00f3mo puede obtener ayuda. Esto es todo lo que debe saber.<\/p>\n<h2><span style=\"font-weight: 800;\">Qu\u00e9 Esperar Cuando se Tramita una Demanda por Lesiones en Travelers<\/span><\/h2>\n<p>Ya sea que presente una demanda por lesiones de primera o tercera persona despu\u00e9s de su accidente, Travelers hace que sea bastante f\u00e1cil hacerlo. Pero es en el siguiente proceso donde mucha gente tropieza y pierde miles de d\u00f3lares.<\/p>\n<p>Pero si sabe qu\u00e9 buscar, puede ahorrarse problemas.<\/p>\n<p>Si se enfrenta a una demanda por lesiones de Travelers, esto es lo que puede esperar:<\/p>\n<ul>\n<li><strong>Querr\u00e1n que hagas <a href=\"https:\/\/springslawgroup.com\/es\/blog\/debe-prestar-declaracion-grabada-a-la-compania-de-seguros-por-su-accidente-de-transito\/\">una declaraci\u00f3n grabada<\/a><\/strong> sobre el accidente para que digas algo que perjudique tu caso.<\/li>\n<li><strong>Querr\u00e1n que firmes una autorizaci\u00f3n m\u00e9dica<\/strong> que les d\u00e9 acceso a tu historial m\u00e9dico de toda la vida.<\/li>\n<li><strong>Investigar\u00e1n tu accidente<\/strong> para intentar encontrar todo lo posible para denegarte o reducirte la indemnizaci\u00f3n<\/li>\n<li><strong>Recibir\u00e1s una oferta de acuerdo<\/strong>, y tratar\u00e1n de convencerte de que es lo mejor que puedes conseguir<\/li>\n<\/ul>\n<p>Cuando hay dinero en juego, la compa\u00f1\u00eda de seguros intentar\u00e1 arrinconarle. Quieren que sientas que tienes opciones limitadas.<\/p>\n<p>Saben que est\u00e1s lesionado, que tienes facturas m\u00e9dicas y que puede que andes corto de dinero. Se aprovechar\u00e1n de ello y ofrecer\u00e1n un acuerdo r\u00e1pido e injusto.<\/p>\n<p>Pero no vas a darles la satisfacci\u00f3n.<\/p>\n<p>En su lugar, va a proteger sus derechos y jugar el juego de seguros para obtener la mayor cantidad de dinero de su liquidaci\u00f3n. Veamos c\u00f3mo puede proteger su derecho a una indemnizaci\u00f3n.<\/p>\n<h2><b>Preparar con \u00c9xito una Demanda por Lesiones: C\u00f3mo Proteger su Derecho a una Indemnizaci\u00f3n<\/b><\/h2>\n<p>El reloj empieza a correr en tu reclamo al seguro en cuanto te accidentas y resultas herido.<\/p>\n<p>Una vez que la compa\u00f1\u00eda de seguros se entere de su accidente, querr\u00e1 llegar a un acuerdo r\u00e1pidamente y por debajo del presupuesto.<\/p>\n<p>He aqu\u00ed c\u00f3mo puede proteger sus derechos a una indemnizaci\u00f3n:<\/p>\n<ol>\n<li><strong>Busque atenci\u00f3n m\u00e9dica<\/strong> inmediatamente. Tendr\u00e1s que demostrar que te hirieron.<\/li>\n<li>Si puedes, <strong><a href=\"https:\/\/springslawgroup.com\/es\/blog\/cinco-tipos-de-pruebas-que-puede-recolectar\/\">consigue pruebas de la escena<\/a><\/strong>. Esto contribuir\u00e1 en gran medida a demostrar su inocencia.<\/li>\n<li><strong>Lleve un registro detallado<\/strong> de todo lo que ocurre.<\/li>\n<li><strong>Consigue una copia del informe policial<\/strong>.<\/li>\n<li><strong>No admitas la culpa<\/strong> del accidente ni te muestres culpable.<\/li>\n<li>No hagas <strong>una declaraci\u00f3n grabada<\/strong> a la compa\u00f1\u00eda de seguros.<\/li>\n<li><strong>Llame a un abogado de lesiones<\/strong> personales.<\/li>\n<\/ol>\n<p>La aseguradora apuesta por el hecho de que no sabes lo que haces.<\/p>\n<p>Demu\u00e9streles que est\u00e1n equivocados: involucre a un <a href=\"https:\/\/springslawgroup.com\/es\/abogado-de-lesiones-personales-en-colorado-springs\/\">abogado de lesiones personales de Colorado Springs<\/a> desde el principio.<\/p>\n<h2><b>No tan R\u00e1pido &#8211; Por Qu\u00e9 Debe Llamar a un Abogado ANTES de Hablar con la Compa\u00f1\u00eda de Seguros<\/b><\/h2>\n<p>Travelers es un gigante de los seguros que factura miles de millones al a\u00f1o.<\/p>\n<p>Para mantener esos ingresos, cobran lo m\u00e1ximo posible a los clientes y pagan lo menos posible por los siniestros. Y tienen todo un equipo de ajustadores de seguros cuyo \u00fanico prop\u00f3sito es hacer esto.<\/p>\n<p>Para ellos, no eres m\u00e1s que otro n\u00famero de reclamo, y puedes esperar que te traten como tal, utilizando todos los trucos del libro para pagarte c\u00e9ntimos.<\/p>\n<p>Esto no es m\u00e1s que el juego de los seguros; ha sido as\u00ed mucho antes de que llegara tu demanda y lo seguir\u00e1 siendo durante a\u00f1os. La mejor manera de protegerse es consultar a un abogado de lesiones personales que sepa lo que hace.<\/p>\n<p>En Springs Law Group, sabemos c\u00f3mo negociar con los ajustadores y los proveedores m\u00e9dicos en su nombre para obtener la m\u00e1xima compensaci\u00f3n y mantener m\u00e1s dinero en su bolsillo.<\/p>\n<p>Porque cuando la negligencia de otra persona le ha lesionado, sabemos que un poco puede llegar muy lejos.<\/p>\n<p>P\u00f3ngase <a href=\"https:\/\/springslawgroup.com\/es\/contacto\/\">en contacto con nuestros abogados<\/a> para reservar su consulta gratuita hoy mismo.<\/p>\n<h2><b>FAQ: Reclamo a Travelers Insurance<\/b><\/h2>\n<p><b>\u00bfDe cu\u00e1nto tiempo dispongo para presentar una demanda por lesiones en Travelers?<\/b><\/p>\n<p>El plazo para presentar una demanda por lesiones en Travelers var\u00eda en funci\u00f3n de la p\u00f3liza espec\u00edfica y del estado en el que se haya producido el accidente. Es importante ponerse en contacto con un abogado de lesiones personales tan pronto como sea posible despu\u00e9s del accidente para asegurarse de que no se pierda ning\u00fan plazo.<\/p>\n<p><b>\u00bfQu\u00e9 puedo esperar durante el proceso de reclamo con Travelers?<\/b><\/p>\n<p>Durante el proceso de reclamo con Travelers, es de esperar que proporcione informaci\u00f3n sobre el accidente y sus lesiones, incluidos los historiales m\u00e9dicos y las facturas. Se asignar\u00e1 un perito a su caso, que trabajar\u00e1 con usted para determinar la cuant\u00eda de la indemnizaci\u00f3n a la que tiene derecho. Es importante contar con un abogado experto en lesiones personales para asegurarse de que recibe la m\u00e1xima indemnizaci\u00f3n posible.<\/p>\n<p><b>\u00bfQu\u00e9 tipos de siniestros de lesiones cubre Travelers?<\/b><\/p>\n<p><span style=\"font-weight: 400;\">Travelers cubre una amplia gama de reclamos por lesiones, incluidos los accidentes de coche, <\/span><a href=\"https:\/\/springslawgroup.com\/es\/colorado-springs-resbalon-y-caida-abogado\/\"><span style=\"font-weight: 400;\">resbalones y ca\u00eddas<\/span><\/a><span style=\"font-weight: 400;\">mordeduras de perro y otros incidentes con lesiones personales. Tambi\u00e9n pueden cubrir los gastos m\u00e9dicos, los salarios perdidos y otros da\u00f1os relacionados con la lesi\u00f3n.<\/span><\/p>\n<p><b>\u00bfCu\u00e1nto tiempo se tarda en resolver una demanda por lesiones de Travelers?<\/b><\/p>\n<p>El tiempo que se tarda en resolver una demanda por lesiones de Travelers puede variar en funci\u00f3n de las circunstancias espec\u00edficas del caso. Algunos casos pueden resolverse r\u00e1pidamente, mientras que otros pueden tardar meses o incluso a\u00f1os en resolverse.<\/p>\n<p><b>\u00bfNecesito un abogado de lesiones personales para tramitar mi reclamo por lesiones en Travelers?<\/b><\/p>\n<p>Aunque no es obligatorio que un abogado de lesiones personales se encargue de su reclamo por lesiones en Travelers, contar con representaci\u00f3n legal puede ser beneficioso. Un abogado especializado en lesiones personales puede ayudarle a proteger sus derechos, negociar con la compa\u00f1\u00eda de seguros en su nombre y ayudarle a obtener la indemnizaci\u00f3n que merece.<\/p>\n<h2><b>Obtenga la Indemnizaci\u00f3n que Merece. Llame a Springs Law Group. <\/b><\/h2>\n<p>Tratar con las compa\u00f1\u00edas de seguros despu\u00e9s de una lesi\u00f3n puede ser abrumador, y es f\u00e1cil sentir que no est\u00e1s recibiendo el apoyo que necesitas. Nuestro equipo de abogados de lesiones personales compasivo entiende lo que est\u00e1 pasando y est\u00e1 aqu\u00ed para ayudar. Lucharemos incansablemente para conseguirle la indemnizaci\u00f3n que se merece, para que pueda centrarse en recuperarse y seguir adelante.<\/p>\n<p>Ya se trate de un <a href=\"https:\/\/springslawgroup.com\/es\/colorado-springs-car-accident-lawyer-5\/\">accidente de coche<\/a>, resbal\u00f3n y ca\u00edda, u otro caso de lesiones, podemos ayudar.<\/p>\n<p>No deje que las compa\u00f1\u00edas de seguros se aprovechen de usted. <a href=\"https:\/\/springslawgroup.com\/es\/contacto\/\">Reserve hoy mismo su consulta<\/a> gratuita para saber c\u00f3mo podemos ayudarle.<\/p>\n<p><script type=\"application\/ld+json\">\n{\n  \"@context\": \"https:\/\/schema.org\",\n  \"@type\": \"FAQPage\",\n  \"mainEntity\": [{\n    \"@type\": \"Question\",\n    \"name\": \"How long do I have to file an injury claim with Travelers?\",\n    \"acceptedAnswer\": {\n      \"@type\": \"Answer\",\n      \"text\": \"The time limit for filing an injury claim with Travelers varies depending on the specific policy and the state in which the accident occurred. It's important to contact a personal injury attorney as soon as possible after the accident to ensure that you don't miss any deadlines.\"\n    }\n  },{\n    \"@type\": \"Question\",\n    \"name\": \"What can I expect during the claims process with Travelers?\",\n    \"acceptedAnswer\": {\n      \"@type\": \"Answer\",\n      \"text\": \"During the claims process with Travelers, you can expect to provide information about the accident and your injuries, including medical records and bills. An adjuster will be assigned to your case and will work with you to determine the amount of compensation you are entitled to. It's important to have an experienced personal injury lawyer on your side to ensure that you receive the maximum compensation possible.\"\n    }\n  },{\n    \"@type\": \"Question\",\n    \"name\": \"What types of injury claims does Travelers cover?\",\n    \"acceptedAnswer\": {\n      \"@type\": \"Answer\",\n      \"text\": \"Travelers covers a wide range of injury claims, including car accidents, slip and falls, dog bites, and other personal injury incidents. They may also cover medical expenses, lost wages, and other damages related to the injury.\"\n    }\n  },{\n    \"@type\": \"Question\",\n    \"name\": \"How long does it take to settle a Travelers injury claim?\",\n    \"acceptedAnswer\": {\n      \"@type\": \"Answer\",\n      \"text\": \"The time it takes to settle a Travelers injury claim can vary depending on the specific circumstances of the case. Some cases may be settled quickly, while others may take months or even years to resolve.\"\n    }\n  },{\n    \"@type\": \"Question\",\n    \"name\": \"Do I need a personal injury lawyer to handle my Travelers injury claim?\",\n    \"acceptedAnswer\": {\n      \"@type\": \"Answer\",\n      \"text\": \"While it is not required to have a personal injury lawyer handle your Travelers injury claim, having legal representation can be beneficial. A personal injury lawyer can help ensure that your rights are protected, negotiate with the insurance company on your behalf, and help you get the compensation you deserve.\"\n    }\n  }]\n}\n<\/script><\/p>\n","protected":false},"excerpt":{"rendered":"<p>Cuando se trata de compa\u00f1\u00edas de seguros, Travelers Insurance es un gran nombre en el juego. Con su reconocible logotipo&nbsp;<a class=\"moretag\" href=\"https:\/\/springslawgroup.com\/es\/colorado-springs-abogados-de-reclamacion-de-seguros\/reclamacion-por-lesiones-a-viajeros-su-guia-para-obtener-la-maxima-indemnizacion\/\"> Read More&#8230;<\/a><\/p>\n","protected":false},"author":32,"featured_media":0,"parent":16263,"menu_order":0,"comment_status":"closed","ping_status":"closed","template":"landingpage.php","meta":{"_acf_changed":false,"inline_featured_image":false,"footnotes":""},"categories":[],"tags":[],"class_list":["post-16247","page","type-page","status-publish","hentry"],"acf":{"key_takeaways":null,"_litigation_personal_injury_contents_new":{"_litigation_personal_injury_title_new":"","_litigation_personal_injury_discription_new":"","_litigation_personal_injury_discription_new_copy":"","_litigation_video_url_new":"","add_button":""},"_header_sub_header_content_new":null,"_litigation_frequently_asked_questions_new":null,"lawsuit_updates":null,"_litigation_related_posts_relation":null,"acf-references":""},"_links":{"self":[{"href":"https:\/\/springslawgroup.com\/es\/wp-json\/wp\/v2\/pages\/16247","targetHints":{"allow":["GET"]}}],"collection":[{"href":"https:\/\/springslawgroup.com\/es\/wp-json\/wp\/v2\/pages"}],"about":[{"href":"https:\/\/springslawgroup.com\/es\/wp-json\/wp\/v2\/types\/page"}],"author":[{"embeddable":true,"href":"https:\/\/springslawgroup.com\/es\/wp-json\/wp\/v2\/users\/32"}],"replies":[{"embeddable":true,"href":"https:\/\/springslawgroup.com\/es\/wp-json\/wp\/v2\/comments?post=16247"}],"version-history":[{"count":4,"href":"https:\/\/springslawgroup.com\/es\/wp-json\/wp\/v2\/pages\/16247\/revisions"}],"predecessor-version":[{"id":18067,"href":"https:\/\/springslawgroup.com\/es\/wp-json\/wp\/v2\/pages\/16247\/revisions\/18067"}],"up":[{"embeddable":true,"href":"https:\/\/springslawgroup.com\/es\/wp-json\/wp\/v2\/pages\/16263"}],"wp:attachment":[{"href":"https:\/\/springslawgroup.com\/es\/wp-json\/wp\/v2\/media?parent=16247"}],"wp:term":[{"taxonomy":"category","embeddable":true,"href":"https:\/\/springslawgroup.com\/es\/wp-json\/wp\/v2\/categories?post=16247"},{"taxonomy":"post_tag","embeddable":true,"href":"https:\/\/springslawgroup.com\/es\/wp-json\/wp\/v2\/tags?post=16247"}],"curies":[{"name":"wp","href":"https:\/\/api.w.org\/{rel}","templated":true}]}}