{"id":16232,"date":"2021-09-06T14:50:21","date_gmt":"2021-09-06T21:50:21","guid":{"rendered":"https:\/\/springs.flywheelstaging.com\/abogado-de-accidente-de-motocicleta-en-colorado-springs\/"},"modified":"2023-09-01T07:14:28","modified_gmt":"2023-09-01T14:14:28","slug":"abogado-de-accidente-de-motocicleta-en-colorado-springs","status":"publish","type":"page","link":"https:\/\/springslawgroup.com\/es\/abogado-de-accidente-de-motocicleta-en-colorado-springs\/","title":{"rendered":"Abogado de Accidentes de Motocicleta en Colorado Springs"},"content":{"rendered":"<h2><strong>\u00bfHerido en Accidente de Moto? Hable con un Abogado Licenciado del Accidente de Motocicleta en Colorado Springs<\/strong><\/h2>\n<p>\u00bfSe Ha Lesionado en la Carretera Conduciendo su Motocicleta? \u00bfResult\u00f3 Accidentado por un Conductor Negligente? Entonces es probable que se enfrente a una monta\u00f1a de facturas m\u00e9dicas y a una batalla legal para la que no se siente preparado. No se arriesgue a perder su caso. En su lugar, deje que Springs Law Group, <em><strong>abogados de accidentes de motocicleta<\/strong><\/em> en Colorado Springs le ayude. Le ayudaremos a obtener la indemnizaci\u00f3n que le corresponde y el cierre que se merece.<\/p>\n<p>Solicite hoy mismo una consulta gratuita sobre lesiones por accidente de moto.<\/p>\n<h3><strong>Evaluaci\u00f3n de la Negligencia en un Caso de Accidente de Moto<\/strong><\/h3>\n<p>Cuando se ha producido un accidente de motocicleta, debe evaluarse la negligencia de ambas partes. Ya sea en coche o en moto, todos los conductores tienen la obligaci\u00f3n legal de conducir de forma responsable y respetar las leyes de tr\u00e1fico. El incumplimiento de estas normas y leyes de tr\u00e1fico indicar\u00e1 negligencia en caso de que provoque un accidente.<\/p>\n<p>Para recibir una indemnizaci\u00f3n por sus lesiones, un motorista lesionado debe demostrar que el otro conductor conduc\u00eda de forma negligente. Para argumentar con \u00e9xito una demanda por accidente de moto, el motorista lesionado debe demostrar que las acciones negligentes del otro conductor causaron directamente sus lesiones. Sin embargo, esto puede resultar dif\u00edcil si el motorista tambi\u00e9n tiene parte de culpa en el accidente. Colorado sigue un sistema de negligencia comparativa modificada para establecer qui\u00e9n es responsable de cualquier incidente y c\u00f3mo los tribunales deben conceder da\u00f1os y perjuicios.<\/p>\n<p>A menudo, puede ser dif\u00edcil argumentar negligencia contra el otro conductor en un caso de accidente de motocicleta. Esto se debe a que es muy f\u00e1cil que los motoristas sufran lesiones mientras conducen. Pero con la ayuda de un abogado licenciado especialista en accidentes de motocicleta en Colorado Springs, usted no tendr\u00e1 que preocuparse por luchar esa batalla legal solo. Le ayudaremos a reunir las pruebas que necesitar\u00e1 para demostrar que el conductor conduc\u00eda de forma negligente, lo que provoc\u00f3 los da\u00f1os y lesiones que usted sufri\u00f3.<\/p>\n<h3><strong>Obtener una Indemnizaci\u00f3n Justa<\/strong><\/h3>\n<p>Nuestros abogados licenciados en accidentes de motocicleta en Colorado Springs le ayudar\u00e1n a obtener una compensaci\u00f3n justa por sus lesiones. Para ello, <em>no<\/em> bastar\u00e1 con demostrar la negligencia. Tambi\u00e9n tendremos que evaluar el impacto que el accidente ha tenido en su vida. Esto incluye evaluar los da\u00f1os f\u00edsicos y las lesiones, as\u00ed como cualquier trauma emocional que haya sufrido como consecuencia del accidente.<\/p>\n<p>Mediante la evaluaci\u00f3n de <em>todas <\/em>sus p\u00e9rdidas, nuestros abogados de accidentes de motocicleta en Colorado Springs ser\u00e1n capaces de ayudarle a obtener <em>toda <\/em>la compensaci\u00f3n a la que usted tiene derecho. Solicite hoy mismo su consulta gratuita sobre lesiones por accidente de moto y obtenga <em>toda la <\/em>compensaci\u00f3n que se merece por su caso.<\/p>\n<h3><strong>\u00a1Programe una Consulta Gratis con un Abogado de Accidentes de Motocicleta en Colorado Springs!<\/strong><\/h3>\n<p>Si has sufrido lesiones en un accidente de moto, ll\u00e1manos. No deber\u00eda tener que hacer malabarismos con un caso legal adem\u00e1s de recuperarse de los da\u00f1os f\u00edsicos y emocionales del accidente. \u00a1Obtenga su consulta legal gratuita hoy, y deje que nuestros abogados licenciados en accidentes de motocicleta en Colorado Springs manejen la batalla legal por usted! Nos aseguraremos de que reciba la indemnizaci\u00f3n y el cierre que se merece. P\u00f3ngase en contacto con uno de nuestros <a href=\"https:\/\/springslawgroup.com\/personal-injury-attorney\/\">abogados de lesiones<\/a> personales hoy mismo.<\/p>\n","protected":false},"excerpt":{"rendered":"<p>\u00bfHerido en Accidente de Moto? Hable con un Abogado Licenciado del Accidente de Motocicleta en Colorado Springs \u00bfSe Ha Lesionado&nbsp;<a class=\"moretag\" href=\"https:\/\/springslawgroup.com\/es\/abogado-de-accidente-de-motocicleta-en-colorado-springs\/\"> Read More&#8230;<\/a><\/p>\n","protected":false},"author":32,"featured_media":15835,"parent":0,"menu_order":0,"comment_status":"closed","ping_status":"closed","template":"landingpage.php","meta":{"_acf_changed":false,"inline_featured_image":false,"footnotes":""},"categories":[],"tags":[],"class_list":["post-16232","page","type-page","status-publish","has-post-thumbnail","hentry"],"acf":{"key_takeaways":null,"_litigation_personal_injury_contents_new":{"_litigation_personal_injury_title_new":"","_litigation_personal_injury_discription_new":"","_litigation_personal_injury_discription_new_copy":"","_litigation_video_url_new":"","add_button":false},"_header_sub_header_content_new":null,"_litigation_frequently_asked_questions_new":null,"lawsuit_updates":null,"_litigation_related_posts_relation":null,"acf-references":""},"_links":{"self":[{"href":"https:\/\/springslawgroup.com\/es\/wp-json\/wp\/v2\/pages\/16232","targetHints":{"allow":["GET"]}}],"collection":[{"href":"https:\/\/springslawgroup.com\/es\/wp-json\/wp\/v2\/pages"}],"about":[{"href":"https:\/\/springslawgroup.com\/es\/wp-json\/wp\/v2\/types\/page"}],"author":[{"embeddable":true,"href":"https:\/\/springslawgroup.com\/es\/wp-json\/wp\/v2\/users\/32"}],"replies":[{"embeddable":true,"href":"https:\/\/springslawgroup.com\/es\/wp-json\/wp\/v2\/comments?post=16232"}],"version-history":[{"count":3,"href":"https:\/\/springslawgroup.com\/es\/wp-json\/wp\/v2\/pages\/16232\/revisions"}],"predecessor-version":[{"id":17778,"href":"https:\/\/springslawgroup.com\/es\/wp-json\/wp\/v2\/pages\/16232\/revisions\/17778"}],"wp:featuredmedia":[{"embeddable":true,"href":"https:\/\/springslawgroup.com\/es\/wp-json\/wp\/v2\/media\/15835"}],"wp:attachment":[{"href":"https:\/\/springslawgroup.com\/es\/wp-json\/wp\/v2\/media?parent=16232"}],"wp:term":[{"taxonomy":"category","embeddable":true,"href":"https:\/\/springslawgroup.com\/es\/wp-json\/wp\/v2\/categories?post=16232"},{"taxonomy":"post_tag","embeddable":true,"href":"https:\/\/springslawgroup.com\/es\/wp-json\/wp\/v2\/tags?post=16232"}],"curies":[{"name":"wp","href":"https:\/\/api.w.org\/{rel}","templated":true}]}}