{"id":16230,"date":"2021-09-06T15:18:26","date_gmt":"2021-09-06T22:18:26","guid":{"rendered":"https:\/\/springs.flywheelstaging.com\/necesita-un-abogado-de-lesiones-personales-en-colorado-springs\/"},"modified":"2023-09-01T07:14:26","modified_gmt":"2023-09-01T14:14:26","slug":"necesita-un-abogado-de-lesiones-personales-en-colorado-springs","status":"publish","type":"page","link":"https:\/\/springslawgroup.com\/es\/necesita-un-abogado-de-lesiones-personales-en-colorado-springs\/","title":{"rendered":"\u00bfNecesita un Abogado de Lesiones Personales en Colorado Springs?"},"content":{"rendered":"<h2><strong>Est\u00e1s de Suerte: Springs Law Group es el Luegar Correcto para los Abogados de Lesiones Personales en Colorado Springs<\/strong><\/h2>\n<p>\u00bfSe ha lesionado recientemente en un accidente por causas ajenas a su voluntad? \u00bfO tal vez un ser querido ha sufrido lesiones por circunstancias inesperadas? En cualquier caso, estamos aqu\u00ed para ayudarle. Aqu\u00ed en Springs Law Group, tenemos un <em><strong>abogado de lesiones personales<\/strong><\/em> en Colorado Springs que est\u00e1 listo para tomar su caso &#8211; \u00a1no importa cu\u00e1n grande o complejo! Desde accidentes de motocicleta a accidentes de coche o accidentes por resbalones y ca\u00eddas, lo hemos visto todo. Nuestros abogados de lesiones personales en Colorado Springs tienen a\u00f1os de experiencia en el tratamiento de casos de lesiones personales de todas las formas y tama\u00f1os, y han ayudado a miles de residentes de Colorado recibir la compensaci\u00f3n que necesitan y el cierre que se merecen despu\u00e9s de una lesi\u00f3n grave se ha producido.<\/p>\n<h2><strong>C\u00f3mo un Abogado de Lesiones Personales de Colorado Springs Puede Ayudar<\/strong><\/h2>\n<p>La mayor\u00eda de las demandas civiles son consecuencia de un accidente. Ya sea por un accidente de tr\u00e1fico o por un resbal\u00f3n y ca\u00edda en la propiedad de alguien, los casos de lesiones personales deben tratarse con mucho cuidado. En este momento, tenemos un abogado de lesiones personales en Colorado Springs que est\u00e1 listo para ayudarle con cualquiera de los siguientes casos de lesiones personales:<\/p>\n<ul>\n<li>Accidentes automovil\u00edsticos<\/li>\n<li>Accidentes de moto<\/li>\n<li>Accidentes de bicicleta<\/li>\n<li>Accidentes de peatones<\/li>\n<li>Accidentes de semirremolque<\/li>\n<li>Accidentes de conductores de Uber y Lyft<\/li>\n<li>Accidentes por resbalones y ca\u00eddas<\/li>\n<li>Muertes por negligencia<\/li>\n<\/ul>\n<p>Sean cuales sean las circunstancias, le ayudaremos a obtener la indemnizaci\u00f3n que le corresponde. \u00a1Aprenda m\u00e1s sobre nuestros servicios para casos de lesiones personales hoy, y hable con un abogado licenciado especialista en lesiones de Colorado Springs!<\/p>\n<h2><strong>Qu\u00e9 Esperar Despu\u00e9s de Presentar una Demanda<\/strong><\/h2>\n<p>La mayor\u00eda de las personas suponen que, para recibir la indemnizaci\u00f3n que se les debe, tendr\u00e1n que llevar al demandado ante los tribunales. Sin embargo, puede que en realidad no sea as\u00ed. De hecho, es posible que se llegue a un acuerdo justo sin tener que entrar en un juzgado. Podr\u00eda alcanzar el resultado deseado simplemente poni\u00e9ndose en contacto con la compa\u00f1\u00eda de seguros del demandado.<\/p>\n<p>Una vez que se haya contactado con la compa\u00f1\u00eda de seguros del demandado, habr\u00e1 que reunir pruebas r\u00e1pidamente (como informes policiales, historiales m\u00e9dicos, declaraciones de testigos, etc.). Esto es a menudo un proceso tedioso, pero nuestros abogados de lesiones personales en Colorado Springs pueden ayudar. Hable hoy mismo con un abogado especializado en lesiones personales para inclinar la balanza a su favor.<\/p>\n<h2><strong>No Demore <\/strong><strong>&#8211; \u00a1Chatee con un Abogado de Lesiones Personales en Colorado Springs Hoy!<\/strong><\/h2>\n<p>No pierda la oportunidad de recibir la indemnizaci\u00f3n que merece tras sufrir lesiones personales. Hemos visto c\u00f3mo prescrib\u00edan los delitos de demasiadas v\u00edctimas de accidentes, \u00a1y no queremos que a usted tambi\u00e9n le ocurra lo mismo! Aqu\u00ed en Springs Law Group, estamos en una misi\u00f3n para hacer casos de lesiones personales mucho menos estresante. \u00a1Tenemos un equipo de abogados de lesiones personales que est\u00e1n listos para obtener el dinero que se merece a un precio que puede pagar!<\/p>\n<p>\u00a1Charle con un abogado de lesiones personales en Colorado Springs hoy, y consiga la compensaci\u00f3n y el cierre que usted merece! Si usted result\u00f3 lesionado en un accidente de motocicleta p\u00f3ngase en contacto con uno de nuestros <a href=\"https:\/\/springslawgroup.com\/es\/motorcycle-accident-attorney-in-colorado-springs-3\/\">abogados de accidentes de motocicleta<\/a> en Springs Law Group.<\/p>\n","protected":false},"excerpt":{"rendered":"<p>Est\u00e1s de Suerte: Springs Law Group es el Luegar Correcto para los Abogados de Lesiones Personales en Colorado Springs \u00bfSe&nbsp;<a class=\"moretag\" href=\"https:\/\/springslawgroup.com\/es\/necesita-un-abogado-de-lesiones-personales-en-colorado-springs\/\"> Read More&#8230;<\/a><\/p>\n","protected":false},"author":32,"featured_media":15837,"parent":0,"menu_order":0,"comment_status":"closed","ping_status":"closed","template":"landingpage.php","meta":{"_acf_changed":false,"inline_featured_image":false,"footnotes":""},"categories":[],"tags":[],"class_list":["post-16230","page","type-page","status-publish","has-post-thumbnail","hentry"],"acf":{"key_takeaways":null,"_litigation_personal_injury_contents_new":{"_litigation_personal_injury_title_new":"","_litigation_personal_injury_discription_new":"","_litigation_personal_injury_discription_new_copy":"","_litigation_video_url_new":"","add_button":""},"_header_sub_header_content_new":null,"_litigation_frequently_asked_questions_new":null,"lawsuit_updates":null,"_litigation_related_posts_relation":null,"acf-references":""},"_links":{"self":[{"href":"https:\/\/springslawgroup.com\/es\/wp-json\/wp\/v2\/pages\/16230","targetHints":{"allow":["GET"]}}],"collection":[{"href":"https:\/\/springslawgroup.com\/es\/wp-json\/wp\/v2\/pages"}],"about":[{"href":"https:\/\/springslawgroup.com\/es\/wp-json\/wp\/v2\/types\/page"}],"author":[{"embeddable":true,"href":"https:\/\/springslawgroup.com\/es\/wp-json\/wp\/v2\/users\/32"}],"replies":[{"embeddable":true,"href":"https:\/\/springslawgroup.com\/es\/wp-json\/wp\/v2\/comments?post=16230"}],"version-history":[{"count":4,"href":"https:\/\/springslawgroup.com\/es\/wp-json\/wp\/v2\/pages\/16230\/revisions"}],"predecessor-version":[{"id":17777,"href":"https:\/\/springslawgroup.com\/es\/wp-json\/wp\/v2\/pages\/16230\/revisions\/17777"}],"wp:featuredmedia":[{"embeddable":true,"href":"https:\/\/springslawgroup.com\/es\/wp-json\/wp\/v2\/media\/15837"}],"wp:attachment":[{"href":"https:\/\/springslawgroup.com\/es\/wp-json\/wp\/v2\/media?parent=16230"}],"wp:term":[{"taxonomy":"category","embeddable":true,"href":"https:\/\/springslawgroup.com\/es\/wp-json\/wp\/v2\/categories?post=16230"},{"taxonomy":"post_tag","embeddable":true,"href":"https:\/\/springslawgroup.com\/es\/wp-json\/wp\/v2\/tags?post=16230"}],"curies":[{"name":"wp","href":"https:\/\/api.w.org\/{rel}","templated":true}]}}