{"id":16226,"date":"2022-09-27T05:42:36","date_gmt":"2022-09-27T12:42:36","guid":{"rendered":"https:\/\/springs.flywheelstaging.com\/black-forest-abogado-de-lesiones\/"},"modified":"2023-10-20T14:06:53","modified_gmt":"2023-10-20T21:06:53","slug":"black-forest-abogado-de-lesiones","status":"publish","type":"page","link":"https:\/\/springslawgroup.com\/es\/black-forest-abogado-de-lesiones\/","title":{"rendered":"Black Forest Abogado de Lesiones"},"content":{"rendered":"<p>Con una poblaci\u00f3n de unos 13.000 habitantes, Black Forest, un suburbio de Colorado Springs, es uno de los lugares m\u00e1s excelentes para vivir del estado.<\/p>\n<p>Los residentes en Black Forest disfrutan de un estilo de vida rural, y la mayor\u00eda son propietarios de sus viviendas. Black Forest alberga numerosos parques y oportunidades de ocio al aire libre. Adem\u00e1s, muchas de las rutas son sencillas de recorrer. Hay algunas colinas suaves, pero nada demasiado exigente.<\/p>\n<p>El Bosque Negro (\u00abBlack Forest\u00bb en ingl\u00e9s) parece una inmensa masa negra desde la cima del Pikes Peak. La densa masa de pinos Ponderosa de la zona dio origen al t\u00e9rmino Bosque Negro. Sus m\u00e1s de 64.000 acres de terreno dan la impresi\u00f3n de estar en un bosque encantado.<\/p>\n<p>Aunque relativamente seguro, el Bosque Negro no es ajeno a su buena dosis de accidentes de tr\u00e1fico. Una vida tranquila y pr\u00edstina puede detenerse r\u00e1pidamente en el Bosque Negro. Podr\u00edas estar haciendo footing o dando un paseo por el campo y acabar a punto de morir, o algo peor.<\/p>\n<p>\u00bfHa sufrido lesiones en la zona de Black Forest o Colorado Springs, CO? No dude en ponerse en contacto con un <a href=\"https:\/\/springslawgroup.com\/es\/\">abogado de lesiones<\/a> personales de nuestro bufete para reclamar su indemnizaci\u00f3n.<\/p>\n<h2>\u00bfPuedo reclamar una indemnizaci\u00f3n cuando quiera?<\/h2>\n<p>Lamentablemente, no. Bajo la ley de Colorado, usted est\u00e1 trabajando contra una fecha l\u00edmite para presentar reclamos por lesiones personales. Tiene dos a\u00f1os seg\u00fan <a href=\"https:\/\/law.justia.com\/codes\/colorado\/2016\/title-13\/limitation-of-actions\/article-80\/section-13-80-102\" target=\"_blank\" rel=\"noopener\">los estatutos de Colorado<\/a>.<\/p>\n<p>\u00bfCu\u00e1ndo le ocurri\u00f3 el accidente? El tiempo empieza a correr en las <a href=\"https:\/\/www.youtube.com\/watch?v=wbo5yWA9n80\" target=\"_blank\" rel=\"noopener\">demandas por lesiones personales o negligencia<\/a> a partir del d\u00eda del incidente.<\/p>\n<p>No espere demasiado para actuar. Hagamos que uno de nuestros abogados de lesiones personales de Black Forest comience a <a href=\"https:\/\/springslawgroup.com\/es\/blog\/podria-un-abogado-especializado-en-lesiones-personales-ayudarme-a-ganar-mas-dinero-o-a-ahorrar-tiempo\/\">acumular pruebas<\/a> a su favor. Tan pronto como sea posible, programe una consulta gratuita para discutir sus opciones y el curso de acci\u00f3n.<\/p>\n<h2>Tipos de Accidentes<\/h2>\n<h3>Accidentes de tr\u00e1fico<\/h3>\n<p>Black Forest, Colorado, no es ajeno a los accidentes de veh\u00edculos de motor, y nuestro bufete de abogados de lesiones personales est\u00e1 muy familiarizado con <a href=\"https:\/\/springslawgroup.com\/es\/blog\/como-determinar-si-usted-tiene-un-caso-del-accidente-de-coche-de-colorado\/\">las demandas<\/a> derivadas de accidentes automovil\u00edsticos.<\/p>\n<p>La otra parte puede deberle da\u00f1os y perjuicios si ha sufrido lesiones graves en un accidente de tr\u00e1fico que no fue culpa suya. Tal vez ya haya empezado a pagar <a href=\"https:\/\/springslawgroup.com\/es\/blog\/como-afecta-el-tratamiento-medico-a-su-indemnizacion-por-lesiones-personales\/\">sus gastos m\u00e9dicos<\/a> y de transporte y haya <a href=\"https:\/\/springslawgroup.com\/es\/blog\/como-demuestro-el-lucro-cesante-futuro-en-un-caso-de-lesiones-personales\/\">perdido algunos ingresos<\/a>. Podemos ayudar a recuperar los salarios perdidos y otros costes.<\/p>\n<h3>Colisiones de Camiones<\/h3>\n<p>Los camiones no son una excepci\u00f3n a los peligros a los que puede enfrentarse en las carreteras de la zona. Creemos que si una persona tiene la suerte de salir con vida de un <a href=\"https:\/\/springslawgroup.com\/es\/colorado-springs-abogado-de-accidente-de-camion\/accidentes-causados-por-la-fatiga-del-conductor-del-camion-en-colorado-springs\/\">accidente<\/a>, debe emprender acciones contundentes contra el conductor o la empresa responsable a trav\u00e9s de casos de lesiones personales para recibir una indemnizaci\u00f3n justa.<\/p>\n<p>No te enfrentes a estas empresas por tu cuenta. Perm\u00edtanos representarle.<\/p>\n<h3>Accidentes Mortales<\/h3>\n<p>En el peor de los casos, alguien no saldr\u00e1 vivo de un accidente de tr\u00e1fico. En algunos casos, un <a href=\"https:\/\/springslawgroup.com\/es\/blog\/factores-comunes-que-contribuyen-a-los-accidentes-automovilisticos-con-muerte-por-negligencia-de-colorado\/\">accidente de tr\u00e1fico acaba con la muerte<\/a> de una o m\u00e1s personas. En esta situaci\u00f3n, los familiares y seres queridos pueden presentar demandas por homicidio culposo ante los tribunales para exigir una indemnizaci\u00f3n a la parte contraria.<\/p>\n<p>Conseguir la indemnizaci\u00f3n que le corresponde si un familiar ha resultado <a href=\"https:\/\/springslawgroup.com\/es\/blog\/accidente-automovilistico-fatal-en-colorado-responsabilidad-y-pasos-en-demandas-por-muerte-por-negligencia\/\">herido mortalmente en un accidente<\/a> es fundamental. Los ingresos de su familia pueden estar protegidos en caso de cat\u00e1strofe, aunque nunca compensar\u00e1n realmente la p\u00e9rdida.<\/p>\n<h2>Causas De Los Accidentes De Tr\u00e1fico<\/h2>\n<p>La vida es imprevisible. El accidente promedio no se planifica, ni suele ser culpa de la v\u00edctima. El Bosque Negro ha visto lo suyo.<\/p>\n<p>Algunas circunstancias que dan lugar a accidentes de tr\u00e1fico son<\/p>\n<ul>\n<li><a href=\"https:\/\/springslawgroup.com\/es\/blog\/accidentes-automovilisticos-por-exceso-de-velocidad-en-colorado-abogado-especializado-en-accidentes-automovilisticos-de-colorado-springs\/\">Conducir por encima del l\u00edmite de velocidad<\/a><\/li>\n<li><a href=\"https:\/\/springslawgroup.com\/es\/blog\/accidentes-automovilisticos-por-conduccion-intoxicada-en-colorado\/\">Conducir bajo los efectos de las drogas<\/a><\/li>\n<li><a href=\"https:\/\/springslawgroup.com\/es\/blog\/que-tipo-de-acciones-al-volante-pueden-provocar-accidentes-automovilisticos\/\">Derrape de carril y adelantamiento indebido<\/a><\/li>\n<li><a href=\"https:\/\/springslawgroup.com\/es\/blog\/la-conduccion-distraida-puede-causar-un-accidente-automovilistico-en-colorado\/\">Conducci\u00f3n distra\u00edda<\/a><\/li>\n<li><a href=\"https:\/\/springslawgroup.com\/es\/blog\/me-lesione-cuando-un-conductor-evito-una-senal-de-alto\/\">Saltarse un sem\u00e1foro en rojo o una se\u00f1al de stop<\/a><\/li>\n<\/ul>\n<h2>Tipos De Lesiones<\/h2>\n<p>No hay l\u00edmite a las lesiones potencialmente graves que pueden derivarse de un accidente.<\/p>\n<p>Entre los m\u00e1s comunes figuran:<\/p>\n<ul>\n<li>Lesiones en la cabeza<\/li>\n<li>Contusiones<\/li>\n<li>Latigazo cervical<\/li>\n<li>Huesos rotos<\/li>\n<li>Da\u00f1os en los \u00f3rganos<\/li>\n<li><a href=\"https:\/\/springslawgroup.com\/es\/blog\/hernia-discal-por-accidente-automovilistico\/\">Lesiones de espalda<\/a><\/li>\n<li><a href=\"https:\/\/springslawgroup.com\/es\/blog\/tipos-de-lesiones-cerebrales-traumaticas-causadas-por-accidentes-automovilisticos-en-colorado-springs\/\">Lesiones cerebrales traum\u00e1ticas<\/a><\/li>\n<\/ul>\n<p>Las lesiones f\u00edsicas son s\u00f3lo un aspecto. El diagn\u00f3stico de <a href=\"https:\/\/springslawgroup.com\/es\/blog\/puedo-obtener-una-indemnizacion-por-depresion-en-un-caso-de-lesiones-personales\/\">trastorno depresivo mayor<\/a>, ansiedad y trastorno de estr\u00e9s postraum\u00e1tico (TEPT) debe ser realizado por personal m\u00e9dico formado y familiarizado con los criterios diagn\u00f3sticos.<\/p>\n<h2>\u00bfA Cu\u00e1nto Asciende La Indemnizaci\u00f3n?<\/h2>\n<p>Su perjuicio econ\u00f3mico se demuestra mediante documentaci\u00f3n, como recibos, facturas y n\u00f3minas. \u00c9stas dan una idea clara de lo que se puede recuperar. Los da\u00f1os no econ\u00f3micos no son tan f\u00e1ciles de probar.<\/p>\n<p>Esta suma depende de sus lesiones y de los hechos espec\u00edficos que rodean su caso. En la mayor\u00eda de los casos civiles, el l\u00edmite de los da\u00f1os no econ\u00f3micos es de <strong> 250.000<\/strong> d\u00f3lares.<\/p>\n<p>Sin embargo, seg\u00fan la ley de Colorado, los da\u00f1os y perjuicios por dolor y sufrimiento de una persona no est\u00e1n limitados si sufre una discapacidad f\u00edsica permanente debido a un accidente.<\/p>\n<p>Lo mejor es contar con un abogado experto en lesiones personales que est\u00e9 al corriente de todos los hechos y que haya revisado los informes m\u00e9dicos para que le asesore sobre la cantidad que probablemente se le conceder\u00e1 en funci\u00f3n de sus circunstancias espec\u00edficas.<\/p>\n<h2>\u00bfNecesito Un Abogado?<\/h2>\n<p>En Black Forest, Colorado, hemos hecho negocios con numerosas v\u00edctimas de accidentes de veh\u00edculos de motor. Somos conscientes de los <a href=\"https:\/\/springslawgroup.com\/es\/blog\/como-funciona-una-demanda-por-accidente-automovilistico\/\">requisitos para ganar los argumentos<\/a> en los tribunales del estado de Colorado.<\/p>\n<p>Para ayudarle a determinar si usted tiene un caso fuerte para la compensaci\u00f3n, nuestro equipo de abogados le ofrecer\u00e1 una consulta inicial gratuita.<\/p>\n<p>No cometa el error de infra-representarse ante los tribunales. Debe prever una intensa rivalidad en los tribunales mientras <a href=\"https:\/\/springslawgroup.com\/es\/blog\/que-debo-esperar-en-mi-declaracion-por-lesiones-personales-a-causa-de-un-accidente-automovilistico\/\">lucha por una indemnizaci\u00f3n<\/a>. Demandar a una empresa o ir contra las compa\u00f1\u00edas de seguros puede frustrar considerablemente su recuperaci\u00f3n f\u00edsica.<\/p>\n<p>No te quedes sentado sobre tus derechos por m\u00e1s tiempo. Programe una revisi\u00f3n con uno de los abogados de lesiones personales de <a href=\"https:\/\/springslawgroup.com\/es\/contacto\/\">Springs Law<\/a> Group para discutir su situaci\u00f3n.<\/p>\n","protected":false},"excerpt":{"rendered":"<p>Con una poblaci\u00f3n de unos 13.000 habitantes, Black Forest, un suburbio de Colorado Springs, es uno de los lugares m\u00e1s&nbsp;<a class=\"moretag\" href=\"https:\/\/springslawgroup.com\/es\/black-forest-abogado-de-lesiones\/\"> Read More&#8230;<\/a><\/p>\n","protected":false},"author":32,"featured_media":0,"parent":0,"menu_order":0,"comment_status":"closed","ping_status":"closed","template":"landingpage.php","meta":{"_acf_changed":false,"inline_featured_image":false,"footnotes":""},"categories":[],"tags":[],"class_list":["post-16226","page","type-page","status-publish","hentry"],"acf":{"key_takeaways":null,"_litigation_personal_injury_contents_new":{"_litigation_personal_injury_title_new":"","_litigation_personal_injury_discription_new":"","_litigation_personal_injury_discription_new_copy":"","_litigation_video_url_new":"","add_button":""},"_header_sub_header_content_new":null,"_litigation_frequently_asked_questions_new":null,"lawsuit_updates":null,"_litigation_related_posts_relation":null,"acf-references":""},"_links":{"self":[{"href":"https:\/\/springslawgroup.com\/es\/wp-json\/wp\/v2\/pages\/16226","targetHints":{"allow":["GET"]}}],"collection":[{"href":"https:\/\/springslawgroup.com\/es\/wp-json\/wp\/v2\/pages"}],"about":[{"href":"https:\/\/springslawgroup.com\/es\/wp-json\/wp\/v2\/types\/page"}],"author":[{"embeddable":true,"href":"https:\/\/springslawgroup.com\/es\/wp-json\/wp\/v2\/users\/32"}],"replies":[{"embeddable":true,"href":"https:\/\/springslawgroup.com\/es\/wp-json\/wp\/v2\/comments?post=16226"}],"version-history":[{"count":3,"href":"https:\/\/springslawgroup.com\/es\/wp-json\/wp\/v2\/pages\/16226\/revisions"}],"predecessor-version":[{"id":18035,"href":"https:\/\/springslawgroup.com\/es\/wp-json\/wp\/v2\/pages\/16226\/revisions\/18035"}],"wp:attachment":[{"href":"https:\/\/springslawgroup.com\/es\/wp-json\/wp\/v2\/media?parent=16226"}],"wp:term":[{"taxonomy":"category","embeddable":true,"href":"https:\/\/springslawgroup.com\/es\/wp-json\/wp\/v2\/categories?post=16226"},{"taxonomy":"post_tag","embeddable":true,"href":"https:\/\/springslawgroup.com\/es\/wp-json\/wp\/v2\/tags?post=16226"}],"curies":[{"name":"wp","href":"https:\/\/api.w.org\/{rel}","templated":true}]}}